{"id":17704,"date":"2024-07-16T13:44:58","date_gmt":"2024-07-16T13:44:58","guid":{"rendered":"https:\/\/leicesterleicestershireandrutland.icb.nhs.uk\/?page_id=17704"},"modified":"2024-07-16T13:48:31","modified_gmt":"2024-07-16T13:48:31","slug":"llr-care-record-working-together-to-improve-your-care-polish","status":"publish","type":"page","link":"https:\/\/leicesterleicestershireandrutland.icb.nhs.uk\/pa\/your-health\/your-care-record\/llr-care-record-working-together-to-improve-your-care-polish\/","title":{"rendered":"LLR \u0a15\u0a47\u0a05\u0a30 \u0a30\u0a3f\u0a15\u0a3e\u0a30\u0a21: \u0a24\u0a41\u0a39\u0a3e\u0a21\u0a40 \u0a26\u0a47\u0a16\u0a2d\u0a3e\u0a32 \u0a28\u0a42\u0a70 \u0a2c\u0a3f\u0a39\u0a24\u0a30 \u0a2c\u0a23\u0a3e\u0a09\u0a23 \u0a32\u0a08 \u0a2e\u0a3f\u0a32 \u0a15\u0a47 \u0a15\u0a70\u0a2e \u0a15\u0a30\u0a28\u0a3e (\u0a2a\u0a4b\u0a32\u0a3f\u0a38\u0a3c)"},"content":{"rendered":"<div data-elementor-type=\"wp-page\" data-elementor-id=\"17704\" class=\"elementor elementor-17704\" data-elementor-post-type=\"page\">\n\t\t\t\t\t\t<section data-particle_enable=\"false\" data-particle-mobile-disabled=\"false\" class=\"elementor-section elementor-top-section elementor-element elementor-element-be54f19 elementor-section-boxed elementor-section-height-default elementor-section-height-default\" data-id=\"be54f19\" data-element_type=\"section\" data-e-type=\"section\">\n\t\t\t\t\t\t<div class=\"elementor-container elementor-column-gap-default\">\n\t\t\t\t\t<div class=\"elementor-column elementor-col-100 elementor-top-column elementor-element elementor-element-a160478\" data-id=\"a160478\" data-element_type=\"column\" data-e-type=\"column\">\n\t\t\t<div class=\"elementor-widget-wrap elementor-element-populated\">\n\t\t\t\t\t\t<div class=\"elementor-element elementor-element-ec9ad7f elementor-widget elementor-widget-heading\" data-id=\"ec9ad7f\" data-element_type=\"widget\" data-e-type=\"widget\" data-widget_type=\"heading.default\">\n\t\t\t\t<div class=\"elementor-widget-container\">\n\t\t\t\t\t<h2 class=\"elementor-heading-title elementor-size-default\">LLR \u0a15\u0a47\u0a05\u0a30 \u0a30\u0a3f\u0a15\u0a3e\u0a30\u0a21: \u0a24\u0a41\u0a39\u0a3e\u0a21\u0a40 \u0a26\u0a47\u0a16\u0a2d\u0a3e\u0a32 \u0a28\u0a42\u0a70 \u0a2c\u0a3f\u0a39\u0a24\u0a30 \u0a2c\u0a23\u0a3e\u0a09\u0a23 \u0a32\u0a08 \u0a2e\u0a3f\u0a32 \u0a15\u0a47 \u0a15\u0a70\u0a2e \u0a15\u0a30\u0a28\u0a3e (\u0a2a\u0a4b\u0a32\u0a3f\u0a38\u0a3c)<\/h2>\t\t\t\t<\/div>\n\t\t\t\t<\/div>\n\t\t\t\t\t<\/div>\n\t\t<\/div>\n\t\t\t\t\t<\/div>\n\t\t<\/section>\n\t\t\t\t<section data-particle_enable=\"false\" data-particle-mobile-disabled=\"false\" class=\"elementor-section elementor-top-section elementor-element elementor-element-142db8d elementor-section-boxed elementor-section-height-default elementor-section-height-default\" data-id=\"142db8d\" data-element_type=\"section\" data-e-type=\"section\">\n\t\t\t\t\t\t<div class=\"elementor-container elementor-column-gap-default\">\n\t\t\t\t\t<div class=\"elementor-column elementor-col-100 elementor-top-column elementor-element elementor-element-6ee7e44\" data-id=\"6ee7e44\" data-element_type=\"column\" data-e-type=\"column\">\n\t\t\t<div class=\"elementor-widget-wrap elementor-element-populated\">\n\t\t\t\t\t\t<div class=\"elementor-element elementor-element-d54a2e6 elementor-widget-divider--view-line elementor-widget elementor-widget-divider\" data-id=\"d54a2e6\" data-element_type=\"widget\" data-e-type=\"widget\" data-widget_type=\"divider.default\">\n\t\t\t\t<div class=\"elementor-widget-container\">\n\t\t\t\t\t\t\t<div class=\"elementor-divider\">\n\t\t\t<span class=\"elementor-divider-separator\">\n\t\t\t\t\t\t<\/span>\n\t\t<\/div>\n\t\t\t\t\t\t<\/div>\n\t\t\t\t<\/div>\n\t\t\t\t\t<\/div>\n\t\t<\/div>\n\t\t\t\t\t<\/div>\n\t\t<\/section>\n\t\t\t\t<section data-particle_enable=\"false\" data-particle-mobile-disabled=\"false\" class=\"elementor-section elementor-top-section elementor-element elementor-element-1ee2e1a elementor-section-boxed elementor-section-height-default elementor-section-height-default\" data-id=\"1ee2e1a\" data-element_type=\"section\" data-e-type=\"section\">\n\t\t\t\t\t\t<div class=\"elementor-container elementor-column-gap-default\">\n\t\t\t\t\t<div class=\"elementor-column elementor-col-100 elementor-top-column elementor-element elementor-element-d6df5aa\" data-id=\"d6df5aa\" data-element_type=\"column\" data-e-type=\"column\">\n\t\t\t<div class=\"elementor-widget-wrap elementor-element-populated\">\n\t\t\t\t\t\t<div class=\"elementor-element elementor-element-e47d10b elementor-widget elementor-widget-text-editor\" data-id=\"e47d10b\" data-element_type=\"widget\" data-e-type=\"widget\" data-widget_type=\"text-editor.default\">\n\t\t\t\t<div class=\"elementor-widget-container\">\n\t\t\t\t\t\t\t\t\t<p>\u0a32\u0a48\u0a38\u0a1f\u0a30, \u0a32\u0a48\u0a38\u0a1f\u0a30\u0a38\u0a3c\u0a3e\u0a07\u0a30 \u0a05\u0a24\u0a47 \u0a30\u0a1f\u0a32\u0a48\u0a02\u0a21 \u0a15\u0a47\u0a05\u0a30 \u0a30\u0a3f\u0a15\u0a3e\u0a30\u0a21<\/p><p>\u00a0<\/p><p>Wsp\u00f3\u0142pracujemy, aby podnosi\u0107 poziom opieki nad pacjentem<\/p><p><strong>Leicester, Leicestershire \u0a05\u0a24\u0a47 Rutland Care Record \u0a28\u0a42\u0a70 \u0a30\u0a71\u0a26 \u0a15\u0a30\u0a4b? <\/strong><\/p><p>\u00a0<\/p><p>Leicester, Leicestershire and Rutland Care Record to bezpieczny system komputerowy, w kt\u00f3rym gromadzone s\u0105 wa\u017cne informacje o osobach, kt\u00f3re korzysta\u0142y z us\u0142ug \u015bwiadczonych przez lekarza pierwsztakkony, ww zespo\u0142\u00f3w \u015brodowiskowych, opieki spo\u0142ecznej lub ds. zdrowia psychicznego. Umo\u017cliwia on personelowi medycznemu dost\u0119p na bie\u017c\u0105co do informacji o zdrowiu i opice od r\u00f3\u017cnych \u015bwiadczeniodawc\u00f3w i z r\u00f3\u017cnych system\u00f3w.<\/p><p>\u00a0<\/p><p>Wszystkie wpisy s\u0105 \u015bci\u015ble poufne, a dost\u0119p do nich maj\u0105 wy\u0142\u0105cznie pracownicy medyczni bezpo\u015brednio zaanga\u017cowani w opiek\u0119 nad danym pacjentem. Rejestr Leicester, Leicestershire and Rutland Care Record zawiera pewne dane osobowe, na przyk\u0142ad:<\/p><p>\u00a0<\/p><ul><li>\u0a2a\u0a24\u0a3e \u0a05\u0a24\u0a47 \u0a28\u0a70\u0a2c\u0a30 \u0a1f\u0a48\u0a32\u0a40\u0a2b\u0a4b\u0a28<\/li><li>\u0a1f\u0a30\u0a2e\u0a3f\u0a28\u0a40 \u0a35\u0a3f\u0a1c\u0a3c\u0a40\u0a1f<\/li><li>Leki \u2013 aby wszystkie osoby odpowiedzialne za opiek\u0119 nad Tob\u0105 mog\u0142y zobaczy\u0107, jakie leki zosta\u0142y Ci przepisane<\/li><li>\u0a10\u0a32\u0a30\u0a1c\u0a40 \u2013 aby nie przepisa\u0107 ani nie poda\u0107 Ci lek\u00f3w, na kt\u00f3re mo\u017cesz mie\u0107 niepo\u017c\u0105dan\u0105 reakcj\u0119<\/li><li>Wyniki bada\u0144 \u2013 aby przyspieszy\u0107 leczenie i opiek\u0119<\/li><li>Skierowania, listy kliniczne i informacje wypisowe \u2013 aby upewni\u0107 si\u0119, \u017ce osoby opiekuj\u0105ce si\u0119 pacjentem maj\u0105 wszystkie potrzebne informacje o innych rodzajach opieki i leczenia, obytscujny injekt\u00f3jny.<\/li><\/ul><p>\u00a0<\/p><p><strong>Kto mo\u017ce zobaczy\u0107 moje dane z rejestru Leicester, Leicestershire and Rutland Care Record? <\/strong><\/p><p>\u00a0<\/p><p>Tylko personel medyczny bezpo\u015brednio zajmuj\u0105cy si\u0119 opiek\u0105 nad Tob\u0105 zobaczy Twoje informacje z rejestru Leicester, Leicestershire and Rutland Care Record. Nie udost\u0119pnimy ich \u017cadnej osobie, kt\u00f3ra nie zajmuje si\u0119 leczeniem Ciebie, opiek\u0105 nad Tob\u0105 lub zapewnia Ci wsparcie. Twoje dane nie zostan\u0105 upublicznione ani przekazane nikomu, kto nie jest bezpo\u015brednio zwi\u0105zany z opiek\u0105 nad Tob\u0105.<\/p><p>\u00a0<\/p><p><strong>Sk\u0105d mam wiedzie\u0107, czy moje dane w rejestrze Leicester, Leicestershire and Rutland Care Record s\u0105 bezpieczne. <\/strong><\/p><p>\u00a0<\/p><p>Twoje informacje s\u0105 bezpiecznie gromadzone w systemach medycznych w ca\u0142ym regionie i s\u0105 wy\u015bwietlane do u\u017cytku podczas opieki bezpo\u015bredniej w Leicester, Leicestershire and Rutland oraz pozostaj\u0105 poufne.<\/p><p>Rejestr Leicester, Leicestershire and Rutland Care Record zapewnia personelowi medycznemu bezpo\u015brednio zaanga\u017cowanemu w opiek\u0119 dost\u0119p do najbardziej aktualnych informacji na temat pacjenta.<\/p><p>\u00a0<\/p><p>Dokonuje tego, dziel\u0105c si\u0119 odpowiednimi informacjami z Twoich informacji medycznych z s\u0142u\u017cbami zdrowotnymi i opiek\u0105 spo\u0142eczn\u0105 w Leicester, Leicestershire i Rutland.<\/p><p>\u00a0<\/p><p><strong>Gdzie b\u0119dzie u\u017cywany rejestr Leicester, Leicestershire and Rutland Care Record:<\/strong><\/p><p>\u00a0<\/p><p>Przychodnie lekarskie \/ \u015arodowiskowa opieka zdrowotna \/ Szpitale NHS \/ Opieka spo\u0142eczna \/ Opieka w zakresie zdrowia psychicznego \/ Hospicja<\/p><p>\u00a0<\/p><p><strong>Jakie korzy\u015bci oferuje rejestr Leicester, Leicestershire and Rutland Care Record? <\/strong><\/p><p><strong>\u00a0<\/strong><\/p><ul><li>Wsp\u00f3lna i bardziej bezpieczna opieka<\/li><li>Wi\u0119cej czasu po\u015bwi\u0119canego na opiek\u0119<\/li><li>Mniej formalno\u015bci<\/li><li>\u0a26\u0a4b\u0a28\u0a4b \u0a38\u0a42\u0a1a\u0a28\u0a3e\u0a35\u0a3e\u0a02 w jednym miejscu<\/li><li>Nie musisz powtarza\u0107 wszystkiego r\u00f3\u017cnym pracownikom klinicznym \u0a05\u0a24\u0a47 opieku\u0144czym.<\/li><\/ul><p>\u00a0<\/p><p><strong>\u0a26\u0a4d\u0a30\u0a3f\u0a38\u0a3c 1 <\/strong><\/p><p>\u00a0<\/p><p>\u0a1c\u0a15 \u0a28\u0a42\u0a70 dzia\u0142a?<\/p><p>\u00a0<\/p><p>Ja\u015b jest na wycieczce szkolnej nad jeziorem Rutland Water i ma reakcj\u0119 alergiczn\u0105.<\/p><p>\u00a0<\/p><p>Nie mo\u017cna skontaktowa\u0107 si\u0119 z rodzicami, a Ja\u015b zostaje zabrany karetk\u0105 do szpitala.<\/p><p>\u00a0<\/p><p>Personel szpitala mo\u017ce uzyska\u0107 dost\u0119p do rejestru Leicester, Leicestershire and Rutland Care Record, aby zobaczy\u0107 informacje na temat lek\u00f3w i alergii Jasia.<\/p><p>\u00a0<\/p><ul><li>Leki i lista allergii: Dostarczane przez lekarza rodzinnego Jasia<\/li><li>Podsumowanie z pogotowia: Dostarczane przez personel szpitala<\/li><\/ul><p>\u00a0<\/p><p><strong>Korzy\u015b\u0107<\/strong><\/p><p><strong>\u00a0<\/strong><\/p><p>\u0a30\u0a40\u0a1c\u0a47\u0a38\u0a1f\u0a30 \u0a32\u0a48\u0a38\u0a1f\u0a30, \u0a32\u0a48\u0a38\u0a1f\u0a30,<\/p><p><br \/>Leicestershire \u0a05\u0a24\u0a47 Rutland Care umo\u017cliwia personelowi medycznemu zapewnienie natychmiastowej i bezpiecznej opieki dora\u017anej dla Jasia.<\/p><p><strong>\u0a26\u0a4d\u0a30\u0a3f\u0a38\u0a3c 2<\/strong><\/p><p>\u00a0<\/p><p>Po upadku Ania wraca do zdrowia w szpitalu Leicester Royal Infirmary.<\/p><p>\u00a0<\/p><p>Podczas poprzedniego pobytu przed\u0142u\u017cono jej pobyt, poniewa\u017c zesp\u00f3\u0142 medyczny w szpitalu przez chwil\u0119 nie by\u0142 pewien, jakie wsparcie b\u0119dzie mia\u0142a w domu.<\/p><p>\u00a0<\/p><p>Teraz dzi\u0119ki rejestrowi Leicester, Leicestershire and Rutland Care Record personel wypisuj\u0105cy mo\u017ce mie\u0107 pewno\u015b\u0107, \u017ce w domu Ania mo\u017ce skorzysta\u0107 z odpowiedniego pakietu opieki spo\u0142ecznej.<\/p><p>\u00a0<\/p><ul><li>\u0a38\u0a42\u0a1a\u0a40 wypisowy ze szpitala: Dostarczany przez personel wypisuj\u0105cy<\/li><li>Pakiet opieki spo\u0142ecznej: Zapewniany przez zesp\u00f3\u0142 opieki spo\u0142ecznej<\/li><li>Wsparcie \u015brodowiskowe: Zapewniane przez piel\u0119gniarki \u015brodowiskowe<\/li><\/ul><p>\u00a0<\/p><p><strong>Korzy\u015b\u0107<\/strong><\/p><p>\u00a0<\/p><p>Udost\u0119pnienie informacji Kasi umo\u017cliwi\u0142o szpitalowi, zespo\u0142om opieki spo\u0142ecznej i \u015brodowiskowej na podj\u0119cie bardziej przemy\u015blanych decyzji, dzi\u0119ki czemu zapewniono jej lepsecz\u0105k\u0105ej.<\/p><p>\u00a0<\/p><p><strong>Czy mog\u0119 wyrazi\u0107 sprzeciw wobec udost\u0119pniania moich informacji medycznych z rejestru Leicester, Leicestershire and Rutland Care Record.<\/strong><\/p><p>\u00a0<\/p><p>\u0a32\u0a48. Masz prawo sprzeciwi\u0107 si\u0119 wobec udost\u0119pniania Twoich informacji medycznych z rejestru Leicester, Leicestershire and Rutland Care Record. Je\u015bli jednak pracownicy b\u0119d\u0105 potrzebowa\u0107 dost\u0119pu do informacji udost\u0119pnianych w rejestrze Leicester, Leicestershire i Rutland Care Record, aby \u015bwiadczy\u0107 bezpieczn\u0105 opiek\u0119 nad pacjentem, b\u0119d\u0105pniago d\u0119ska\u0119go d\u0119ska.<\/p><p><strong>\u00a0<\/strong><\/p><p><strong>\u0a2a\u0a3e\u0a08\u0a1f\u0a3e\u0a28\u0a40\u0a06? <\/strong><\/p><p>\u00a0<\/p><p>\u0a21\u0a2c\u0a32\u0a2f\u0a42 razie pyta\u0144 dotycz\u0105cych rejestru Leicester, Leicestershire and Rutland Care Record prosimy o kontakt z doolnym lekarzem, kt\u00f3ry mo\u017ce skierowa\u0107 Twoje zapytanie do dzia\u0142u zarz\u0105dzania informacjami jedszynjcejneoorgjami.<\/p><p>\u00a0<\/p><p><strong>dalsze informacje<\/strong><\/p><p>\u00a0<\/p><p>LLR ICB \u0a28\u0a3e\u0a32 \u0a07\u0a70\u0a1f\u0a30\u0a28\u0a48\u0a71\u0a1f \u0a26\u0a40 \u0a1c\u0a3e\u0a23\u0a15\u0a3e\u0a30\u0a40 \u0a2a\u0a4d\u0a30\u0a3e\u0a2a\u0a24 \u0a15\u0a30\u0a4b: <a href=\"https:\/\/leicesterleicestershireandrutland.icb.nhs.uk\/pa\/your-care-record\/\">https:\/\/leicesterleicestershireandrutland.icb.nhs.uk\/your-care-record\/<\/a>\u00a0<\/p><p>\u00a0<\/p><p>Aby skontaktowa\u0107 si\u0119 z zespo\u0142em ds. \u0a2a\u0a4d\u0a30\u0a4b\u0a17\u0a30\u0a3e\u0a2e LLR \u0a15\u0a47\u0a05\u0a30 \u0a30\u0a3f\u0a15\u0a3e\u0a30\u0a21 \u0a2a\u0a4d\u0a30\u0a4b\u0a17\u0a30\u0a3e\u0a2e, \u0a2a\u0a24\u0a3e \u0a24\u0a47 \u0a08\u0a2e\u0a47\u0a32 \u0a2d\u0a47\u0a1c\u0a4b: <a href=\"mailto:lpt.llrcarerecord@nhs.net\">lpt.llrcarerecord@nhs.net\u00a0<\/a>\u00a0<\/p>\t\t\t\t\t\t\t\t<\/div>\n\t\t\t\t<\/div>\n\t\t\t\t\t<\/div>\n\t\t<\/div>\n\t\t\t\t\t<\/div>\n\t\t<\/section>\n\t\t\t\t<\/div>","protected":false},"excerpt":{"rendered":"<p>LLR Care Record: Working together to improve your care (Polish) Leicester, Leicestershire and Rutland Care Record \u00a0 Wsp\u00f3\u0142pracujemy, aby podnosi\u0107 poziom opieki nad pacjentem Czym jest rejestr Leicester, Leicestershire and [&hellip;]<\/p>\n","protected":false},"author":9,"featured_media":0,"parent":424,"menu_order":2,"comment_status":"closed","ping_status":"closed","template":"","meta":{"_eb_attr":"","footnotes":""},"class_list":["post-17704","page","type-page","status-publish","hentry"],"yoast_head":"<!-- This site is optimized with the Yoast SEO plugin v27.5 - https:\/\/yoast.com\/product\/yoast-seo-wordpress\/ -->\n<title>LLR Care Record: Working together to improve your care (Polish) - LLR ICB<\/title>\n<meta name=\"robots\" content=\"index, follow, max-snippet:-1, max-image-preview:large, max-video-preview:-1\" \/>\n<link rel=\"canonical\" href=\"https:\/\/leicesterleicestershireandrutland.icb.nhs.uk\/pa\/your-health\/your-care-record\/llr-care-record-working-together-to-improve-your-care-polish\/\" \/>\n<meta property=\"og:locale\" content=\"pa_IN\" \/>\n<meta property=\"og:type\" content=\"article\" \/>\n<meta property=\"og:title\" content=\"LLR Care Record: Working together to improve your care (Polish) - LLR ICB\" \/>\n<meta property=\"og:description\" content=\"LLR Care Record: Working together to improve your care (Polish) Leicester, Leicestershire and Rutland Care Record \u00a0 Wsp\u00f3\u0142pracujemy, aby podnosi\u0107 poziom opieki nad pacjentem Czym jest rejestr Leicester, Leicestershire and [&hellip;]\" \/>\n<meta property=\"og:url\" content=\"https:\/\/leicesterleicestershireandrutland.icb.nhs.uk\/pa\/your-health\/your-care-record\/llr-care-record-working-together-to-improve-your-care-polish\/\" \/>\n<meta property=\"og:site_name\" content=\"LLR ICB\" \/>\n<meta property=\"article:publisher\" content=\"https:\/\/www.facebook.com\/NHSLLR\" \/>\n<meta property=\"article:modified_time\" content=\"2024-07-16T13:48:31+00:00\" \/>\n<meta name=\"twitter:card\" content=\"summary_large_image\" \/>\n<meta name=\"twitter:site\" content=\"@NHS_LLR\" \/>\n<meta name=\"twitter:label1\" content=\"Est. reading time\" \/>\n\t<meta name=\"twitter:data1\" content=\"4 minutes\" \/>\n<script type=\"application\/ld+json\" class=\"yoast-schema-graph\">{\"@context\":\"https:\\\/\\\/schema.org\",\"@graph\":[{\"@type\":\"WebPage\",\"@id\":\"https:\\\/\\\/leicesterleicestershireandrutland.icb.nhs.uk\\\/your-health\\\/your-care-record\\\/llr-care-record-working-together-to-improve-your-care-polish\\\/\",\"url\":\"https:\\\/\\\/leicesterleicestershireandrutland.icb.nhs.uk\\\/your-health\\\/your-care-record\\\/llr-care-record-working-together-to-improve-your-care-polish\\\/\",\"name\":\"LLR Care Record: Working together to improve your care (Polish) - LLR ICB\",\"isPartOf\":{\"@id\":\"https:\\\/\\\/leicesterleicestershireandrutland.icb.nhs.uk\\\/#website\"},\"datePublished\":\"2024-07-16T13:44:58+00:00\",\"dateModified\":\"2024-07-16T13:48:31+00:00\",\"breadcrumb\":{\"@id\":\"https:\\\/\\\/leicesterleicestershireandrutland.icb.nhs.uk\\\/your-health\\\/your-care-record\\\/llr-care-record-working-together-to-improve-your-care-polish\\\/#breadcrumb\"},\"inLanguage\":\"pa-IN\",\"potentialAction\":[{\"@type\":\"ReadAction\",\"target\":[\"https:\\\/\\\/leicesterleicestershireandrutland.icb.nhs.uk\\\/your-health\\\/your-care-record\\\/llr-care-record-working-together-to-improve-your-care-polish\\\/\"]}]},{\"@type\":\"BreadcrumbList\",\"@id\":\"https:\\\/\\\/leicesterleicestershireandrutland.icb.nhs.uk\\\/your-health\\\/your-care-record\\\/llr-care-record-working-together-to-improve-your-care-polish\\\/#breadcrumb\",\"itemListElement\":[{\"@type\":\"ListItem\",\"position\":1,\"name\":\"Home\",\"item\":\"https:\\\/\\\/leicesterleicestershireandrutland.icb.nhs.uk\\\/\"},{\"@type\":\"ListItem\",\"position\":2,\"name\":\"Your Health\",\"item\":\"https:\\\/\\\/leicesterleicestershireandrutland.icb.nhs.uk\\\/your-health\\\/\"},{\"@type\":\"ListItem\",\"position\":3,\"name\":\"Your Care Record\",\"item\":\"https:\\\/\\\/leicesterleicestershireandrutland.icb.nhs.uk\\\/your-health\\\/your-care-record\\\/\"},{\"@type\":\"ListItem\",\"position\":4,\"name\":\"LLR Care Record: Working together to improve your care (Polish)\"}]},{\"@type\":\"WebSite\",\"@id\":\"https:\\\/\\\/leicesterleicestershireandrutland.icb.nhs.uk\\\/#website\",\"url\":\"https:\\\/\\\/leicesterleicestershireandrutland.icb.nhs.uk\\\/\",\"name\":\"LLR ICB\",\"description\":\"LLR Integrated Care Board\",\"publisher\":{\"@id\":\"https:\\\/\\\/leicesterleicestershireandrutland.icb.nhs.uk\\\/#organization\"},\"potentialAction\":[{\"@type\":\"SearchAction\",\"target\":{\"@type\":\"EntryPoint\",\"urlTemplate\":\"https:\\\/\\\/leicesterleicestershireandrutland.icb.nhs.uk\\\/?s={search_term_string}\"},\"query-input\":{\"@type\":\"PropertyValueSpecification\",\"valueRequired\":true,\"valueName\":\"search_term_string\"}}],\"inLanguage\":\"pa-IN\"},{\"@type\":\"Organization\",\"@id\":\"https:\\\/\\\/leicesterleicestershireandrutland.icb.nhs.uk\\\/#organization\",\"name\":\"LLR ICB\",\"url\":\"https:\\\/\\\/leicesterleicestershireandrutland.icb.nhs.uk\\\/\",\"logo\":{\"@type\":\"ImageObject\",\"inLanguage\":\"pa-IN\",\"@id\":\"https:\\\/\\\/leicesterleicestershireandrutland.icb.nhs.uk\\\/#\\\/schema\\\/logo\\\/image\\\/\",\"url\":\"https:\\\/\\\/i0.wp.com\\\/leicesterleicestershireandrutland.icb.nhs.uk\\\/wp-content\\\/uploads\\\/2022\\\/06\\\/New-Project-4.jpg?fit=452%2C93&ssl=1\",\"contentUrl\":\"https:\\\/\\\/i0.wp.com\\\/leicesterleicestershireandrutland.icb.nhs.uk\\\/wp-content\\\/uploads\\\/2022\\\/06\\\/New-Project-4.jpg?fit=452%2C93&ssl=1\",\"width\":452,\"height\":93,\"caption\":\"LLR ICB\"},\"image\":{\"@id\":\"https:\\\/\\\/leicesterleicestershireandrutland.icb.nhs.uk\\\/#\\\/schema\\\/logo\\\/image\\\/\"},\"sameAs\":[\"https:\\\/\\\/www.facebook.com\\\/NHSLLR\",\"https:\\\/\\\/x.com\\\/NHS_LLR\",\"https:\\\/\\\/www.instagram.com\\\/nhsllr\\\/\"]}]}<\/script>\n<!-- \/ Yoast SEO plugin. -->","yoast_head_json":{"title":"LLR \u0a15\u0a47\u0a05\u0a30 \u0a30\u0a3f\u0a15\u0a3e\u0a30\u0a21: \u0a06\u0a2a\u0a23\u0a40 \u0a26\u0a47\u0a16\u0a2d\u0a3e\u0a32 \u0a28\u0a42\u0a70 \u0a2c\u0a3f\u0a39\u0a24\u0a30 \u0a2c\u0a23\u0a3e\u0a09\u0a23 \u0a32\u0a08 \u0a07\u0a15\u0a71\u0a20\u0a47 \u0a15\u0a70\u0a2e \u0a15\u0a30\u0a28\u0a3e (\u0a2a\u0a4b\u0a32\u0a3f\u0a38\u0a3c) - LLR ICB","robots":{"index":"index","follow":"follow","max-snippet":"max-snippet:-1","max-image-preview":"max-image-preview:large","max-video-preview":"max-video-preview:-1"},"canonical":"https:\/\/leicesterleicestershireandrutland.icb.nhs.uk\/pa\/your-health\/your-care-record\/llr-care-record-working-together-to-improve-your-care-polish\/","og_locale":"pa_IN","og_type":"article","og_title":"LLR Care Record: Working together to improve your care (Polish) - LLR ICB","og_description":"LLR Care Record: Working together to improve your care (Polish) Leicester, Leicestershire and Rutland Care Record \u00a0 Wsp\u00f3\u0142pracujemy, aby podnosi\u0107 poziom opieki nad pacjentem Czym jest rejestr Leicester, Leicestershire and [&hellip;]","og_url":"https:\/\/leicesterleicestershireandrutland.icb.nhs.uk\/pa\/your-health\/your-care-record\/llr-care-record-working-together-to-improve-your-care-polish\/","og_site_name":"LLR ICB","article_publisher":"https:\/\/www.facebook.com\/NHSLLR","article_modified_time":"2024-07-16T13:48:31+00:00","twitter_card":"summary_large_image","twitter_site":"@NHS_LLR","twitter_misc":{"Est. reading time":"4 minutes"},"schema":{"@context":"https:\/\/schema.org","@graph":[{"@type":"WebPage","@id":"https:\/\/leicesterleicestershireandrutland.icb.nhs.uk\/your-health\/your-care-record\/llr-care-record-working-together-to-improve-your-care-polish\/","url":"https:\/\/leicesterleicestershireandrutland.icb.nhs.uk\/your-health\/your-care-record\/llr-care-record-working-together-to-improve-your-care-polish\/","name":"LLR \u0a15\u0a47\u0a05\u0a30 \u0a30\u0a3f\u0a15\u0a3e\u0a30\u0a21: \u0a06\u0a2a\u0a23\u0a40 \u0a26\u0a47\u0a16\u0a2d\u0a3e\u0a32 \u0a28\u0a42\u0a70 \u0a2c\u0a3f\u0a39\u0a24\u0a30 \u0a2c\u0a23\u0a3e\u0a09\u0a23 \u0a32\u0a08 \u0a07\u0a15\u0a71\u0a20\u0a47 \u0a15\u0a70\u0a2e \u0a15\u0a30\u0a28\u0a3e (\u0a2a\u0a4b\u0a32\u0a3f\u0a38\u0a3c) - LLR ICB","isPartOf":{"@id":"https:\/\/leicesterleicestershireandrutland.icb.nhs.uk\/#website"},"datePublished":"2024-07-16T13:44:58+00:00","dateModified":"2024-07-16T13:48:31+00:00","breadcrumb":{"@id":"https:\/\/leicesterleicestershireandrutland.icb.nhs.uk\/your-health\/your-care-record\/llr-care-record-working-together-to-improve-your-care-polish\/#breadcrumb"},"inLanguage":"pa-IN","potentialAction":[{"@type":"ReadAction","target":["https:\/\/leicesterleicestershireandrutland.icb.nhs.uk\/your-health\/your-care-record\/llr-care-record-working-together-to-improve-your-care-polish\/"]}]},{"@type":"BreadcrumbList","@id":"https:\/\/leicesterleicestershireandrutland.icb.nhs.uk\/your-health\/your-care-record\/llr-care-record-working-together-to-improve-your-care-polish\/#breadcrumb","itemListElement":[{"@type":"ListItem","position":1,"name":"Home","item":"https:\/\/leicesterleicestershireandrutland.icb.nhs.uk\/"},{"@type":"ListItem","position":2,"name":"Your Health","item":"https:\/\/leicesterleicestershireandrutland.icb.nhs.uk\/your-health\/"},{"@type":"ListItem","position":3,"name":"Your Care Record","item":"https:\/\/leicesterleicestershireandrutland.icb.nhs.uk\/your-health\/your-care-record\/"},{"@type":"ListItem","position":4,"name":"LLR Care Record: Working together to improve your care (Polish)"}]},{"@type":"WebSite","@id":"https:\/\/leicesterleicestershireandrutland.icb.nhs.uk\/#website","url":"https:\/\/leicesterleicestershireandrutland.icb.nhs.uk\/","name":"LLR ICB","description":"LLR \u0a0f\u0a15\u0a40\u0a15\u0a4d\u0a30\u0a3f\u0a24 \u0a15\u0a47\u0a05\u0a30 \u0a2c\u0a4b\u0a30\u0a21","publisher":{"@id":"https:\/\/leicesterleicestershireandrutland.icb.nhs.uk\/#organization"},"potentialAction":[{"@type":"SearchAction","target":{"@type":"EntryPoint","urlTemplate":"https:\/\/leicesterleicestershireandrutland.icb.nhs.uk\/?s={search_term_string}"},"query-input":{"@type":"PropertyValueSpecification","valueRequired":true,"valueName":"search_term_string"}}],"inLanguage":"pa-IN"},{"@type":"Organization","@id":"https:\/\/leicesterleicestershireandrutland.icb.nhs.uk\/#organization","name":"LLR ICB","url":"https:\/\/leicesterleicestershireandrutland.icb.nhs.uk\/","logo":{"@type":"ImageObject","inLanguage":"pa-IN","@id":"https:\/\/leicesterleicestershireandrutland.icb.nhs.uk\/#\/schema\/logo\/image\/","url":"https:\/\/i0.wp.com\/leicesterleicestershireandrutland.icb.nhs.uk\/wp-content\/uploads\/2022\/06\/New-Project-4.jpg?fit=452%2C93&ssl=1","contentUrl":"https:\/\/i0.wp.com\/leicesterleicestershireandrutland.icb.nhs.uk\/wp-content\/uploads\/2022\/06\/New-Project-4.jpg?fit=452%2C93&ssl=1","width":452,"height":93,"caption":"LLR ICB"},"image":{"@id":"https:\/\/leicesterleicestershireandrutland.icb.nhs.uk\/#\/schema\/logo\/image\/"},"sameAs":["https:\/\/www.facebook.com\/NHSLLR","https:\/\/x.com\/NHS_LLR","https:\/\/www.instagram.com\/nhsllr\/"]}]}},"jetpack_sharing_enabled":true,"_links":{"self":[{"href":"https:\/\/leicesterleicestershireandrutland.icb.nhs.uk\/pa\/wp-json\/wp\/v2\/pages\/17704","targetHints":{"allow":["GET"]}}],"collection":[{"href":"https:\/\/leicesterleicestershireandrutland.icb.nhs.uk\/pa\/wp-json\/wp\/v2\/pages"}],"about":[{"href":"https:\/\/leicesterleicestershireandrutland.icb.nhs.uk\/pa\/wp-json\/wp\/v2\/types\/page"}],"author":[{"embeddable":true,"href":"https:\/\/leicesterleicestershireandrutland.icb.nhs.uk\/pa\/wp-json\/wp\/v2\/users\/9"}],"replies":[{"embeddable":true,"href":"https:\/\/leicesterleicestershireandrutland.icb.nhs.uk\/pa\/wp-json\/wp\/v2\/comments?post=17704"}],"version-history":[{"count":4,"href":"https:\/\/leicesterleicestershireandrutland.icb.nhs.uk\/pa\/wp-json\/wp\/v2\/pages\/17704\/revisions"}],"predecessor-version":[{"id":17709,"href":"https:\/\/leicesterleicestershireandrutland.icb.nhs.uk\/pa\/wp-json\/wp\/v2\/pages\/17704\/revisions\/17709"}],"up":[{"embeddable":true,"href":"https:\/\/leicesterleicestershireandrutland.icb.nhs.uk\/pa\/wp-json\/wp\/v2\/pages\/424"}],"wp:attachment":[{"href":"https:\/\/leicesterleicestershireandrutland.icb.nhs.uk\/pa\/wp-json\/wp\/v2\/media?parent=17704"}],"curies":[{"name":"\u0a21\u0a2c\u0a32\u0a2f\u0a42\u0a2a\u0a40","href":"https:\/\/api.w.org\/{rel}","templated":true}]}}