{"id":17716,"date":"2024-07-16T13:57:15","date_gmt":"2024-07-16T13:57:15","guid":{"rendered":"https:\/\/leicesterleicestershireandrutland.icb.nhs.uk\/?page_id=17716"},"modified":"2024-07-16T13:59:57","modified_gmt":"2024-07-16T13:59:57","slug":"llr-care-record-working-together-to-improve-your-care-romanian","status":"publish","type":"page","link":"https:\/\/leicesterleicestershireandrutland.icb.nhs.uk\/pa\/your-health\/your-care-record\/llr-care-record-working-together-to-improve-your-care-romanian\/","title":{"rendered":"LLR \u0a15\u0a47\u0a05\u0a30 \u0a30\u0a3f\u0a15\u0a3e\u0a30\u0a21: \u0a24\u0a41\u0a39\u0a3e\u0a21\u0a40 \u0a26\u0a47\u0a16\u0a2d\u0a3e\u0a32 \u0a28\u0a42\u0a70 \u0a2c\u0a3f\u0a39\u0a24\u0a30 \u0a2c\u0a23\u0a3e\u0a09\u0a23 \u0a32\u0a08 \u0a2e\u0a3f\u0a32 \u0a15\u0a47 \u0a15\u0a70\u0a2e \u0a15\u0a30\u0a28\u0a3e (\u0a30\u0a4b\u0a2e\u0a3e\u0a28\u0a40\u0a05\u0a28)"},"content":{"rendered":"<div data-elementor-type=\"wp-page\" data-elementor-id=\"17716\" class=\"elementor elementor-17716\" data-elementor-post-type=\"page\">\n\t\t\t\t\t\t<section data-particle_enable=\"false\" data-particle-mobile-disabled=\"false\" class=\"elementor-section elementor-top-section elementor-element elementor-element-48cf60b elementor-section-boxed elementor-section-height-default elementor-section-height-default\" data-id=\"48cf60b\" data-element_type=\"section\" data-e-type=\"section\">\n\t\t\t\t\t\t<div class=\"elementor-container elementor-column-gap-default\">\n\t\t\t\t\t<div class=\"elementor-column elementor-col-100 elementor-top-column elementor-element elementor-element-0c9fbad\" data-id=\"0c9fbad\" data-element_type=\"column\" data-e-type=\"column\">\n\t\t\t<div class=\"elementor-widget-wrap elementor-element-populated\">\n\t\t\t\t\t\t<div class=\"elementor-element elementor-element-637cb00 elementor-widget elementor-widget-heading\" data-id=\"637cb00\" data-element_type=\"widget\" data-e-type=\"widget\" data-widget_type=\"heading.default\">\n\t\t\t\t<div class=\"elementor-widget-container\">\n\t\t\t\t\t<h2 class=\"elementor-heading-title elementor-size-default\">LLR \u0a15\u0a47\u0a05\u0a30 \u0a30\u0a3f\u0a15\u0a3e\u0a30\u0a21: \u0a24\u0a41\u0a39\u0a3e\u0a21\u0a40 \u0a26\u0a47\u0a16\u0a2d\u0a3e\u0a32 \u0a28\u0a42\u0a70 \u0a2c\u0a3f\u0a39\u0a24\u0a30 \u0a2c\u0a23\u0a3e\u0a09\u0a23 \u0a32\u0a08 \u0a2e\u0a3f\u0a32 \u0a15\u0a47 \u0a15\u0a70\u0a2e \u0a15\u0a30\u0a28\u0a3e (\u0a30\u0a4b\u0a2e\u0a3e\u0a28\u0a40\u0a05\u0a28)<\/h2>\t\t\t\t<\/div>\n\t\t\t\t<\/div>\n\t\t\t\t\t<\/div>\n\t\t<\/div>\n\t\t\t\t\t<\/div>\n\t\t<\/section>\n\t\t\t\t<section data-particle_enable=\"false\" data-particle-mobile-disabled=\"false\" class=\"elementor-section elementor-top-section elementor-element elementor-element-7c5518b elementor-section-boxed elementor-section-height-default elementor-section-height-default\" data-id=\"7c5518b\" data-element_type=\"section\" data-e-type=\"section\">\n\t\t\t\t\t\t<div class=\"elementor-container elementor-column-gap-default\">\n\t\t\t\t\t<div class=\"elementor-column elementor-col-100 elementor-top-column elementor-element elementor-element-7d93064\" data-id=\"7d93064\" data-element_type=\"column\" data-e-type=\"column\">\n\t\t\t<div class=\"elementor-widget-wrap elementor-element-populated\">\n\t\t\t\t\t\t<div class=\"elementor-element elementor-element-2ffa484 elementor-widget-divider--view-line elementor-widget elementor-widget-divider\" data-id=\"2ffa484\" data-element_type=\"widget\" data-e-type=\"widget\" data-widget_type=\"divider.default\">\n\t\t\t\t<div class=\"elementor-widget-container\">\n\t\t\t\t\t\t\t<div class=\"elementor-divider\">\n\t\t\t<span class=\"elementor-divider-separator\">\n\t\t\t\t\t\t<\/span>\n\t\t<\/div>\n\t\t\t\t\t\t<\/div>\n\t\t\t\t<\/div>\n\t\t\t\t\t<\/div>\n\t\t<\/div>\n\t\t\t\t\t<\/div>\n\t\t<\/section>\n\t\t\t\t<section data-particle_enable=\"false\" data-particle-mobile-disabled=\"false\" class=\"elementor-section elementor-top-section elementor-element elementor-element-07be88d elementor-section-boxed elementor-section-height-default elementor-section-height-default\" data-id=\"07be88d\" data-element_type=\"section\" data-e-type=\"section\">\n\t\t\t\t\t\t<div class=\"elementor-container elementor-column-gap-default\">\n\t\t\t\t\t<div class=\"elementor-column elementor-col-100 elementor-top-column elementor-element elementor-element-d5dfeaa\" data-id=\"d5dfeaa\" data-element_type=\"column\" data-e-type=\"column\">\n\t\t\t<div class=\"elementor-widget-wrap elementor-element-populated\">\n\t\t\t\t\t\t<div class=\"elementor-element elementor-element-f701f08 elementor-widget elementor-widget-text-editor\" data-id=\"f701f08\" data-element_type=\"widget\" data-e-type=\"widget\" data-widget_type=\"text-editor.default\">\n\t\t\t\t<div class=\"elementor-widget-container\">\n\t\t\t\t\t\t\t\t\t<p>Arhiv\u0103 medical\u0103 Leicester, Leicestershire \u0a05\u0a24\u0a47 Rutland<\/p><p>Lucr\u0103m \u00eempreun\u0103 pentru a oferi \u00eengrijiri mai bune<\/p><p><strong>Ce este arhiva medical\u0103 Leicester, Leicestershire \u0219i Rutland? <\/strong><\/p><p>\u00a0<\/p><p>Arhiva medical\u0103 Leicester, Leicestershire \u0219i Rutland este un sistem computerizat sigur care colecteaz\u0103 informa\u021bii importante despre Persoanele care au beneficiat de servicii oferite de medicul de familie (GP), la spitalul local, centrul.\u0103t\u0103ic\u0103minatarunitarcom. Aceasta permite personalului clinic \u0219i sanitar accesul \u00een timp real la informa\u021bii de la diferi\u021bi furnizori de servicii medicale \u0219i \u00eentre sisteme diferite.<\/p><p>\u00a0<\/p><p>Toate arhivele sunt strict confiden\u021biale \u0219i pot fi accesate de c\u0103tre personalul clinic \u0219i sanitar implicat direct \u00een \u00eengrijirea unui pacient. Arhiva Leicester, Leicestershire \u0219i Rutland con\u021bine informa\u021bii personale, \u0219i anume: \u00a0<\/p><p>\u00a0<\/p><ul><li>\u0a1f\u0a48\u0a32\u0a40\u0a2b\u0a4b\u0a28 \u0a26\u0a3e \u0a2a\u0a24\u0a3e \u0a05\u0a24\u0a47 \u0a28\u0a70\u0a2c\u0a30<\/li><li>\u0a2a\u0a4d\u0a30\u0a4b\u0a17\u0a30\u0a3e\u0a2e<\/li><li>Medica\u021bie \u2013 astfel \u00eenc\u00e2t personalul medical s\u0103 vada ce medicamente \u021bi-au fost prescrise<\/li><li>Alergii \u2013 pentru a ne asigura c\u0103 nu \u00ee\u021bi sunt prescrise sau administrate medicamente la care po\u021bi avea reac\u021bii adverse<\/li><li>\u0a28\u0a24\u0a40\u0a1c\u0a47 \u0a26\u0a3e \u0a35\u0a3f\u0a38\u0a3c\u0a32\u0a47\u0a38\u0a3c\u0a23 \u2013 pentru a accelera tratamentul \u0219i \u00eengrijirile<\/li><li>Recomand\u0103ri, scrisori medicale \u0219i informa\u021bii despre extern\u0103ri \u2013 pentru a ne asigura c\u0103 cei implica\u021bi \u00een \u00eengrijirea ta au toate informa\u021biile necesare privind tratamentele primite \u00een alt\u0103 parte.<\/li><\/ul><p>\u00a0<\/p><p><strong>Cine va avea acces la arhiva Leicester, Leicestershire \u0219i Rutland? <\/strong><\/p><p>\u00a0<\/p><p>Doar personalul clinic \u0219i sanitar implicat direct \u00een \u00een \u00eengrijirea ta va avea acces la arhiva Leicester, Leicestershire \u0219i Rutland. Aceasta nu va fi distribuit\u0103 altor persoane care nu \u00ee\u021bi ofer\u0103 tratament, \u00eengrijire sau asisten\u021b\u0103. \u0a21\u0a47\u0a1f\u0a47\u0a32 \u0a1f\u0a47\u0a32 \u0a28\u0a42 \u0a35\u0a4b\u0a30 \u0a2b\u0a3e\u0a08 f\u0103cute publice \u0219i nu vor fi distribuite celor care nu sunt implica\u021bi direct \u00een \u00eengrijirea ta. \u00a0<\/p><p>\u00a0<\/p><p><strong>Cum pot \u0219ti c\u0103 arhiva Leicester, Leicestershire \u0219i Rutland este sigur\u0103? <\/strong><\/p><p>\u00a0<\/p><p>Datele tale sunt colectate \u00een mod sigur de la sisteme clinice \u0219i sanitare din toat\u0103 regiunea, sunt disponibile \u00een arhiva Leicester, Leicestershire \u0219i Rutland pentru a fi folosite atunci c\u00e2nd prime\u0219ti \u00eengrim\u00e2nefiori.<\/p><p>\u00a0<\/p><p>Arhiva Leicester, Leicestershire \u0219i Rutland ofer\u0103 personalului clinic implicat direct \u00een \u00eengrijirea ta informa\u021bii actuale despre tine.<\/p><p>\u00a0<\/p><p>Acest lucru est posibil prin distribuirea informa\u021biilor relevante din arhivele tale medicale \u00eentre serviciile medicale \u0219i sociale din Leicester, Leicestershire \u0219i Rutland.<\/p><p>\u00a0<\/p><p><strong>Unde va fi folosit\u0103 arhiva Leicester, Leicestershire \u0219i Rutland:<\/strong><\/p><p>\u00a0<\/p><p>Cabinetele medicale de familie (GP)\/ Servicii de s\u0103n\u0103tate comunitare\/ spitale NHS\/ Servicii sociale \/ Servicii de s\u0103n\u0103tate mintal\u0103 \/ Ospicii<\/p><p>\u00a0<\/p><p><strong>Leicester, Leicestershire \u0a05\u0a24\u0a47 Rutland \u0a35\u0a3f\u0a71\u0a1a Care sunt beneficiile arhivei? <\/strong><\/p><p><strong>\u00a0<\/strong><\/p><ul><li>\u00cengrijiri furnizate \u00een comun \u0219i \u00een siguran\u021b\u0103<\/li><li>Mai mult timp alocat \u00eengrijirilor<\/li><li>\u0a2e\u0a47\u0a30\u0a47 \u0a26\u0a38\u0a24\u0a3e\u0a35\u0a47\u0a1c\u0a3c\u0a3e\u0a02 \u0a26\u0a40 \u0a35\u0a30\u0a24\u0a4b\u0a02 \u0a15\u0a30\u0a4b<\/li><li>Toate datele tale la un loc<\/li><li>Nu va trebui s\u0103 repe\u021bi informa\u021biile la diferite servicii clinice sau sanitare.<\/li><\/ul><p>\u0a26\u0a4d\u0a30\u0a3f\u0a38\u0a3c\u0a1f\u0a40\u0a15\u0a4b\u0a23 1<\/p><p>\u0a15\u0a70\u0a2e \u0a15\u0a30\u0a26\u0a47 \u0a39\u0a28?<\/p><p>Jamie e \u00een excursie la Rutland Water \u0219i are o reac\u021bie alergic\u0103.<\/p><p>P\u0103rin\u021bii nu pot fi contacta\u021bi; \u0a1c\u0a48\u0a2e\u0a40 \u0a10\u0a38\u0a1f \u0a21\u0a38 \u0a32\u0a3e \u0a38\u0a2a\u0a3e\u0a08\u0a1f\u0a32 cu \u0a10\u0a02\u0a2c\u0a42\u0a32\u0a48\u0a02\u0a38\u0964<\/p><p>Personalul spitalului poate accesa arhiva Leicester, Leicestershire \u0219i Rutland pentru a vedea medicamentele \u0219i alergiile lui Jamie.<\/p><p>\u2022 \u0a21\u0a3e\u0a15\u0a1f\u0a30\u0a40 \u0a05\u0a24\u0a47 \u0a10\u0a32\u0a30\u0a1c\u0a40 \u0a26\u0a40 \u0a38\u0a42\u0a1a\u0a40 \u0a26\u0a40 \u0a2a\u0a42\u0a30\u0a40 \u0a38\u0a42\u0a1a\u0a40: furnizate de medicul de familie (GP) al lui Jamie <br \/>\u2022 Rezumat de la Urgen\u021be: furnizat de c\u0103tre personalul din spital<\/p><p>\u0a32\u0a3e\u0a2d\u0a15\u0a3e\u0a30\u0a40<\/p><p>Arhiva Leicester, Leicestershire \u0219i Rutland ajut\u0103 personalul clinic s\u0103 \u00eei ofere \u00eengrijiri de urgen\u021b\u0103 lui Jamie, \u00eentr-un mod sigur.<\/p><p><strong>\u0a26\u0a4d\u0a30\u0a3f\u0a38\u0a3c 2<\/strong><\/p><p>\u00a0<\/p><p>\u0a39\u0a30\u0a2a\u0a4d\u0a30\u0a40\u0a24 se recupereaz\u0103 la Leicester Royal Infirmary \u00een urma unei c\u0103deri.<\/p><p>\u00a0<\/p><p>Ultima internare a fost prelungit\u0103 deoarece echipa medical\u0103 nu a \u0219tiut sigur ce tip de asisten\u021b\u0103 era disponibil\u0103 la domiciliul acesteia.<\/p><p>\u00a0<\/p><p>Acum, cu ajutorul arhivei Leicester, Leicestershire \u0219i Rutland, echipa de externare poate avea \u00eencrederea c\u0103 Harpreet va dispune de un pachet de servicii sociale corespunz\u0103tor la domiciliul ei din Leicester.<\/p><p>\u00a0<\/p><ul><li>\u0a2c\u0a3f\u0a32\u0a47\u0a1f \u0a21\u0a40 \u0a10\u0a15\u0a38\u0a1f\u0a30\u0a28\u0a47\u0a05\u0a30: \u0a2b\u0a30\u0a28\u0a40\u0a1c\u0a3c\u0a48\u0a1f \u0a21\u0a40 \u0a08\u0a1a\u0a40\u0a2a\u0a3e \u0a21\u0a47 \u0a10\u0a15\u0a38\u0a1f\u0a30\u0a28\u0a47\u0a30 \u0a21\u0a3f\u0a28 \u0a38\u0a2a\u0a3e\u0a08\u0a1f\u0a32<\/li><li>\u0a2a\u0a48\u0a1a\u0a47\u0a1f \u0a21\u0a40 \u0a38\u0a30\u0a35\u0a3f\u0a38\u0a3f\u0a38\u0a40 \u0a38\u0a4b\u0a38\u0a3c\u0a32: \u0a2b\u0a30\u0a28\u0a40\u0a1c\u0a3c\u0a48\u0a1f \u0a21\u0a40 \u0a38\u0a30\u0a35\u0a3f\u0a38\u0a3f\u0a38\u0a40 \u0a38\u0a4b\u0a38\u0a3c\u0a32<\/li><li>Sprijin comunitar: Furnizat de asisten\u021bii comunitari<\/li><\/ul><p>\u00a0<\/p><p><strong>\u0a32\u0a3e\u0a2d\u0a15\u0a3e\u0a30\u0a40<\/strong><\/p><p>\u00a0<\/p><p>Accesul la datele lui Harpreet ajut\u0103 spitalul, serviciile comunitare \u0219i sociale s\u0103 fie informate, pentru a furniza servicii mai bune \u0219i mai sigure.<\/p><p>\u00a0<\/p><p><strong>Pot refuza ca arhiva personal\u0103 Leicester, Leicestershire \u0219i Rutland s\u0103 fie distribuit\u0103?<\/strong><\/p><p>\u00a0<\/p><p>\u0a21\u0a3e. Ai dreptul de a refuza ca arhiva Leicester, Leicestershire \u0219i Rutland s\u0103 fie distribuit\u0103. Cu toate acestea, dac\u0103 personalul are nevoie de acces la informa\u021biile disponibile \u00een arhiva Leicester, Leicestershire \u0219i Rutland pentru a oferi \u00eengrijiri \u00een siguran\u021b\u0103, au dreptul legal de a accesa arhiva.<\/p><p><strong>\u00a0<\/strong><\/p><p><strong>\u00centreb\u0103ri? <\/strong><\/p><p>\u00a0<\/p><p>Dac\u0103 ai \u00eentreb\u0103ri despre arhiva Leicester, Leicestershire \u0219i Rutland, te rug\u0103m s\u0103 contactezi orice specialist medical care te poate direc\u021biona c\u0103tre departamentul de gestionare a informa\u021biilor din cadrul agi\u021biezatuiazatuia.<\/p><p>\u00a0<\/p><p><strong>\u0a2a\u0a42\u0a30\u0a15 \u0a1c\u0a3e\u0a23\u0a15\u0a3e\u0a30\u0a40<\/strong><\/p><p>\u00a0<\/p><p>Pentru informa\u021bii suplimentare, acceseaz\u0103 website-ul LLR ICB: https:\/\/leicesterleicestershireandrutland.icb.nhs.uk\/your-care-record\/<\/p><p>\u00a0<\/p><p>Pentru a contacta echipa programului de \u00eengrijire LLR, trimite un email la:<\/p><p><a href=\"mailto:lpt.llrcarerecord@nhs.net\">lpt.llrcarerecord@nhs.net<\/a><\/p>\t\t\t\t\t\t\t\t<\/div>\n\t\t\t\t<\/div>\n\t\t\t\t\t<\/div>\n\t\t<\/div>\n\t\t\t\t\t<\/div>\n\t\t<\/section>\n\t\t\t\t<\/div>","protected":false},"excerpt":{"rendered":"<p>LLR Care Record: Working together to improve your care (Romanian) Arhiv\u0103 medical\u0103 Leicester, Leicestershire \u0219i Rutland Lucr\u0103m \u00eempreun\u0103 pentru a oferi \u00eengrijiri mai bune Ce este arhiva medical\u0103 Leicester, Leicestershire [&hellip;]<\/p>\n","protected":false},"author":9,"featured_media":0,"parent":424,"menu_order":4,"comment_status":"closed","ping_status":"closed","template":"","meta":{"_eb_attr":"","footnotes":""},"class_list":["post-17716","page","type-page","status-publish","hentry"],"yoast_head":"<!-- This site is optimized with the Yoast SEO plugin v27.5 - https:\/\/yoast.com\/product\/yoast-seo-wordpress\/ -->\n<title>LLR Care Record: Working together to improve your care (Romanian) - LLR ICB<\/title>\n<meta name=\"robots\" content=\"index, follow, max-snippet:-1, max-image-preview:large, max-video-preview:-1\" \/>\n<link rel=\"canonical\" href=\"https:\/\/leicesterleicestershireandrutland.icb.nhs.uk\/pa\/your-health\/your-care-record\/llr-care-record-working-together-to-improve-your-care-romanian\/\" \/>\n<meta property=\"og:locale\" content=\"pa_IN\" \/>\n<meta property=\"og:type\" content=\"article\" \/>\n<meta property=\"og:title\" content=\"LLR Care Record: Working together to improve your care (Romanian) - LLR ICB\" \/>\n<meta property=\"og:description\" content=\"LLR Care Record: Working together to improve your care (Romanian) Arhiv\u0103 medical\u0103 Leicester, Leicestershire \u0219i Rutland Lucr\u0103m \u00eempreun\u0103 pentru a oferi \u00eengrijiri mai bune Ce este arhiva medical\u0103 Leicester, Leicestershire [&hellip;]\" \/>\n<meta property=\"og:url\" content=\"https:\/\/leicesterleicestershireandrutland.icb.nhs.uk\/pa\/your-health\/your-care-record\/llr-care-record-working-together-to-improve-your-care-romanian\/\" \/>\n<meta property=\"og:site_name\" content=\"LLR ICB\" \/>\n<meta property=\"article:publisher\" content=\"https:\/\/www.facebook.com\/NHSLLR\" \/>\n<meta property=\"article:modified_time\" content=\"2024-07-16T13:59:57+00:00\" \/>\n<meta name=\"twitter:card\" content=\"summary_large_image\" \/>\n<meta name=\"twitter:site\" content=\"@NHS_LLR\" \/>\n<meta name=\"twitter:label1\" content=\"Est. reading time\" \/>\n\t<meta name=\"twitter:data1\" content=\"4 minutes\" \/>\n<script type=\"application\/ld+json\" class=\"yoast-schema-graph\">{\"@context\":\"https:\\\/\\\/schema.org\",\"@graph\":[{\"@type\":\"WebPage\",\"@id\":\"https:\\\/\\\/leicesterleicestershireandrutland.icb.nhs.uk\\\/your-health\\\/your-care-record\\\/llr-care-record-working-together-to-improve-your-care-romanian\\\/\",\"url\":\"https:\\\/\\\/leicesterleicestershireandrutland.icb.nhs.uk\\\/your-health\\\/your-care-record\\\/llr-care-record-working-together-to-improve-your-care-romanian\\\/\",\"name\":\"LLR Care Record: Working together to improve your care (Romanian) - LLR ICB\",\"isPartOf\":{\"@id\":\"https:\\\/\\\/leicesterleicestershireandrutland.icb.nhs.uk\\\/#website\"},\"datePublished\":\"2024-07-16T13:57:15+00:00\",\"dateModified\":\"2024-07-16T13:59:57+00:00\",\"breadcrumb\":{\"@id\":\"https:\\\/\\\/leicesterleicestershireandrutland.icb.nhs.uk\\\/your-health\\\/your-care-record\\\/llr-care-record-working-together-to-improve-your-care-romanian\\\/#breadcrumb\"},\"inLanguage\":\"pa-IN\",\"potentialAction\":[{\"@type\":\"ReadAction\",\"target\":[\"https:\\\/\\\/leicesterleicestershireandrutland.icb.nhs.uk\\\/your-health\\\/your-care-record\\\/llr-care-record-working-together-to-improve-your-care-romanian\\\/\"]}]},{\"@type\":\"BreadcrumbList\",\"@id\":\"https:\\\/\\\/leicesterleicestershireandrutland.icb.nhs.uk\\\/your-health\\\/your-care-record\\\/llr-care-record-working-together-to-improve-your-care-romanian\\\/#breadcrumb\",\"itemListElement\":[{\"@type\":\"ListItem\",\"position\":1,\"name\":\"Home\",\"item\":\"https:\\\/\\\/leicesterleicestershireandrutland.icb.nhs.uk\\\/\"},{\"@type\":\"ListItem\",\"position\":2,\"name\":\"Your Health\",\"item\":\"https:\\\/\\\/leicesterleicestershireandrutland.icb.nhs.uk\\\/your-health\\\/\"},{\"@type\":\"ListItem\",\"position\":3,\"name\":\"Your Care Record\",\"item\":\"https:\\\/\\\/leicesterleicestershireandrutland.icb.nhs.uk\\\/your-health\\\/your-care-record\\\/\"},{\"@type\":\"ListItem\",\"position\":4,\"name\":\"LLR Care Record: Working together to improve your care (Romanian)\"}]},{\"@type\":\"WebSite\",\"@id\":\"https:\\\/\\\/leicesterleicestershireandrutland.icb.nhs.uk\\\/#website\",\"url\":\"https:\\\/\\\/leicesterleicestershireandrutland.icb.nhs.uk\\\/\",\"name\":\"LLR ICB\",\"description\":\"LLR Integrated Care Board\",\"publisher\":{\"@id\":\"https:\\\/\\\/leicesterleicestershireandrutland.icb.nhs.uk\\\/#organization\"},\"potentialAction\":[{\"@type\":\"SearchAction\",\"target\":{\"@type\":\"EntryPoint\",\"urlTemplate\":\"https:\\\/\\\/leicesterleicestershireandrutland.icb.nhs.uk\\\/?s={search_term_string}\"},\"query-input\":{\"@type\":\"PropertyValueSpecification\",\"valueRequired\":true,\"valueName\":\"search_term_string\"}}],\"inLanguage\":\"pa-IN\"},{\"@type\":\"Organization\",\"@id\":\"https:\\\/\\\/leicesterleicestershireandrutland.icb.nhs.uk\\\/#organization\",\"name\":\"LLR ICB\",\"url\":\"https:\\\/\\\/leicesterleicestershireandrutland.icb.nhs.uk\\\/\",\"logo\":{\"@type\":\"ImageObject\",\"inLanguage\":\"pa-IN\",\"@id\":\"https:\\\/\\\/leicesterleicestershireandrutland.icb.nhs.uk\\\/#\\\/schema\\\/logo\\\/image\\\/\",\"url\":\"https:\\\/\\\/i0.wp.com\\\/leicesterleicestershireandrutland.icb.nhs.uk\\\/wp-content\\\/uploads\\\/2022\\\/06\\\/New-Project-4.jpg?fit=452%2C93&ssl=1\",\"contentUrl\":\"https:\\\/\\\/i0.wp.com\\\/leicesterleicestershireandrutland.icb.nhs.uk\\\/wp-content\\\/uploads\\\/2022\\\/06\\\/New-Project-4.jpg?fit=452%2C93&ssl=1\",\"width\":452,\"height\":93,\"caption\":\"LLR ICB\"},\"image\":{\"@id\":\"https:\\\/\\\/leicesterleicestershireandrutland.icb.nhs.uk\\\/#\\\/schema\\\/logo\\\/image\\\/\"},\"sameAs\":[\"https:\\\/\\\/www.facebook.com\\\/NHSLLR\",\"https:\\\/\\\/x.com\\\/NHS_LLR\",\"https:\\\/\\\/www.instagram.com\\\/nhsllr\\\/\"]}]}<\/script>\n<!-- \/ Yoast SEO plugin. -->","yoast_head_json":{"title":"LLR \u0a15\u0a47\u0a05\u0a30 \u0a30\u0a3f\u0a15\u0a3e\u0a30\u0a21: \u0a06\u0a2a\u0a23\u0a40 \u0a26\u0a47\u0a16\u0a2d\u0a3e\u0a32 \u0a28\u0a42\u0a70 \u0a2c\u0a3f\u0a39\u0a24\u0a30 \u0a2c\u0a23\u0a3e\u0a09\u0a23 \u0a32\u0a08 \u0a07\u0a15\u0a71\u0a20\u0a47 \u0a15\u0a70\u0a2e \u0a15\u0a30\u0a28\u0a3e (\u0a30\u0a4b\u0a2e\u0a3e\u0a28\u0a40\u0a05\u0a28) - LLR ICB","robots":{"index":"index","follow":"follow","max-snippet":"max-snippet:-1","max-image-preview":"max-image-preview:large","max-video-preview":"max-video-preview:-1"},"canonical":"https:\/\/leicesterleicestershireandrutland.icb.nhs.uk\/pa\/your-health\/your-care-record\/llr-care-record-working-together-to-improve-your-care-romanian\/","og_locale":"pa_IN","og_type":"article","og_title":"LLR Care Record: Working together to improve your care (Romanian) - LLR ICB","og_description":"LLR Care Record: Working together to improve your care (Romanian) Arhiv\u0103 medical\u0103 Leicester, Leicestershire \u0219i Rutland Lucr\u0103m \u00eempreun\u0103 pentru a oferi \u00eengrijiri mai bune Ce este arhiva medical\u0103 Leicester, Leicestershire [&hellip;]","og_url":"https:\/\/leicesterleicestershireandrutland.icb.nhs.uk\/pa\/your-health\/your-care-record\/llr-care-record-working-together-to-improve-your-care-romanian\/","og_site_name":"LLR ICB","article_publisher":"https:\/\/www.facebook.com\/NHSLLR","article_modified_time":"2024-07-16T13:59:57+00:00","twitter_card":"summary_large_image","twitter_site":"@NHS_LLR","twitter_misc":{"Est. reading time":"4 minutes"},"schema":{"@context":"https:\/\/schema.org","@graph":[{"@type":"WebPage","@id":"https:\/\/leicesterleicestershireandrutland.icb.nhs.uk\/your-health\/your-care-record\/llr-care-record-working-together-to-improve-your-care-romanian\/","url":"https:\/\/leicesterleicestershireandrutland.icb.nhs.uk\/your-health\/your-care-record\/llr-care-record-working-together-to-improve-your-care-romanian\/","name":"LLR \u0a15\u0a47\u0a05\u0a30 \u0a30\u0a3f\u0a15\u0a3e\u0a30\u0a21: \u0a06\u0a2a\u0a23\u0a40 \u0a26\u0a47\u0a16\u0a2d\u0a3e\u0a32 \u0a28\u0a42\u0a70 \u0a2c\u0a3f\u0a39\u0a24\u0a30 \u0a2c\u0a23\u0a3e\u0a09\u0a23 \u0a32\u0a08 \u0a07\u0a15\u0a71\u0a20\u0a47 \u0a15\u0a70\u0a2e \u0a15\u0a30\u0a28\u0a3e (\u0a30\u0a4b\u0a2e\u0a3e\u0a28\u0a40\u0a05\u0a28) - LLR ICB","isPartOf":{"@id":"https:\/\/leicesterleicestershireandrutland.icb.nhs.uk\/#website"},"datePublished":"2024-07-16T13:57:15+00:00","dateModified":"2024-07-16T13:59:57+00:00","breadcrumb":{"@id":"https:\/\/leicesterleicestershireandrutland.icb.nhs.uk\/your-health\/your-care-record\/llr-care-record-working-together-to-improve-your-care-romanian\/#breadcrumb"},"inLanguage":"pa-IN","potentialAction":[{"@type":"ReadAction","target":["https:\/\/leicesterleicestershireandrutland.icb.nhs.uk\/your-health\/your-care-record\/llr-care-record-working-together-to-improve-your-care-romanian\/"]}]},{"@type":"BreadcrumbList","@id":"https:\/\/leicesterleicestershireandrutland.icb.nhs.uk\/your-health\/your-care-record\/llr-care-record-working-together-to-improve-your-care-romanian\/#breadcrumb","itemListElement":[{"@type":"ListItem","position":1,"name":"Home","item":"https:\/\/leicesterleicestershireandrutland.icb.nhs.uk\/"},{"@type":"ListItem","position":2,"name":"Your Health","item":"https:\/\/leicesterleicestershireandrutland.icb.nhs.uk\/your-health\/"},{"@type":"ListItem","position":3,"name":"Your Care Record","item":"https:\/\/leicesterleicestershireandrutland.icb.nhs.uk\/your-health\/your-care-record\/"},{"@type":"ListItem","position":4,"name":"LLR Care Record: Working together to improve your care (Romanian)"}]},{"@type":"WebSite","@id":"https:\/\/leicesterleicestershireandrutland.icb.nhs.uk\/#website","url":"https:\/\/leicesterleicestershireandrutland.icb.nhs.uk\/","name":"LLR ICB","description":"LLR \u0a0f\u0a15\u0a40\u0a15\u0a4d\u0a30\u0a3f\u0a24 \u0a15\u0a47\u0a05\u0a30 \u0a2c\u0a4b\u0a30\u0a21","publisher":{"@id":"https:\/\/leicesterleicestershireandrutland.icb.nhs.uk\/#organization"},"potentialAction":[{"@type":"SearchAction","target":{"@type":"EntryPoint","urlTemplate":"https:\/\/leicesterleicestershireandrutland.icb.nhs.uk\/?s={search_term_string}"},"query-input":{"@type":"PropertyValueSpecification","valueRequired":true,"valueName":"search_term_string"}}],"inLanguage":"pa-IN"},{"@type":"Organization","@id":"https:\/\/leicesterleicestershireandrutland.icb.nhs.uk\/#organization","name":"LLR ICB","url":"https:\/\/leicesterleicestershireandrutland.icb.nhs.uk\/","logo":{"@type":"ImageObject","inLanguage":"pa-IN","@id":"https:\/\/leicesterleicestershireandrutland.icb.nhs.uk\/#\/schema\/logo\/image\/","url":"https:\/\/i0.wp.com\/leicesterleicestershireandrutland.icb.nhs.uk\/wp-content\/uploads\/2022\/06\/New-Project-4.jpg?fit=452%2C93&ssl=1","contentUrl":"https:\/\/i0.wp.com\/leicesterleicestershireandrutland.icb.nhs.uk\/wp-content\/uploads\/2022\/06\/New-Project-4.jpg?fit=452%2C93&ssl=1","width":452,"height":93,"caption":"LLR ICB"},"image":{"@id":"https:\/\/leicesterleicestershireandrutland.icb.nhs.uk\/#\/schema\/logo\/image\/"},"sameAs":["https:\/\/www.facebook.com\/NHSLLR","https:\/\/x.com\/NHS_LLR","https:\/\/www.instagram.com\/nhsllr\/"]}]}},"jetpack_sharing_enabled":true,"_links":{"self":[{"href":"https:\/\/leicesterleicestershireandrutland.icb.nhs.uk\/pa\/wp-json\/wp\/v2\/pages\/17716","targetHints":{"allow":["GET"]}}],"collection":[{"href":"https:\/\/leicesterleicestershireandrutland.icb.nhs.uk\/pa\/wp-json\/wp\/v2\/pages"}],"about":[{"href":"https:\/\/leicesterleicestershireandrutland.icb.nhs.uk\/pa\/wp-json\/wp\/v2\/types\/page"}],"author":[{"embeddable":true,"href":"https:\/\/leicesterleicestershireandrutland.icb.nhs.uk\/pa\/wp-json\/wp\/v2\/users\/9"}],"replies":[{"embeddable":true,"href":"https:\/\/leicesterleicestershireandrutland.icb.nhs.uk\/pa\/wp-json\/wp\/v2\/comments?post=17716"}],"version-history":[{"count":4,"href":"https:\/\/leicesterleicestershireandrutland.icb.nhs.uk\/pa\/wp-json\/wp\/v2\/pages\/17716\/revisions"}],"predecessor-version":[{"id":17721,"href":"https:\/\/leicesterleicestershireandrutland.icb.nhs.uk\/pa\/wp-json\/wp\/v2\/pages\/17716\/revisions\/17721"}],"up":[{"embeddable":true,"href":"https:\/\/leicesterleicestershireandrutland.icb.nhs.uk\/pa\/wp-json\/wp\/v2\/pages\/424"}],"wp:attachment":[{"href":"https:\/\/leicesterleicestershireandrutland.icb.nhs.uk\/pa\/wp-json\/wp\/v2\/media?parent=17716"}],"curies":[{"name":"\u0a21\u0a2c\u0a32\u0a2f\u0a42\u0a2a\u0a40","href":"https:\/\/api.w.org\/{rel}","templated":true}]}}