{"id":10899,"date":"2023-07-25T13:26:28","date_gmt":"2023-07-25T13:26:28","guid":{"rendered":"https:\/\/leicesterleicestershireandrutland.icb.nhs.uk\/?page_id=10899"},"modified":"2025-10-02T08:33:43","modified_gmt":"2025-10-02T08:33:43","slug":"insights-hub","status":"publish","type":"page","link":"https:\/\/leicesterleicestershireandrutland.icb.nhs.uk\/pl\/be-involved\/vcse-introduction\/vcse-alliance-welcome\/insights-hub\/","title":{"rendered":"Centrum spostrze\u017ce\u0144, zachowa\u0144 i bada\u0144"},"content":{"rendered":"<div data-elementor-type=\"wp-page\" data-elementor-id=\"10899\" class=\"elementor elementor-10899\" data-elementor-post-type=\"page\">\n\t\t\t\t\t\t<section data-particle_enable=\"false\" data-particle-mobile-disabled=\"false\" class=\"elementor-section elementor-top-section elementor-element elementor-element-2cd7aed elementor-section-boxed elementor-section-height-default elementor-section-height-default\" data-id=\"2cd7aed\" data-element_type=\"section\" data-e-type=\"section\">\n\t\t\t\t\t\t<div class=\"elementor-container elementor-column-gap-default\">\n\t\t\t\t\t<div class=\"elementor-column elementor-col-100 elementor-top-column elementor-element elementor-element-13ce561\" data-id=\"13ce561\" data-element_type=\"column\" data-e-type=\"column\">\n\t\t\t<div class=\"elementor-widget-wrap elementor-element-populated\">\n\t\t\t\t\t\t<div class=\"elementor-element elementor-element-f4449c8 elementor-align-center elementor-widget elementor-widget-button\" data-id=\"f4449c8\" data-element_type=\"widget\" data-e-type=\"widget\" data-widget_type=\"button.default\">\n\t\t\t\t<div class=\"elementor-widget-container\">\n\t\t\t\t\t\t\t\t\t<div class=\"elementor-button-wrapper\">\n\t\t\t\t\t<a class=\"elementor-button elementor-button-link elementor-size-sm\" href=\"https:\/\/leicesterleicestershireandrutland.icb.nhs.uk\/pl\/be-involved\/vcse-introduction\/vcse-alliance-welcome\/\">\n\t\t\t\t\t\t<span class=\"elementor-button-content-wrapper\">\n\t\t\t\t\t\t<span class=\"elementor-button-icon\">\n\t\t\t\t<i aria-hidden=\"true\" class=\"fas fa-home\"><\/i>\t\t\t<\/span>\n\t\t\t\t\t\t\t\t\t<span class=\"elementor-button-text\">Powr\u00f3t do strony g\u0142\u00f3wnej VCSE Alliance<\/span>\n\t\t\t\t\t<\/span>\n\t\t\t\t\t<\/a>\n\t\t\t\t<\/div>\n\t\t\t\t\t\t\t\t<\/div>\n\t\t\t\t<\/div>\n\t\t\t\t<div class=\"elementor-element elementor-element-a5b96bd elementor-widget elementor-widget-heading\" data-id=\"a5b96bd\" data-element_type=\"widget\" data-e-type=\"widget\" data-widget_type=\"heading.default\">\n\t\t\t\t<div class=\"elementor-widget-container\">\n\t\t\t\t\t<h1 class=\"elementor-heading-title elementor-size-default\">Centrum spostrze\u017ce\u0144, zachowa\u0144 i bada\u0144<\/h1>\t\t\t\t<\/div>\n\t\t\t\t<\/div>\n\t\t\t\t<div class=\"elementor-element elementor-element-3889d1f elementor-widget elementor-widget-text-editor\" data-id=\"3889d1f\" data-element_type=\"widget\" data-e-type=\"widget\" data-widget_type=\"text-editor.default\">\n\t\t\t\t<div class=\"elementor-widget-container\">\n\t\t\t\t\t\t\t\t\t<p>Stworzyli\u015bmy Centrum Analiz, Zachowa\u0144 i Bada\u0144 Leicester, Leicestershire i Rutland (LLR). Jest to narz\u0119dzie dla wsp\u00f3\u0142pracownik\u00f3w i partner\u00f3w w ca\u0142ym systemie lokalnym, w tym dla sektora wolontariatu i spo\u0142eczno\u015bci lokalnych, os\u00f3b pracuj\u0105cych dla University Hospitals of Leicester NHS Trust (UHL) i Leicestershire Partnership Trust (LPT), umo\u017cliwiaj\u0105ce im dost\u0119p do szerokiej gamy spostrze\u017ce\u0144, kt\u00f3re mog\u0105 wykorzysta\u0107 do ulepszania lub projektowania us\u0142ug.<\/p><p>Aby zobaczy\u0107 zebrane przez nas spostrze\u017cenia, zarejestruj si\u0119, aby uzyska\u0107 dost\u0119p do Centrum na stronie <a href=\"https:\/\/future.nhs.uk\/LLRVCSEAlliance\/groupHome\" target=\"_blank\" rel=\"noopener\"><strong>Strona internetowa FutureNHS<\/strong><\/a>.<\/p><p>Chcesz podzieli\u0107 si\u0119 swoimi spostrze\u017ceniami na temat spo\u0142eczno\u015bci, z kt\u00f3r\u0105 wsp\u00f3\u0142pracujesz?<\/p><p>Czy posiadasz informacje, kt\u00f3re mog\u0142yby pom\u00f3c nam lepiej zrozumie\u0107 pragnienia, potrzeby i opinie Twojej spo\u0142eczno\u015bci?<\/p><p>Je\u015bli tak, chcieliby\u015bmy us\u0142ysze\u0107 Twoj\u0105 opini\u0119.\u00a0<\/p><p>Stworzyli\u015bmy<a href=\"https:\/\/llrnhs.questionpro.eu\/t\/AB3uqrqZB3vggt\" target=\"_blank\" rel=\"noopener\"><strong> kr\u00f3tka forma<\/strong><\/a> aby\u015b podzieli\u0142 si\u0119 z nami swoimi spostrze\u017ceniami.<\/p><p>Prosimy pami\u0119ta\u0107, \u017ce nie jeste\u015bmy w stanie rozpatrywa\u0107 indywidualnych skarg pacjent\u00f3w za po\u015brednictwem tego mechanizmu. Je\u015bli Pa\u0144stwa obawy wymagaj\u0105 odpowiedzi lub dochodzenia, prosimy o przes\u0142anie formalnego zapytania lub skargi. Wi\u0119cej informacji mo\u017cna znale\u017a\u0107 na stronie <strong><a href=\"https:\/\/leicesterleicestershireandrutland.icb.nhs.uk\/pl\/contact\/\">Kontakt<\/a><\/strong> strona na stronie internetowej ICB.<\/p><p>Prosimy nie udost\u0119pnia\u0107 danych umo\u017cliwiaj\u0105cych identyfikacj\u0119 pacjenta, takich jak imi\u0119 i nazwisko, adres czy data urodzenia.<\/p>\t\t\t\t\t\t\t\t<\/div>\n\t\t\t\t<\/div>\n\t\t\t\t\t<\/div>\n\t\t<\/div>\n\t\t\t\t\t<\/div>\n\t\t<\/section>\n\t\t\t\t<\/div>","protected":false},"excerpt":{"rendered":"<p>Return to VCSE Alliance Homepage Insights, Behaviour and Research Hub We have developed the Leicester, Leicestershire and Rutland (LLR) Insights, Behaviour and Research Hub. This is a tool for colleagues [&hellip;]<\/p>\n","protected":false},"author":18,"featured_media":0,"parent":25261,"menu_order":5,"comment_status":"closed","ping_status":"closed","template":"","meta":{"_eb_attr":"","footnotes":""},"class_list":["post-10899","page","type-page","status-publish","hentry"],"yoast_head":"<!-- This site is optimized with the Yoast SEO plugin v27.4 - https:\/\/yoast.com\/product\/yoast-seo-wordpress\/ -->\n<title>Insights, Behaviour and Research Hub - LLR ICB<\/title>\n<meta name=\"robots\" content=\"index, follow, max-snippet:-1, max-image-preview:large, max-video-preview:-1\" \/>\n<link rel=\"canonical\" href=\"https:\/\/leicesterleicestershireandrutland.icb.nhs.uk\/pl\/be-involved\/vcse-introduction\/vcse-alliance-welcome\/insights-hub\/\" \/>\n<meta property=\"og:locale\" content=\"pl_PL\" \/>\n<meta property=\"og:type\" content=\"article\" \/>\n<meta property=\"og:title\" content=\"Insights, Behaviour and Research Hub - LLR ICB\" \/>\n<meta property=\"og:description\" content=\"Return to VCSE Alliance Homepage Insights, Behaviour and Research Hub We have developed the Leicester, Leicestershire and Rutland (LLR) Insights, Behaviour and Research Hub. This is a tool for colleagues [&hellip;]\" \/>\n<meta property=\"og:url\" content=\"https:\/\/leicesterleicestershireandrutland.icb.nhs.uk\/pl\/be-involved\/vcse-introduction\/vcse-alliance-welcome\/insights-hub\/\" \/>\n<meta property=\"og:site_name\" content=\"LLR ICB\" \/>\n<meta property=\"article:publisher\" content=\"https:\/\/www.facebook.com\/NHSLLR\" \/>\n<meta property=\"article:modified_time\" content=\"2025-10-02T08:33:43+00:00\" \/>\n<meta name=\"twitter:card\" content=\"summary_large_image\" \/>\n<meta name=\"twitter:site\" content=\"@NHS_LLR\" \/>\n<meta name=\"twitter:label1\" content=\"Szacowany czas czytania\" \/>\n\t<meta name=\"twitter:data1\" content=\"1 minuta\" \/>\n<script type=\"application\/ld+json\" class=\"yoast-schema-graph\">{\"@context\":\"https:\\\/\\\/schema.org\",\"@graph\":[{\"@type\":\"WebPage\",\"@id\":\"https:\\\/\\\/leicesterleicestershireandrutland.icb.nhs.uk\\\/be-involved\\\/vcse-introduction\\\/vcse-alliance-welcome\\\/insights-hub\\\/\",\"url\":\"https:\\\/\\\/leicesterleicestershireandrutland.icb.nhs.uk\\\/be-involved\\\/vcse-introduction\\\/vcse-alliance-welcome\\\/insights-hub\\\/\",\"name\":\"Insights, Behaviour and Research Hub - LLR ICB\",\"isPartOf\":{\"@id\":\"https:\\\/\\\/leicesterleicestershireandrutland.icb.nhs.uk\\\/#website\"},\"datePublished\":\"2023-07-25T13:26:28+00:00\",\"dateModified\":\"2025-10-02T08:33:43+00:00\",\"breadcrumb\":{\"@id\":\"https:\\\/\\\/leicesterleicestershireandrutland.icb.nhs.uk\\\/be-involved\\\/vcse-introduction\\\/vcse-alliance-welcome\\\/insights-hub\\\/#breadcrumb\"},\"inLanguage\":\"pl-PL\",\"potentialAction\":[{\"@type\":\"ReadAction\",\"target\":[\"https:\\\/\\\/leicesterleicestershireandrutland.icb.nhs.uk\\\/be-involved\\\/vcse-introduction\\\/vcse-alliance-welcome\\\/insights-hub\\\/\"]}]},{\"@type\":\"BreadcrumbList\",\"@id\":\"https:\\\/\\\/leicesterleicestershireandrutland.icb.nhs.uk\\\/be-involved\\\/vcse-introduction\\\/vcse-alliance-welcome\\\/insights-hub\\\/#breadcrumb\",\"itemListElement\":[{\"@type\":\"ListItem\",\"position\":1,\"name\":\"Home\",\"item\":\"https:\\\/\\\/leicesterleicestershireandrutland.icb.nhs.uk\\\/\"},{\"@type\":\"ListItem\",\"position\":2,\"name\":\"Be involved\",\"item\":\"https:\\\/\\\/leicesterleicestershireandrutland.icb.nhs.uk\\\/be-involved\\\/\"},{\"@type\":\"ListItem\",\"position\":3,\"name\":\"VCSE Alliance\",\"item\":\"https:\\\/\\\/leicesterleicestershireandrutland.icb.nhs.uk\\\/be-involved\\\/vcse-introduction\\\/\"},{\"@type\":\"ListItem\",\"position\":4,\"name\":\"VCSE Alliance Welcome\",\"item\":\"https:\\\/\\\/leicesterleicestershireandrutland.icb.nhs.uk\\\/be-involved\\\/vcse-introduction\\\/vcse-alliance-welcome\\\/\"},{\"@type\":\"ListItem\",\"position\":5,\"name\":\"Insights, Behaviour and Research Hub\"}]},{\"@type\":\"WebSite\",\"@id\":\"https:\\\/\\\/leicesterleicestershireandrutland.icb.nhs.uk\\\/#website\",\"url\":\"https:\\\/\\\/leicesterleicestershireandrutland.icb.nhs.uk\\\/\",\"name\":\"LLR ICB\",\"description\":\"LLR Integrated Care Board\",\"publisher\":{\"@id\":\"https:\\\/\\\/leicesterleicestershireandrutland.icb.nhs.uk\\\/#organization\"},\"potentialAction\":[{\"@type\":\"SearchAction\",\"target\":{\"@type\":\"EntryPoint\",\"urlTemplate\":\"https:\\\/\\\/leicesterleicestershireandrutland.icb.nhs.uk\\\/?s={search_term_string}\"},\"query-input\":{\"@type\":\"PropertyValueSpecification\",\"valueRequired\":true,\"valueName\":\"search_term_string\"}}],\"inLanguage\":\"pl-PL\"},{\"@type\":\"Organization\",\"@id\":\"https:\\\/\\\/leicesterleicestershireandrutland.icb.nhs.uk\\\/#organization\",\"name\":\"LLR ICB\",\"url\":\"https:\\\/\\\/leicesterleicestershireandrutland.icb.nhs.uk\\\/\",\"logo\":{\"@type\":\"ImageObject\",\"inLanguage\":\"pl-PL\",\"@id\":\"https:\\\/\\\/leicesterleicestershireandrutland.icb.nhs.uk\\\/#\\\/schema\\\/logo\\\/image\\\/\",\"url\":\"https:\\\/\\\/i0.wp.com\\\/leicesterleicestershireandrutland.icb.nhs.uk\\\/wp-content\\\/uploads\\\/2022\\\/06\\\/New-Project-4.jpg?fit=452%2C93&ssl=1\",\"contentUrl\":\"https:\\\/\\\/i0.wp.com\\\/leicesterleicestershireandrutland.icb.nhs.uk\\\/wp-content\\\/uploads\\\/2022\\\/06\\\/New-Project-4.jpg?fit=452%2C93&ssl=1\",\"width\":452,\"height\":93,\"caption\":\"LLR ICB\"},\"image\":{\"@id\":\"https:\\\/\\\/leicesterleicestershireandrutland.icb.nhs.uk\\\/#\\\/schema\\\/logo\\\/image\\\/\"},\"sameAs\":[\"https:\\\/\\\/www.facebook.com\\\/NHSLLR\",\"https:\\\/\\\/x.com\\\/NHS_LLR\",\"https:\\\/\\\/www.instagram.com\\\/nhsllr\\\/\"]}]}<\/script>\n<!-- \/ Yoast SEO plugin. -->","yoast_head_json":{"title":"Centrum spostrze\u017ce\u0144, zachowa\u0144 i bada\u0144 \u2013 LLR ICB","robots":{"index":"index","follow":"follow","max-snippet":"max-snippet:-1","max-image-preview":"max-image-preview:large","max-video-preview":"max-video-preview:-1"},"canonical":"https:\/\/leicesterleicestershireandrutland.icb.nhs.uk\/pl\/be-involved\/vcse-introduction\/vcse-alliance-welcome\/insights-hub\/","og_locale":"pl_PL","og_type":"article","og_title":"Insights, Behaviour and Research Hub - LLR ICB","og_description":"Return to VCSE Alliance Homepage Insights, Behaviour and Research Hub We have developed the Leicester, Leicestershire and Rutland (LLR) Insights, Behaviour and Research Hub. This is a tool for colleagues [&hellip;]","og_url":"https:\/\/leicesterleicestershireandrutland.icb.nhs.uk\/pl\/be-involved\/vcse-introduction\/vcse-alliance-welcome\/insights-hub\/","og_site_name":"LLR ICB","article_publisher":"https:\/\/www.facebook.com\/NHSLLR","article_modified_time":"2025-10-02T08:33:43+00:00","twitter_card":"summary_large_image","twitter_site":"@NHS_LLR","twitter_misc":{"Szacowany czas czytania":"1 minuta"},"schema":{"@context":"https:\/\/schema.org","@graph":[{"@type":"WebPage","@id":"https:\/\/leicesterleicestershireandrutland.icb.nhs.uk\/be-involved\/vcse-introduction\/vcse-alliance-welcome\/insights-hub\/","url":"https:\/\/leicesterleicestershireandrutland.icb.nhs.uk\/be-involved\/vcse-introduction\/vcse-alliance-welcome\/insights-hub\/","name":"Centrum spostrze\u017ce\u0144, zachowa\u0144 i bada\u0144 \u2013 LLR ICB","isPartOf":{"@id":"https:\/\/leicesterleicestershireandrutland.icb.nhs.uk\/#website"},"datePublished":"2023-07-25T13:26:28+00:00","dateModified":"2025-10-02T08:33:43+00:00","breadcrumb":{"@id":"https:\/\/leicesterleicestershireandrutland.icb.nhs.uk\/be-involved\/vcse-introduction\/vcse-alliance-welcome\/insights-hub\/#breadcrumb"},"inLanguage":"pl-PL","potentialAction":[{"@type":"ReadAction","target":["https:\/\/leicesterleicestershireandrutland.icb.nhs.uk\/be-involved\/vcse-introduction\/vcse-alliance-welcome\/insights-hub\/"]}]},{"@type":"BreadcrumbList","@id":"https:\/\/leicesterleicestershireandrutland.icb.nhs.uk\/be-involved\/vcse-introduction\/vcse-alliance-welcome\/insights-hub\/#breadcrumb","itemListElement":[{"@type":"ListItem","position":1,"name":"Home","item":"https:\/\/leicesterleicestershireandrutland.icb.nhs.uk\/"},{"@type":"ListItem","position":2,"name":"Be involved","item":"https:\/\/leicesterleicestershireandrutland.icb.nhs.uk\/be-involved\/"},{"@type":"ListItem","position":3,"name":"VCSE Alliance","item":"https:\/\/leicesterleicestershireandrutland.icb.nhs.uk\/be-involved\/vcse-introduction\/"},{"@type":"ListItem","position":4,"name":"VCSE Alliance Welcome","item":"https:\/\/leicesterleicestershireandrutland.icb.nhs.uk\/be-involved\/vcse-introduction\/vcse-alliance-welcome\/"},{"@type":"ListItem","position":5,"name":"Insights, Behaviour and Research Hub"}]},{"@type":"WebSite","@id":"https:\/\/leicesterleicestershireandrutland.icb.nhs.uk\/#website","url":"https:\/\/leicesterleicestershireandrutland.icb.nhs.uk\/","name":"LLR ICB","description":"Zintegrowana Rada Opieki LLR","publisher":{"@id":"https:\/\/leicesterleicestershireandrutland.icb.nhs.uk\/#organization"},"potentialAction":[{"@type":"SearchAction","target":{"@type":"EntryPoint","urlTemplate":"https:\/\/leicesterleicestershireandrutland.icb.nhs.uk\/?s={search_term_string}"},"query-input":{"@type":"PropertyValueSpecification","valueRequired":true,"valueName":"search_term_string"}}],"inLanguage":"pl-PL"},{"@type":"Organization","@id":"https:\/\/leicesterleicestershireandrutland.icb.nhs.uk\/#organization","name":"LLR ICB","url":"https:\/\/leicesterleicestershireandrutland.icb.nhs.uk\/","logo":{"@type":"ImageObject","inLanguage":"pl-PL","@id":"https:\/\/leicesterleicestershireandrutland.icb.nhs.uk\/#\/schema\/logo\/image\/","url":"https:\/\/i0.wp.com\/leicesterleicestershireandrutland.icb.nhs.uk\/wp-content\/uploads\/2022\/06\/New-Project-4.jpg?fit=452%2C93&ssl=1","contentUrl":"https:\/\/i0.wp.com\/leicesterleicestershireandrutland.icb.nhs.uk\/wp-content\/uploads\/2022\/06\/New-Project-4.jpg?fit=452%2C93&ssl=1","width":452,"height":93,"caption":"LLR ICB"},"image":{"@id":"https:\/\/leicesterleicestershireandrutland.icb.nhs.uk\/#\/schema\/logo\/image\/"},"sameAs":["https:\/\/www.facebook.com\/NHSLLR","https:\/\/x.com\/NHS_LLR","https:\/\/www.instagram.com\/nhsllr\/"]}]}},"jetpack_sharing_enabled":true,"_links":{"self":[{"href":"https:\/\/leicesterleicestershireandrutland.icb.nhs.uk\/pl\/wp-json\/wp\/v2\/pages\/10899","targetHints":{"allow":["GET"]}}],"collection":[{"href":"https:\/\/leicesterleicestershireandrutland.icb.nhs.uk\/pl\/wp-json\/wp\/v2\/pages"}],"about":[{"href":"https:\/\/leicesterleicestershireandrutland.icb.nhs.uk\/pl\/wp-json\/wp\/v2\/types\/page"}],"author":[{"embeddable":true,"href":"https:\/\/leicesterleicestershireandrutland.icb.nhs.uk\/pl\/wp-json\/wp\/v2\/users\/18"}],"replies":[{"embeddable":true,"href":"https:\/\/leicesterleicestershireandrutland.icb.nhs.uk\/pl\/wp-json\/wp\/v2\/comments?post=10899"}],"version-history":[{"count":22,"href":"https:\/\/leicesterleicestershireandrutland.icb.nhs.uk\/pl\/wp-json\/wp\/v2\/pages\/10899\/revisions"}],"predecessor-version":[{"id":25504,"href":"https:\/\/leicesterleicestershireandrutland.icb.nhs.uk\/pl\/wp-json\/wp\/v2\/pages\/10899\/revisions\/25504"}],"up":[{"embeddable":true,"href":"https:\/\/leicesterleicestershireandrutland.icb.nhs.uk\/pl\/wp-json\/wp\/v2\/pages\/25261"}],"wp:attachment":[{"href":"https:\/\/leicesterleicestershireandrutland.icb.nhs.uk\/pl\/wp-json\/wp\/v2\/media?parent=10899"}],"curies":[{"name":"wp","href":"https:\/\/api.w.org\/{rel}","templated":true}]}}