{"id":1104,"date":"2022-06-30T14:45:00","date_gmt":"2022-06-30T14:45:00","guid":{"rendered":"https:\/\/leicesterleicestershireandrutland.icb.nhs.uk\/?page_id=1104"},"modified":"2022-06-30T14:53:46","modified_gmt":"2022-06-30T14:53:46","slug":"terms-and-conditions","status":"publish","type":"page","link":"https:\/\/leicesterleicestershireandrutland.icb.nhs.uk\/pl\/terms-and-conditions\/","title":{"rendered":"Zasady i warunki"},"content":{"rendered":"<div data-elementor-type=\"wp-page\" data-elementor-id=\"1104\" class=\"elementor elementor-1104\" data-elementor-post-type=\"page\">\n\t\t\t\t\t\t<section data-particle_enable=\"false\" data-particle-mobile-disabled=\"false\" class=\"elementor-section elementor-top-section elementor-element elementor-element-147ac98 elementor-section-boxed elementor-section-height-default elementor-section-height-default\" data-id=\"147ac98\" data-element_type=\"section\" data-e-type=\"section\" data-settings=\"{&quot;background_background&quot;:&quot;classic&quot;}\">\n\t\t\t\t\t\t\t<div class=\"elementor-background-overlay\"><\/div>\n\t\t\t\t\t\t\t<div class=\"elementor-container elementor-column-gap-default\">\n\t\t\t\t\t<div class=\"elementor-column elementor-col-100 elementor-top-column elementor-element elementor-element-4a01b5fa\" data-id=\"4a01b5fa\" data-element_type=\"column\" data-e-type=\"column\">\n\t\t\t<div class=\"elementor-widget-wrap elementor-element-populated\">\n\t\t\t\t\t\t<div class=\"elementor-element elementor-element-3824095c elementor-widget elementor-widget-heading\" data-id=\"3824095c\" data-element_type=\"widget\" data-e-type=\"widget\" data-widget_type=\"heading.default\">\n\t\t\t\t<div class=\"elementor-widget-container\">\n\t\t\t\t\t<h1 class=\"elementor-heading-title elementor-size-default\">Warunki i postanowienia<\/h1>\t\t\t\t<\/div>\n\t\t\t\t<\/div>\n\t\t\t\t<div class=\"elementor-element elementor-element-2bb2637b elementor-widget-divider--view-line elementor-widget elementor-widget-divider\" data-id=\"2bb2637b\" data-element_type=\"widget\" data-e-type=\"widget\" data-widget_type=\"divider.default\">\n\t\t\t\t<div class=\"elementor-widget-container\">\n\t\t\t\t\t\t\t<div class=\"elementor-divider\">\n\t\t\t<span class=\"elementor-divider-separator\">\n\t\t\t\t\t\t<\/span>\n\t\t<\/div>\n\t\t\t\t\t\t<\/div>\n\t\t\t\t<\/div>\n\t\t\t\t<div class=\"elementor-element elementor-element-5978ec3 elementor-widget elementor-widget-text-editor\" data-id=\"5978ec3\" data-element_type=\"widget\" data-e-type=\"widget\" data-widget_type=\"text-editor.default\">\n\t\t\t\t<div class=\"elementor-widget-container\">\n\t\t\t\t\t\t\t\t\t<p>Dost\u0119p i korzystanie z tej strony przez u\u017cytkownika oznacza akceptacj\u0119 niniejszych Warunk\u00f3w. Staje si\u0119 to skuteczne od dnia, w kt\u00f3rym po raz pierwszy korzystasz z tej strony.<\/p>\t\t\t\t\t\t\t\t<\/div>\n\t\t\t\t<\/div>\n\t\t\t\t<div class=\"elementor-element elementor-element-5a793d5 elementor-widget elementor-widget-heading\" data-id=\"5a793d5\" data-element_type=\"widget\" data-e-type=\"widget\" data-widget_type=\"heading.default\">\n\t\t\t\t<div class=\"elementor-widget-container\">\n\t\t\t\t\t<h2 class=\"elementor-heading-title elementor-size-default\">Link do strony internetowej Rady ds. zintegrowanej opieki w Leicester, Leicestershire i Rutland (LLR ICB)<\/h2>\t\t\t\t<\/div>\n\t\t\t\t<\/div>\n\t\t\t\t<div class=\"elementor-element elementor-element-2c528cd elementor-widget elementor-widget-text-editor\" data-id=\"2c528cd\" data-element_type=\"widget\" data-e-type=\"widget\" data-widget_type=\"text-editor.default\">\n\t\t\t\t<div class=\"elementor-widget-container\">\n\t\t\t\t\t\t\t\t\t<div><p>Nie mamy nic przeciwko temu, aby\u015b linkowa\u0142 bezpo\u015brednio do stron na tej stronie. Zastrzegamy sobie prawo do przenoszenia lub zmiany adres\u00f3w URL naszej strony w dowolnym momencie. Zamiast g\u0142\u0119bokiego linkowania zalecamy linkowanie do stron g\u0142\u00f3wnych sekcji, kt\u00f3re s\u0105 mniej prawdopodobne, aby przenie\u015b\u0107 lub zmieni\u0107.<\/p><\/div>\t\t\t\t\t\t\t\t<\/div>\n\t\t\t\t<\/div>\n\t\t\t\t<div class=\"elementor-element elementor-element-cb09e55 elementor-widget elementor-widget-heading\" data-id=\"cb09e55\" data-element_type=\"widget\" data-e-type=\"widget\" data-widget_type=\"heading.default\">\n\t\t\t\t<div class=\"elementor-widget-container\">\n\t\t\t\t\t<h2 class=\"elementor-heading-title elementor-size-default\">\u0141\u0105czenie z witryn\u0105 LLR ICB<\/h2>\t\t\t\t<\/div>\n\t\t\t\t<\/div>\n\t\t\t\t<div class=\"elementor-element elementor-element-124bc126 elementor-widget elementor-widget-text-editor\" data-id=\"124bc126\" data-element_type=\"widget\" data-e-type=\"widget\" data-widget_type=\"text-editor.default\">\n\t\t\t\t<div class=\"elementor-widget-container\">\n\t\t\t\t\t\t\t\t\t<div><p>Nie ponosimy odpowiedzialno\u015bci za tre\u015b\u0107 lub wiarygodno\u015b\u0107 stron internetowych, do kt\u00f3rych zamieszczamy linki i niekoniecznie popieramy pogl\u0105dy w nich wyra\u017cone. Staramy si\u0119 zast\u0119powa\u0107 uszkodzone linki do innych stron, ale nie mo\u017cemy zagwarantowa\u0107, \u017ce te linki b\u0119d\u0105 zawsze dzia\u0142a\u0107, poniewa\u017c nie mamy kontroli nad dost\u0119pno\u015bci\u0105 innych stron.<\/p><\/div>\t\t\t\t\t\t\t\t<\/div>\n\t\t\t\t<\/div>\n\t\t\t\t<div class=\"elementor-element elementor-element-ee8d019 elementor-widget elementor-widget-heading\" data-id=\"ee8d019\" data-element_type=\"widget\" data-e-type=\"widget\" data-widget_type=\"heading.default\">\n\t\t\t\t<div class=\"elementor-widget-container\">\n\t\t\t\t\t<h2 class=\"elementor-heading-title elementor-size-default\">Ochrona przed wirusami<\/h2>\t\t\t\t<\/div>\n\t\t\t\t<\/div>\n\t\t\t\t<div class=\"elementor-element elementor-element-a19bf79 elementor-widget elementor-widget-text-editor\" data-id=\"a19bf79\" data-element_type=\"widget\" data-e-type=\"widget\" data-widget_type=\"text-editor.default\">\n\t\t\t\t<div class=\"elementor-widget-container\">\n\t\t\t\t\t\t\t\t\t<div><p>Dok\u0142adamy wszelkich stara\u0144, aby sprawdza\u0107 i testowa\u0107 materia\u0142y na wszystkich etapach produkcji. Zawsze warto uruchomi\u0107 program antywirusowy na wszystkich materia\u0142ach pobranych z Internetu.<\/p><\/div><div><p>Nie mo\u017cemy przyj\u0105\u0107 \u017cadnej odpowiedzialno\u015bci za jakiekolwiek straty, zak\u0142\u00f3cenia lub uszkodzenia danych lub systemu komputerowego, kt\u00f3re mog\u0105 wyst\u0105pi\u0107 podczas korzystania z materia\u0142\u00f3w pochodz\u0105cych z tej strony.<\/p><\/div>\t\t\t\t\t\t\t\t<\/div>\n\t\t\t\t<\/div>\n\t\t\t\t<div class=\"elementor-element elementor-element-58749f3 elementor-widget elementor-widget-heading\" data-id=\"58749f3\" data-element_type=\"widget\" data-e-type=\"widget\" data-widget_type=\"heading.default\">\n\t\t\t\t<div class=\"elementor-widget-container\">\n\t\t\t\t\t<h2 class=\"elementor-heading-title elementor-size-default\">Prawa autorskie os\u00f3b trzecich<\/h2>\t\t\t\t<\/div>\n\t\t\t\t<\/div>\n\t\t\t\t<div class=\"elementor-element elementor-element-74d1617 elementor-widget elementor-widget-text-editor\" data-id=\"74d1617\" data-element_type=\"widget\" data-e-type=\"widget\" data-widget_type=\"text-editor.default\">\n\t\t\t\t<div class=\"elementor-widget-container\">\n\t\t\t\t\t\t\t\t\t<div><p>Mo\u017cesz bezp\u0142atnie u\u017cywa\u0107 i ponownie wykorzystywa\u0107 informacje zawarte na tej stronie (z wy\u0142\u0105czeniem logo, zdj\u0119\u0107 i film\u00f3w), o ile nie s\u0105 one oznaczone jako prawa autorskie innej strony, w dowolnym formacie i na dowolnym no\u015bniku, zgodnie z warunkami Open Government Licence. Zach\u0119camy u\u017cytkownik\u00f3w do tworzenia link\u00f3w hipertekstowych do tej strony.<\/p><\/div><div><p>Open Government Licence (OGL) dla informacji sektora publicznego (otwiera nowe okno)<br \/>Wszelkie zapytania mailowe dotycz\u0105ce wykorzystania i ponownego wykorzystania tego zasobu informacyjnego nale\u017cy kierowa\u0107 do:<\/p><\/div><div><p>psi@nationalarchives.gsi.gov.uk (otwiera nowe okno)<br \/>Loga, obrazy i filmy wideo<\/p><\/div><div><p>Je\u015bli chcesz skopiowa\u0107 loga, obrazy lub filmy z naszej strony internetowej, musisz skontaktowa\u0107 si\u0119 z nami pod adresem:<a href=\"mailto:llrccgs.corporatecomms@nhs.net\">llrccgs.corporatecomms@nhs.net<\/a> w celu uzyskania dalszych wytycznych i zezwolenia.<\/p><\/div><div><p>Zezwolenie na powielanie materia\u0142\u00f3w chronionych przez Koron\u0119 nie obejmuje materia\u0142\u00f3w na tej stronie, kt\u00f3re s\u0105 okre\u015blone jako prawa autorskie osoby trzeciej, ani \u017cadnych obraz\u00f3w fotograficznych. Pozwolenie na reprodukcj\u0119 takich materia\u0142\u00f3w nale\u017cy uzyska\u0107 od w\u0142a\u015bcicieli praw autorskich, kt\u00f3rych to dotyczy.<\/p><\/div>\t\t\t\t\t\t\t\t<\/div>\n\t\t\t\t<\/div>\n\t\t\t\t<div class=\"elementor-element elementor-element-859b9ab elementor-widget elementor-widget-heading\" data-id=\"859b9ab\" data-element_type=\"widget\" data-e-type=\"widget\" data-widget_type=\"heading.default\">\n\t\t\t\t<div class=\"elementor-widget-container\">\n\t\t\t\t\t<h2 class=\"elementor-heading-title elementor-size-default\">W\u0142asno\u015b\u0107 intelektualna<\/h2>\t\t\t\t<\/div>\n\t\t\t\t<\/div>\n\t\t\t\t<div class=\"elementor-element elementor-element-006eb8a elementor-widget elementor-widget-text-editor\" data-id=\"006eb8a\" data-element_type=\"widget\" data-e-type=\"widget\" data-widget_type=\"text-editor.default\">\n\t\t\t\t<div class=\"elementor-widget-container\">\n\t\t\t\t\t\t\t\t\t<div><p>Nazwy, obrazy i loga identyfikuj\u0105ce LLR ICB s\u0105 znakami zastrze\u017conymi. Je\u015bli chcesz skopiowa\u0107 lub wykorzysta\u0107 logo LLR ICB, musisz uzyska\u0107 wcze\u015bniejsz\u0105 zgod\u0119 od naszego zespo\u0142u ds. komunikacji, wysy\u0142aj\u0105c e-mail na adres: <a href=\"mailto:llrccgs.corporatecomms@nhs.net\">llrccgs.corporatecomms@nhs.net<\/a>.<\/p><\/div>\t\t\t\t\t\t\t\t<\/div>\n\t\t\t\t<\/div>\n\t\t\t\t<div class=\"elementor-element elementor-element-458182a elementor-widget elementor-widget-heading\" data-id=\"458182a\" data-element_type=\"widget\" data-e-type=\"widget\" data-widget_type=\"heading.default\">\n\t\t\t\t<div class=\"elementor-widget-container\">\n\t\t\t\t\t<h2 class=\"elementor-heading-title elementor-size-default\">Media spo\u0142eczno\u015bciowe, zak\u0142adki i zaanga\u017cowanie cyfrowe<\/h2>\t\t\t\t<\/div>\n\t\t\t\t<\/div>\n\t\t\t\t<div class=\"elementor-element elementor-element-8620e94 elementor-widget elementor-widget-text-editor\" data-id=\"8620e94\" data-element_type=\"widget\" data-e-type=\"widget\" data-widget_type=\"text-editor.default\">\n\t\t\t\t<div class=\"elementor-widget-container\">\n\t\t\t\t\t\t\t\t\t<div><p>Social bookmarking: Korzystanie z naszych link\u00f3w do zak\u0142adek spo\u0142eczno\u015bciowych podlega og\u00f3lnym warunkom tej strony, patrz \"Linkowanie ze strony LLR ICB\".<\/p><\/div>\t\t\t\t\t\t\t\t<\/div>\n\t\t\t\t<\/div>\n\t\t\t\t<div class=\"elementor-element elementor-element-6c4d61c elementor-widget elementor-widget-heading\" data-id=\"6c4d61c\" data-element_type=\"widget\" data-e-type=\"widget\" data-widget_type=\"heading.default\">\n\t\t\t\t<div class=\"elementor-widget-container\">\n\t\t\t\t\t<h2 class=\"elementor-heading-title elementor-size-default\">O\u015bwiadczenie<\/h2>\t\t\t\t<\/div>\n\t\t\t\t<\/div>\n\t\t\t\t<div class=\"elementor-element elementor-element-fdb97d7 elementor-widget elementor-widget-text-editor\" data-id=\"fdb97d7\" data-element_type=\"widget\" data-e-type=\"widget\" data-widget_type=\"text-editor.default\">\n\t\t\t\t<div class=\"elementor-widget-container\">\n\t\t\t\t\t\t\t\t\t<div><p>Strona LLR ICB i materia\u0142y odnosz\u0105ce si\u0119 do informacji, produkt\u00f3w i us\u0142ug rz\u0105dowych (lub informacji, produkt\u00f3w i us\u0142ug os\u00f3b trzecich), s\u0105 dostarczane w stanie, w jakim si\u0119 znajduj\u0105, bez jakichkolwiek o\u015bwiadcze\u0144 lub zapewnie\u0144 i bez gwarancji jakiegokolwiek rodzaju, czy to wyra\u017anych, czy dorozumianych, w tym mi\u0119dzy innymi dorozumianych gwarancji zadowalaj\u0105cej jako\u015bci, przydatno\u015bci do okre\u015blonego celu, nienaruszalno\u015bci, zgodno\u015bci, bezpiecze\u0144stwa i dok\u0142adno\u015bci.<\/p><\/div><div><p>Nie gwarantujemy, \u017ce funkcje zawarte w materia\u0142ach zawartych na tej stronie b\u0119d\u0105 nieprzerwane lub wolne od b\u0142\u0119d\u00f3w, \u017ce defekty zostan\u0105 poprawione, lub \u017ce ta strona lub serwer, kt\u00f3ry j\u0105 udost\u0119pnia, s\u0105 wolne od wirus\u00f3w lub reprezentuj\u0105 pe\u0142n\u0105 funkcjonalno\u015b\u0107, dok\u0142adno\u015b\u0107, niezawodno\u015b\u0107 materia\u0142\u00f3w. W \u017cadnym wypadku nie b\u0119dziemy ponosi\u0107 odpowiedzialno\u015bci za jakiekolwiek straty lub szkody, w tym, bez ogranicze\u0144, po\u015brednie lub wt\u00f3rne straty lub szkody, lub jakiekolwiek straty lub szkody wynikaj\u0105ce z korzystania lub utraty wykorzystania, danych lub zysk\u00f3w wynikaj\u0105cych z lub w zwi\u0105zku z korzystaniem z witryny LLR ICB.<\/p><\/div><div><p>Niniejsze warunki s\u0105 regulowane i interpretowane zgodnie z prawem Anglii i Walii. Wszelkie spory wynikaj\u0105ce z niniejszych warunk\u00f3w podlegaj\u0105 wy\u0142\u0105cznej jurysdykcji s\u0105d\u00f3w Anglii i Walii.<\/p><\/div><div><p>Chocia\u017c mo\u017cemy od czasu do czasu monitorowa\u0107 lub przegl\u0105da\u0107 dyskusje, czat, posty, transmisje, tablice og\u0142osze\u0144 i tym podobne na stronie www.leicestercityccg.nhs.uk, nie mamy takiego obowi\u0105zku i nie ponosimy \u017cadnej odpowiedzialno\u015bci wynikaj\u0105cej z tre\u015bci takich miejsc ani za jakiekolwiek b\u0142\u0119dy, pomini\u0119cia, naruszenia, znies\u0142awienia, obsceniczno\u015bci lub nie\u015bcis\u0142o\u015bci zawarte w jakichkolwiek informacjach w ramach takich miejsc na stronie www.leicestercityccg.nhs.uk.<\/p><\/div><div><p>Mo\u017cemy zmieni\u0107 te zasady i warunki bez powiadomienia. Prosimy o regularne sprawdzanie. Dalsze korzystanie z witryny LLR ICB po wprowadzeniu zmiany jest akceptacj\u0105 tej zmiany.<\/p><\/div>\t\t\t\t\t\t\t\t<\/div>\n\t\t\t\t<\/div>\n\t\t\t\t\t<\/div>\n\t\t<\/div>\n\t\t\t\t\t<\/div>\n\t\t<\/section>\n\t\t\t\t<\/div>","protected":false},"excerpt":{"rendered":"<p>Terms &#038; Conditions Access and use of this site by you constitutes your acceptance of these Terms and Conditions. This takes effect from the date on which you first use [&hellip;]<\/p>\n","protected":false},"author":1,"featured_media":0,"parent":0,"menu_order":39,"comment_status":"closed","ping_status":"closed","template":"","meta":{"_eb_attr":"","footnotes":""},"class_list":["post-1104","page","type-page","status-publish","hentry"],"yoast_head":"<!-- This site is optimized with the Yoast SEO plugin v27.5 - https:\/\/yoast.com\/product\/yoast-seo-wordpress\/ -->\n<title>Terms and conditions - LLR ICB<\/title>\n<meta name=\"robots\" content=\"index, follow, max-snippet:-1, max-image-preview:large, max-video-preview:-1\" \/>\n<link rel=\"canonical\" href=\"https:\/\/leicesterleicestershireandrutland.icb.nhs.uk\/pl\/terms-and-conditions\/\" \/>\n<meta property=\"og:locale\" content=\"pl_PL\" \/>\n<meta property=\"og:type\" content=\"article\" \/>\n<meta property=\"og:title\" content=\"Terms and conditions - LLR ICB\" \/>\n<meta property=\"og:description\" content=\"Terms &#038; Conditions Access and use of this site by you constitutes your acceptance of these Terms and Conditions. This takes effect from the date on which you first use [&hellip;]\" \/>\n<meta property=\"og:url\" content=\"https:\/\/leicesterleicestershireandrutland.icb.nhs.uk\/pl\/terms-and-conditions\/\" \/>\n<meta property=\"og:site_name\" content=\"LLR ICB\" \/>\n<meta property=\"article:publisher\" content=\"https:\/\/www.facebook.com\/NHSLLR\" \/>\n<meta property=\"article:modified_time\" content=\"2022-06-30T14:53:46+00:00\" \/>\n<meta name=\"twitter:card\" content=\"summary_large_image\" \/>\n<meta name=\"twitter:site\" content=\"@NHS_LLR\" \/>\n<meta name=\"twitter:label1\" content=\"Szacowany czas czytania\" \/>\n\t<meta name=\"twitter:data1\" content=\"4 minuty\" \/>\n<script type=\"application\/ld+json\" class=\"yoast-schema-graph\">{\"@context\":\"https:\\\/\\\/schema.org\",\"@graph\":[{\"@type\":\"WebPage\",\"@id\":\"https:\\\/\\\/leicesterleicestershireandrutland.icb.nhs.uk\\\/terms-and-conditions\\\/\",\"url\":\"https:\\\/\\\/leicesterleicestershireandrutland.icb.nhs.uk\\\/terms-and-conditions\\\/\",\"name\":\"Terms and conditions - LLR ICB\",\"isPartOf\":{\"@id\":\"https:\\\/\\\/leicesterleicestershireandrutland.icb.nhs.uk\\\/#website\"},\"datePublished\":\"2022-06-30T14:45:00+00:00\",\"dateModified\":\"2022-06-30T14:53:46+00:00\",\"breadcrumb\":{\"@id\":\"https:\\\/\\\/leicesterleicestershireandrutland.icb.nhs.uk\\\/terms-and-conditions\\\/#breadcrumb\"},\"inLanguage\":\"pl-PL\",\"potentialAction\":[{\"@type\":\"ReadAction\",\"target\":[\"https:\\\/\\\/leicesterleicestershireandrutland.icb.nhs.uk\\\/terms-and-conditions\\\/\"]}]},{\"@type\":\"BreadcrumbList\",\"@id\":\"https:\\\/\\\/leicesterleicestershireandrutland.icb.nhs.uk\\\/terms-and-conditions\\\/#breadcrumb\",\"itemListElement\":[{\"@type\":\"ListItem\",\"position\":1,\"name\":\"Home\",\"item\":\"https:\\\/\\\/leicesterleicestershireandrutland.icb.nhs.uk\\\/\"},{\"@type\":\"ListItem\",\"position\":2,\"name\":\"Terms and conditions\"}]},{\"@type\":\"WebSite\",\"@id\":\"https:\\\/\\\/leicesterleicestershireandrutland.icb.nhs.uk\\\/#website\",\"url\":\"https:\\\/\\\/leicesterleicestershireandrutland.icb.nhs.uk\\\/\",\"name\":\"LLR ICB\",\"description\":\"LLR Integrated Care Board\",\"publisher\":{\"@id\":\"https:\\\/\\\/leicesterleicestershireandrutland.icb.nhs.uk\\\/#organization\"},\"potentialAction\":[{\"@type\":\"SearchAction\",\"target\":{\"@type\":\"EntryPoint\",\"urlTemplate\":\"https:\\\/\\\/leicesterleicestershireandrutland.icb.nhs.uk\\\/?s={search_term_string}\"},\"query-input\":{\"@type\":\"PropertyValueSpecification\",\"valueRequired\":true,\"valueName\":\"search_term_string\"}}],\"inLanguage\":\"pl-PL\"},{\"@type\":\"Organization\",\"@id\":\"https:\\\/\\\/leicesterleicestershireandrutland.icb.nhs.uk\\\/#organization\",\"name\":\"LLR ICB\",\"url\":\"https:\\\/\\\/leicesterleicestershireandrutland.icb.nhs.uk\\\/\",\"logo\":{\"@type\":\"ImageObject\",\"inLanguage\":\"pl-PL\",\"@id\":\"https:\\\/\\\/leicesterleicestershireandrutland.icb.nhs.uk\\\/#\\\/schema\\\/logo\\\/image\\\/\",\"url\":\"https:\\\/\\\/i0.wp.com\\\/leicesterleicestershireandrutland.icb.nhs.uk\\\/wp-content\\\/uploads\\\/2022\\\/06\\\/New-Project-4.jpg?fit=452%2C93&ssl=1\",\"contentUrl\":\"https:\\\/\\\/i0.wp.com\\\/leicesterleicestershireandrutland.icb.nhs.uk\\\/wp-content\\\/uploads\\\/2022\\\/06\\\/New-Project-4.jpg?fit=452%2C93&ssl=1\",\"width\":452,\"height\":93,\"caption\":\"LLR ICB\"},\"image\":{\"@id\":\"https:\\\/\\\/leicesterleicestershireandrutland.icb.nhs.uk\\\/#\\\/schema\\\/logo\\\/image\\\/\"},\"sameAs\":[\"https:\\\/\\\/www.facebook.com\\\/NHSLLR\",\"https:\\\/\\\/x.com\\\/NHS_LLR\",\"https:\\\/\\\/www.instagram.com\\\/nhsllr\\\/\"]}]}<\/script>\n<!-- \/ Yoast SEO plugin. -->","yoast_head_json":{"title":"Regulamin - LLR ICB","robots":{"index":"index","follow":"follow","max-snippet":"max-snippet:-1","max-image-preview":"max-image-preview:large","max-video-preview":"max-video-preview:-1"},"canonical":"https:\/\/leicesterleicestershireandrutland.icb.nhs.uk\/pl\/terms-and-conditions\/","og_locale":"pl_PL","og_type":"article","og_title":"Terms and conditions - LLR ICB","og_description":"Terms &#038; Conditions Access and use of this site by you constitutes your acceptance of these Terms and Conditions. This takes effect from the date on which you first use [&hellip;]","og_url":"https:\/\/leicesterleicestershireandrutland.icb.nhs.uk\/pl\/terms-and-conditions\/","og_site_name":"LLR ICB","article_publisher":"https:\/\/www.facebook.com\/NHSLLR","article_modified_time":"2022-06-30T14:53:46+00:00","twitter_card":"summary_large_image","twitter_site":"@NHS_LLR","twitter_misc":{"Szacowany czas czytania":"4 minuty"},"schema":{"@context":"https:\/\/schema.org","@graph":[{"@type":"WebPage","@id":"https:\/\/leicesterleicestershireandrutland.icb.nhs.uk\/terms-and-conditions\/","url":"https:\/\/leicesterleicestershireandrutland.icb.nhs.uk\/terms-and-conditions\/","name":"Regulamin - LLR ICB","isPartOf":{"@id":"https:\/\/leicesterleicestershireandrutland.icb.nhs.uk\/#website"},"datePublished":"2022-06-30T14:45:00+00:00","dateModified":"2022-06-30T14:53:46+00:00","breadcrumb":{"@id":"https:\/\/leicesterleicestershireandrutland.icb.nhs.uk\/terms-and-conditions\/#breadcrumb"},"inLanguage":"pl-PL","potentialAction":[{"@type":"ReadAction","target":["https:\/\/leicesterleicestershireandrutland.icb.nhs.uk\/terms-and-conditions\/"]}]},{"@type":"BreadcrumbList","@id":"https:\/\/leicesterleicestershireandrutland.icb.nhs.uk\/terms-and-conditions\/#breadcrumb","itemListElement":[{"@type":"ListItem","position":1,"name":"Home","item":"https:\/\/leicesterleicestershireandrutland.icb.nhs.uk\/"},{"@type":"ListItem","position":2,"name":"Terms and conditions"}]},{"@type":"WebSite","@id":"https:\/\/leicesterleicestershireandrutland.icb.nhs.uk\/#website","url":"https:\/\/leicesterleicestershireandrutland.icb.nhs.uk\/","name":"LLR ICB","description":"Zintegrowana Rada Opieki LLR","publisher":{"@id":"https:\/\/leicesterleicestershireandrutland.icb.nhs.uk\/#organization"},"potentialAction":[{"@type":"SearchAction","target":{"@type":"EntryPoint","urlTemplate":"https:\/\/leicesterleicestershireandrutland.icb.nhs.uk\/?s={search_term_string}"},"query-input":{"@type":"PropertyValueSpecification","valueRequired":true,"valueName":"search_term_string"}}],"inLanguage":"pl-PL"},{"@type":"Organization","@id":"https:\/\/leicesterleicestershireandrutland.icb.nhs.uk\/#organization","name":"LLR ICB","url":"https:\/\/leicesterleicestershireandrutland.icb.nhs.uk\/","logo":{"@type":"ImageObject","inLanguage":"pl-PL","@id":"https:\/\/leicesterleicestershireandrutland.icb.nhs.uk\/#\/schema\/logo\/image\/","url":"https:\/\/i0.wp.com\/leicesterleicestershireandrutland.icb.nhs.uk\/wp-content\/uploads\/2022\/06\/New-Project-4.jpg?fit=452%2C93&ssl=1","contentUrl":"https:\/\/i0.wp.com\/leicesterleicestershireandrutland.icb.nhs.uk\/wp-content\/uploads\/2022\/06\/New-Project-4.jpg?fit=452%2C93&ssl=1","width":452,"height":93,"caption":"LLR ICB"},"image":{"@id":"https:\/\/leicesterleicestershireandrutland.icb.nhs.uk\/#\/schema\/logo\/image\/"},"sameAs":["https:\/\/www.facebook.com\/NHSLLR","https:\/\/x.com\/NHS_LLR","https:\/\/www.instagram.com\/nhsllr\/"]}]}},"jetpack_sharing_enabled":true,"_links":{"self":[{"href":"https:\/\/leicesterleicestershireandrutland.icb.nhs.uk\/pl\/wp-json\/wp\/v2\/pages\/1104","targetHints":{"allow":["GET"]}}],"collection":[{"href":"https:\/\/leicesterleicestershireandrutland.icb.nhs.uk\/pl\/wp-json\/wp\/v2\/pages"}],"about":[{"href":"https:\/\/leicesterleicestershireandrutland.icb.nhs.uk\/pl\/wp-json\/wp\/v2\/types\/page"}],"author":[{"embeddable":true,"href":"https:\/\/leicesterleicestershireandrutland.icb.nhs.uk\/pl\/wp-json\/wp\/v2\/users\/1"}],"replies":[{"embeddable":true,"href":"https:\/\/leicesterleicestershireandrutland.icb.nhs.uk\/pl\/wp-json\/wp\/v2\/comments?post=1104"}],"version-history":[{"count":4,"href":"https:\/\/leicesterleicestershireandrutland.icb.nhs.uk\/pl\/wp-json\/wp\/v2\/pages\/1104\/revisions"}],"predecessor-version":[{"id":1108,"href":"https:\/\/leicesterleicestershireandrutland.icb.nhs.uk\/pl\/wp-json\/wp\/v2\/pages\/1104\/revisions\/1108"}],"wp:attachment":[{"href":"https:\/\/leicesterleicestershireandrutland.icb.nhs.uk\/pl\/wp-json\/wp\/v2\/media?parent=1104"}],"curies":[{"name":"wp","href":"https:\/\/api.w.org\/{rel}","templated":true}]}}