{"id":11882,"date":"2023-08-16T12:02:22","date_gmt":"2023-08-16T12:02:22","guid":{"rendered":"https:\/\/leicesterleicestershireandrutland.icb.nhs.uk\/?page_id=11882"},"modified":"2026-03-23T13:37:43","modified_gmt":"2026-03-23T13:37:43","slug":"annual-reports-and-accounts","status":"publish","type":"page","link":"https:\/\/leicesterleicestershireandrutland.icb.nhs.uk\/pl\/annual-reports-and-accounts\/","title":{"rendered":"Sprawozdania roczne i rachunki"},"content":{"rendered":"<div data-elementor-type=\"wp-page\" data-elementor-id=\"11882\" class=\"elementor elementor-11882\" data-elementor-post-type=\"page\">\n\t\t\t\t\t\t<section data-particle_enable=\"false\" data-particle-mobile-disabled=\"false\" class=\"elementor-section elementor-top-section elementor-element elementor-element-67c0c79 elementor-section-boxed elementor-section-height-default elementor-section-height-default\" data-id=\"67c0c79\" data-element_type=\"section\" data-e-type=\"section\">\n\t\t\t\t\t\t<div class=\"elementor-container elementor-column-gap-default\">\n\t\t\t\t\t<div class=\"elementor-column elementor-col-100 elementor-top-column elementor-element elementor-element-e66c394\" data-id=\"e66c394\" data-element_type=\"column\" data-e-type=\"column\">\n\t\t\t<div class=\"elementor-widget-wrap elementor-element-populated\">\n\t\t\t\t\t\t<div class=\"elementor-element elementor-element-5a25ed1 elementor-widget elementor-widget-spacer\" data-id=\"5a25ed1\" data-element_type=\"widget\" data-e-type=\"widget\" data-widget_type=\"spacer.default\">\n\t\t\t\t<div class=\"elementor-widget-container\">\n\t\t\t\t\t\t\t<div class=\"elementor-spacer\">\n\t\t\t<div class=\"elementor-spacer-inner\"><\/div>\n\t\t<\/div>\n\t\t\t\t\t\t<\/div>\n\t\t\t\t<\/div>\n\t\t\t\t<div class=\"elementor-element elementor-element-8c33750 elementor-widget elementor-widget-heading\" data-id=\"8c33750\" data-element_type=\"widget\" data-e-type=\"widget\" data-widget_type=\"heading.default\">\n\t\t\t\t<div class=\"elementor-widget-container\">\n\t\t\t\t\t<h2 class=\"elementor-heading-title elementor-size-xl\">Sprawozdania roczne i rachunki<\/h2>\t\t\t\t<\/div>\n\t\t\t\t<\/div>\n\t\t\t\t<div class=\"elementor-element elementor-element-57cb099 elementor-widget-divider--view-line elementor-widget elementor-widget-divider\" data-id=\"57cb099\" data-element_type=\"widget\" data-e-type=\"widget\" data-widget_type=\"divider.default\">\n\t\t\t\t<div class=\"elementor-widget-container\">\n\t\t\t\t\t\t\t<div class=\"elementor-divider\">\n\t\t\t<span class=\"elementor-divider-separator\">\n\t\t\t\t\t\t<\/span>\n\t\t<\/div>\n\t\t\t\t\t\t<\/div>\n\t\t\t\t<\/div>\n\t\t\t\t<div class=\"elementor-element elementor-element-6f4f79d elementor-widget elementor-widget-spacer\" data-id=\"6f4f79d\" data-element_type=\"widget\" data-e-type=\"widget\" data-widget_type=\"spacer.default\">\n\t\t\t\t<div class=\"elementor-widget-container\">\n\t\t\t\t\t\t\t<div class=\"elementor-spacer\">\n\t\t\t<div class=\"elementor-spacer-inner\"><\/div>\n\t\t<\/div>\n\t\t\t\t\t\t<\/div>\n\t\t\t\t<\/div>\n\t\t\t\t<div class=\"elementor-element elementor-element-67875ab elementor-widget elementor-widget-text-editor\" data-id=\"67875ab\" data-element_type=\"widget\" data-e-type=\"widget\" data-widget_type=\"text-editor.default\">\n\t\t\t\t<div class=\"elementor-widget-container\">\n\t\t\t\t\t\t\t\t\t<p style=\"background: white;\"><span style=\"font-size: 12.0pt; font-family: 'Arial',sans-serif; color: #282828;\">Wszystkie organizacje NHS musz\u0105 publikowa\u0107 roczne raporty i sprawozdania finansowe, aby umo\u017cliwi\u0107 kontrol\u0119 rocznych operacji, finans\u00f3w i wynik\u00f3w.<\/span><\/p><p><span style=\"font-size: 12.0pt; font-family: 'Arial',sans-serif; color: #282828;\">Sprawozdanie roczne zawiera informacje na temat:<\/span><\/p><ul><li><span style=\"font-size: 12.0pt; font-family: 'Arial',sans-serif; color: #282828;\">nasz przegl\u0105d i analiza wynik\u00f3w<\/span><\/li><li><span style=\"font-size: 12.0pt; font-family: 'Arial',sans-serif; color: #282828;\">w jaki spos\u00f3b spe\u0142nili\u015bmy nasze kluczowe wymagania dotycz\u0105ce odpowiedzialno\u015bci<\/span><\/li><li><span style=\"font-size: 12.0pt; font-family: 'Arial',sans-serif; color: #282828;\">cz\u0142onkowie zarz\u0105du i \u0142ad korporacyjny<\/span><\/li><li><span style=\"font-size: 12.0pt; font-family: 'Arial',sans-serif; color: #282828;\">sprawozdania finansowe<\/span><\/li><\/ul><p>\u00a0<\/p><p><span style=\"font-size: 12.0pt; font-family: 'Arial',sans-serif; color: #282828;\">Sprawozdanie roczne i sprawozdanie finansowe Leicester, Leicestershire i Rutland ICB za rok 2024-25 s\u0105 dost\u0119pne poni\u017cej. Informacje te mog\u0105 zosta\u0107 udost\u0119pnione w innych formatach, je\u015bli zajdzie taka potrzeba. Prosimy o kontakt w celu uzyskania szczeg\u00f3\u0142owych informacji, wype\u0142niaj\u0105c formularz kontaktowy dost\u0119pny tutaj: <\/span><span style=\"font-size: 12.0pt; font-family: 'Arial',sans-serif; color: #282828;\"><a href=\"https:\/\/gbr01.safelinks.protection.outlook.com\/?url=https%3A%2F%2Fleicesterleicestershireandrutland.icb.nhs.uk%2Fcontact%2F&amp;data=05%7C02%7Cliz.mattock1%40nhs.net%7C4be14c21bce34c22b50208dc9c15d50d%7C37c354b285b047f5b22207b48d774ee3%7C0%7C0%7C638556865100852498%7CUnknown%7CTWFpbGZsb3d8eyJWIjoiMC4wLjAwMDAiLCJQIjoiV2luMzIiLCJBTiI6Ik1haWwiLCJXVCI6Mn0%3D%7C0%7C%7C%7C&amp;sdata=a0Vb3iSAQd48GgeJ0QHsaiwbP7GjynNs0xBWkFsestU%3D&amp;reserved=0\">https:\/\/leicesterleicestershireandrutland.icb.nhs.uk\/contact\/<\/a><\/span><\/p>\t\t\t\t\t\t\t\t<\/div>\n\t\t\t\t<\/div>\n\t\t\t\t\t<\/div>\n\t\t<\/div>\n\t\t\t\t\t<\/div>\n\t\t<\/section>\n\t\t\t\t<section data-particle_enable=\"false\" data-particle-mobile-disabled=\"false\" class=\"elementor-section elementor-top-section elementor-element elementor-element-9f36de3 elementor-section-boxed elementor-section-height-default elementor-section-height-default\" data-id=\"9f36de3\" data-element_type=\"section\" data-e-type=\"section\">\n\t\t\t\t\t\t<div class=\"elementor-container elementor-column-gap-default\">\n\t\t\t\t\t<div class=\"elementor-column elementor-col-100 elementor-top-column elementor-element elementor-element-93aac98\" data-id=\"93aac98\" data-element_type=\"column\" data-e-type=\"column\">\n\t\t\t<div class=\"elementor-widget-wrap elementor-element-populated\">\n\t\t\t\t\t\t<section data-particle_enable=\"false\" data-particle-mobile-disabled=\"false\" class=\"elementor-section elementor-inner-section elementor-element elementor-element-911d8e4 elementor-section-boxed elementor-section-height-default elementor-section-height-default\" data-id=\"911d8e4\" data-element_type=\"section\" data-e-type=\"section\">\n\t\t\t\t\t\t<div class=\"elementor-container elementor-column-gap-default\">\n\t\t\t\t\t<div class=\"elementor-column elementor-col-100 elementor-inner-column elementor-element elementor-element-e782e95\" data-id=\"e782e95\" data-element_type=\"column\" data-e-type=\"column\">\n\t\t\t<div class=\"elementor-widget-wrap elementor-element-populated\">\n\t\t\t\t\t\t<div class=\"elementor-element elementor-element-1e8884c elementor-widget elementor-widget-image\" data-id=\"1e8884c\" data-element_type=\"widget\" data-e-type=\"widget\" data-widget_type=\"image.default\">\n\t\t\t\t<div class=\"elementor-widget-container\">\n\t\t\t\t\t\t\t\t\t\t\t\t\t\t\t<img fetchpriority=\"high\" decoding=\"async\" width=\"800\" height=\"559\" src=\"https:\/\/i0.wp.com\/leicesterleicestershireandrutland.icb.nhs.uk\/wp-content\/uploads\/2024\/07\/Annual-Report-Front-2024-2.jpeg?fit=800%2C559&amp;ssl=1\" class=\"attachment-large size-large wp-image-17482\" alt=\"\" srcset=\"https:\/\/i0.wp.com\/leicesterleicestershireandrutland.icb.nhs.uk\/wp-content\/uploads\/2024\/07\/Annual-Report-Front-2024-2.jpeg?w=1410&amp;ssl=1 1410w, https:\/\/i0.wp.com\/leicesterleicestershireandrutland.icb.nhs.uk\/wp-content\/uploads\/2024\/07\/Annual-Report-Front-2024-2.jpeg?resize=300%2C210&amp;ssl=1 300w, https:\/\/i0.wp.com\/leicesterleicestershireandrutland.icb.nhs.uk\/wp-content\/uploads\/2024\/07\/Annual-Report-Front-2024-2.jpeg?resize=1024%2C716&amp;ssl=1 1024w, https:\/\/i0.wp.com\/leicesterleicestershireandrutland.icb.nhs.uk\/wp-content\/uploads\/2024\/07\/Annual-Report-Front-2024-2.jpeg?resize=768%2C537&amp;ssl=1 768w, https:\/\/i0.wp.com\/leicesterleicestershireandrutland.icb.nhs.uk\/wp-content\/uploads\/2024\/07\/Annual-Report-Front-2024-2.jpeg?resize=18%2C12&amp;ssl=1 18w, https:\/\/i0.wp.com\/leicesterleicestershireandrutland.icb.nhs.uk\/wp-content\/uploads\/2024\/07\/Annual-Report-Front-2024-2.jpeg?resize=150%2C105&amp;ssl=1 150w, https:\/\/i0.wp.com\/leicesterleicestershireandrutland.icb.nhs.uk\/wp-content\/uploads\/2024\/07\/Annual-Report-Front-2024-2.jpeg?resize=715%2C500&amp;ssl=1 715w\" sizes=\"(max-width: 800px) 100vw, 800px\" \/>\t\t\t\t\t\t\t\t\t\t\t\t\t\t\t<\/div>\n\t\t\t\t<\/div>\n\t\t\t\t<div class=\"elementor-element elementor-element-d4bfac9 elementor-widget elementor-widget-text-editor\" data-id=\"d4bfac9\" data-element_type=\"widget\" data-e-type=\"widget\" data-widget_type=\"text-editor.default\">\n\t\t\t\t<div class=\"elementor-widget-container\">\n\t\t\t\t\t\t\t\t\t<p><strong><a href=\"https:\/\/leicesterleicestershireandrutland.icb.nhs.uk\/wp-content\/uploads\/2025\/08\/LLR-ICB-Annual-Report-and-Accounts-2024-25.pdf\" target=\"_blank\" rel=\"noopener\">Roczne sprawozdanie i sprawozdania finansowe NHS Leicester, Leicestershire i Rutland ICB za lata 2024\u20132025<\/a><\/strong><\/p><p><strong><a href=\"https:\/\/leicesterleicestershireandrutland.icb.nhs.uk\/wp-content\/uploads\/2025\/08\/2024-25-LLR-ICB-Annual-Assessment-Letter.pdf\" target=\"_blank\" rel=\"noopener\">Roczny list oceniaj\u0105cy LLR ICB 2024-25<\/a><\/strong><\/p><p><strong><a href=\"https:\/\/leicesterleicestershireandrutland.icb.nhs.uk\/wp-content\/uploads\/2024\/07\/Annual-Report-2023-24.pdf\">Roczne sprawozdanie i sprawozdania finansowe NHS Leicester, Leicestershire i Rutland ICB za lata 2023\u20132024<\/a> <br \/><\/strong><\/p>\t\t\t\t\t\t\t\t<\/div>\n\t\t\t\t<\/div>\n\t\t\t\t<div class=\"elementor-element elementor-element-1f9eb00 elementor-widget elementor-widget-text-editor\" data-id=\"1f9eb00\" data-element_type=\"widget\" data-e-type=\"widget\" data-widget_type=\"text-editor.default\">\n\t\t\t\t<div class=\"elementor-widget-container\">\n\t\t\t\t\t\t\t\t\t<p><a href=\"https:\/\/leicesterleicestershireandrutland.icb.nhs.uk\/wp-content\/uploads\/2026\/03\/Health-Inequalities-Annual-Report-2024-25.pdf\"><strong>Nier\u00f3wno\u015bci w dost\u0119pie do opieki zdrowotnej w miastach Leicester, Leicestershire i Rutland \u2013 <\/strong><\/a><br \/><strong>Roczny raport na temat nier\u00f3wno\u015bci w zakresie opieki zdrowotnej za lata 2024\u20132025<\/strong><br \/>I odpowied\u017a na o\u015bwiadczenie NHS England w sprawie nier\u00f3wno\u015bci w dost\u0119pie do opieki zdrowotnej\u00a0<\/p>\t\t\t\t\t\t\t\t<\/div>\n\t\t\t\t<\/div>\n\t\t\t\t\t<\/div>\n\t\t<\/div>\n\t\t\t\t\t<\/div>\n\t\t<\/section>\n\t\t\t\t\t<\/div>\n\t\t<\/div>\n\t\t\t\t\t<\/div>\n\t\t<\/section>\n\t\t\t\t<section data-particle_enable=\"false\" data-particle-mobile-disabled=\"false\" class=\"elementor-section elementor-top-section elementor-element elementor-element-5f58b3e elementor-section-boxed elementor-section-height-default elementor-section-height-default\" data-id=\"5f58b3e\" data-element_type=\"section\" data-e-type=\"section\">\n\t\t\t\t\t\t<div class=\"elementor-container elementor-column-gap-default\">\n\t\t\t\t\t<div class=\"elementor-column elementor-col-100 elementor-top-column elementor-element elementor-element-573b17c\" data-id=\"573b17c\" data-element_type=\"column\" data-e-type=\"column\">\n\t\t\t<div class=\"elementor-widget-wrap elementor-element-populated\">\n\t\t\t\t\t\t<div class=\"elementor-element elementor-element-78b0c3e elementor-widget elementor-widget-text-editor\" data-id=\"78b0c3e\" data-element_type=\"widget\" data-e-type=\"widget\" data-widget_type=\"text-editor.default\">\n\t\t\t\t<div class=\"elementor-widget-container\">\n\t\t\t\t\t\t\t\t\t<p><a href=\"https:\/\/leicesterleicestershireandrutland.icb.nhs.uk\/wp-content\/uploads\/2024\/09\/LLR-MHIS-reasonable-assurance-report-2022-23.pdf\">Kliknij tutaj, aby zapozna\u0107 si\u0119 z niezale\u017cnym raportem zapewniaj\u0105cym racjonalne zapewnienie w zwi\u0105zku z o\u015bwiadczeniem o zgodno\u015bci z MHIS za rok 2022\/23 dla Zarz\u0105du NHS Leicester, Leicestershire and Rutland Integrated Care Board oraz NHS England za rok zako\u0144czony 31 marca 2023 r.\u00a0<\/a><\/p>\t\t\t\t\t\t\t\t<\/div>\n\t\t\t\t<\/div>\n\t\t\t\t\t<\/div>\n\t\t<\/div>\n\t\t\t\t\t<\/div>\n\t\t<\/section>\n\t\t\t\t<\/div>","protected":false},"excerpt":{"rendered":"<p>Annual reports and accounts All NHS organisations must publish annual reports and accounts\u00a0to allow scrutiny of the year\u2019s operations, finances and outcomes. The annual report contains information on: our performance [&hellip;]<\/p>\n","protected":false},"author":1,"featured_media":0,"parent":0,"menu_order":17,"comment_status":"closed","ping_status":"closed","template":"","meta":{"_eb_attr":"","footnotes":""},"class_list":["post-11882","page","type-page","status-publish","hentry"],"yoast_head":"<!-- This site is optimized with the Yoast SEO plugin v27.6 - https:\/\/yoast.com\/product\/yoast-seo-wordpress\/ -->\n<title>Annual reports and accounts - LLR ICB<\/title>\n<meta name=\"robots\" content=\"index, follow, max-snippet:-1, max-image-preview:large, max-video-preview:-1\" \/>\n<link rel=\"canonical\" href=\"https:\/\/leicesterleicestershireandrutland.icb.nhs.uk\/pl\/annual-reports-and-accounts\/\" \/>\n<meta property=\"og:locale\" content=\"pl_PL\" \/>\n<meta property=\"og:type\" content=\"article\" \/>\n<meta property=\"og:title\" content=\"Annual reports and accounts - LLR ICB\" \/>\n<meta property=\"og:description\" content=\"Annual reports and accounts All NHS organisations must publish annual reports and accounts\u00a0to allow scrutiny of the year\u2019s operations, finances and outcomes. The annual report contains information on: our performance [&hellip;]\" \/>\n<meta property=\"og:url\" content=\"https:\/\/leicesterleicestershireandrutland.icb.nhs.uk\/pl\/annual-reports-and-accounts\/\" \/>\n<meta property=\"og:site_name\" content=\"LLR ICB\" \/>\n<meta property=\"article:publisher\" content=\"https:\/\/www.facebook.com\/NHSLLR\" \/>\n<meta property=\"article:modified_time\" content=\"2026-03-23T13:37:43+00:00\" \/>\n<meta property=\"og:image\" content=\"https:\/\/leicesterleicestershireandrutland.icb.nhs.uk\/wp-content\/uploads\/2024\/07\/Annual-Report-Front-2024-2-1024x716.jpeg\" \/>\n<meta name=\"twitter:card\" content=\"summary_large_image\" \/>\n<meta name=\"twitter:site\" content=\"@NHS_LLR\" \/>\n<meta name=\"twitter:label1\" content=\"Szacowany czas czytania\" \/>\n\t<meta name=\"twitter:data1\" content=\"1 minuta\" \/>\n<script type=\"application\/ld+json\" class=\"yoast-schema-graph\">{\"@context\":\"https:\\\/\\\/schema.org\",\"@graph\":[{\"@type\":\"WebPage\",\"@id\":\"https:\\\/\\\/leicesterleicestershireandrutland.icb.nhs.uk\\\/annual-reports-and-accounts\\\/\",\"url\":\"https:\\\/\\\/leicesterleicestershireandrutland.icb.nhs.uk\\\/annual-reports-and-accounts\\\/\",\"name\":\"Annual reports and accounts - LLR ICB\",\"isPartOf\":{\"@id\":\"https:\\\/\\\/leicesterleicestershireandrutland.icb.nhs.uk\\\/#website\"},\"primaryImageOfPage\":{\"@id\":\"https:\\\/\\\/leicesterleicestershireandrutland.icb.nhs.uk\\\/annual-reports-and-accounts\\\/#primaryimage\"},\"image\":{\"@id\":\"https:\\\/\\\/leicesterleicestershireandrutland.icb.nhs.uk\\\/annual-reports-and-accounts\\\/#primaryimage\"},\"thumbnailUrl\":\"https:\\\/\\\/leicesterleicestershireandrutland.icb.nhs.uk\\\/wp-content\\\/uploads\\\/2024\\\/07\\\/Annual-Report-Front-2024-2-1024x716.jpeg\",\"datePublished\":\"2023-08-16T12:02:22+00:00\",\"dateModified\":\"2026-03-23T13:37:43+00:00\",\"breadcrumb\":{\"@id\":\"https:\\\/\\\/leicesterleicestershireandrutland.icb.nhs.uk\\\/annual-reports-and-accounts\\\/#breadcrumb\"},\"inLanguage\":\"pl-PL\",\"potentialAction\":[{\"@type\":\"ReadAction\",\"target\":[\"https:\\\/\\\/leicesterleicestershireandrutland.icb.nhs.uk\\\/annual-reports-and-accounts\\\/\"]}]},{\"@type\":\"ImageObject\",\"inLanguage\":\"pl-PL\",\"@id\":\"https:\\\/\\\/leicesterleicestershireandrutland.icb.nhs.uk\\\/annual-reports-and-accounts\\\/#primaryimage\",\"url\":\"https:\\\/\\\/leicesterleicestershireandrutland.icb.nhs.uk\\\/wp-content\\\/uploads\\\/2024\\\/07\\\/Annual-Report-Front-2024-2-1024x716.jpeg\",\"contentUrl\":\"https:\\\/\\\/leicesterleicestershireandrutland.icb.nhs.uk\\\/wp-content\\\/uploads\\\/2024\\\/07\\\/Annual-Report-Front-2024-2-1024x716.jpeg\"},{\"@type\":\"BreadcrumbList\",\"@id\":\"https:\\\/\\\/leicesterleicestershireandrutland.icb.nhs.uk\\\/annual-reports-and-accounts\\\/#breadcrumb\",\"itemListElement\":[{\"@type\":\"ListItem\",\"position\":1,\"name\":\"Home\",\"item\":\"https:\\\/\\\/leicesterleicestershireandrutland.icb.nhs.uk\\\/\"},{\"@type\":\"ListItem\",\"position\":2,\"name\":\"Annual reports and accounts\"}]},{\"@type\":\"WebSite\",\"@id\":\"https:\\\/\\\/leicesterleicestershireandrutland.icb.nhs.uk\\\/#website\",\"url\":\"https:\\\/\\\/leicesterleicestershireandrutland.icb.nhs.uk\\\/\",\"name\":\"LLR ICB\",\"description\":\"LLR Integrated Care Board\",\"publisher\":{\"@id\":\"https:\\\/\\\/leicesterleicestershireandrutland.icb.nhs.uk\\\/#organization\"},\"potentialAction\":[{\"@type\":\"SearchAction\",\"target\":{\"@type\":\"EntryPoint\",\"urlTemplate\":\"https:\\\/\\\/leicesterleicestershireandrutland.icb.nhs.uk\\\/?s={search_term_string}\"},\"query-input\":{\"@type\":\"PropertyValueSpecification\",\"valueRequired\":true,\"valueName\":\"search_term_string\"}}],\"inLanguage\":\"pl-PL\"},{\"@type\":\"Organization\",\"@id\":\"https:\\\/\\\/leicesterleicestershireandrutland.icb.nhs.uk\\\/#organization\",\"name\":\"LLR ICB\",\"url\":\"https:\\\/\\\/leicesterleicestershireandrutland.icb.nhs.uk\\\/\",\"logo\":{\"@type\":\"ImageObject\",\"inLanguage\":\"pl-PL\",\"@id\":\"https:\\\/\\\/leicesterleicestershireandrutland.icb.nhs.uk\\\/#\\\/schema\\\/logo\\\/image\\\/\",\"url\":\"https:\\\/\\\/i0.wp.com\\\/leicesterleicestershireandrutland.icb.nhs.uk\\\/wp-content\\\/uploads\\\/2022\\\/06\\\/New-Project-4.jpg?fit=452%2C93&ssl=1\",\"contentUrl\":\"https:\\\/\\\/i0.wp.com\\\/leicesterleicestershireandrutland.icb.nhs.uk\\\/wp-content\\\/uploads\\\/2022\\\/06\\\/New-Project-4.jpg?fit=452%2C93&ssl=1\",\"width\":452,\"height\":93,\"caption\":\"LLR ICB\"},\"image\":{\"@id\":\"https:\\\/\\\/leicesterleicestershireandrutland.icb.nhs.uk\\\/#\\\/schema\\\/logo\\\/image\\\/\"},\"sameAs\":[\"https:\\\/\\\/www.facebook.com\\\/NHSLLR\",\"https:\\\/\\\/x.com\\\/NHS_LLR\",\"https:\\\/\\\/www.instagram.com\\\/nhsllr\\\/\"]}]}<\/script>\n<!-- \/ Yoast SEO plugin. -->","yoast_head_json":{"title":"Sprawozdania roczne i sprawozdania finansowe - LLR ICB","robots":{"index":"index","follow":"follow","max-snippet":"max-snippet:-1","max-image-preview":"max-image-preview:large","max-video-preview":"max-video-preview:-1"},"canonical":"https:\/\/leicesterleicestershireandrutland.icb.nhs.uk\/pl\/annual-reports-and-accounts\/","og_locale":"pl_PL","og_type":"article","og_title":"Annual reports and accounts - LLR ICB","og_description":"Annual reports and accounts All NHS organisations must publish annual reports and accounts\u00a0to allow scrutiny of the year\u2019s operations, finances and outcomes. The annual report contains information on: our performance [&hellip;]","og_url":"https:\/\/leicesterleicestershireandrutland.icb.nhs.uk\/pl\/annual-reports-and-accounts\/","og_site_name":"LLR ICB","article_publisher":"https:\/\/www.facebook.com\/NHSLLR","article_modified_time":"2026-03-23T13:37:43+00:00","og_image":[{"url":"https:\/\/leicesterleicestershireandrutland.icb.nhs.uk\/wp-content\/uploads\/2024\/07\/Annual-Report-Front-2024-2-1024x716.jpeg","type":"","width":"","height":""}],"twitter_card":"summary_large_image","twitter_site":"@NHS_LLR","twitter_misc":{"Szacowany czas czytania":"1 minuta"},"schema":{"@context":"https:\/\/schema.org","@graph":[{"@type":"WebPage","@id":"https:\/\/leicesterleicestershireandrutland.icb.nhs.uk\/annual-reports-and-accounts\/","url":"https:\/\/leicesterleicestershireandrutland.icb.nhs.uk\/annual-reports-and-accounts\/","name":"Sprawozdania roczne i sprawozdania finansowe - LLR ICB","isPartOf":{"@id":"https:\/\/leicesterleicestershireandrutland.icb.nhs.uk\/#website"},"primaryImageOfPage":{"@id":"https:\/\/leicesterleicestershireandrutland.icb.nhs.uk\/annual-reports-and-accounts\/#primaryimage"},"image":{"@id":"https:\/\/leicesterleicestershireandrutland.icb.nhs.uk\/annual-reports-and-accounts\/#primaryimage"},"thumbnailUrl":"https:\/\/leicesterleicestershireandrutland.icb.nhs.uk\/wp-content\/uploads\/2024\/07\/Annual-Report-Front-2024-2-1024x716.jpeg","datePublished":"2023-08-16T12:02:22+00:00","dateModified":"2026-03-23T13:37:43+00:00","breadcrumb":{"@id":"https:\/\/leicesterleicestershireandrutland.icb.nhs.uk\/annual-reports-and-accounts\/#breadcrumb"},"inLanguage":"pl-PL","potentialAction":[{"@type":"ReadAction","target":["https:\/\/leicesterleicestershireandrutland.icb.nhs.uk\/annual-reports-and-accounts\/"]}]},{"@type":"ImageObject","inLanguage":"pl-PL","@id":"https:\/\/leicesterleicestershireandrutland.icb.nhs.uk\/annual-reports-and-accounts\/#primaryimage","url":"https:\/\/leicesterleicestershireandrutland.icb.nhs.uk\/wp-content\/uploads\/2024\/07\/Annual-Report-Front-2024-2-1024x716.jpeg","contentUrl":"https:\/\/leicesterleicestershireandrutland.icb.nhs.uk\/wp-content\/uploads\/2024\/07\/Annual-Report-Front-2024-2-1024x716.jpeg"},{"@type":"BreadcrumbList","@id":"https:\/\/leicesterleicestershireandrutland.icb.nhs.uk\/annual-reports-and-accounts\/#breadcrumb","itemListElement":[{"@type":"ListItem","position":1,"name":"Home","item":"https:\/\/leicesterleicestershireandrutland.icb.nhs.uk\/"},{"@type":"ListItem","position":2,"name":"Annual reports and accounts"}]},{"@type":"WebSite","@id":"https:\/\/leicesterleicestershireandrutland.icb.nhs.uk\/#website","url":"https:\/\/leicesterleicestershireandrutland.icb.nhs.uk\/","name":"LLR ICB","description":"Zintegrowana Rada Opieki LLR","publisher":{"@id":"https:\/\/leicesterleicestershireandrutland.icb.nhs.uk\/#organization"},"potentialAction":[{"@type":"SearchAction","target":{"@type":"EntryPoint","urlTemplate":"https:\/\/leicesterleicestershireandrutland.icb.nhs.uk\/?s={search_term_string}"},"query-input":{"@type":"PropertyValueSpecification","valueRequired":true,"valueName":"search_term_string"}}],"inLanguage":"pl-PL"},{"@type":"Organization","@id":"https:\/\/leicesterleicestershireandrutland.icb.nhs.uk\/#organization","name":"LLR ICB","url":"https:\/\/leicesterleicestershireandrutland.icb.nhs.uk\/","logo":{"@type":"ImageObject","inLanguage":"pl-PL","@id":"https:\/\/leicesterleicestershireandrutland.icb.nhs.uk\/#\/schema\/logo\/image\/","url":"https:\/\/i0.wp.com\/leicesterleicestershireandrutland.icb.nhs.uk\/wp-content\/uploads\/2022\/06\/New-Project-4.jpg?fit=452%2C93&ssl=1","contentUrl":"https:\/\/i0.wp.com\/leicesterleicestershireandrutland.icb.nhs.uk\/wp-content\/uploads\/2022\/06\/New-Project-4.jpg?fit=452%2C93&ssl=1","width":452,"height":93,"caption":"LLR ICB"},"image":{"@id":"https:\/\/leicesterleicestershireandrutland.icb.nhs.uk\/#\/schema\/logo\/image\/"},"sameAs":["https:\/\/www.facebook.com\/NHSLLR","https:\/\/x.com\/NHS_LLR","https:\/\/www.instagram.com\/nhsllr\/"]}]}},"jetpack_sharing_enabled":true,"_links":{"self":[{"href":"https:\/\/leicesterleicestershireandrutland.icb.nhs.uk\/pl\/wp-json\/wp\/v2\/pages\/11882","targetHints":{"allow":["GET"]}}],"collection":[{"href":"https:\/\/leicesterleicestershireandrutland.icb.nhs.uk\/pl\/wp-json\/wp\/v2\/pages"}],"about":[{"href":"https:\/\/leicesterleicestershireandrutland.icb.nhs.uk\/pl\/wp-json\/wp\/v2\/types\/page"}],"author":[{"embeddable":true,"href":"https:\/\/leicesterleicestershireandrutland.icb.nhs.uk\/pl\/wp-json\/wp\/v2\/users\/1"}],"replies":[{"embeddable":true,"href":"https:\/\/leicesterleicestershireandrutland.icb.nhs.uk\/pl\/wp-json\/wp\/v2\/comments?post=11882"}],"version-history":[{"count":87,"href":"https:\/\/leicesterleicestershireandrutland.icb.nhs.uk\/pl\/wp-json\/wp\/v2\/pages\/11882\/revisions"}],"predecessor-version":[{"id":27741,"href":"https:\/\/leicesterleicestershireandrutland.icb.nhs.uk\/pl\/wp-json\/wp\/v2\/pages\/11882\/revisions\/27741"}],"wp:attachment":[{"href":"https:\/\/leicesterleicestershireandrutland.icb.nhs.uk\/pl\/wp-json\/wp\/v2\/media?parent=11882"}],"curies":[{"name":"wp","href":"https:\/\/api.w.org\/{rel}","templated":true}]}}