{"id":12465,"date":"2023-09-12T12:29:39","date_gmt":"2023-09-12T12:29:39","guid":{"rendered":"https:\/\/leicesterleicestershireandrutland.icb.nhs.uk\/?page_id=12465"},"modified":"2024-02-06T17:53:04","modified_gmt":"2024-02-06T17:53:04","slug":"new-arrangements-for-obtaining-covid-19-antiviral-treatment","status":"publish","type":"page","link":"https:\/\/leicesterleicestershireandrutland.icb.nhs.uk\/pl\/your-health\/new-arrangements-for-obtaining-covid-19-antiviral-treatment\/","title":{"rendered":"Nowe ustalenia dotycz\u0105ce uzyskania leczenia przeciwwirusowego Covid-19"},"content":{"rendered":"<div data-elementor-type=\"wp-page\" data-elementor-id=\"12465\" class=\"elementor elementor-12465\" data-elementor-post-type=\"page\">\n\t\t\t\t\t\t<section data-particle_enable=\"false\" data-particle-mobile-disabled=\"false\" class=\"elementor-section elementor-top-section elementor-element elementor-element-bd7f89f elementor-section-boxed elementor-section-height-default elementor-section-height-default\" data-id=\"bd7f89f\" data-element_type=\"section\" data-e-type=\"section\">\n\t\t\t\t\t\t<div class=\"elementor-container elementor-column-gap-default\">\n\t\t\t\t\t<div class=\"elementor-column elementor-col-100 elementor-top-column elementor-element elementor-element-2b2c7cb\" data-id=\"2b2c7cb\" data-element_type=\"column\" data-e-type=\"column\">\n\t\t\t<div class=\"elementor-widget-wrap elementor-element-populated\">\n\t\t\t\t\t\t<div class=\"elementor-element elementor-element-10b865b elementor-widget elementor-widget-spacer\" data-id=\"10b865b\" data-element_type=\"widget\" data-e-type=\"widget\" data-widget_type=\"spacer.default\">\n\t\t\t\t<div class=\"elementor-widget-container\">\n\t\t\t\t\t\t\t<div class=\"elementor-spacer\">\n\t\t\t<div class=\"elementor-spacer-inner\"><\/div>\n\t\t<\/div>\n\t\t\t\t\t\t<\/div>\n\t\t\t\t<\/div>\n\t\t\t\t<div class=\"elementor-element elementor-element-6d12e72 elementor-widget elementor-widget-heading\" data-id=\"6d12e72\" data-element_type=\"widget\" data-e-type=\"widget\" data-widget_type=\"heading.default\">\n\t\t\t\t<div class=\"elementor-widget-container\">\n\t\t\t\t\t<h1 class=\"elementor-heading-title elementor-size-default\">Nowe ustalenia dotycz\u0105ce uzyskania leczenia przeciwwirusowego Covid-19<\/h1>\t\t\t\t<\/div>\n\t\t\t\t<\/div>\n\t\t\t\t\t<\/div>\n\t\t<\/div>\n\t\t\t\t\t<\/div>\n\t\t<\/section>\n\t\t\t\t<section data-particle_enable=\"false\" data-particle-mobile-disabled=\"false\" class=\"elementor-section elementor-top-section elementor-element elementor-element-3f56747 elementor-section-boxed elementor-section-height-default elementor-section-height-default\" data-id=\"3f56747\" data-element_type=\"section\" data-e-type=\"section\">\n\t\t\t\t\t\t<div class=\"elementor-container elementor-column-gap-default\">\n\t\t\t\t\t<div class=\"elementor-column elementor-col-100 elementor-top-column elementor-element elementor-element-cd5fe7e\" data-id=\"cd5fe7e\" data-element_type=\"column\" data-e-type=\"column\">\n\t\t\t<div class=\"elementor-widget-wrap elementor-element-populated\">\n\t\t\t\t\t\t<div class=\"elementor-element elementor-element-30673aa elementor-widget-divider--view-line elementor-widget elementor-widget-divider\" data-id=\"30673aa\" data-element_type=\"widget\" data-e-type=\"widget\" data-widget_type=\"divider.default\">\n\t\t\t\t<div class=\"elementor-widget-container\">\n\t\t\t\t\t\t\t<div class=\"elementor-divider\">\n\t\t\t<span class=\"elementor-divider-separator\">\n\t\t\t\t\t\t<\/span>\n\t\t<\/div>\n\t\t\t\t\t\t<\/div>\n\t\t\t\t<\/div>\n\t\t\t\t\t<\/div>\n\t\t<\/div>\n\t\t\t\t\t<\/div>\n\t\t<\/section>\n\t\t\t\t<section data-particle_enable=\"false\" data-particle-mobile-disabled=\"false\" class=\"elementor-section elementor-top-section elementor-element elementor-element-2c33f40 elementor-section-boxed elementor-section-height-default elementor-section-height-default\" data-id=\"2c33f40\" data-element_type=\"section\" data-e-type=\"section\">\n\t\t\t\t\t\t<div class=\"elementor-container elementor-column-gap-default\">\n\t\t\t\t\t<div class=\"elementor-column elementor-col-100 elementor-top-column elementor-element elementor-element-4115440\" data-id=\"4115440\" data-element_type=\"column\" data-e-type=\"column\">\n\t\t\t<div class=\"elementor-widget-wrap elementor-element-populated\">\n\t\t\t\t\t\t<div class=\"elementor-element elementor-element-4afb233 elementor-widget elementor-widget-text-editor\" data-id=\"4afb233\" data-element_type=\"widget\" data-e-type=\"widget\" data-widget_type=\"text-editor.default\">\n\t\t\t\t<div class=\"elementor-widget-container\">\n\t\t\t\t\t\t\t\t\t<p>Niekt\u00f3rzy pacjenci z pewnymi schorzeniami zostali poinformowani listownie, \u017ce mog\u0105 kwalifikowa\u0107 si\u0119 do leczenia przeciwwirusowego, je\u015bli zachoruj\u0105 na Covid-19. Te zabiegi mog\u0105 zmniejszy\u0107 ryzyko powa\u017cnego zachorowania na Covid. <strong>Aby leczenie by\u0142o skuteczne, nale\u017cy je rozpocz\u0105\u0107 w ci\u0105gu pi\u0119ciu dni od wyst\u0105pienia pierwszych objaw\u00f3w. Wa\u017cne jest, aby wykona\u0107 test, gdy tylko pojawi\u0105 si\u0119 objawy, i natychmiast skontaktowa\u0107 si\u0119 z lekarzem, je\u015bli wynik testu b\u0119dzie pozytywny.<\/strong><\/p><p>Zmieni\u0142 si\u0119 spos\u00f3b, w jaki mo\u017cna uzyska\u0107 to leczenie. NHS nie b\u0119dzie ju\u017c automatycznie kontaktowa\u0107 si\u0119 z osobami w sprawie leczenia po zg\u0142oszeniu pozytywnego wyniku testu Covid. Teraz musisz wykona\u0107 nast\u0119puj\u0105ce czynno\u015bci:<\/p><ul><li>Przechowuj testy przep\u0142ywu bocznego w domu, ale u\u017cywaj ich tylko wtedy, gdy wyst\u0105pi\u0105 objawy. Je\u015bli wyst\u0105pi\u0105 objawy, natychmiast wykonaj test.<\/li><li>Je\u015bli uzyskasz pozytywny wynik testu, natychmiast skontaktuj si\u0119 z przychodni\u0105 lekarsk\u0105 lub NHS 111, aby mogli rozwa\u017cy\u0107 skierowanie Ci\u0119 na ocen\u0119 w celu leczenia.<\/li><li>Je\u015bli wynik testu jest negatywny, ale objawy nadal wyst\u0119puj\u0105, nale\u017cy wykona\u0107 kolejny test ka\u017cdego z kolejnych dw\u00f3ch dni (\u0142\u0105cznie trzy testy w ci\u0105gu trzech dni).<\/li><\/ul><p>Je\u015bli nie masz w domu test\u00f3w przep\u0142ywu bocznego, mo\u017cesz je bezp\u0142atnie zam\u00f3wi\u0107 u nas <a href=\"https:\/\/www.gov.uk\/order-coronavirus-rapid-lateral-flow-tests%20or%20by%20calling%20119\">https:\/\/www.gov.uk\/order-coronavirus-rapid-lateral-flow-tests lub dzwoni\u0105c pod numer 119<\/a>. Mo\u017cesz te\u017c teraz skorzysta\u0107 z test\u00f3w zakupionych w aptece lub sklepie.<\/p><p>Od 1 pa\u017adziernika 2023 r. mo\u017ce si\u0119 r\u00f3wnie\u017c zmieni\u0107 spos\u00f3b wykonania testu przep\u0142ywu bocznego. B\u0119dziesz m\u00f3g\u0142 sprawdzi\u0107 <a href=\"http:\/\/www.nhs.uk\/CovidTreatments\">www.nhs.uk\/CovidTreatments<\/a> \u00a0wi\u0119cej informacji bli\u017cej czasu.<\/p><p>Je\u015bli uzyska\u0142e\u015b pozytywny wynik testu i nie mo\u017cesz skontaktowa\u0107 si\u0119 z lekarzem w celu wystawienia skierowania na leczenie przeciwwirusowe, mo\u017cesz r\u00f3wnie\u017c wys\u0142a\u0107 wiadomo\u015b\u0107 e-mail <a href=\"mailto:covidbooking.llrpcl@nhs.net\">covidbooking.llrpcl@nhs.net<\/a> lub zadzwo\u0144 pod numer 0116 497 5700.<\/p>\t\t\t\t\t\t\t\t<\/div>\n\t\t\t\t<\/div>\n\t\t\t\t\t<\/div>\n\t\t<\/div>\n\t\t\t\t\t<\/div>\n\t\t<\/section>\n\t\t\t\t<\/div>","protected":false},"excerpt":{"rendered":"<p>New arrangements for obtaining Covid-19 antiviral treatment Some patients with certain health conditions were informed by letter that they may be suitable for antiviral treatment if they get Covid-19. These [&hellip;]<\/p>\n","protected":false},"author":9,"featured_media":0,"parent":253,"menu_order":17,"comment_status":"closed","ping_status":"closed","template":"","meta":{"_eb_attr":"","footnotes":""},"class_list":["post-12465","page","type-page","status-publish","hentry"],"yoast_head":"<!-- This site is optimized with the Yoast SEO plugin v27.5 - https:\/\/yoast.com\/product\/yoast-seo-wordpress\/ -->\n<title>New arrangements for obtaining Covid-19 antiviral treatment - LLR ICB<\/title>\n<meta name=\"robots\" content=\"index, follow, max-snippet:-1, max-image-preview:large, max-video-preview:-1\" \/>\n<link rel=\"canonical\" href=\"https:\/\/leicesterleicestershireandrutland.icb.nhs.uk\/pl\/your-health\/new-arrangements-for-obtaining-covid-19-antiviral-treatment\/\" \/>\n<meta property=\"og:locale\" content=\"pl_PL\" \/>\n<meta property=\"og:type\" content=\"article\" \/>\n<meta property=\"og:title\" content=\"New arrangements for obtaining Covid-19 antiviral treatment - LLR ICB\" \/>\n<meta property=\"og:description\" content=\"New arrangements for obtaining Covid-19 antiviral treatment Some patients with certain health conditions were informed by letter that they may be suitable for antiviral treatment if they get Covid-19. These [&hellip;]\" \/>\n<meta property=\"og:url\" content=\"https:\/\/leicesterleicestershireandrutland.icb.nhs.uk\/pl\/your-health\/new-arrangements-for-obtaining-covid-19-antiviral-treatment\/\" \/>\n<meta property=\"og:site_name\" content=\"LLR ICB\" \/>\n<meta property=\"article:publisher\" content=\"https:\/\/www.facebook.com\/NHSLLR\" \/>\n<meta property=\"article:modified_time\" content=\"2024-02-06T17:53:04+00:00\" \/>\n<meta name=\"twitter:card\" content=\"summary_large_image\" \/>\n<meta name=\"twitter:site\" content=\"@NHS_LLR\" \/>\n<meta name=\"twitter:label1\" content=\"Szacowany czas czytania\" \/>\n\t<meta name=\"twitter:data1\" content=\"2 minuty\" \/>\n<script type=\"application\/ld+json\" class=\"yoast-schema-graph\">{\"@context\":\"https:\\\/\\\/schema.org\",\"@graph\":[{\"@type\":\"WebPage\",\"@id\":\"https:\\\/\\\/leicesterleicestershireandrutland.icb.nhs.uk\\\/your-health\\\/new-arrangements-for-obtaining-covid-19-antiviral-treatment\\\/\",\"url\":\"https:\\\/\\\/leicesterleicestershireandrutland.icb.nhs.uk\\\/your-health\\\/new-arrangements-for-obtaining-covid-19-antiviral-treatment\\\/\",\"name\":\"New arrangements for obtaining Covid-19 antiviral treatment - LLR ICB\",\"isPartOf\":{\"@id\":\"https:\\\/\\\/leicesterleicestershireandrutland.icb.nhs.uk\\\/#website\"},\"datePublished\":\"2023-09-12T12:29:39+00:00\",\"dateModified\":\"2024-02-06T17:53:04+00:00\",\"breadcrumb\":{\"@id\":\"https:\\\/\\\/leicesterleicestershireandrutland.icb.nhs.uk\\\/your-health\\\/new-arrangements-for-obtaining-covid-19-antiviral-treatment\\\/#breadcrumb\"},\"inLanguage\":\"pl-PL\",\"potentialAction\":[{\"@type\":\"ReadAction\",\"target\":[\"https:\\\/\\\/leicesterleicestershireandrutland.icb.nhs.uk\\\/your-health\\\/new-arrangements-for-obtaining-covid-19-antiviral-treatment\\\/\"]}]},{\"@type\":\"BreadcrumbList\",\"@id\":\"https:\\\/\\\/leicesterleicestershireandrutland.icb.nhs.uk\\\/your-health\\\/new-arrangements-for-obtaining-covid-19-antiviral-treatment\\\/#breadcrumb\",\"itemListElement\":[{\"@type\":\"ListItem\",\"position\":1,\"name\":\"Home\",\"item\":\"https:\\\/\\\/leicesterleicestershireandrutland.icb.nhs.uk\\\/\"},{\"@type\":\"ListItem\",\"position\":2,\"name\":\"Your Health\",\"item\":\"https:\\\/\\\/leicesterleicestershireandrutland.icb.nhs.uk\\\/your-health\\\/\"},{\"@type\":\"ListItem\",\"position\":3,\"name\":\"New arrangements for obtaining Covid-19 antiviral treatment\"}]},{\"@type\":\"WebSite\",\"@id\":\"https:\\\/\\\/leicesterleicestershireandrutland.icb.nhs.uk\\\/#website\",\"url\":\"https:\\\/\\\/leicesterleicestershireandrutland.icb.nhs.uk\\\/\",\"name\":\"LLR ICB\",\"description\":\"LLR Integrated Care Board\",\"publisher\":{\"@id\":\"https:\\\/\\\/leicesterleicestershireandrutland.icb.nhs.uk\\\/#organization\"},\"potentialAction\":[{\"@type\":\"SearchAction\",\"target\":{\"@type\":\"EntryPoint\",\"urlTemplate\":\"https:\\\/\\\/leicesterleicestershireandrutland.icb.nhs.uk\\\/?s={search_term_string}\"},\"query-input\":{\"@type\":\"PropertyValueSpecification\",\"valueRequired\":true,\"valueName\":\"search_term_string\"}}],\"inLanguage\":\"pl-PL\"},{\"@type\":\"Organization\",\"@id\":\"https:\\\/\\\/leicesterleicestershireandrutland.icb.nhs.uk\\\/#organization\",\"name\":\"LLR ICB\",\"url\":\"https:\\\/\\\/leicesterleicestershireandrutland.icb.nhs.uk\\\/\",\"logo\":{\"@type\":\"ImageObject\",\"inLanguage\":\"pl-PL\",\"@id\":\"https:\\\/\\\/leicesterleicestershireandrutland.icb.nhs.uk\\\/#\\\/schema\\\/logo\\\/image\\\/\",\"url\":\"https:\\\/\\\/i0.wp.com\\\/leicesterleicestershireandrutland.icb.nhs.uk\\\/wp-content\\\/uploads\\\/2022\\\/06\\\/New-Project-4.jpg?fit=452%2C93&ssl=1\",\"contentUrl\":\"https:\\\/\\\/i0.wp.com\\\/leicesterleicestershireandrutland.icb.nhs.uk\\\/wp-content\\\/uploads\\\/2022\\\/06\\\/New-Project-4.jpg?fit=452%2C93&ssl=1\",\"width\":452,\"height\":93,\"caption\":\"LLR ICB\"},\"image\":{\"@id\":\"https:\\\/\\\/leicesterleicestershireandrutland.icb.nhs.uk\\\/#\\\/schema\\\/logo\\\/image\\\/\"},\"sameAs\":[\"https:\\\/\\\/www.facebook.com\\\/NHSLLR\",\"https:\\\/\\\/x.com\\\/NHS_LLR\",\"https:\\\/\\\/www.instagram.com\\\/nhsllr\\\/\"]}]}<\/script>\n<!-- \/ Yoast SEO plugin. -->","yoast_head_json":{"title":"New arrangements for obtaining Covid-19 antiviral treatment - LLR ICB","robots":{"index":"index","follow":"follow","max-snippet":"max-snippet:-1","max-image-preview":"max-image-preview:large","max-video-preview":"max-video-preview:-1"},"canonical":"https:\/\/leicesterleicestershireandrutland.icb.nhs.uk\/pl\/your-health\/new-arrangements-for-obtaining-covid-19-antiviral-treatment\/","og_locale":"pl_PL","og_type":"article","og_title":"New arrangements for obtaining Covid-19 antiviral treatment - LLR ICB","og_description":"New arrangements for obtaining Covid-19 antiviral treatment Some patients with certain health conditions were informed by letter that they may be suitable for antiviral treatment if they get Covid-19. These [&hellip;]","og_url":"https:\/\/leicesterleicestershireandrutland.icb.nhs.uk\/pl\/your-health\/new-arrangements-for-obtaining-covid-19-antiviral-treatment\/","og_site_name":"LLR ICB","article_publisher":"https:\/\/www.facebook.com\/NHSLLR","article_modified_time":"2024-02-06T17:53:04+00:00","twitter_card":"summary_large_image","twitter_site":"@NHS_LLR","twitter_misc":{"Szacowany czas czytania":"2 minuty"},"schema":{"@context":"https:\/\/schema.org","@graph":[{"@type":"WebPage","@id":"https:\/\/leicesterleicestershireandrutland.icb.nhs.uk\/your-health\/new-arrangements-for-obtaining-covid-19-antiviral-treatment\/","url":"https:\/\/leicesterleicestershireandrutland.icb.nhs.uk\/your-health\/new-arrangements-for-obtaining-covid-19-antiviral-treatment\/","name":"New arrangements for obtaining Covid-19 antiviral treatment - LLR ICB","isPartOf":{"@id":"https:\/\/leicesterleicestershireandrutland.icb.nhs.uk\/#website"},"datePublished":"2023-09-12T12:29:39+00:00","dateModified":"2024-02-06T17:53:04+00:00","breadcrumb":{"@id":"https:\/\/leicesterleicestershireandrutland.icb.nhs.uk\/your-health\/new-arrangements-for-obtaining-covid-19-antiviral-treatment\/#breadcrumb"},"inLanguage":"pl-PL","potentialAction":[{"@type":"ReadAction","target":["https:\/\/leicesterleicestershireandrutland.icb.nhs.uk\/your-health\/new-arrangements-for-obtaining-covid-19-antiviral-treatment\/"]}]},{"@type":"BreadcrumbList","@id":"https:\/\/leicesterleicestershireandrutland.icb.nhs.uk\/your-health\/new-arrangements-for-obtaining-covid-19-antiviral-treatment\/#breadcrumb","itemListElement":[{"@type":"ListItem","position":1,"name":"Home","item":"https:\/\/leicesterleicestershireandrutland.icb.nhs.uk\/"},{"@type":"ListItem","position":2,"name":"Your Health","item":"https:\/\/leicesterleicestershireandrutland.icb.nhs.uk\/your-health\/"},{"@type":"ListItem","position":3,"name":"New arrangements for obtaining Covid-19 antiviral treatment"}]},{"@type":"WebSite","@id":"https:\/\/leicesterleicestershireandrutland.icb.nhs.uk\/#website","url":"https:\/\/leicesterleicestershireandrutland.icb.nhs.uk\/","name":"LLR ICB","description":"Zintegrowana Rada Opieki LLR","publisher":{"@id":"https:\/\/leicesterleicestershireandrutland.icb.nhs.uk\/#organization"},"potentialAction":[{"@type":"SearchAction","target":{"@type":"EntryPoint","urlTemplate":"https:\/\/leicesterleicestershireandrutland.icb.nhs.uk\/?s={search_term_string}"},"query-input":{"@type":"PropertyValueSpecification","valueRequired":true,"valueName":"search_term_string"}}],"inLanguage":"pl-PL"},{"@type":"Organization","@id":"https:\/\/leicesterleicestershireandrutland.icb.nhs.uk\/#organization","name":"LLR ICB","url":"https:\/\/leicesterleicestershireandrutland.icb.nhs.uk\/","logo":{"@type":"ImageObject","inLanguage":"pl-PL","@id":"https:\/\/leicesterleicestershireandrutland.icb.nhs.uk\/#\/schema\/logo\/image\/","url":"https:\/\/i0.wp.com\/leicesterleicestershireandrutland.icb.nhs.uk\/wp-content\/uploads\/2022\/06\/New-Project-4.jpg?fit=452%2C93&ssl=1","contentUrl":"https:\/\/i0.wp.com\/leicesterleicestershireandrutland.icb.nhs.uk\/wp-content\/uploads\/2022\/06\/New-Project-4.jpg?fit=452%2C93&ssl=1","width":452,"height":93,"caption":"LLR ICB"},"image":{"@id":"https:\/\/leicesterleicestershireandrutland.icb.nhs.uk\/#\/schema\/logo\/image\/"},"sameAs":["https:\/\/www.facebook.com\/NHSLLR","https:\/\/x.com\/NHS_LLR","https:\/\/www.instagram.com\/nhsllr\/"]}]}},"jetpack_sharing_enabled":true,"_links":{"self":[{"href":"https:\/\/leicesterleicestershireandrutland.icb.nhs.uk\/pl\/wp-json\/wp\/v2\/pages\/12465","targetHints":{"allow":["GET"]}}],"collection":[{"href":"https:\/\/leicesterleicestershireandrutland.icb.nhs.uk\/pl\/wp-json\/wp\/v2\/pages"}],"about":[{"href":"https:\/\/leicesterleicestershireandrutland.icb.nhs.uk\/pl\/wp-json\/wp\/v2\/types\/page"}],"author":[{"embeddable":true,"href":"https:\/\/leicesterleicestershireandrutland.icb.nhs.uk\/pl\/wp-json\/wp\/v2\/users\/9"}],"replies":[{"embeddable":true,"href":"https:\/\/leicesterleicestershireandrutland.icb.nhs.uk\/pl\/wp-json\/wp\/v2\/comments?post=12465"}],"version-history":[{"count":4,"href":"https:\/\/leicesterleicestershireandrutland.icb.nhs.uk\/pl\/wp-json\/wp\/v2\/pages\/12465\/revisions"}],"predecessor-version":[{"id":12469,"href":"https:\/\/leicesterleicestershireandrutland.icb.nhs.uk\/pl\/wp-json\/wp\/v2\/pages\/12465\/revisions\/12469"}],"up":[{"embeddable":true,"href":"https:\/\/leicesterleicestershireandrutland.icb.nhs.uk\/pl\/wp-json\/wp\/v2\/pages\/253"}],"wp:attachment":[{"href":"https:\/\/leicesterleicestershireandrutland.icb.nhs.uk\/pl\/wp-json\/wp\/v2\/media?parent=12465"}],"curies":[{"name":"wp","href":"https:\/\/api.w.org\/{rel}","templated":true}]}}