{"id":1247,"date":"2022-07-05T14:01:12","date_gmt":"2022-07-05T14:01:12","guid":{"rendered":"https:\/\/leicesterleicestershireandrutland.icb.nhs.uk\/?page_id=1247"},"modified":"2024-09-26T10:33:14","modified_gmt":"2024-09-26T10:33:14","slug":"local-clinics","status":"publish","type":"page","link":"https:\/\/leicesterleicestershireandrutland.icb.nhs.uk\/pl\/your-health\/vaccinations\/local-clinics\/","title":{"rendered":"Twoje lokalne kliniki szczepie\u0144"},"content":{"rendered":"<div data-elementor-type=\"wp-page\" data-elementor-id=\"1247\" class=\"elementor elementor-1247\" data-elementor-post-type=\"page\">\n\t\t\t\t\t\t<section data-particle_enable=\"false\" data-particle-mobile-disabled=\"false\" class=\"elementor-section elementor-top-section elementor-element elementor-element-5f27c0df elementor-section-boxed elementor-section-height-default elementor-section-height-default\" data-id=\"5f27c0df\" data-element_type=\"section\" data-e-type=\"section\" data-settings=\"{&quot;background_background&quot;:&quot;classic&quot;}\">\n\t\t\t\t\t\t\t<div class=\"elementor-background-overlay\"><\/div>\n\t\t\t\t\t\t\t<div class=\"elementor-container elementor-column-gap-default\">\n\t\t\t\t\t<div class=\"elementor-column elementor-col-100 elementor-top-column elementor-element elementor-element-4788c988\" data-id=\"4788c988\" data-element_type=\"column\" data-e-type=\"column\">\n\t\t\t<div class=\"elementor-widget-wrap elementor-element-populated\">\n\t\t\t\t\t\t<div class=\"elementor-element elementor-element-47e120a3 elementor-widget elementor-widget-heading\" data-id=\"47e120a3\" data-element_type=\"widget\" data-e-type=\"widget\" data-widget_type=\"heading.default\">\n\t\t\t\t<div class=\"elementor-widget-container\">\n\t\t\t\t\t<h1 class=\"elementor-heading-title elementor-size-default\">Twoje lokalne przychodnie szczepie\u0144 Covid<\/h1>\t\t\t\t<\/div>\n\t\t\t\t<\/div>\n\t\t\t\t<div class=\"elementor-element elementor-element-4da8919f elementor-widget-divider--view-line elementor-widget elementor-widget-divider\" data-id=\"4da8919f\" data-element_type=\"widget\" data-e-type=\"widget\" data-widget_type=\"divider.default\">\n\t\t\t\t<div class=\"elementor-widget-container\">\n\t\t\t\t\t\t\t<div class=\"elementor-divider\">\n\t\t\t<span class=\"elementor-divider-separator\">\n\t\t\t\t\t\t<\/span>\n\t\t<\/div>\n\t\t\t\t\t\t<\/div>\n\t\t\t\t<\/div>\n\t\t\t\t\t<\/div>\n\t\t<\/div>\n\t\t\t\t\t<\/div>\n\t\t<\/section>\n\t\t\t\t<section data-particle_enable=\"false\" data-particle-mobile-disabled=\"false\" class=\"elementor-section elementor-top-section elementor-element elementor-element-3522351 elementor-section-boxed elementor-section-height-default elementor-section-height-default\" data-id=\"3522351\" data-element_type=\"section\" data-e-type=\"section\">\n\t\t\t\t\t\t<div class=\"elementor-container elementor-column-gap-default\">\n\t\t\t\t\t<div class=\"elementor-column elementor-col-100 elementor-top-column elementor-element elementor-element-be85e17\" data-id=\"be85e17\" data-element_type=\"column\" data-e-type=\"column\">\n\t\t\t<div class=\"elementor-widget-wrap elementor-element-populated\">\n\t\t\t\t\t\t<div class=\"elementor-element elementor-element-5817cb0 elementor-widget elementor-widget-text-editor\" data-id=\"5817cb0\" data-element_type=\"widget\" data-e-type=\"widget\" data-widget_type=\"text-editor.default\">\n\t\t\t\t<div class=\"elementor-widget-container\">\n\t\t\t\t\t\t\t\t\t<ul><li>Przed udaniem si\u0119 na szczepienie prosz\u0119 sprawdzi\u0107, jakie dawki (1., 2., 3. dawka, 1. i 2. dawka przypominaj\u0105ca) oferuje ka\u017cda przychodnia i dla jakich grup wiekowych, zgodnie z poni\u017cszym wykazem.<strong>\u00a0<\/strong><\/li><li><strong>Wiosenne dopalacze<\/strong>\u00a0(2nd boosters) dla os\u00f3b uprawnionych: Wiosenne boostery dla os\u00f3b uprawnionych nale\u017cy wykona\u0107 po 6 miesi\u0105cach od podania ostatniej dawki szczepionki COVID-19.<\/li><li>Prosz\u0119 zwr\u00f3ci\u0107 uwag\u0119,\u00a0<strong>3. dawki<\/strong>\u00a0s\u0105\u00a0<strong>nie to samo<\/strong>\u00a0jako Boostery. Aby otrzyma\u0107 trzeci\u0105 dawk\u0119, nale\u017cy przedstawi\u0107 pisemne potwierdzenie\/kwalifikacj\u0119.<\/li><li>Wi\u0119cej przychodni jest dodawanych regularnie, prosz\u0119 sprawdzi\u0107 tutaj, aby uzyska\u0107 aktualizacje.<\/li><\/ul>\t\t\t\t\t\t\t\t<\/div>\n\t\t\t\t<\/div>\n\t\t\t\t\t<\/div>\n\t\t<\/div>\n\t\t\t\t\t<\/div>\n\t\t<\/section>\n\t\t\t\t<\/div>","protected":false},"excerpt":{"rendered":"<p>Your local Covid vaccination walk-in clinics Please check which doses (1st, 2nd, 3rd doses, 1st and 2nd boosters) each clinic is offering, and for which age groups, as listed below, [&hellip;]<\/p>\n","protected":false},"author":1,"featured_media":0,"parent":18049,"menu_order":0,"comment_status":"closed","ping_status":"closed","template":"","meta":{"_eb_attr":"","footnotes":""},"class_list":["post-1247","page","type-page","status-publish","hentry"],"yoast_head":"<!-- This site is optimized with the Yoast SEO plugin v27.5 - https:\/\/yoast.com\/product\/yoast-seo-wordpress\/ -->\n<title>Your Local Vaccination Clinics - LLR ICB<\/title>\n<meta name=\"robots\" content=\"index, follow, max-snippet:-1, max-image-preview:large, max-video-preview:-1\" \/>\n<link rel=\"canonical\" href=\"https:\/\/leicesterleicestershireandrutland.icb.nhs.uk\/pl\/your-health\/vaccinations\/local-clinics\/\" \/>\n<meta property=\"og:locale\" content=\"pl_PL\" \/>\n<meta property=\"og:type\" content=\"article\" \/>\n<meta property=\"og:title\" content=\"Your Local Vaccination Clinics - LLR ICB\" \/>\n<meta property=\"og:description\" content=\"Your local Covid vaccination walk-in clinics Please check which doses (1st, 2nd, 3rd doses, 1st and 2nd boosters) each clinic is offering, and for which age groups, as listed below, [&hellip;]\" \/>\n<meta property=\"og:url\" content=\"https:\/\/leicesterleicestershireandrutland.icb.nhs.uk\/pl\/your-health\/vaccinations\/local-clinics\/\" \/>\n<meta property=\"og:site_name\" content=\"LLR ICB\" \/>\n<meta property=\"article:publisher\" content=\"https:\/\/www.facebook.com\/NHSLLR\" \/>\n<meta property=\"article:modified_time\" content=\"2024-09-26T10:33:14+00:00\" \/>\n<meta name=\"twitter:card\" content=\"summary_large_image\" \/>\n<meta name=\"twitter:site\" content=\"@NHS_LLR\" \/>\n<meta name=\"twitter:label1\" content=\"Szacowany czas czytania\" \/>\n\t<meta name=\"twitter:data1\" content=\"1 minuta\" \/>\n<script type=\"application\/ld+json\" class=\"yoast-schema-graph\">{\"@context\":\"https:\\\/\\\/schema.org\",\"@graph\":[{\"@type\":\"WebPage\",\"@id\":\"https:\\\/\\\/leicesterleicestershireandrutland.icb.nhs.uk\\\/your-health\\\/vaccinations\\\/local-clinics\\\/\",\"url\":\"https:\\\/\\\/leicesterleicestershireandrutland.icb.nhs.uk\\\/your-health\\\/vaccinations\\\/local-clinics\\\/\",\"name\":\"Your Local Vaccination Clinics - LLR ICB\",\"isPartOf\":{\"@id\":\"https:\\\/\\\/leicesterleicestershireandrutland.icb.nhs.uk\\\/#website\"},\"datePublished\":\"2022-07-05T14:01:12+00:00\",\"dateModified\":\"2024-09-26T10:33:14+00:00\",\"breadcrumb\":{\"@id\":\"https:\\\/\\\/leicesterleicestershireandrutland.icb.nhs.uk\\\/your-health\\\/vaccinations\\\/local-clinics\\\/#breadcrumb\"},\"inLanguage\":\"pl-PL\",\"potentialAction\":[{\"@type\":\"ReadAction\",\"target\":[\"https:\\\/\\\/leicesterleicestershireandrutland.icb.nhs.uk\\\/your-health\\\/vaccinations\\\/local-clinics\\\/\"]}]},{\"@type\":\"BreadcrumbList\",\"@id\":\"https:\\\/\\\/leicesterleicestershireandrutland.icb.nhs.uk\\\/your-health\\\/vaccinations\\\/local-clinics\\\/#breadcrumb\",\"itemListElement\":[{\"@type\":\"ListItem\",\"position\":1,\"name\":\"Home\",\"item\":\"https:\\\/\\\/leicesterleicestershireandrutland.icb.nhs.uk\\\/\"},{\"@type\":\"ListItem\",\"position\":2,\"name\":\"Your Health\",\"item\":\"https:\\\/\\\/leicesterleicestershireandrutland.icb.nhs.uk\\\/your-health\\\/\"},{\"@type\":\"ListItem\",\"position\":3,\"name\":\"vaccinations\",\"item\":\"https:\\\/\\\/leicesterleicestershireandrutland.icb.nhs.uk\\\/your-health\\\/vaccinations\\\/\"},{\"@type\":\"ListItem\",\"position\":4,\"name\":\"Your Local Vaccination Clinics\"}]},{\"@type\":\"WebSite\",\"@id\":\"https:\\\/\\\/leicesterleicestershireandrutland.icb.nhs.uk\\\/#website\",\"url\":\"https:\\\/\\\/leicesterleicestershireandrutland.icb.nhs.uk\\\/\",\"name\":\"LLR ICB\",\"description\":\"LLR Integrated Care Board\",\"publisher\":{\"@id\":\"https:\\\/\\\/leicesterleicestershireandrutland.icb.nhs.uk\\\/#organization\"},\"potentialAction\":[{\"@type\":\"SearchAction\",\"target\":{\"@type\":\"EntryPoint\",\"urlTemplate\":\"https:\\\/\\\/leicesterleicestershireandrutland.icb.nhs.uk\\\/?s={search_term_string}\"},\"query-input\":{\"@type\":\"PropertyValueSpecification\",\"valueRequired\":true,\"valueName\":\"search_term_string\"}}],\"inLanguage\":\"pl-PL\"},{\"@type\":\"Organization\",\"@id\":\"https:\\\/\\\/leicesterleicestershireandrutland.icb.nhs.uk\\\/#organization\",\"name\":\"LLR ICB\",\"url\":\"https:\\\/\\\/leicesterleicestershireandrutland.icb.nhs.uk\\\/\",\"logo\":{\"@type\":\"ImageObject\",\"inLanguage\":\"pl-PL\",\"@id\":\"https:\\\/\\\/leicesterleicestershireandrutland.icb.nhs.uk\\\/#\\\/schema\\\/logo\\\/image\\\/\",\"url\":\"https:\\\/\\\/i0.wp.com\\\/leicesterleicestershireandrutland.icb.nhs.uk\\\/wp-content\\\/uploads\\\/2022\\\/06\\\/New-Project-4.jpg?fit=452%2C93&ssl=1\",\"contentUrl\":\"https:\\\/\\\/i0.wp.com\\\/leicesterleicestershireandrutland.icb.nhs.uk\\\/wp-content\\\/uploads\\\/2022\\\/06\\\/New-Project-4.jpg?fit=452%2C93&ssl=1\",\"width\":452,\"height\":93,\"caption\":\"LLR ICB\"},\"image\":{\"@id\":\"https:\\\/\\\/leicesterleicestershireandrutland.icb.nhs.uk\\\/#\\\/schema\\\/logo\\\/image\\\/\"},\"sameAs\":[\"https:\\\/\\\/www.facebook.com\\\/NHSLLR\",\"https:\\\/\\\/x.com\\\/NHS_LLR\",\"https:\\\/\\\/www.instagram.com\\\/nhsllr\\\/\"]}]}<\/script>\n<!-- \/ Yoast SEO plugin. -->","yoast_head_json":{"title":"Lokalne kliniki szczepie\u0144 - LLR ICB","robots":{"index":"index","follow":"follow","max-snippet":"max-snippet:-1","max-image-preview":"max-image-preview:large","max-video-preview":"max-video-preview:-1"},"canonical":"https:\/\/leicesterleicestershireandrutland.icb.nhs.uk\/pl\/your-health\/vaccinations\/local-clinics\/","og_locale":"pl_PL","og_type":"article","og_title":"Your Local Vaccination Clinics - LLR ICB","og_description":"Your local Covid vaccination walk-in clinics Please check which doses (1st, 2nd, 3rd doses, 1st and 2nd boosters) each clinic is offering, and for which age groups, as listed below, [&hellip;]","og_url":"https:\/\/leicesterleicestershireandrutland.icb.nhs.uk\/pl\/your-health\/vaccinations\/local-clinics\/","og_site_name":"LLR ICB","article_publisher":"https:\/\/www.facebook.com\/NHSLLR","article_modified_time":"2024-09-26T10:33:14+00:00","twitter_card":"summary_large_image","twitter_site":"@NHS_LLR","twitter_misc":{"Szacowany czas czytania":"1 minuta"},"schema":{"@context":"https:\/\/schema.org","@graph":[{"@type":"WebPage","@id":"https:\/\/leicesterleicestershireandrutland.icb.nhs.uk\/your-health\/vaccinations\/local-clinics\/","url":"https:\/\/leicesterleicestershireandrutland.icb.nhs.uk\/your-health\/vaccinations\/local-clinics\/","name":"Lokalne kliniki szczepie\u0144 - LLR ICB","isPartOf":{"@id":"https:\/\/leicesterleicestershireandrutland.icb.nhs.uk\/#website"},"datePublished":"2022-07-05T14:01:12+00:00","dateModified":"2024-09-26T10:33:14+00:00","breadcrumb":{"@id":"https:\/\/leicesterleicestershireandrutland.icb.nhs.uk\/your-health\/vaccinations\/local-clinics\/#breadcrumb"},"inLanguage":"pl-PL","potentialAction":[{"@type":"ReadAction","target":["https:\/\/leicesterleicestershireandrutland.icb.nhs.uk\/your-health\/vaccinations\/local-clinics\/"]}]},{"@type":"BreadcrumbList","@id":"https:\/\/leicesterleicestershireandrutland.icb.nhs.uk\/your-health\/vaccinations\/local-clinics\/#breadcrumb","itemListElement":[{"@type":"ListItem","position":1,"name":"Home","item":"https:\/\/leicesterleicestershireandrutland.icb.nhs.uk\/"},{"@type":"ListItem","position":2,"name":"Your Health","item":"https:\/\/leicesterleicestershireandrutland.icb.nhs.uk\/your-health\/"},{"@type":"ListItem","position":3,"name":"vaccinations","item":"https:\/\/leicesterleicestershireandrutland.icb.nhs.uk\/your-health\/vaccinations\/"},{"@type":"ListItem","position":4,"name":"Your Local Vaccination Clinics"}]},{"@type":"WebSite","@id":"https:\/\/leicesterleicestershireandrutland.icb.nhs.uk\/#website","url":"https:\/\/leicesterleicestershireandrutland.icb.nhs.uk\/","name":"LLR ICB","description":"Zintegrowana Rada Opieki LLR","publisher":{"@id":"https:\/\/leicesterleicestershireandrutland.icb.nhs.uk\/#organization"},"potentialAction":[{"@type":"SearchAction","target":{"@type":"EntryPoint","urlTemplate":"https:\/\/leicesterleicestershireandrutland.icb.nhs.uk\/?s={search_term_string}"},"query-input":{"@type":"PropertyValueSpecification","valueRequired":true,"valueName":"search_term_string"}}],"inLanguage":"pl-PL"},{"@type":"Organization","@id":"https:\/\/leicesterleicestershireandrutland.icb.nhs.uk\/#organization","name":"LLR ICB","url":"https:\/\/leicesterleicestershireandrutland.icb.nhs.uk\/","logo":{"@type":"ImageObject","inLanguage":"pl-PL","@id":"https:\/\/leicesterleicestershireandrutland.icb.nhs.uk\/#\/schema\/logo\/image\/","url":"https:\/\/i0.wp.com\/leicesterleicestershireandrutland.icb.nhs.uk\/wp-content\/uploads\/2022\/06\/New-Project-4.jpg?fit=452%2C93&ssl=1","contentUrl":"https:\/\/i0.wp.com\/leicesterleicestershireandrutland.icb.nhs.uk\/wp-content\/uploads\/2022\/06\/New-Project-4.jpg?fit=452%2C93&ssl=1","width":452,"height":93,"caption":"LLR ICB"},"image":{"@id":"https:\/\/leicesterleicestershireandrutland.icb.nhs.uk\/#\/schema\/logo\/image\/"},"sameAs":["https:\/\/www.facebook.com\/NHSLLR","https:\/\/x.com\/NHS_LLR","https:\/\/www.instagram.com\/nhsllr\/"]}]}},"jetpack_sharing_enabled":true,"_links":{"self":[{"href":"https:\/\/leicesterleicestershireandrutland.icb.nhs.uk\/pl\/wp-json\/wp\/v2\/pages\/1247","targetHints":{"allow":["GET"]}}],"collection":[{"href":"https:\/\/leicesterleicestershireandrutland.icb.nhs.uk\/pl\/wp-json\/wp\/v2\/pages"}],"about":[{"href":"https:\/\/leicesterleicestershireandrutland.icb.nhs.uk\/pl\/wp-json\/wp\/v2\/types\/page"}],"author":[{"embeddable":true,"href":"https:\/\/leicesterleicestershireandrutland.icb.nhs.uk\/pl\/wp-json\/wp\/v2\/users\/1"}],"replies":[{"embeddable":true,"href":"https:\/\/leicesterleicestershireandrutland.icb.nhs.uk\/pl\/wp-json\/wp\/v2\/comments?post=1247"}],"version-history":[{"count":201,"href":"https:\/\/leicesterleicestershireandrutland.icb.nhs.uk\/pl\/wp-json\/wp\/v2\/pages\/1247\/revisions"}],"predecessor-version":[{"id":3263,"href":"https:\/\/leicesterleicestershireandrutland.icb.nhs.uk\/pl\/wp-json\/wp\/v2\/pages\/1247\/revisions\/3263"}],"up":[{"embeddable":true,"href":"https:\/\/leicesterleicestershireandrutland.icb.nhs.uk\/pl\/wp-json\/wp\/v2\/pages\/18049"}],"wp:attachment":[{"href":"https:\/\/leicesterleicestershireandrutland.icb.nhs.uk\/pl\/wp-json\/wp\/v2\/media?parent=1247"}],"curies":[{"name":"wp","href":"https:\/\/api.w.org\/{rel}","templated":true}]}}