{"id":17434,"date":"2024-07-01T12:45:50","date_gmt":"2024-07-01T12:45:50","guid":{"rendered":"https:\/\/leicesterleicestershireandrutland.icb.nhs.uk\/?page_id=17434"},"modified":"2024-07-01T12:48:09","modified_gmt":"2024-07-01T12:48:09","slug":"patient-transport","status":"publish","type":"page","link":"https:\/\/leicesterleicestershireandrutland.icb.nhs.uk\/pl\/your-health\/patient-transport\/","title":{"rendered":"Transport pacjent\u00f3w"},"content":{"rendered":"<div data-elementor-type=\"wp-page\" data-elementor-id=\"17434\" class=\"elementor elementor-17434\" data-elementor-post-type=\"page\">\n\t\t\t\t\t\t<section data-particle_enable=\"false\" data-particle-mobile-disabled=\"false\" class=\"elementor-section elementor-top-section elementor-element elementor-element-dd66214 elementor-section-boxed elementor-section-height-default elementor-section-height-default\" data-id=\"dd66214\" data-element_type=\"section\" data-e-type=\"section\">\n\t\t\t\t\t\t<div class=\"elementor-container elementor-column-gap-default\">\n\t\t\t\t\t<div class=\"elementor-column elementor-col-100 elementor-top-column elementor-element elementor-element-d7b3315\" data-id=\"d7b3315\" data-element_type=\"column\" data-e-type=\"column\">\n\t\t\t<div class=\"elementor-widget-wrap elementor-element-populated\">\n\t\t\t\t\t\t<div class=\"elementor-element elementor-element-6fbdc3d elementor-widget elementor-widget-heading\" data-id=\"6fbdc3d\" data-element_type=\"widget\" data-e-type=\"widget\" data-widget_type=\"heading.default\">\n\t\t\t\t<div class=\"elementor-widget-container\">\n\t\t\t\t\t<h1 class=\"elementor-heading-title elementor-size-default\">Transport pacjent\u00f3w<\/h1>\t\t\t\t<\/div>\n\t\t\t\t<\/div>\n\t\t\t\t<div class=\"elementor-element elementor-element-eaa6e0b elementor-widget-divider--view-line elementor-widget elementor-widget-divider\" data-id=\"eaa6e0b\" data-element_type=\"widget\" data-e-type=\"widget\" data-widget_type=\"divider.default\">\n\t\t\t\t<div class=\"elementor-widget-container\">\n\t\t\t\t\t\t\t<div class=\"elementor-divider\">\n\t\t\t<span class=\"elementor-divider-separator\">\n\t\t\t\t\t\t<\/span>\n\t\t<\/div>\n\t\t\t\t\t\t<\/div>\n\t\t\t\t<\/div>\n\t\t\t\t<div class=\"elementor-element elementor-element-eead846 elementor-widget elementor-widget-text-editor\" data-id=\"eead846\" data-element_type=\"widget\" data-e-type=\"widget\" data-widget_type=\"text-editor.default\">\n\t\t\t\t<div class=\"elementor-widget-container\">\n\t\t\t\t\t\t\t\t\t<p><span style=\"color: var( --e-global-color-text ); font-family: var( --e-global-typography-text-font-family ), Sans-serif; font-weight: var( --e-global-typography-text-font-weight ); font-size: 1rem;\">Us\u0142ugi transportu pacjent\u00f3w pomagaj\u0105 ludziom uczestniczy\u0107 w zaplanowanych wizytach lekarskich w plac\u00f3wkach \u015bwiadcz\u0105cych us\u0142ugi NHS. Wi\u0119kszo\u015b\u0107 pacjent\u00f3w powinna podr\u00f3\u017cowa\u0107 samodzielnie transportem prywatnym lub publicznym, w razie potrzeby z pomoc\u0105 krewnych lub przyjaci\u00f3\u0142. Transport pacjent\u00f3w finansowany przez NHS jest zarezerwowany dla sytuacji, gdy stan zdrowia pacjenta oznacza, \u017ce b\u0119dzie on mia\u0142 trudno\u015bci z bezpiecznym uczestnictwem w leczeniu samodzielnie lub oczekuje si\u0119, \u017ce po leczeniu wyst\u0105pi\u0105 u niego powa\u017cne skutki uboczne, kt\u00f3re utrudni\u0105 mu to.<\/span><\/p>\t\t\t\t\t\t\t\t<\/div>\n\t\t\t\t<\/div>\n\t\t\t\t<div class=\"elementor-element elementor-element-4804d81 elementor-widget elementor-widget-heading\" data-id=\"4804d81\" data-element_type=\"widget\" data-e-type=\"widget\" data-widget_type=\"heading.default\">\n\t\t\t\t<div class=\"elementor-widget-container\">\n\t\t\t\t\t<h2 class=\"elementor-heading-title elementor-size-default\">Us\u0142uga transportu pacjent\u00f3w w stanach niecierpi\u0105cych zw\u0142oki (NEPTS)<\/h2>\t\t\t\t<\/div>\n\t\t\t\t<\/div>\n\t\t\t\t<section data-particle_enable=\"false\" data-particle-mobile-disabled=\"false\" class=\"elementor-section elementor-inner-section elementor-element elementor-element-9dc033d elementor-section-boxed elementor-section-height-default elementor-section-height-default\" data-id=\"9dc033d\" data-element_type=\"section\" data-e-type=\"section\">\n\t\t\t\t\t\t<div class=\"elementor-container elementor-column-gap-default\">\n\t\t\t\t\t<div class=\"elementor-column elementor-col-50 elementor-inner-column elementor-element elementor-element-8dd95e1\" data-id=\"8dd95e1\" data-element_type=\"column\" data-e-type=\"column\">\n\t\t\t<div class=\"elementor-widget-wrap elementor-element-populated\">\n\t\t\t\t\t\t<div class=\"elementor-element elementor-element-8fca62c elementor-widget elementor-widget-text-editor\" data-id=\"8fca62c\" data-element_type=\"widget\" data-e-type=\"widget\" data-widget_type=\"text-editor.default\">\n\t\t\t\t<div class=\"elementor-widget-container\">\n\t\t\t\t\t\t\t\t\t<p>EMED Patient Care zapewnia us\u0142ugi transportu pacjent\u00f3w w sytuacjach nieb\u0119d\u0105cych nag\u0142ymi wypadkami (NEPTS) dla os\u00f3b mieszkaj\u0105cych w Leicester, Leicestershire i Rutland. Obejmuje to transport pacjent\u00f3w poddawanych hemodializie, pacjent\u00f3w bariatrycznych i os\u00f3b b\u0119d\u0105cych u kresu \u017cycia, a tak\u017ce w przypadku rutynowego wypisu ze szpitala i pacjent\u00f3w ambulatoryjnych.<\/p><p>Us\u0142uga ta jest dost\u0119pna dla ka\u017cdego pacjenta (oraz osoby towarzysz\u0105cej, je\u015bli ma to zastosowanie) zarejestrowanego w plac\u00f3wce lekarza rodzinnego w Leicester, Leicestershire lub Rutland, pod warunkiem spe\u0142nienia kryteri\u00f3w kwalifikowalno\u015bci.<\/p><p><a href=\"http:\/\/www.emedgroup.co.uk\/leicestershire\" target=\"_blank\" rel=\"noopener\">Dowiedz si\u0119 wi\u0119cej o us\u0142udze transportu pacjent\u00f3w w przypadkach nieb\u0119d\u0105cych nag\u0142ymi (NEPTS)<\/a>, w tym odpowiedzi na najcz\u0119\u015bciej zadawane pytania, informacje o rezerwacjach i kryteria kwalifikowalno\u015bci.<\/p>\t\t\t\t\t\t\t\t<\/div>\n\t\t\t\t<\/div>\n\t\t\t\t\t<\/div>\n\t\t<\/div>\n\t\t\t\t<div class=\"elementor-column elementor-col-50 elementor-inner-column elementor-element elementor-element-ff17401\" data-id=\"ff17401\" data-element_type=\"column\" data-e-type=\"column\">\n\t\t\t<div class=\"elementor-widget-wrap elementor-element-populated\">\n\t\t\t\t\t\t<div class=\"elementor-element elementor-element-538218e elementor-widget elementor-widget-image\" data-id=\"538218e\" data-element_type=\"widget\" data-e-type=\"widget\" data-widget_type=\"image.default\">\n\t\t\t\t<div class=\"elementor-widget-container\">\n\t\t\t\t\t\t\t\t\t\t\t\t\t\t\t<img fetchpriority=\"high\" decoding=\"async\" width=\"800\" height=\"450\" src=\"https:\/\/i0.wp.com\/leicesterleicestershireandrutland.icb.nhs.uk\/wp-content\/uploads\/2024\/07\/EMED-PC-1920x1080-1.jpg?fit=800%2C450&amp;ssl=1\" class=\"attachment-large size-large wp-image-17438\" alt=\"Two members of staff from EMED Patient Care, in green uniform, standing in front of an ambulance used for non-emergency patient transport services (NEPTS)\" srcset=\"https:\/\/i0.wp.com\/leicesterleicestershireandrutland.icb.nhs.uk\/wp-content\/uploads\/2024\/07\/EMED-PC-1920x1080-1.jpg?w=1920&amp;ssl=1 1920w, https:\/\/i0.wp.com\/leicesterleicestershireandrutland.icb.nhs.uk\/wp-content\/uploads\/2024\/07\/EMED-PC-1920x1080-1.jpg?resize=300%2C169&amp;ssl=1 300w, https:\/\/i0.wp.com\/leicesterleicestershireandrutland.icb.nhs.uk\/wp-content\/uploads\/2024\/07\/EMED-PC-1920x1080-1.jpg?resize=1024%2C576&amp;ssl=1 1024w, https:\/\/i0.wp.com\/leicesterleicestershireandrutland.icb.nhs.uk\/wp-content\/uploads\/2024\/07\/EMED-PC-1920x1080-1.jpg?resize=768%2C432&amp;ssl=1 768w, https:\/\/i0.wp.com\/leicesterleicestershireandrutland.icb.nhs.uk\/wp-content\/uploads\/2024\/07\/EMED-PC-1920x1080-1.jpg?resize=1536%2C864&amp;ssl=1 1536w, https:\/\/i0.wp.com\/leicesterleicestershireandrutland.icb.nhs.uk\/wp-content\/uploads\/2024\/07\/EMED-PC-1920x1080-1.jpg?resize=18%2C10&amp;ssl=1 18w, https:\/\/i0.wp.com\/leicesterleicestershireandrutland.icb.nhs.uk\/wp-content\/uploads\/2024\/07\/EMED-PC-1920x1080-1.jpg?resize=150%2C84&amp;ssl=1 150w, https:\/\/i0.wp.com\/leicesterleicestershireandrutland.icb.nhs.uk\/wp-content\/uploads\/2024\/07\/EMED-PC-1920x1080-1.jpg?resize=800%2C450&amp;ssl=1 800w, https:\/\/i0.wp.com\/leicesterleicestershireandrutland.icb.nhs.uk\/wp-content\/uploads\/2024\/07\/EMED-PC-1920x1080-1.jpg?w=1600&amp;ssl=1 1600w\" sizes=\"(max-width: 800px) 100vw, 800px\" \/>\t\t\t\t\t\t\t\t\t\t\t\t\t\t\t<\/div>\n\t\t\t\t<\/div>\n\t\t\t\t\t<\/div>\n\t\t<\/div>\n\t\t\t\t\t<\/div>\n\t\t<\/section>\n\t\t\t\t\t<\/div>\n\t\t<\/div>\n\t\t\t\t\t<\/div>\n\t\t<\/section>\n\t\t\t\t<\/div>","protected":false},"excerpt":{"rendered":"<p>Patient transport Patient transport services support people to attend planned medical appointments at facilities providing NHS services. Most patients should travel independently by private or public transport, with the help [&hellip;]<\/p>\n","protected":false},"author":5,"featured_media":0,"parent":253,"menu_order":5,"comment_status":"closed","ping_status":"closed","template":"","meta":{"_eb_attr":"","footnotes":""},"class_list":["post-17434","page","type-page","status-publish","hentry"],"yoast_head":"<!-- This site is optimized with the Yoast SEO plugin v27.5 - https:\/\/yoast.com\/product\/yoast-seo-wordpress\/ -->\n<title>Patient transport - LLR ICB<\/title>\n<meta name=\"robots\" content=\"index, follow, max-snippet:-1, max-image-preview:large, max-video-preview:-1\" \/>\n<link rel=\"canonical\" href=\"https:\/\/leicesterleicestershireandrutland.icb.nhs.uk\/pl\/your-health\/patient-transport\/\" \/>\n<meta property=\"og:locale\" content=\"pl_PL\" \/>\n<meta property=\"og:type\" content=\"article\" \/>\n<meta property=\"og:title\" content=\"Patient transport - LLR ICB\" \/>\n<meta property=\"og:description\" content=\"Patient transport Patient transport services support people to attend planned medical appointments at facilities providing NHS services. Most patients should travel independently by private or public transport, with the help [&hellip;]\" \/>\n<meta property=\"og:url\" content=\"https:\/\/leicesterleicestershireandrutland.icb.nhs.uk\/pl\/your-health\/patient-transport\/\" \/>\n<meta property=\"og:site_name\" content=\"LLR ICB\" \/>\n<meta property=\"article:publisher\" content=\"https:\/\/www.facebook.com\/NHSLLR\" \/>\n<meta property=\"article:modified_time\" content=\"2024-07-01T12:48:09+00:00\" \/>\n<meta property=\"og:image\" content=\"https:\/\/leicesterleicestershireandrutland.icb.nhs.uk\/wp-content\/uploads\/2024\/07\/EMED-PC-1920x1080-1-1024x576.jpg\" \/>\n<meta name=\"twitter:card\" content=\"summary_large_image\" \/>\n<meta name=\"twitter:site\" content=\"@NHS_LLR\" \/>\n<meta name=\"twitter:label1\" content=\"Szacowany czas czytania\" \/>\n\t<meta name=\"twitter:data1\" content=\"1 minuta\" \/>\n<script type=\"application\/ld+json\" class=\"yoast-schema-graph\">{\"@context\":\"https:\\\/\\\/schema.org\",\"@graph\":[{\"@type\":\"WebPage\",\"@id\":\"https:\\\/\\\/leicesterleicestershireandrutland.icb.nhs.uk\\\/your-health\\\/patient-transport\\\/\",\"url\":\"https:\\\/\\\/leicesterleicestershireandrutland.icb.nhs.uk\\\/your-health\\\/patient-transport\\\/\",\"name\":\"Patient transport - LLR ICB\",\"isPartOf\":{\"@id\":\"https:\\\/\\\/leicesterleicestershireandrutland.icb.nhs.uk\\\/#website\"},\"primaryImageOfPage\":{\"@id\":\"https:\\\/\\\/leicesterleicestershireandrutland.icb.nhs.uk\\\/your-health\\\/patient-transport\\\/#primaryimage\"},\"image\":{\"@id\":\"https:\\\/\\\/leicesterleicestershireandrutland.icb.nhs.uk\\\/your-health\\\/patient-transport\\\/#primaryimage\"},\"thumbnailUrl\":\"https:\\\/\\\/leicesterleicestershireandrutland.icb.nhs.uk\\\/wp-content\\\/uploads\\\/2024\\\/07\\\/EMED-PC-1920x1080-1-1024x576.jpg\",\"datePublished\":\"2024-07-01T12:45:50+00:00\",\"dateModified\":\"2024-07-01T12:48:09+00:00\",\"breadcrumb\":{\"@id\":\"https:\\\/\\\/leicesterleicestershireandrutland.icb.nhs.uk\\\/your-health\\\/patient-transport\\\/#breadcrumb\"},\"inLanguage\":\"pl-PL\",\"potentialAction\":[{\"@type\":\"ReadAction\",\"target\":[\"https:\\\/\\\/leicesterleicestershireandrutland.icb.nhs.uk\\\/your-health\\\/patient-transport\\\/\"]}]},{\"@type\":\"ImageObject\",\"inLanguage\":\"pl-PL\",\"@id\":\"https:\\\/\\\/leicesterleicestershireandrutland.icb.nhs.uk\\\/your-health\\\/patient-transport\\\/#primaryimage\",\"url\":\"https:\\\/\\\/leicesterleicestershireandrutland.icb.nhs.uk\\\/wp-content\\\/uploads\\\/2024\\\/07\\\/EMED-PC-1920x1080-1-1024x576.jpg\",\"contentUrl\":\"https:\\\/\\\/leicesterleicestershireandrutland.icb.nhs.uk\\\/wp-content\\\/uploads\\\/2024\\\/07\\\/EMED-PC-1920x1080-1-1024x576.jpg\"},{\"@type\":\"BreadcrumbList\",\"@id\":\"https:\\\/\\\/leicesterleicestershireandrutland.icb.nhs.uk\\\/your-health\\\/patient-transport\\\/#breadcrumb\",\"itemListElement\":[{\"@type\":\"ListItem\",\"position\":1,\"name\":\"Home\",\"item\":\"https:\\\/\\\/leicesterleicestershireandrutland.icb.nhs.uk\\\/\"},{\"@type\":\"ListItem\",\"position\":2,\"name\":\"Your Health\",\"item\":\"https:\\\/\\\/leicesterleicestershireandrutland.icb.nhs.uk\\\/your-health\\\/\"},{\"@type\":\"ListItem\",\"position\":3,\"name\":\"Patient transport\"}]},{\"@type\":\"WebSite\",\"@id\":\"https:\\\/\\\/leicesterleicestershireandrutland.icb.nhs.uk\\\/#website\",\"url\":\"https:\\\/\\\/leicesterleicestershireandrutland.icb.nhs.uk\\\/\",\"name\":\"LLR ICB\",\"description\":\"LLR Integrated Care Board\",\"publisher\":{\"@id\":\"https:\\\/\\\/leicesterleicestershireandrutland.icb.nhs.uk\\\/#organization\"},\"potentialAction\":[{\"@type\":\"SearchAction\",\"target\":{\"@type\":\"EntryPoint\",\"urlTemplate\":\"https:\\\/\\\/leicesterleicestershireandrutland.icb.nhs.uk\\\/?s={search_term_string}\"},\"query-input\":{\"@type\":\"PropertyValueSpecification\",\"valueRequired\":true,\"valueName\":\"search_term_string\"}}],\"inLanguage\":\"pl-PL\"},{\"@type\":\"Organization\",\"@id\":\"https:\\\/\\\/leicesterleicestershireandrutland.icb.nhs.uk\\\/#organization\",\"name\":\"LLR ICB\",\"url\":\"https:\\\/\\\/leicesterleicestershireandrutland.icb.nhs.uk\\\/\",\"logo\":{\"@type\":\"ImageObject\",\"inLanguage\":\"pl-PL\",\"@id\":\"https:\\\/\\\/leicesterleicestershireandrutland.icb.nhs.uk\\\/#\\\/schema\\\/logo\\\/image\\\/\",\"url\":\"https:\\\/\\\/i0.wp.com\\\/leicesterleicestershireandrutland.icb.nhs.uk\\\/wp-content\\\/uploads\\\/2022\\\/06\\\/New-Project-4.jpg?fit=452%2C93&ssl=1\",\"contentUrl\":\"https:\\\/\\\/i0.wp.com\\\/leicesterleicestershireandrutland.icb.nhs.uk\\\/wp-content\\\/uploads\\\/2022\\\/06\\\/New-Project-4.jpg?fit=452%2C93&ssl=1\",\"width\":452,\"height\":93,\"caption\":\"LLR ICB\"},\"image\":{\"@id\":\"https:\\\/\\\/leicesterleicestershireandrutland.icb.nhs.uk\\\/#\\\/schema\\\/logo\\\/image\\\/\"},\"sameAs\":[\"https:\\\/\\\/www.facebook.com\\\/NHSLLR\",\"https:\\\/\\\/x.com\\\/NHS_LLR\",\"https:\\\/\\\/www.instagram.com\\\/nhsllr\\\/\"]}]}<\/script>\n<!-- \/ Yoast SEO plugin. -->","yoast_head_json":{"title":"Patient transport - LLR ICB","robots":{"index":"index","follow":"follow","max-snippet":"max-snippet:-1","max-image-preview":"max-image-preview:large","max-video-preview":"max-video-preview:-1"},"canonical":"https:\/\/leicesterleicestershireandrutland.icb.nhs.uk\/pl\/your-health\/patient-transport\/","og_locale":"pl_PL","og_type":"article","og_title":"Patient transport - LLR ICB","og_description":"Patient transport Patient transport services support people to attend planned medical appointments at facilities providing NHS services. Most patients should travel independently by private or public transport, with the help [&hellip;]","og_url":"https:\/\/leicesterleicestershireandrutland.icb.nhs.uk\/pl\/your-health\/patient-transport\/","og_site_name":"LLR ICB","article_publisher":"https:\/\/www.facebook.com\/NHSLLR","article_modified_time":"2024-07-01T12:48:09+00:00","og_image":[{"url":"https:\/\/leicesterleicestershireandrutland.icb.nhs.uk\/wp-content\/uploads\/2024\/07\/EMED-PC-1920x1080-1-1024x576.jpg","type":"","width":"","height":""}],"twitter_card":"summary_large_image","twitter_site":"@NHS_LLR","twitter_misc":{"Szacowany czas czytania":"1 minuta"},"schema":{"@context":"https:\/\/schema.org","@graph":[{"@type":"WebPage","@id":"https:\/\/leicesterleicestershireandrutland.icb.nhs.uk\/your-health\/patient-transport\/","url":"https:\/\/leicesterleicestershireandrutland.icb.nhs.uk\/your-health\/patient-transport\/","name":"Patient transport - LLR ICB","isPartOf":{"@id":"https:\/\/leicesterleicestershireandrutland.icb.nhs.uk\/#website"},"primaryImageOfPage":{"@id":"https:\/\/leicesterleicestershireandrutland.icb.nhs.uk\/your-health\/patient-transport\/#primaryimage"},"image":{"@id":"https:\/\/leicesterleicestershireandrutland.icb.nhs.uk\/your-health\/patient-transport\/#primaryimage"},"thumbnailUrl":"https:\/\/leicesterleicestershireandrutland.icb.nhs.uk\/wp-content\/uploads\/2024\/07\/EMED-PC-1920x1080-1-1024x576.jpg","datePublished":"2024-07-01T12:45:50+00:00","dateModified":"2024-07-01T12:48:09+00:00","breadcrumb":{"@id":"https:\/\/leicesterleicestershireandrutland.icb.nhs.uk\/your-health\/patient-transport\/#breadcrumb"},"inLanguage":"pl-PL","potentialAction":[{"@type":"ReadAction","target":["https:\/\/leicesterleicestershireandrutland.icb.nhs.uk\/your-health\/patient-transport\/"]}]},{"@type":"ImageObject","inLanguage":"pl-PL","@id":"https:\/\/leicesterleicestershireandrutland.icb.nhs.uk\/your-health\/patient-transport\/#primaryimage","url":"https:\/\/leicesterleicestershireandrutland.icb.nhs.uk\/wp-content\/uploads\/2024\/07\/EMED-PC-1920x1080-1-1024x576.jpg","contentUrl":"https:\/\/leicesterleicestershireandrutland.icb.nhs.uk\/wp-content\/uploads\/2024\/07\/EMED-PC-1920x1080-1-1024x576.jpg"},{"@type":"BreadcrumbList","@id":"https:\/\/leicesterleicestershireandrutland.icb.nhs.uk\/your-health\/patient-transport\/#breadcrumb","itemListElement":[{"@type":"ListItem","position":1,"name":"Home","item":"https:\/\/leicesterleicestershireandrutland.icb.nhs.uk\/"},{"@type":"ListItem","position":2,"name":"Your Health","item":"https:\/\/leicesterleicestershireandrutland.icb.nhs.uk\/your-health\/"},{"@type":"ListItem","position":3,"name":"Patient transport"}]},{"@type":"WebSite","@id":"https:\/\/leicesterleicestershireandrutland.icb.nhs.uk\/#website","url":"https:\/\/leicesterleicestershireandrutland.icb.nhs.uk\/","name":"LLR ICB","description":"Zintegrowana Rada Opieki LLR","publisher":{"@id":"https:\/\/leicesterleicestershireandrutland.icb.nhs.uk\/#organization"},"potentialAction":[{"@type":"SearchAction","target":{"@type":"EntryPoint","urlTemplate":"https:\/\/leicesterleicestershireandrutland.icb.nhs.uk\/?s={search_term_string}"},"query-input":{"@type":"PropertyValueSpecification","valueRequired":true,"valueName":"search_term_string"}}],"inLanguage":"pl-PL"},{"@type":"Organization","@id":"https:\/\/leicesterleicestershireandrutland.icb.nhs.uk\/#organization","name":"LLR ICB","url":"https:\/\/leicesterleicestershireandrutland.icb.nhs.uk\/","logo":{"@type":"ImageObject","inLanguage":"pl-PL","@id":"https:\/\/leicesterleicestershireandrutland.icb.nhs.uk\/#\/schema\/logo\/image\/","url":"https:\/\/i0.wp.com\/leicesterleicestershireandrutland.icb.nhs.uk\/wp-content\/uploads\/2022\/06\/New-Project-4.jpg?fit=452%2C93&ssl=1","contentUrl":"https:\/\/i0.wp.com\/leicesterleicestershireandrutland.icb.nhs.uk\/wp-content\/uploads\/2022\/06\/New-Project-4.jpg?fit=452%2C93&ssl=1","width":452,"height":93,"caption":"LLR ICB"},"image":{"@id":"https:\/\/leicesterleicestershireandrutland.icb.nhs.uk\/#\/schema\/logo\/image\/"},"sameAs":["https:\/\/www.facebook.com\/NHSLLR","https:\/\/x.com\/NHS_LLR","https:\/\/www.instagram.com\/nhsllr\/"]}]}},"jetpack_sharing_enabled":true,"_links":{"self":[{"href":"https:\/\/leicesterleicestershireandrutland.icb.nhs.uk\/pl\/wp-json\/wp\/v2\/pages\/17434","targetHints":{"allow":["GET"]}}],"collection":[{"href":"https:\/\/leicesterleicestershireandrutland.icb.nhs.uk\/pl\/wp-json\/wp\/v2\/pages"}],"about":[{"href":"https:\/\/leicesterleicestershireandrutland.icb.nhs.uk\/pl\/wp-json\/wp\/v2\/types\/page"}],"author":[{"embeddable":true,"href":"https:\/\/leicesterleicestershireandrutland.icb.nhs.uk\/pl\/wp-json\/wp\/v2\/users\/5"}],"replies":[{"embeddable":true,"href":"https:\/\/leicesterleicestershireandrutland.icb.nhs.uk\/pl\/wp-json\/wp\/v2\/comments?post=17434"}],"version-history":[{"count":5,"href":"https:\/\/leicesterleicestershireandrutland.icb.nhs.uk\/pl\/wp-json\/wp\/v2\/pages\/17434\/revisions"}],"predecessor-version":[{"id":17441,"href":"https:\/\/leicesterleicestershireandrutland.icb.nhs.uk\/pl\/wp-json\/wp\/v2\/pages\/17434\/revisions\/17441"}],"up":[{"embeddable":true,"href":"https:\/\/leicesterleicestershireandrutland.icb.nhs.uk\/pl\/wp-json\/wp\/v2\/pages\/253"}],"wp:attachment":[{"href":"https:\/\/leicesterleicestershireandrutland.icb.nhs.uk\/pl\/wp-json\/wp\/v2\/media?parent=17434"}],"curies":[{"name":"wp","href":"https:\/\/api.w.org\/{rel}","templated":true}]}}