{"id":17692,"date":"2024-07-16T13:14:00","date_gmt":"2024-07-16T13:14:00","guid":{"rendered":"https:\/\/leicesterleicestershireandrutland.icb.nhs.uk\/?page_id=17692"},"modified":"2024-07-16T14:15:05","modified_gmt":"2024-07-16T14:15:05","slug":"llr-care-record-working-together-to-improve-your-care-english","status":"publish","type":"page","link":"https:\/\/leicesterleicestershireandrutland.icb.nhs.uk\/pl\/your-health\/your-care-record\/llr-care-record-working-together-to-improve-your-care-english\/","title":{"rendered":"Dokumentacja opieki LLR: Wsp\u00f3lna praca na rzecz poprawy Twojej opieki (angielski)"},"content":{"rendered":"<div data-elementor-type=\"wp-page\" data-elementor-id=\"17692\" class=\"elementor elementor-17692\" data-elementor-post-type=\"page\">\n\t\t\t\t\t\t<section data-particle_enable=\"false\" data-particle-mobile-disabled=\"false\" class=\"elementor-section elementor-top-section elementor-element elementor-element-f5145c7 elementor-section-boxed elementor-section-height-default elementor-section-height-default\" data-id=\"f5145c7\" data-element_type=\"section\" data-e-type=\"section\">\n\t\t\t\t\t\t<div class=\"elementor-container elementor-column-gap-default\">\n\t\t\t\t\t<div class=\"elementor-column elementor-col-100 elementor-top-column elementor-element elementor-element-6fe1985\" data-id=\"6fe1985\" data-element_type=\"column\" data-e-type=\"column\">\n\t\t\t<div class=\"elementor-widget-wrap elementor-element-populated\">\n\t\t\t\t\t\t<div class=\"elementor-element elementor-element-dd8d272 elementor-widget elementor-widget-heading\" data-id=\"dd8d272\" data-element_type=\"widget\" data-e-type=\"widget\" data-widget_type=\"heading.default\">\n\t\t\t\t<div class=\"elementor-widget-container\">\n\t\t\t\t\t<h2 class=\"elementor-heading-title elementor-size-default\">Dokumentacja opieki LLR: Wsp\u00f3lna praca na rzecz poprawy Twojej opieki (angielski)<\/h2>\t\t\t\t<\/div>\n\t\t\t\t<\/div>\n\t\t\t\t\t<\/div>\n\t\t<\/div>\n\t\t\t\t\t<\/div>\n\t\t<\/section>\n\t\t\t\t<section data-particle_enable=\"false\" data-particle-mobile-disabled=\"false\" class=\"elementor-section elementor-top-section elementor-element elementor-element-153bd13 elementor-section-boxed elementor-section-height-default elementor-section-height-default\" data-id=\"153bd13\" data-element_type=\"section\" data-e-type=\"section\">\n\t\t\t\t\t\t<div class=\"elementor-container elementor-column-gap-default\">\n\t\t\t\t\t<div class=\"elementor-column elementor-col-100 elementor-top-column elementor-element elementor-element-d93c09d\" data-id=\"d93c09d\" data-element_type=\"column\" data-e-type=\"column\">\n\t\t\t<div class=\"elementor-widget-wrap elementor-element-populated\">\n\t\t\t\t\t\t<div class=\"elementor-element elementor-element-0897f76 elementor-widget-divider--view-line elementor-widget elementor-widget-divider\" data-id=\"0897f76\" data-element_type=\"widget\" data-e-type=\"widget\" data-widget_type=\"divider.default\">\n\t\t\t\t<div class=\"elementor-widget-container\">\n\t\t\t\t\t\t\t<div class=\"elementor-divider\">\n\t\t\t<span class=\"elementor-divider-separator\">\n\t\t\t\t\t\t<\/span>\n\t\t<\/div>\n\t\t\t\t\t\t<\/div>\n\t\t\t\t<\/div>\n\t\t\t\t\t<\/div>\n\t\t<\/div>\n\t\t\t\t\t<\/div>\n\t\t<\/section>\n\t\t\t\t<section data-particle_enable=\"false\" data-particle-mobile-disabled=\"false\" class=\"elementor-section elementor-top-section elementor-element elementor-element-d1f99e1 elementor-section-boxed elementor-section-height-default elementor-section-height-default\" data-id=\"d1f99e1\" data-element_type=\"section\" data-e-type=\"section\">\n\t\t\t\t\t\t<div class=\"elementor-container elementor-column-gap-default\">\n\t\t\t\t\t<div class=\"elementor-column elementor-col-100 elementor-top-column elementor-element elementor-element-68f0325\" data-id=\"68f0325\" data-element_type=\"column\" data-e-type=\"column\">\n\t\t\t<div class=\"elementor-widget-wrap\">\n\t\t\t\t\t\t\t<\/div>\n\t\t<\/div>\n\t\t\t\t\t<\/div>\n\t\t<\/section>\n\t\t\t\t<section data-particle_enable=\"false\" data-particle-mobile-disabled=\"false\" class=\"elementor-section elementor-top-section elementor-element elementor-element-c966151 elementor-section-boxed elementor-section-height-default elementor-section-height-default\" data-id=\"c966151\" data-element_type=\"section\" data-e-type=\"section\">\n\t\t\t\t\t\t<div class=\"elementor-container elementor-column-gap-default\">\n\t\t\t\t\t<div class=\"elementor-column elementor-col-100 elementor-top-column elementor-element elementor-element-e877ce8\" data-id=\"e877ce8\" data-element_type=\"column\" data-e-type=\"column\">\n\t\t\t<div class=\"elementor-widget-wrap elementor-element-populated\">\n\t\t\t\t\t\t<div class=\"elementor-element elementor-element-66c963b elementor-widget elementor-widget-text-editor\" data-id=\"66c963b\" data-element_type=\"widget\" data-e-type=\"widget\" data-widget_type=\"text-editor.default\">\n\t\t\t\t<div class=\"elementor-widget-container\">\n\t\t\t\t\t\t\t\t\t<p>Rejestr opieki w Leicester, Leicestershire i Rutland<\/p><p>Pracujmy razem, aby ulepszy\u0107 Twoj\u0105 opiek\u0119<\/p><p><strong>Jaka jest historia opieki w Leicester, Leicestershire i Rutland? <\/strong><\/p><p>Rejestr Opieki Leicester, Leicestershire i Rutland to bezpieczny system komputerowy gromadz\u0105cy wa\u017cne informacje na temat os\u00f3b, kt\u00f3re korzysta\u0142y z us\u0142ug \u015bwiadczonych przez lekarza pierwszego kontaktu, w lokalnym szpitalu, \u015brodowiskowej s\u0142u\u017cbie zdrowia, opiece spo\u0142ecznej lub zespo\u0142ach zajmuj\u0105cych si\u0119 zdrowiem psychicznym. Umo\u017cliwia personelowi klinicznemu i opieku\u0144czemu przegl\u0105danie w czasie rzeczywistym informacji na temat zdrowia i opieki u r\u00f3\u017cnych \u015bwiadczeniodawc\u00f3w i pomi\u0119dzy r\u00f3\u017cnymi systemami.<\/p><p>Wszystkie zapisy s\u0105 \u015bci\u015ble poufne i dost\u0119p do nich maj\u0105 wy\u0142\u0105cznie pracownicy kliniczni i opieku\u0144czy, kt\u00f3rzy s\u0105 bezpo\u015brednio zaanga\u017cowani w opiek\u0119 nad dan\u0105 osob\u0105. Rejestr opieki Leicester, Leicestershire i Rutland zawiera pewne informacje o danej osobie, na przyk\u0142ad:<\/p><ul><li>Adres i numer telefonu<\/li><li>Spotkania<\/li><li>Leki \u2013 aby wszyscy, kt\u00f3rzy si\u0119 Tob\u0105 opiekuj\u0105, mogli zobaczy\u0107, jakie leki zosta\u0142y Ci przepisane<\/li><li>Alergie \u2013 aby upewni\u0107 si\u0119, \u017ce nie przepisano Ci \u017cadnych lek\u00f3w, na kt\u00f3re mo\u017cesz wywo\u0142a\u0107 reakcj\u0119 niepo\u017c\u0105dan\u0105<\/li><li>Wyniki bada\u0144 \u2013 aby przyspieszy\u0107 leczenie i piel\u0119gnacj\u0119<\/li><li>Skierowania, pisma lekarskie i informacje o wypisach \u2013 aby mie\u0107 pewno\u015b\u0107, \u017ce osoby opiekuj\u0105ce si\u0119 Tob\u0105 posiadaj\u0105 wszystkie potrzebne informacje na temat innej opieki i leczenia, kt\u00f3re otrzymujesz gdzie indziej.<\/li><\/ul><p><strong>Kto mo\u017ce zobaczy\u0107 moj\u0105 dokumentacj\u0119 opieki w Leicester, Leicestershire i Rutland? <\/strong><\/p><p>Tylko personel kliniczny i opieku\u0144czy bezpo\u015brednio zaanga\u017cowany w Twoj\u0105 opiek\u0119 b\u0119dzie mia\u0142 dost\u0119p do Twojej dokumentacji opieki w Leicester, Leicestershire i Rutland. Nie udost\u0119pnimy ich nikomu, kto nie zapewnia Ci leczenia, opieki ani wsparcia. Twoje dane nie zostan\u0105 upublicznione ani przekazane nikomu, kto nie jest bezpo\u015brednio zaanga\u017cowany w Twoj\u0105 opiek\u0119.<\/p><p><strong>Sk\u0105d mam wiedzie\u0107, \u017ce moja dokumentacja opieki w Leicester, Leicestershire i Rutland jest bezpieczna? <\/strong><\/p><p>Twoje informacje s\u0105 bezpiecznie gromadzone z system\u00f3w klinicznych i opieki w ca\u0142ym regionie i s\u0105 wy\u015bwietlane w Rejestrze opieki w Leicester, Leicestershire i Rutland do wykorzystania podczas bezpo\u015bredniej opieki i pozostaj\u0105 poufne.<\/p><p>Rejestr opieki w Leicester, Leicestershire i Rutland zapewnia personelowi klinicznemu i opieku\u0144czemu bezpo\u015brednio zaanga\u017cowanemu w Twoj\u0105 opiek\u0119 dost\u0119p do najbardziej aktualnych informacji o Tobie.<\/p><p>Dokonuje tego poprzez wymian\u0119 odpowiednich informacji z Twojej dokumentacji zdrowotnej i opieki pomi\u0119dzy s\u0142u\u017cbami zdrowia i opiek\u0105 spo\u0142eczn\u0105 w Leicester, Leicestershire i Rutland.<\/p><p><strong>Gdzie b\u0119dzie u\u017cywany Rejestr Opieki Leicester, Leicestershire i Rutland:<\/strong><\/p><p>Przychodnie pierwszego kontaktu \/ Spo\u0142eczne us\u0142ugi opieki zdrowotnej \/ Szpitale NHS \/ Us\u0142ugi opieki spo\u0142ecznej \/ Us\u0142ugi w zakresie zdrowia psychicznego \/ Hospicja<\/p><p><strong>Jakie s\u0105 korzy\u015bci z Rejestru Opieki Leicester, Leicestershire i Rutland? <\/strong><\/p><ul><li>Wsp\u00f3lna i bezpieczniejsza opieka<\/li><li>Wi\u0119cej czasu na piel\u0119gnacj\u0119<\/li><li>Mniej formalno\u015bci<\/li><li>Twoje informacje w jednym miejscu<\/li><li>Nie musisz powtarza\u0107 szczeg\u00f3\u0142\u00f3w r\u00f3\u017cnym pracownikom klinicznym i opieku\u0144czym.<\/li><\/ul><p><strong>Scenariusz 1 <\/strong><\/p><p>Jak to dzia\u0142a?<\/p><p>Jamie jest na szkolnej wycieczce do Rutland Water i ma reakcj\u0119 alergiczn\u0105.<\/p><p>Nie mo\u017cna skontaktowa\u0107 si\u0119 z rodzicami; Jamie zostaje zabrany karetk\u0105 do szpitala.<\/p><p>Personel szpitala mo\u017ce uzyska\u0107 dost\u0119p do Rejestru opieki w Leicester, Leicestershire i Rutland, aby zobaczy\u0107 histori\u0119 leczenia Jamiego i histori\u0119 alergii.<\/p><ul><li>Leki i lista alergii: Dostarczane przez lekarza pierwszego kontaktu Jamiego<\/li><li>Podsumowanie A&amp;E: dostarczone przez personel szpitala<\/li><\/ul><p><strong>Korzy\u015b\u0107<\/strong><\/p><p>Rejestr opieki w Leicester, Leicestershire i Rutland umo\u017cliwia personelowi klinicznemu i opieku\u0144czemu zapewnienie pomocy w nag\u0142ych przypadkach, aby zapewni\u0107 Jamiemu natychmiastowe i bezpieczne leczenie.<\/p><p><strong>Scenariusz 2<\/strong><\/p><p>Harpreet przebywa w Leicester Royal Infirmary i dochodzi do siebie po upadku.<\/p><p>Podczas poprzedniego pobytu w szpitalu jej opuszczenie op\u00f3\u017aniono, poniewa\u017c zesp\u00f3\u0142 opieku\u0144czy w szpitalu przez pewien czas nie by\u0142 pewien, jakie wsparcie jest dost\u0119pne w domu.<\/p><p>Teraz, korzystaj\u0105c z Rejestru Opieki Leicester, Leicestershire i Rutland, oddzia\u0142 wypisowy mo\u017ce mie\u0107 pewno\u015b\u0107, \u017ce Harpreet w jej domu w Leicester ma zapewniony odpowiedni pakiet opieki spo\u0142ecznej.<\/p><ul><li>List wypisowy ze szpitala: Dostarczany przez personel wypisowy ze szpitala<\/li><li>Pakiet opieki spo\u0142ecznej: Zapewniany przez zesp\u00f3\u0142 opieki spo\u0142ecznej<\/li><li>Wsparcie spo\u0142eczne: zapewniane przez piel\u0119gniark\u0119 \u015brodowiskow\u0105<\/li><\/ul><p><strong>Korzy\u015b\u0107<\/strong><\/p><p>Dzielenie si\u0119 informacjami Harpreet pozwala zespo\u0142om szpitala, spo\u0142eczno\u015bci i opieki spo\u0142ecznej uzyska\u0107 wi\u0119cej informacji, co pozwala im zapewni\u0107 lepsz\u0105 i bezpieczniejsz\u0105 opiek\u0119.<\/p><p><strong>Czy mog\u0119 sprzeciwi\u0107 si\u0119 udost\u0119pnianiu mojej dokumentacji opieki w Leicester, Leicestershire i Rutland?<\/strong><\/p><p>Tak. Masz prawo sprzeciwi\u0107 si\u0119 udost\u0119pnianiu Twojej dokumentacji opieki w Leicester, Leicestershire i Rutland. Je\u015bli jednak personel potrzebuje dost\u0119pu do informacji udost\u0119pnionych w Rejestrze opieki Leicester, Leicestershire i Rutland w celu zapewnienia bezpiecznej indywidualnej opieki, ma prawny dost\u0119p.<\/p><p><strong>Jakie\u015b pytania? <\/strong><\/p><p>Je\u015bli masz jakiekolwiek pytania dotycz\u0105ce Rejestru opieki w Leicester, Leicestershire i Rutland, skontaktuj si\u0119 z dowolnym lekarzem lub pracownikiem s\u0142u\u017cby zdrowia, kt\u00f3ry mo\u017ce skierowa\u0107 Twoje zapytanie do dzia\u0142u zarz\u0105dzania informacjami w swojej organizacji.<\/p><p><strong>Dalsza informacja<\/strong><\/p><p>Wi\u0119cej informacji mo\u017cna znale\u017a\u0107 na stronie internetowej LLR ICB: <a href=\"https:\/\/leicesterleicestershireandrutland.icb.nhs.uk\/pl\/your-care-record\/\">https:\/\/leicesterleicestershireandrutland.icb.nhs.uk\/your-care-record\/<\/a><\/p><p>Aby skontaktowa\u0107 si\u0119 z zespo\u0142em programu LLR Care Record Program, wy\u015blij e-mail na adres:<\/p><p><a href=\"mailto:lpt.llrcarerecord@nhs.net\">lpt.llrcarerecord@nhs.net<\/a><\/p>\t\t\t\t\t\t\t\t<\/div>\n\t\t\t\t<\/div>\n\t\t\t\t\t<\/div>\n\t\t<\/div>\n\t\t\t\t\t<\/div>\n\t\t<\/section>\n\t\t\t\t<\/div>","protected":false},"excerpt":{"rendered":"<p>LLR Care Record: Working together to improve your care (English) Leicester, Leicestershire and Rutland Care Record Working together to improve your care What is the Leicester, Leicestershire and Rutland Care [&hellip;]<\/p>\n","protected":false},"author":9,"featured_media":0,"parent":424,"menu_order":0,"comment_status":"closed","ping_status":"closed","template":"","meta":{"_eb_attr":"","footnotes":""},"class_list":["post-17692","page","type-page","status-publish","hentry"],"yoast_head":"<!-- This site is optimized with the Yoast SEO plugin v27.4 - https:\/\/yoast.com\/product\/yoast-seo-wordpress\/ -->\n<title>LLR Care Record: Working together to improve your care (English) - LLR ICB<\/title>\n<meta name=\"robots\" content=\"index, follow, max-snippet:-1, max-image-preview:large, max-video-preview:-1\" \/>\n<link rel=\"canonical\" href=\"https:\/\/leicesterleicestershireandrutland.icb.nhs.uk\/pl\/your-health\/your-care-record\/llr-care-record-working-together-to-improve-your-care-english\/\" \/>\n<meta property=\"og:locale\" content=\"pl_PL\" \/>\n<meta property=\"og:type\" content=\"article\" \/>\n<meta property=\"og:title\" content=\"LLR Care Record: Working together to improve your care (English) - LLR ICB\" \/>\n<meta property=\"og:description\" content=\"LLR Care Record: Working together to improve your care (English) Leicester, Leicestershire and Rutland Care Record Working together to improve your care What is the Leicester, Leicestershire and Rutland Care [&hellip;]\" \/>\n<meta property=\"og:url\" content=\"https:\/\/leicesterleicestershireandrutland.icb.nhs.uk\/pl\/your-health\/your-care-record\/llr-care-record-working-together-to-improve-your-care-english\/\" \/>\n<meta property=\"og:site_name\" content=\"LLR ICB\" \/>\n<meta property=\"article:publisher\" content=\"https:\/\/www.facebook.com\/NHSLLR\" \/>\n<meta property=\"article:modified_time\" content=\"2024-07-16T14:15:05+00:00\" \/>\n<meta name=\"twitter:card\" content=\"summary_large_image\" \/>\n<meta name=\"twitter:site\" content=\"@NHS_LLR\" \/>\n<meta name=\"twitter:label1\" content=\"Szacowany czas czytania\" \/>\n\t<meta name=\"twitter:data1\" content=\"4 minuty\" \/>\n<script type=\"application\/ld+json\" class=\"yoast-schema-graph\">{\"@context\":\"https:\\\/\\\/schema.org\",\"@graph\":[{\"@type\":\"WebPage\",\"@id\":\"https:\\\/\\\/leicesterleicestershireandrutland.icb.nhs.uk\\\/your-health\\\/your-care-record\\\/llr-care-record-working-together-to-improve-your-care-english\\\/\",\"url\":\"https:\\\/\\\/leicesterleicestershireandrutland.icb.nhs.uk\\\/your-health\\\/your-care-record\\\/llr-care-record-working-together-to-improve-your-care-english\\\/\",\"name\":\"LLR Care Record: Working together to improve your care (English) - LLR ICB\",\"isPartOf\":{\"@id\":\"https:\\\/\\\/leicesterleicestershireandrutland.icb.nhs.uk\\\/#website\"},\"datePublished\":\"2024-07-16T13:14:00+00:00\",\"dateModified\":\"2024-07-16T14:15:05+00:00\",\"breadcrumb\":{\"@id\":\"https:\\\/\\\/leicesterleicestershireandrutland.icb.nhs.uk\\\/your-health\\\/your-care-record\\\/llr-care-record-working-together-to-improve-your-care-english\\\/#breadcrumb\"},\"inLanguage\":\"pl-PL\",\"potentialAction\":[{\"@type\":\"ReadAction\",\"target\":[\"https:\\\/\\\/leicesterleicestershireandrutland.icb.nhs.uk\\\/your-health\\\/your-care-record\\\/llr-care-record-working-together-to-improve-your-care-english\\\/\"]}]},{\"@type\":\"BreadcrumbList\",\"@id\":\"https:\\\/\\\/leicesterleicestershireandrutland.icb.nhs.uk\\\/your-health\\\/your-care-record\\\/llr-care-record-working-together-to-improve-your-care-english\\\/#breadcrumb\",\"itemListElement\":[{\"@type\":\"ListItem\",\"position\":1,\"name\":\"Home\",\"item\":\"https:\\\/\\\/leicesterleicestershireandrutland.icb.nhs.uk\\\/\"},{\"@type\":\"ListItem\",\"position\":2,\"name\":\"Your Health\",\"item\":\"https:\\\/\\\/leicesterleicestershireandrutland.icb.nhs.uk\\\/your-health\\\/\"},{\"@type\":\"ListItem\",\"position\":3,\"name\":\"Your Care Record\",\"item\":\"https:\\\/\\\/leicesterleicestershireandrutland.icb.nhs.uk\\\/your-health\\\/your-care-record\\\/\"},{\"@type\":\"ListItem\",\"position\":4,\"name\":\"LLR Care Record: Working together to improve your care (English)\"}]},{\"@type\":\"WebSite\",\"@id\":\"https:\\\/\\\/leicesterleicestershireandrutland.icb.nhs.uk\\\/#website\",\"url\":\"https:\\\/\\\/leicesterleicestershireandrutland.icb.nhs.uk\\\/\",\"name\":\"LLR ICB\",\"description\":\"LLR Integrated Care Board\",\"publisher\":{\"@id\":\"https:\\\/\\\/leicesterleicestershireandrutland.icb.nhs.uk\\\/#organization\"},\"potentialAction\":[{\"@type\":\"SearchAction\",\"target\":{\"@type\":\"EntryPoint\",\"urlTemplate\":\"https:\\\/\\\/leicesterleicestershireandrutland.icb.nhs.uk\\\/?s={search_term_string}\"},\"query-input\":{\"@type\":\"PropertyValueSpecification\",\"valueRequired\":true,\"valueName\":\"search_term_string\"}}],\"inLanguage\":\"pl-PL\"},{\"@type\":\"Organization\",\"@id\":\"https:\\\/\\\/leicesterleicestershireandrutland.icb.nhs.uk\\\/#organization\",\"name\":\"LLR ICB\",\"url\":\"https:\\\/\\\/leicesterleicestershireandrutland.icb.nhs.uk\\\/\",\"logo\":{\"@type\":\"ImageObject\",\"inLanguage\":\"pl-PL\",\"@id\":\"https:\\\/\\\/leicesterleicestershireandrutland.icb.nhs.uk\\\/#\\\/schema\\\/logo\\\/image\\\/\",\"url\":\"https:\\\/\\\/i0.wp.com\\\/leicesterleicestershireandrutland.icb.nhs.uk\\\/wp-content\\\/uploads\\\/2022\\\/06\\\/New-Project-4.jpg?fit=452%2C93&ssl=1\",\"contentUrl\":\"https:\\\/\\\/i0.wp.com\\\/leicesterleicestershireandrutland.icb.nhs.uk\\\/wp-content\\\/uploads\\\/2022\\\/06\\\/New-Project-4.jpg?fit=452%2C93&ssl=1\",\"width\":452,\"height\":93,\"caption\":\"LLR ICB\"},\"image\":{\"@id\":\"https:\\\/\\\/leicesterleicestershireandrutland.icb.nhs.uk\\\/#\\\/schema\\\/logo\\\/image\\\/\"},\"sameAs\":[\"https:\\\/\\\/www.facebook.com\\\/NHSLLR\",\"https:\\\/\\\/x.com\\\/NHS_LLR\",\"https:\\\/\\\/www.instagram.com\\\/nhsllr\\\/\"]}]}<\/script>\n<!-- \/ Yoast SEO plugin. -->","yoast_head_json":{"title":"Rejestr opieki LLR: Wsp\u00f3\u0142praca na rzecz poprawy opieki (po angielsku) - LLR ICB","robots":{"index":"index","follow":"follow","max-snippet":"max-snippet:-1","max-image-preview":"max-image-preview:large","max-video-preview":"max-video-preview:-1"},"canonical":"https:\/\/leicesterleicestershireandrutland.icb.nhs.uk\/pl\/your-health\/your-care-record\/llr-care-record-working-together-to-improve-your-care-english\/","og_locale":"pl_PL","og_type":"article","og_title":"LLR Care Record: Working together to improve your care (English) - LLR ICB","og_description":"LLR Care Record: Working together to improve your care (English) Leicester, Leicestershire and Rutland Care Record Working together to improve your care What is the Leicester, Leicestershire and Rutland Care [&hellip;]","og_url":"https:\/\/leicesterleicestershireandrutland.icb.nhs.uk\/pl\/your-health\/your-care-record\/llr-care-record-working-together-to-improve-your-care-english\/","og_site_name":"LLR ICB","article_publisher":"https:\/\/www.facebook.com\/NHSLLR","article_modified_time":"2024-07-16T14:15:05+00:00","twitter_card":"summary_large_image","twitter_site":"@NHS_LLR","twitter_misc":{"Szacowany czas czytania":"4 minuty"},"schema":{"@context":"https:\/\/schema.org","@graph":[{"@type":"WebPage","@id":"https:\/\/leicesterleicestershireandrutland.icb.nhs.uk\/your-health\/your-care-record\/llr-care-record-working-together-to-improve-your-care-english\/","url":"https:\/\/leicesterleicestershireandrutland.icb.nhs.uk\/your-health\/your-care-record\/llr-care-record-working-together-to-improve-your-care-english\/","name":"Rejestr opieki LLR: Wsp\u00f3\u0142praca na rzecz poprawy opieki (po angielsku) - LLR ICB","isPartOf":{"@id":"https:\/\/leicesterleicestershireandrutland.icb.nhs.uk\/#website"},"datePublished":"2024-07-16T13:14:00+00:00","dateModified":"2024-07-16T14:15:05+00:00","breadcrumb":{"@id":"https:\/\/leicesterleicestershireandrutland.icb.nhs.uk\/your-health\/your-care-record\/llr-care-record-working-together-to-improve-your-care-english\/#breadcrumb"},"inLanguage":"pl-PL","potentialAction":[{"@type":"ReadAction","target":["https:\/\/leicesterleicestershireandrutland.icb.nhs.uk\/your-health\/your-care-record\/llr-care-record-working-together-to-improve-your-care-english\/"]}]},{"@type":"BreadcrumbList","@id":"https:\/\/leicesterleicestershireandrutland.icb.nhs.uk\/your-health\/your-care-record\/llr-care-record-working-together-to-improve-your-care-english\/#breadcrumb","itemListElement":[{"@type":"ListItem","position":1,"name":"Home","item":"https:\/\/leicesterleicestershireandrutland.icb.nhs.uk\/"},{"@type":"ListItem","position":2,"name":"Your Health","item":"https:\/\/leicesterleicestershireandrutland.icb.nhs.uk\/your-health\/"},{"@type":"ListItem","position":3,"name":"Your Care Record","item":"https:\/\/leicesterleicestershireandrutland.icb.nhs.uk\/your-health\/your-care-record\/"},{"@type":"ListItem","position":4,"name":"LLR Care Record: Working together to improve your care (English)"}]},{"@type":"WebSite","@id":"https:\/\/leicesterleicestershireandrutland.icb.nhs.uk\/#website","url":"https:\/\/leicesterleicestershireandrutland.icb.nhs.uk\/","name":"LLR ICB","description":"Zintegrowana Rada Opieki LLR","publisher":{"@id":"https:\/\/leicesterleicestershireandrutland.icb.nhs.uk\/#organization"},"potentialAction":[{"@type":"SearchAction","target":{"@type":"EntryPoint","urlTemplate":"https:\/\/leicesterleicestershireandrutland.icb.nhs.uk\/?s={search_term_string}"},"query-input":{"@type":"PropertyValueSpecification","valueRequired":true,"valueName":"search_term_string"}}],"inLanguage":"pl-PL"},{"@type":"Organization","@id":"https:\/\/leicesterleicestershireandrutland.icb.nhs.uk\/#organization","name":"LLR ICB","url":"https:\/\/leicesterleicestershireandrutland.icb.nhs.uk\/","logo":{"@type":"ImageObject","inLanguage":"pl-PL","@id":"https:\/\/leicesterleicestershireandrutland.icb.nhs.uk\/#\/schema\/logo\/image\/","url":"https:\/\/i0.wp.com\/leicesterleicestershireandrutland.icb.nhs.uk\/wp-content\/uploads\/2022\/06\/New-Project-4.jpg?fit=452%2C93&ssl=1","contentUrl":"https:\/\/i0.wp.com\/leicesterleicestershireandrutland.icb.nhs.uk\/wp-content\/uploads\/2022\/06\/New-Project-4.jpg?fit=452%2C93&ssl=1","width":452,"height":93,"caption":"LLR ICB"},"image":{"@id":"https:\/\/leicesterleicestershireandrutland.icb.nhs.uk\/#\/schema\/logo\/image\/"},"sameAs":["https:\/\/www.facebook.com\/NHSLLR","https:\/\/x.com\/NHS_LLR","https:\/\/www.instagram.com\/nhsllr\/"]}]}},"jetpack_sharing_enabled":true,"_links":{"self":[{"href":"https:\/\/leicesterleicestershireandrutland.icb.nhs.uk\/pl\/wp-json\/wp\/v2\/pages\/17692","targetHints":{"allow":["GET"]}}],"collection":[{"href":"https:\/\/leicesterleicestershireandrutland.icb.nhs.uk\/pl\/wp-json\/wp\/v2\/pages"}],"about":[{"href":"https:\/\/leicesterleicestershireandrutland.icb.nhs.uk\/pl\/wp-json\/wp\/v2\/types\/page"}],"author":[{"embeddable":true,"href":"https:\/\/leicesterleicestershireandrutland.icb.nhs.uk\/pl\/wp-json\/wp\/v2\/users\/9"}],"replies":[{"embeddable":true,"href":"https:\/\/leicesterleicestershireandrutland.icb.nhs.uk\/pl\/wp-json\/wp\/v2\/comments?post=17692"}],"version-history":[{"count":8,"href":"https:\/\/leicesterleicestershireandrutland.icb.nhs.uk\/pl\/wp-json\/wp\/v2\/pages\/17692\/revisions"}],"predecessor-version":[{"id":26531,"href":"https:\/\/leicesterleicestershireandrutland.icb.nhs.uk\/pl\/wp-json\/wp\/v2\/pages\/17692\/revisions\/26531"}],"up":[{"embeddable":true,"href":"https:\/\/leicesterleicestershireandrutland.icb.nhs.uk\/pl\/wp-json\/wp\/v2\/pages\/424"}],"wp:attachment":[{"href":"https:\/\/leicesterleicestershireandrutland.icb.nhs.uk\/pl\/wp-json\/wp\/v2\/media?parent=17692"}],"curies":[{"name":"wp","href":"https:\/\/api.w.org\/{rel}","templated":true}]}}