{"id":17704,"date":"2024-07-16T13:44:58","date_gmt":"2024-07-16T13:44:58","guid":{"rendered":"https:\/\/leicesterleicestershireandrutland.icb.nhs.uk\/?page_id=17704"},"modified":"2024-07-16T13:48:31","modified_gmt":"2024-07-16T13:48:31","slug":"llr-care-record-working-together-to-improve-your-care-polish","status":"publish","type":"page","link":"https:\/\/leicesterleicestershireandrutland.icb.nhs.uk\/pl\/your-health\/your-care-record\/llr-care-record-working-together-to-improve-your-care-polish\/","title":{"rendered":"Dokumentacja opieki LLR: Wsp\u00f3lna praca na rzecz poprawy Twojej opieki (polski)"},"content":{"rendered":"<div data-elementor-type=\"wp-page\" data-elementor-id=\"17704\" class=\"elementor elementor-17704\" data-elementor-post-type=\"page\">\n\t\t\t\t\t\t<section data-particle_enable=\"false\" data-particle-mobile-disabled=\"false\" class=\"elementor-section elementor-top-section elementor-element elementor-element-be54f19 elementor-section-boxed elementor-section-height-default elementor-section-height-default\" data-id=\"be54f19\" data-element_type=\"section\" data-e-type=\"section\">\n\t\t\t\t\t\t<div class=\"elementor-container elementor-column-gap-default\">\n\t\t\t\t\t<div class=\"elementor-column elementor-col-100 elementor-top-column elementor-element elementor-element-a160478\" data-id=\"a160478\" data-element_type=\"column\" data-e-type=\"column\">\n\t\t\t<div class=\"elementor-widget-wrap elementor-element-populated\">\n\t\t\t\t\t\t<div class=\"elementor-element elementor-element-ec9ad7f elementor-widget elementor-widget-heading\" data-id=\"ec9ad7f\" data-element_type=\"widget\" data-e-type=\"widget\" data-widget_type=\"heading.default\">\n\t\t\t\t<div class=\"elementor-widget-container\">\n\t\t\t\t\t<h2 class=\"elementor-heading-title elementor-size-default\">Dokumentacja opieki LLR: Wsp\u00f3lna praca na rzecz poprawy Twojej opieki (polski)<\/h2>\t\t\t\t<\/div>\n\t\t\t\t<\/div>\n\t\t\t\t\t<\/div>\n\t\t<\/div>\n\t\t\t\t\t<\/div>\n\t\t<\/section>\n\t\t\t\t<section data-particle_enable=\"false\" data-particle-mobile-disabled=\"false\" class=\"elementor-section elementor-top-section elementor-element elementor-element-142db8d elementor-section-boxed elementor-section-height-default elementor-section-height-default\" data-id=\"142db8d\" data-element_type=\"section\" data-e-type=\"section\">\n\t\t\t\t\t\t<div class=\"elementor-container elementor-column-gap-default\">\n\t\t\t\t\t<div class=\"elementor-column elementor-col-100 elementor-top-column elementor-element elementor-element-6ee7e44\" data-id=\"6ee7e44\" data-element_type=\"column\" data-e-type=\"column\">\n\t\t\t<div class=\"elementor-widget-wrap elementor-element-populated\">\n\t\t\t\t\t\t<div class=\"elementor-element elementor-element-d54a2e6 elementor-widget-divider--view-line elementor-widget elementor-widget-divider\" data-id=\"d54a2e6\" data-element_type=\"widget\" data-e-type=\"widget\" data-widget_type=\"divider.default\">\n\t\t\t\t<div class=\"elementor-widget-container\">\n\t\t\t\t\t\t\t<div class=\"elementor-divider\">\n\t\t\t<span class=\"elementor-divider-separator\">\n\t\t\t\t\t\t<\/span>\n\t\t<\/div>\n\t\t\t\t\t\t<\/div>\n\t\t\t\t<\/div>\n\t\t\t\t\t<\/div>\n\t\t<\/div>\n\t\t\t\t\t<\/div>\n\t\t<\/section>\n\t\t\t\t<section data-particle_enable=\"false\" data-particle-mobile-disabled=\"false\" class=\"elementor-section elementor-top-section elementor-element elementor-element-1ee2e1a elementor-section-boxed elementor-section-height-default elementor-section-height-default\" data-id=\"1ee2e1a\" data-element_type=\"section\" data-e-type=\"section\">\n\t\t\t\t\t\t<div class=\"elementor-container elementor-column-gap-default\">\n\t\t\t\t\t<div class=\"elementor-column elementor-col-100 elementor-top-column elementor-element elementor-element-d6df5aa\" data-id=\"d6df5aa\" data-element_type=\"column\" data-e-type=\"column\">\n\t\t\t<div class=\"elementor-widget-wrap elementor-element-populated\">\n\t\t\t\t\t\t<div class=\"elementor-element elementor-element-e47d10b elementor-widget elementor-widget-text-editor\" data-id=\"e47d10b\" data-element_type=\"widget\" data-e-type=\"widget\" data-widget_type=\"text-editor.default\">\n\t\t\t\t<div class=\"elementor-widget-container\">\n\t\t\t\t\t\t\t\t\t<p>Rejestr opieki w Leicester, Leicestershire i Rutland<\/p><p>\u00a0<\/p><p>Wsp\u00f3\u0142pracujemy, aby podnosi\u0107 poziom opieki nad pacjentem<\/p><p><strong>Czym jest rejestr Leicester, Leicestershire i Rutland Care Record? <\/strong><\/p><p>\u00a0<\/p><p>Leicester, Leicestershire i Rutland Care Record w bezpiecznym systemie komputerowym, w kt\u00f3rym znajduje si\u0119 gromadzone, s\u0105 wa\u017cne informacje o osobie, kt\u00f3re korzystaj\u0105 z us\u0142ug po\u0142\u0105czenia przez pierwszego kontaktu, w po\u0142\u0105czeniu z komputerem oraz za po\u015brednictwem konta komunikacyjnego, opieki spo\u0142ecznej lub ds. zdrowia psychicznego. W\u0142\u0105cz dost\u0119p do personelu medycznego na bie\u017c\u0105co do informacji o zdrowiu i elementach r\u00f3\u017cnych \u015bwiadczeniodawc\u00f3w i r\u00f3\u017cnych system\u00f3w.<\/p><p>\u00a0<\/p><p>Wszystkie wpisy s\u0105 poufne, a dost\u0119p do nich jest dost\u0119pny wy\u0142\u0105cznie dla pracownik\u00f3w medycznych bezpo\u015brednio zaanga\u017cowanych w miejsce nad konkretnym pacjentem. Rejestr Leicester, Leicestershire i Rutland Care Record zawiera pewne dane osobowe, na przyk\u0142ad:<\/p><p>\u00a0<\/p><ul><li>Adres i numer telefonu<\/li><li>Terminy wizyt<\/li><li>Leki \u2013 aby wszystkie osoby zosta\u0142y odpowiedzialne za przekazanie danych, jakie leki zosta\u0142y przepisane<\/li><li>Alergie \u2013 aby nie przepisa\u0107 ani nie mo\u017cna zastosowa\u0107 rozwi\u0105zania, kt\u00f3re mo\u017ce by\u0107 niepo\u017c\u0105dane<\/li><li>Wyniki bada\u0144 \u2013 w celu leczenia i leczenia<\/li><li>Skierowania, listy obecno\u015bci i informacje wypisane \u2013 aby by\u0107 umieszczonym, \u017ce osoba opiekuj\u0105ca si\u0119 pacjentem ma wszystkie potrzebne informacje o innych rodzajach opieki i leczenia, przy czym pacjent jest obj\u0119ty w innym miejscu.<\/li><\/ul><p>\u00a0<\/p><p><strong>Kto mo\u017ce zobaczy\u0107 moje dane z rejestru Leicester, Leicestershire i Rutland Care Record? <\/strong><\/p><p>\u00a0<\/p><p>Tylko personel medyczny, kt\u00f3ry jest bezpo\u015brednio dost\u0119pny, nad Tob\u0105 zobacz Twoje informacje z rejestru Leicester, Leicestershire i Rutland Care Record. Nie udost\u0119pniamy ich osobie, kt\u00f3ra nie jest traktowana przez Ciebie, powinna by\u0107 nad tob\u0105 lub zapewnia wsparcie. Twoje dane nie zosta\u0142y przekazane do wiadomo\u015bci publicznej, kto nie jest bezpo\u015brednio kontaktem z Tob\u0105.<\/p><p>\u00a0<\/p><p><strong>Sk\u0105d mam wiedzie\u0107, czy moje dane w rejestrze Leicester, Leicestershire i Rutland Care Record s\u0105 bezpieczne. <\/strong><\/p><p>\u00a0<\/p><p>Twoje informacje s\u0105 dost\u0119pne w pojemnikach dost\u0119pnych w ca\u0142ym obszarze i s\u0105 wykorzystywane do u\u017cytku podczas ochrony w Leicester, Leicestershire i Rutland oraz przechowywane.<\/p><p>Rejestr Leicester, Leicestershire i Rutland Care Record zapewnia personel medyczny bezpo\u015brednio zaanga\u017cowany w dost\u0119p do najnowszych aktualnych informacji na temat pacjenta.<\/p><p>\u00a0<\/p><p>Dokonuje tego, co dotyczy dotyczyi z informacji zdrowotnych z s\u0142u\u017cbami zdrowotnymi, kt\u00f3re wyst\u0105pi\u0105 w Leicester, Leicestershire i Rutland.<\/p><p>\u00a0<\/p><p><strong>Gdzie b\u0119dzie u\u017cywany rejestr Leicester, Leicestershire i Rutland Care Record:<\/strong><\/p><p>\u00a0<\/p><p>Przychodnie lekarskie \/ \u015arodowiskowa opieka zdrowotna \/ Szpitale NHS \/ Opieka spo\u0142eczna \/ Opieka w zakresie zdrowia psychicznego \/ Hospicjum<\/p><p>\u00a0<\/p><p><strong>Jakie korzy\u015bci oferuje rejestr Leicester, Leicestershire i Rutland Care Record? <\/strong><\/p><p><strong>\u00a0<\/strong><\/p><ul><li>Wsp\u00f3lna i bardziej przejrzysta opieka<\/li><li>Wi\u0119cej czasu po\u015bwi\u0119canego na przechowywanie<\/li><li>Mniej formalno\u015bci<\/li><li>Twoje informacje w jednym miejscu<\/li><li>Nie trzeba powtarza\u0107 pod\u0142\u0105czenia do przewodu klinicznego i opieku\u0144czego.<\/li><\/ul><p>\u00a0<\/p><p><strong>Scenariusz 1 <\/strong><\/p><p>\u00a0<\/p><p>Jak to dzia\u0142a?<\/p><p>\u00a0<\/p><p>Ja\u015b jest na wycieczce szkolnej nad jeziorem Rutland Water i ma lek alergiczn\u0105.<\/p><p>\u00a0<\/p><p>Nie mo\u017cna si\u0119 skontaktowa\u0107 z rodzicami, a Ja\u015b zosta\u0142 zabrany do karetki do mieszkania.<\/p><p>\u00a0<\/p><p>Personel zawarto\u015bci mo\u017ce zawiera\u0107 dost\u0119p do rejestru Leicester, Leicestershire i Rutland Care Record, aby zapozna\u0107 si\u0119 z informacjami w temacie za\u0142\u0105cznika i urz\u0105dze\u0144 Jasia.<\/p><p>\u00a0<\/p><ul><li>Leki i lista kontrolna: zewn\u0119trzne przez lekarza rodzinnego Jasia<\/li><li>Podsumowanie z pogotowia: funkcjonalne przez personel mieszkania<\/li><\/ul><p>\u00a0<\/p><p><strong>Korzy\u015b\u0107<\/strong><\/p><p><strong>\u00a0<\/strong><\/p><p>Rejestr Leicester, Leicester,<\/p><p><br \/>Leicestershire and Rutland Care umo\u017cliwia personelowi medycznemu zapewnienie natychmiastowej i bezpiecznej opieki dora\u017anej dla Jasia.<\/p><p><strong>Scenariusz 2<\/strong><\/p><p>\u00a0<\/p><p>Po upadku Ania wraca do zdrowia w szpitalu Leicester Royal Infirmary.<\/p><p>\u00a0<\/p><p>Podczas pobytu przed\u0142u\u017cono jej pobyt, poniewa\u017c zesp\u00f3\u0142 medyczny w czasie nie by\u0142 pewien, jakie wsparcie b\u0119dzie w domu.<\/p><p>\u00a0<\/p><p>Teraz masz rejestrowi Leicester, Leicestershire i Rutland Care Record personel rejestruj\u0105cy, \u017ce mo\u017ce mie\u0107 w domu Ania mo\u017ce odpowiada\u0107 z odpowiednimi uprawnieniami spo\u0142ecznymi.<\/p><p>\u00a0<\/p><ul><li>Lista wypisowy ze szpitala: w\u0142a\u015bciwy przez personel wyrejestrowy<\/li><li>Pakiet opieki spo\u0142ecznej: zapewniany przez zesp\u00f3\u0142 opieki spo\u0142ecznej<\/li><li>Wsparcie zapewnione: zapewnione przez opiek\u0119 piel\u0119gniarsk\u0105<\/li><\/ul><p>\u00a0<\/p><p><strong>Korzy\u015b\u0107<\/strong><\/p><p>\u00a0<\/p><p>Udost\u0119pnienie informacji Kasi dotar\u0142o do szpitalowi, zespo\u0142om opieki spo\u0142ecznej i dotar\u0142o na bardziej przemy\u015blanych decyzji, dzi\u0119ki czemu zapewniono jej oryginalne i bezpieczne po\u0142\u0105czenie.<\/p><p>\u00a0<\/p><p><strong>Czy mo\u017cna zg\u0142osi\u0107 sprzeciw wobec udost\u0119pniania moich informacji z rejestru Leicester, Leicestershire i Rutland Care Record.<\/strong><\/p><p>\u00a0<\/p><p>Tak. Masz prawo sprzeciwi\u0107 si\u0119 udost\u0119pnieniu informacji medycznych z rejestru Leicester, Leicestershire i Rutland Care Record. Je\u015bli pracownicy b\u0119d\u0105 potrzebowa\u0107 dost\u0119pu do informacji dost\u0119pnych w rejestrze Leicester, Leicestershire i Rutland Care Record, aby uzyska\u0107 dost\u0119p do danych nad pacjentem, b\u0119dziesz mia\u0142 prawo do dost\u0119pu do.<\/p><p><strong>\u00a0<\/strong><\/p><p><strong>Pytania? <\/strong><\/p><p>\u00a0<\/p><p>W razie pyta\u0144 dotycz\u0105cych rejestru Leicester, Leicestershire i Rutland Care Record prosimy o kontakt z kontrolerem, kt\u00f3ry mo\u017ce wskaza\u0107 Twoje zapytanie do organ\u00f3w zarz\u0105dzaj\u0105cych w Twojej strukturze organizacyjnej.<\/p><p>\u00a0<\/p><p><strong>Dalsze informacje<\/strong><\/p><p>\u00a0<\/p><p>Wi\u0119cej informacji na stronie internetowej LLR ICB: <a href=\"https:\/\/leicesterleicestershireandrutland.icb.nhs.uk\/pl\/your-care-record\/\">https:\/\/leicesterleicestershireandrutland.icb.nhs.uk\/your-care-record\/<\/a>\u00a0<\/p><p>\u00a0<\/p><p>Aby m\u00f3c sterowa\u0107 z ds. programu LLR Care Record Programme, nale\u017cy zwr\u00f3ci\u0107 uwag\u0119 na adres e-mail: <a href=\"mailto:lpt.llrcarerecord@nhs.net\">lpt.llrcarerecord@nhs.net\u00a0<\/a>\u00a0<\/p>\t\t\t\t\t\t\t\t<\/div>\n\t\t\t\t<\/div>\n\t\t\t\t\t<\/div>\n\t\t<\/div>\n\t\t\t\t\t<\/div>\n\t\t<\/section>\n\t\t\t\t<\/div>","protected":false},"excerpt":{"rendered":"<p>LLR Care Record: Working together to improve your care (Polish) Leicester, Leicestershire and Rutland Care Record \u00a0 Wsp\u00f3\u0142pracujemy, aby podnosi\u0107 poziom opieki nad pacjentem Czym jest rejestr Leicester, Leicestershire and [&hellip;]<\/p>\n","protected":false},"author":9,"featured_media":0,"parent":424,"menu_order":2,"comment_status":"closed","ping_status":"closed","template":"","meta":{"_eb_attr":"","footnotes":""},"class_list":["post-17704","page","type-page","status-publish","hentry"],"yoast_head":"<!-- This site is optimized with the Yoast SEO plugin v27.4 - https:\/\/yoast.com\/product\/yoast-seo-wordpress\/ -->\n<title>LLR Care Record: Working together to improve your care (Polish) - LLR ICB<\/title>\n<meta name=\"robots\" content=\"index, follow, max-snippet:-1, max-image-preview:large, max-video-preview:-1\" \/>\n<link rel=\"canonical\" href=\"https:\/\/leicesterleicestershireandrutland.icb.nhs.uk\/pl\/your-health\/your-care-record\/llr-care-record-working-together-to-improve-your-care-polish\/\" \/>\n<meta property=\"og:locale\" content=\"pl_PL\" \/>\n<meta property=\"og:type\" content=\"article\" \/>\n<meta property=\"og:title\" content=\"LLR Care Record: Working together to improve your care (Polish) - LLR ICB\" \/>\n<meta property=\"og:description\" content=\"LLR Care Record: Working together to improve your care (Polish) Leicester, Leicestershire and Rutland Care Record \u00a0 Wsp\u00f3\u0142pracujemy, aby podnosi\u0107 poziom opieki nad pacjentem Czym jest rejestr Leicester, Leicestershire and [&hellip;]\" \/>\n<meta property=\"og:url\" content=\"https:\/\/leicesterleicestershireandrutland.icb.nhs.uk\/pl\/your-health\/your-care-record\/llr-care-record-working-together-to-improve-your-care-polish\/\" \/>\n<meta property=\"og:site_name\" content=\"LLR ICB\" \/>\n<meta property=\"article:publisher\" content=\"https:\/\/www.facebook.com\/NHSLLR\" \/>\n<meta property=\"article:modified_time\" content=\"2024-07-16T13:48:31+00:00\" \/>\n<meta name=\"twitter:card\" content=\"summary_large_image\" \/>\n<meta name=\"twitter:site\" content=\"@NHS_LLR\" \/>\n<meta name=\"twitter:label1\" content=\"Szacowany czas czytania\" \/>\n\t<meta name=\"twitter:data1\" content=\"4 minuty\" \/>\n<script type=\"application\/ld+json\" class=\"yoast-schema-graph\">{\"@context\":\"https:\\\/\\\/schema.org\",\"@graph\":[{\"@type\":\"WebPage\",\"@id\":\"https:\\\/\\\/leicesterleicestershireandrutland.icb.nhs.uk\\\/your-health\\\/your-care-record\\\/llr-care-record-working-together-to-improve-your-care-polish\\\/\",\"url\":\"https:\\\/\\\/leicesterleicestershireandrutland.icb.nhs.uk\\\/your-health\\\/your-care-record\\\/llr-care-record-working-together-to-improve-your-care-polish\\\/\",\"name\":\"LLR Care Record: Working together to improve your care (Polish) - LLR ICB\",\"isPartOf\":{\"@id\":\"https:\\\/\\\/leicesterleicestershireandrutland.icb.nhs.uk\\\/#website\"},\"datePublished\":\"2024-07-16T13:44:58+00:00\",\"dateModified\":\"2024-07-16T13:48:31+00:00\",\"breadcrumb\":{\"@id\":\"https:\\\/\\\/leicesterleicestershireandrutland.icb.nhs.uk\\\/your-health\\\/your-care-record\\\/llr-care-record-working-together-to-improve-your-care-polish\\\/#breadcrumb\"},\"inLanguage\":\"pl-PL\",\"potentialAction\":[{\"@type\":\"ReadAction\",\"target\":[\"https:\\\/\\\/leicesterleicestershireandrutland.icb.nhs.uk\\\/your-health\\\/your-care-record\\\/llr-care-record-working-together-to-improve-your-care-polish\\\/\"]}]},{\"@type\":\"BreadcrumbList\",\"@id\":\"https:\\\/\\\/leicesterleicestershireandrutland.icb.nhs.uk\\\/your-health\\\/your-care-record\\\/llr-care-record-working-together-to-improve-your-care-polish\\\/#breadcrumb\",\"itemListElement\":[{\"@type\":\"ListItem\",\"position\":1,\"name\":\"Home\",\"item\":\"https:\\\/\\\/leicesterleicestershireandrutland.icb.nhs.uk\\\/\"},{\"@type\":\"ListItem\",\"position\":2,\"name\":\"Your Health\",\"item\":\"https:\\\/\\\/leicesterleicestershireandrutland.icb.nhs.uk\\\/your-health\\\/\"},{\"@type\":\"ListItem\",\"position\":3,\"name\":\"Your Care Record\",\"item\":\"https:\\\/\\\/leicesterleicestershireandrutland.icb.nhs.uk\\\/your-health\\\/your-care-record\\\/\"},{\"@type\":\"ListItem\",\"position\":4,\"name\":\"LLR Care Record: Working together to improve your care (Polish)\"}]},{\"@type\":\"WebSite\",\"@id\":\"https:\\\/\\\/leicesterleicestershireandrutland.icb.nhs.uk\\\/#website\",\"url\":\"https:\\\/\\\/leicesterleicestershireandrutland.icb.nhs.uk\\\/\",\"name\":\"LLR ICB\",\"description\":\"LLR Integrated Care Board\",\"publisher\":{\"@id\":\"https:\\\/\\\/leicesterleicestershireandrutland.icb.nhs.uk\\\/#organization\"},\"potentialAction\":[{\"@type\":\"SearchAction\",\"target\":{\"@type\":\"EntryPoint\",\"urlTemplate\":\"https:\\\/\\\/leicesterleicestershireandrutland.icb.nhs.uk\\\/?s={search_term_string}\"},\"query-input\":{\"@type\":\"PropertyValueSpecification\",\"valueRequired\":true,\"valueName\":\"search_term_string\"}}],\"inLanguage\":\"pl-PL\"},{\"@type\":\"Organization\",\"@id\":\"https:\\\/\\\/leicesterleicestershireandrutland.icb.nhs.uk\\\/#organization\",\"name\":\"LLR ICB\",\"url\":\"https:\\\/\\\/leicesterleicestershireandrutland.icb.nhs.uk\\\/\",\"logo\":{\"@type\":\"ImageObject\",\"inLanguage\":\"pl-PL\",\"@id\":\"https:\\\/\\\/leicesterleicestershireandrutland.icb.nhs.uk\\\/#\\\/schema\\\/logo\\\/image\\\/\",\"url\":\"https:\\\/\\\/i0.wp.com\\\/leicesterleicestershireandrutland.icb.nhs.uk\\\/wp-content\\\/uploads\\\/2022\\\/06\\\/New-Project-4.jpg?fit=452%2C93&ssl=1\",\"contentUrl\":\"https:\\\/\\\/i0.wp.com\\\/leicesterleicestershireandrutland.icb.nhs.uk\\\/wp-content\\\/uploads\\\/2022\\\/06\\\/New-Project-4.jpg?fit=452%2C93&ssl=1\",\"width\":452,\"height\":93,\"caption\":\"LLR ICB\"},\"image\":{\"@id\":\"https:\\\/\\\/leicesterleicestershireandrutland.icb.nhs.uk\\\/#\\\/schema\\\/logo\\\/image\\\/\"},\"sameAs\":[\"https:\\\/\\\/www.facebook.com\\\/NHSLLR\",\"https:\\\/\\\/x.com\\\/NHS_LLR\",\"https:\\\/\\\/www.instagram.com\\\/nhsllr\\\/\"]}]}<\/script>\n<!-- \/ Yoast SEO plugin. -->","yoast_head_json":{"title":"LLR Care Record: Wsp\u00f3lna praca nad popraw\u0105 opieki (po polsku) - LLR ICB","robots":{"index":"index","follow":"follow","max-snippet":"max-snippet:-1","max-image-preview":"max-image-preview:large","max-video-preview":"max-video-preview:-1"},"canonical":"https:\/\/leicesterleicestershireandrutland.icb.nhs.uk\/pl\/your-health\/your-care-record\/llr-care-record-working-together-to-improve-your-care-polish\/","og_locale":"pl_PL","og_type":"article","og_title":"LLR Care Record: Working together to improve your care (Polish) - LLR ICB","og_description":"LLR Care Record: Working together to improve your care (Polish) Leicester, Leicestershire and Rutland Care Record \u00a0 Wsp\u00f3\u0142pracujemy, aby podnosi\u0107 poziom opieki nad pacjentem Czym jest rejestr Leicester, Leicestershire and [&hellip;]","og_url":"https:\/\/leicesterleicestershireandrutland.icb.nhs.uk\/pl\/your-health\/your-care-record\/llr-care-record-working-together-to-improve-your-care-polish\/","og_site_name":"LLR ICB","article_publisher":"https:\/\/www.facebook.com\/NHSLLR","article_modified_time":"2024-07-16T13:48:31+00:00","twitter_card":"summary_large_image","twitter_site":"@NHS_LLR","twitter_misc":{"Szacowany czas czytania":"4 minuty"},"schema":{"@context":"https:\/\/schema.org","@graph":[{"@type":"WebPage","@id":"https:\/\/leicesterleicestershireandrutland.icb.nhs.uk\/your-health\/your-care-record\/llr-care-record-working-together-to-improve-your-care-polish\/","url":"https:\/\/leicesterleicestershireandrutland.icb.nhs.uk\/your-health\/your-care-record\/llr-care-record-working-together-to-improve-your-care-polish\/","name":"LLR Care Record: Wsp\u00f3lna praca nad popraw\u0105 opieki (po polsku) - LLR ICB","isPartOf":{"@id":"https:\/\/leicesterleicestershireandrutland.icb.nhs.uk\/#website"},"datePublished":"2024-07-16T13:44:58+00:00","dateModified":"2024-07-16T13:48:31+00:00","breadcrumb":{"@id":"https:\/\/leicesterleicestershireandrutland.icb.nhs.uk\/your-health\/your-care-record\/llr-care-record-working-together-to-improve-your-care-polish\/#breadcrumb"},"inLanguage":"pl-PL","potentialAction":[{"@type":"ReadAction","target":["https:\/\/leicesterleicestershireandrutland.icb.nhs.uk\/your-health\/your-care-record\/llr-care-record-working-together-to-improve-your-care-polish\/"]}]},{"@type":"BreadcrumbList","@id":"https:\/\/leicesterleicestershireandrutland.icb.nhs.uk\/your-health\/your-care-record\/llr-care-record-working-together-to-improve-your-care-polish\/#breadcrumb","itemListElement":[{"@type":"ListItem","position":1,"name":"Home","item":"https:\/\/leicesterleicestershireandrutland.icb.nhs.uk\/"},{"@type":"ListItem","position":2,"name":"Your Health","item":"https:\/\/leicesterleicestershireandrutland.icb.nhs.uk\/your-health\/"},{"@type":"ListItem","position":3,"name":"Your Care Record","item":"https:\/\/leicesterleicestershireandrutland.icb.nhs.uk\/your-health\/your-care-record\/"},{"@type":"ListItem","position":4,"name":"LLR Care Record: Working together to improve your care (Polish)"}]},{"@type":"WebSite","@id":"https:\/\/leicesterleicestershireandrutland.icb.nhs.uk\/#website","url":"https:\/\/leicesterleicestershireandrutland.icb.nhs.uk\/","name":"LLR ICB","description":"Zintegrowana Rada Opieki LLR","publisher":{"@id":"https:\/\/leicesterleicestershireandrutland.icb.nhs.uk\/#organization"},"potentialAction":[{"@type":"SearchAction","target":{"@type":"EntryPoint","urlTemplate":"https:\/\/leicesterleicestershireandrutland.icb.nhs.uk\/?s={search_term_string}"},"query-input":{"@type":"PropertyValueSpecification","valueRequired":true,"valueName":"search_term_string"}}],"inLanguage":"pl-PL"},{"@type":"Organization","@id":"https:\/\/leicesterleicestershireandrutland.icb.nhs.uk\/#organization","name":"LLR ICB","url":"https:\/\/leicesterleicestershireandrutland.icb.nhs.uk\/","logo":{"@type":"ImageObject","inLanguage":"pl-PL","@id":"https:\/\/leicesterleicestershireandrutland.icb.nhs.uk\/#\/schema\/logo\/image\/","url":"https:\/\/i0.wp.com\/leicesterleicestershireandrutland.icb.nhs.uk\/wp-content\/uploads\/2022\/06\/New-Project-4.jpg?fit=452%2C93&ssl=1","contentUrl":"https:\/\/i0.wp.com\/leicesterleicestershireandrutland.icb.nhs.uk\/wp-content\/uploads\/2022\/06\/New-Project-4.jpg?fit=452%2C93&ssl=1","width":452,"height":93,"caption":"LLR ICB"},"image":{"@id":"https:\/\/leicesterleicestershireandrutland.icb.nhs.uk\/#\/schema\/logo\/image\/"},"sameAs":["https:\/\/www.facebook.com\/NHSLLR","https:\/\/x.com\/NHS_LLR","https:\/\/www.instagram.com\/nhsllr\/"]}]}},"jetpack_sharing_enabled":true,"_links":{"self":[{"href":"https:\/\/leicesterleicestershireandrutland.icb.nhs.uk\/pl\/wp-json\/wp\/v2\/pages\/17704","targetHints":{"allow":["GET"]}}],"collection":[{"href":"https:\/\/leicesterleicestershireandrutland.icb.nhs.uk\/pl\/wp-json\/wp\/v2\/pages"}],"about":[{"href":"https:\/\/leicesterleicestershireandrutland.icb.nhs.uk\/pl\/wp-json\/wp\/v2\/types\/page"}],"author":[{"embeddable":true,"href":"https:\/\/leicesterleicestershireandrutland.icb.nhs.uk\/pl\/wp-json\/wp\/v2\/users\/9"}],"replies":[{"embeddable":true,"href":"https:\/\/leicesterleicestershireandrutland.icb.nhs.uk\/pl\/wp-json\/wp\/v2\/comments?post=17704"}],"version-history":[{"count":4,"href":"https:\/\/leicesterleicestershireandrutland.icb.nhs.uk\/pl\/wp-json\/wp\/v2\/pages\/17704\/revisions"}],"predecessor-version":[{"id":17709,"href":"https:\/\/leicesterleicestershireandrutland.icb.nhs.uk\/pl\/wp-json\/wp\/v2\/pages\/17704\/revisions\/17709"}],"up":[{"embeddable":true,"href":"https:\/\/leicesterleicestershireandrutland.icb.nhs.uk\/pl\/wp-json\/wp\/v2\/pages\/424"}],"wp:attachment":[{"href":"https:\/\/leicesterleicestershireandrutland.icb.nhs.uk\/pl\/wp-json\/wp\/v2\/media?parent=17704"}],"curies":[{"name":"wp","href":"https:\/\/api.w.org\/{rel}","templated":true}]}}