{"id":17716,"date":"2024-07-16T13:57:15","date_gmt":"2024-07-16T13:57:15","guid":{"rendered":"https:\/\/leicesterleicestershireandrutland.icb.nhs.uk\/?page_id=17716"},"modified":"2024-07-16T13:59:57","modified_gmt":"2024-07-16T13:59:57","slug":"llr-care-record-working-together-to-improve-your-care-romanian","status":"publish","type":"page","link":"https:\/\/leicesterleicestershireandrutland.icb.nhs.uk\/pl\/your-health\/your-care-record\/llr-care-record-working-together-to-improve-your-care-romanian\/","title":{"rendered":"Dokumentacja opieki LLR: Wsp\u00f3lna praca na rzecz poprawy Twojej opieki (rumu\u0144ski)"},"content":{"rendered":"<div data-elementor-type=\"wp-page\" data-elementor-id=\"17716\" class=\"elementor elementor-17716\" data-elementor-post-type=\"page\">\n\t\t\t\t\t\t<section data-particle_enable=\"false\" data-particle-mobile-disabled=\"false\" class=\"elementor-section elementor-top-section elementor-element elementor-element-48cf60b elementor-section-boxed elementor-section-height-default elementor-section-height-default\" data-id=\"48cf60b\" data-element_type=\"section\" data-e-type=\"section\">\n\t\t\t\t\t\t<div class=\"elementor-container elementor-column-gap-default\">\n\t\t\t\t\t<div class=\"elementor-column elementor-col-100 elementor-top-column elementor-element elementor-element-0c9fbad\" data-id=\"0c9fbad\" data-element_type=\"column\" data-e-type=\"column\">\n\t\t\t<div class=\"elementor-widget-wrap elementor-element-populated\">\n\t\t\t\t\t\t<div class=\"elementor-element elementor-element-637cb00 elementor-widget elementor-widget-heading\" data-id=\"637cb00\" data-element_type=\"widget\" data-e-type=\"widget\" data-widget_type=\"heading.default\">\n\t\t\t\t<div class=\"elementor-widget-container\">\n\t\t\t\t\t<h2 class=\"elementor-heading-title elementor-size-default\">Dokumentacja opieki LLR: Wsp\u00f3lna praca na rzecz poprawy Twojej opieki (rumu\u0144ski)<\/h2>\t\t\t\t<\/div>\n\t\t\t\t<\/div>\n\t\t\t\t\t<\/div>\n\t\t<\/div>\n\t\t\t\t\t<\/div>\n\t\t<\/section>\n\t\t\t\t<section data-particle_enable=\"false\" data-particle-mobile-disabled=\"false\" class=\"elementor-section elementor-top-section elementor-element elementor-element-7c5518b elementor-section-boxed elementor-section-height-default elementor-section-height-default\" data-id=\"7c5518b\" data-element_type=\"section\" data-e-type=\"section\">\n\t\t\t\t\t\t<div class=\"elementor-container elementor-column-gap-default\">\n\t\t\t\t\t<div class=\"elementor-column elementor-col-100 elementor-top-column elementor-element elementor-element-7d93064\" data-id=\"7d93064\" data-element_type=\"column\" data-e-type=\"column\">\n\t\t\t<div class=\"elementor-widget-wrap elementor-element-populated\">\n\t\t\t\t\t\t<div class=\"elementor-element elementor-element-2ffa484 elementor-widget-divider--view-line elementor-widget elementor-widget-divider\" data-id=\"2ffa484\" data-element_type=\"widget\" data-e-type=\"widget\" data-widget_type=\"divider.default\">\n\t\t\t\t<div class=\"elementor-widget-container\">\n\t\t\t\t\t\t\t<div class=\"elementor-divider\">\n\t\t\t<span class=\"elementor-divider-separator\">\n\t\t\t\t\t\t<\/span>\n\t\t<\/div>\n\t\t\t\t\t\t<\/div>\n\t\t\t\t<\/div>\n\t\t\t\t\t<\/div>\n\t\t<\/div>\n\t\t\t\t\t<\/div>\n\t\t<\/section>\n\t\t\t\t<section data-particle_enable=\"false\" data-particle-mobile-disabled=\"false\" class=\"elementor-section elementor-top-section elementor-element elementor-element-07be88d elementor-section-boxed elementor-section-height-default elementor-section-height-default\" data-id=\"07be88d\" data-element_type=\"section\" data-e-type=\"section\">\n\t\t\t\t\t\t<div class=\"elementor-container elementor-column-gap-default\">\n\t\t\t\t\t<div class=\"elementor-column elementor-col-100 elementor-top-column elementor-element elementor-element-d5dfeaa\" data-id=\"d5dfeaa\" data-element_type=\"column\" data-e-type=\"column\">\n\t\t\t<div class=\"elementor-widget-wrap elementor-element-populated\">\n\t\t\t\t\t\t<div class=\"elementor-element elementor-element-f701f08 elementor-widget elementor-widget-text-editor\" data-id=\"f701f08\" data-element_type=\"widget\" data-e-type=\"widget\" data-widget_type=\"text-editor.default\">\n\t\t\t\t<div class=\"elementor-widget-container\">\n\t\t\t\t\t\t\t\t\t<p>Archiwum medyczne w Leicester, Leicestershire i Rutland<\/p><p>Lucr\u0103m \u00eempreun\u0103 pentru a oferi \u00eengrijiri mai bune<\/p><p><strong>Czy masz opiek\u0119 medyczn\u0105 w Leicester, Leicestershire i Rutland? <\/strong><\/p><p>\u00a0<\/p><p>Arhiva Medical\u0103 Leicester, Leicestershire \u0219i Rutland to system komputerowy, kt\u00f3ry gromadzi wa\u017cne informacje dotycz\u0105ce opieki nad osobami, kt\u00f3re korzystaj\u0105 z us\u0142ug medycyny rodzinnej (GP), lokalnej spo\u0142eczno\u015bci, spo\u0142eczno\u015bci centralnej, us\u0142ug spo\u0142ecznych w centrum uwagi. Aceasta zezwolenie personalului Clinic \u0219i sanitar accesul \u00een timp real la informa\u021bii de la diferi\u021bi furnizori de servicii Medicale \u0219i \u00eentre sisteme diferite.<\/p><p>\u00a0<\/p><p>Toate arhivele sunt strict confiden\u021biale \u0219i pot fi accesate de c\u0103tre personalul Clinic \u0219i sanitar implicat direct \u00eengrijirea unui pacient. Arhiva Leicester, Leicestershire \u0219i Rutland zawiera informacje osobiste, \u0219i anume: \u00a0<\/p><p>\u00a0<\/p><ul><li>Adresa \u0219i num\u0103rul de telefon<\/li><li>Programy<\/li><li>Medica\u021bie \u2013 astfel \u00eenc\u00e2t personalul Medical s\u0103 vad\u0103 ce medicamente \u021bi-au fost recepta<\/li><li>Alergii \u2013 pentru a ne asigura c\u0103 nu \u00ee\u021bi sunt prescrise sau administrate medicamente la care po\u021bi avea reac\u021bii niekorzystne<\/li><li>Wynike analize \u2013 pentru a accelera tratamentul \u0219i \u00eengrijirile<\/li><li>Recomand\u0103ri, scrisori Medicale \u0219i informa\u021bii despre extern\u0103ri \u2013 pentru a ne asigura c\u0103 cei implica\u021bi \u00een \u00eengrijirea ta au toate informa\u021biile necesare privind tratamentele primite \u00een alt\u0103 parte.<\/li><\/ul><p>\u00a0<\/p><p><strong>Chcesz uzyska\u0107 dost\u0119p do arhiva Leicester, Leicestershire \u0219i Rutland? <\/strong><\/p><p>\u00a0<\/p><p>Doar personalul Clinic \u0219i sanitar implicat direct w Ingrijirea ta va avea accesses la arhiva Leicester, Leicestershire \u0219i Rutland. Aceasta nu va fi distribuit\u0103 altor persoane care nu \u00ee\u021bi ofer\u0103 tratament, \u00eengrijire sau asisten\u021b\u0103. Datele opowie\u015b\u0107 nu vor fi f\u0103cute publice \u0219i nu vor fi distribuite celor care nu sunt implica\u021bi direct \u00een \u00eengrijirea ta. \u00a0<\/p><p>\u00a0<\/p><p><strong>Cum pot \u0219ti c\u0103 arhiva Leicester, Leicestershire \u0219i Rutland este sigur\u0103? <\/strong><\/p><p>\u00a0<\/p><p>Ta historia jest zbierana w systemie sigur de la sisteme Clinice, jest dost\u0119pna dla ka\u017cdego kraju, jest dost\u0119pna w Leicester, Leicestershire, Rutland, a tak\u017ce w centrum informacji, kt\u00f3re mog\u0105 by\u0107 g\u0142\u00f3wnymi informacjami poufnymi.<\/p><p>\u00a0<\/p><p>Arhiva Leicester, Leicestershire \u0219i Rutland oferuje osobist\u0105 klinik\u0119 implicat direct w Internecie, aby uzyska\u0107 aktualne informacje.<\/p><p>\u00a0<\/p><p>Acest lucru jest dost\u0119pny do dystrybucji odpowiednich informacji w naszej bazie medycznej w ramach us\u0142ug medycznych w spo\u0142eczno\u015bciach w Leicester, Leicestershire i Rutland.<\/p><p>\u00a0<\/p><p><strong>Unde va fi folosit\u0103 arhiva Leicester, Leicestershire \u0219i Rutland:<\/strong><\/p><p>\u00a0<\/p><p>Cabinetele Medicale de familie (GP)\/ Servicii de s\u0103n\u0103tate comunitare\/ spitale NHS\/ Servicii sociale \/ Servicii de s\u0103n\u0103tate mintal\u0103 \/ Ospicii<\/p><p>\u00a0<\/p><p><strong>Czy zale\u017cy Ci na korzystnym arhivei Leicester, Leicestershire \u0219i Rutland? <\/strong><\/p><p><strong>\u00a0<\/strong><\/p><ul><li>\u00cengrijiri furnizate \u00een comun \u0219i \u00een siguran\u021b\u0103<\/li><li>Mai mult timp alocat \u00eengrijirilor<\/li><li>Mo\u017cesz umie\u015bci\u0107 dokument<\/li><li>Toate datele opowie\u015b\u0107 la un loc<\/li><li>Nu va trebui s\u0103 repe\u021bi informa\u021biile la diferite servicii Clinice sau sanitare.<\/li><\/ul><p>Scenariusz 1<\/p><p>Cum func\u021bioneaz\u0103?<\/p><p>Jamie e \u00een excursie la Rutland Water \u0219i reaguj\u0105 na alergie.<\/p><p>P\u0103rin\u021bii nu pot fi contacta\u021bi; Jamie este dus la spital cu ambulan\u021ba.<\/p><p>Personalul spitalului poate accessesa arhiva Leicester, Leicestershire \u0219i Rutland pentru a vedea medicamentele \u0219i kontrolowale lui Jamie.<\/p><p>\u2022 Medicamente \u0219i lista complet\u0103 de support: furnizate de medicul de familie (GP) al lui Jamie <br \/>\u2022 Rezumat de la Urgen\u021be: furnizat de c\u0103tre personalul din spital<\/p><p>Korzy\u015bci<\/p><p>Arhiva Leicester, Leicestershire \u0219i Rutland ajut\u0103 personalul Clinic jest ofer\u0105 pilnej pomocy Lui Jamie, \u00eentr-un mod sigur.<\/p><p><strong>Scenariusz 2<\/strong><\/p><p>\u00a0<\/p><p>Harpreet se recupereaz\u0103 Leicester Royal Infirmary w urma unei c\u0103deri.<\/p><p>\u00a0<\/p><p>Ultima internare a fost prelungit\u0103 deoarece echipa Medical\u0103 nu a \u0219tiut sigur ce tip de asisten\u021b\u0103 era disponibil\u0103 la domiciliul acesteia.<\/p><p>\u00a0<\/p><p>Acum, cu ajutorul arhivei Leicester, Leicestershire \u0219i Rutland, echipa de externare poate avea \u00eencrederea c\u0103 Harpreet va dispune of un pachet of servicii sociale corespunz\u0103tor la domiciliul ei diin Leicester.<\/p><p>\u00a0<\/p><ul><li>Bilet de externare: Furnizat de echipa de externare din spital<\/li><li>Pachet de servicii sociale: Furnizat de serviciile sociale<\/li><li>Sprijin comunitar: Furnizat de asisten\u021bii comunitari<\/li><\/ul><p>\u00a0<\/p><p><strong>Korzy\u015bci<\/strong><\/p><p>\u00a0<\/p><p>Accesul la datele lui Harpreet ajut\u0103 spitalul, serviciile comunitare \u0219i sociale s\u0103 fie informate, pentru a furniza servicii mai bune \u0219i mai sigure.<\/p><p>\u00a0<\/p><p><strong>Pot refuza ca arhiva personal\u0103 Leicester, Leicestershire \u0219i Rutland jest dystrybuowany?<\/strong><\/p><p>\u00a0<\/p><p>Da. Ai dreptul de refuza ca arhiva Leicester, Leicestershire \u0219i Rutland jest dystrybuowany. Cu toate acestea, dac\u0103 personalul to nowy dost\u0119p do informacji dost\u0119pnych w arhiva Leicester, Leicestershire \u0219i Rutland do oferi \u00eengrijiri w siguran\u021b\u0103, au dreptul legal de accessa arhiva.<\/p><p><strong>\u00a0<\/strong><\/p><p><strong>\u00centreb\u0103ri? <\/strong><\/p><p>\u00a0<\/p><p>Dac\u0103 ai \u00eentreb\u0103ri despre arhiva Leicester, Leicestershire \u0219i Rutland, te rug\u0103m s\u0103 contactezi orice specjalistyczna opieka medyczna, te poate direc\u021biona c\u0103tre departamentul de gestionare a informa\u021biilor din cadrul organiza\u021biei acestuia.<\/p><p>\u00a0<\/p><p><strong>Dodatkowe informacje<\/strong><\/p><p>\u00a0<\/p><p>Dodatkowe informacje mo\u017cna znale\u017a\u0107 na stronie internetowej LLR ICB: https:\/\/leicesterleicestershireandrutland.icb.nhs.uk\/your-care-record\/<\/p><p>\u00a0<\/p><p>Skontaktuj si\u0119 z programem programu \u00eengrijire LLR, wy\u015blij e-mail na adres:<\/p><p><a href=\"mailto:lpt.llrcarerecord@nhs.net\">lpt.llrcarerecord@nhs.net<\/a><\/p>\t\t\t\t\t\t\t\t<\/div>\n\t\t\t\t<\/div>\n\t\t\t\t\t<\/div>\n\t\t<\/div>\n\t\t\t\t\t<\/div>\n\t\t<\/section>\n\t\t\t\t<\/div>","protected":false},"excerpt":{"rendered":"<p>LLR Care Record: Working together to improve your care (Romanian) Arhiv\u0103 medical\u0103 Leicester, Leicestershire \u0219i Rutland Lucr\u0103m \u00eempreun\u0103 pentru a oferi \u00eengrijiri mai bune Ce este arhiva medical\u0103 Leicester, Leicestershire [&hellip;]<\/p>\n","protected":false},"author":9,"featured_media":0,"parent":424,"menu_order":4,"comment_status":"closed","ping_status":"closed","template":"","meta":{"_eb_attr":"","footnotes":""},"class_list":["post-17716","page","type-page","status-publish","hentry"],"yoast_head":"<!-- This site is optimized with the Yoast SEO plugin v27.5 - https:\/\/yoast.com\/product\/yoast-seo-wordpress\/ -->\n<title>LLR Care Record: Working together to improve your care (Romanian) - LLR ICB<\/title>\n<meta name=\"robots\" content=\"index, follow, max-snippet:-1, max-image-preview:large, max-video-preview:-1\" \/>\n<link rel=\"canonical\" href=\"https:\/\/leicesterleicestershireandrutland.icb.nhs.uk\/pl\/your-health\/your-care-record\/llr-care-record-working-together-to-improve-your-care-romanian\/\" \/>\n<meta property=\"og:locale\" content=\"pl_PL\" \/>\n<meta property=\"og:type\" content=\"article\" \/>\n<meta property=\"og:title\" content=\"LLR Care Record: Working together to improve your care (Romanian) - LLR ICB\" \/>\n<meta property=\"og:description\" content=\"LLR Care Record: Working together to improve your care (Romanian) Arhiv\u0103 medical\u0103 Leicester, Leicestershire \u0219i Rutland Lucr\u0103m \u00eempreun\u0103 pentru a oferi \u00eengrijiri mai bune Ce este arhiva medical\u0103 Leicester, Leicestershire [&hellip;]\" \/>\n<meta property=\"og:url\" content=\"https:\/\/leicesterleicestershireandrutland.icb.nhs.uk\/pl\/your-health\/your-care-record\/llr-care-record-working-together-to-improve-your-care-romanian\/\" \/>\n<meta property=\"og:site_name\" content=\"LLR ICB\" \/>\n<meta property=\"article:publisher\" content=\"https:\/\/www.facebook.com\/NHSLLR\" \/>\n<meta property=\"article:modified_time\" content=\"2024-07-16T13:59:57+00:00\" \/>\n<meta name=\"twitter:card\" content=\"summary_large_image\" \/>\n<meta name=\"twitter:site\" content=\"@NHS_LLR\" \/>\n<meta name=\"twitter:label1\" content=\"Szacowany czas czytania\" \/>\n\t<meta name=\"twitter:data1\" content=\"4 minuty\" \/>\n<script type=\"application\/ld+json\" class=\"yoast-schema-graph\">{\"@context\":\"https:\\\/\\\/schema.org\",\"@graph\":[{\"@type\":\"WebPage\",\"@id\":\"https:\\\/\\\/leicesterleicestershireandrutland.icb.nhs.uk\\\/your-health\\\/your-care-record\\\/llr-care-record-working-together-to-improve-your-care-romanian\\\/\",\"url\":\"https:\\\/\\\/leicesterleicestershireandrutland.icb.nhs.uk\\\/your-health\\\/your-care-record\\\/llr-care-record-working-together-to-improve-your-care-romanian\\\/\",\"name\":\"LLR Care Record: Working together to improve your care (Romanian) - LLR ICB\",\"isPartOf\":{\"@id\":\"https:\\\/\\\/leicesterleicestershireandrutland.icb.nhs.uk\\\/#website\"},\"datePublished\":\"2024-07-16T13:57:15+00:00\",\"dateModified\":\"2024-07-16T13:59:57+00:00\",\"breadcrumb\":{\"@id\":\"https:\\\/\\\/leicesterleicestershireandrutland.icb.nhs.uk\\\/your-health\\\/your-care-record\\\/llr-care-record-working-together-to-improve-your-care-romanian\\\/#breadcrumb\"},\"inLanguage\":\"pl-PL\",\"potentialAction\":[{\"@type\":\"ReadAction\",\"target\":[\"https:\\\/\\\/leicesterleicestershireandrutland.icb.nhs.uk\\\/your-health\\\/your-care-record\\\/llr-care-record-working-together-to-improve-your-care-romanian\\\/\"]}]},{\"@type\":\"BreadcrumbList\",\"@id\":\"https:\\\/\\\/leicesterleicestershireandrutland.icb.nhs.uk\\\/your-health\\\/your-care-record\\\/llr-care-record-working-together-to-improve-your-care-romanian\\\/#breadcrumb\",\"itemListElement\":[{\"@type\":\"ListItem\",\"position\":1,\"name\":\"Home\",\"item\":\"https:\\\/\\\/leicesterleicestershireandrutland.icb.nhs.uk\\\/\"},{\"@type\":\"ListItem\",\"position\":2,\"name\":\"Your Health\",\"item\":\"https:\\\/\\\/leicesterleicestershireandrutland.icb.nhs.uk\\\/your-health\\\/\"},{\"@type\":\"ListItem\",\"position\":3,\"name\":\"Your Care Record\",\"item\":\"https:\\\/\\\/leicesterleicestershireandrutland.icb.nhs.uk\\\/your-health\\\/your-care-record\\\/\"},{\"@type\":\"ListItem\",\"position\":4,\"name\":\"LLR Care Record: Working together to improve your care (Romanian)\"}]},{\"@type\":\"WebSite\",\"@id\":\"https:\\\/\\\/leicesterleicestershireandrutland.icb.nhs.uk\\\/#website\",\"url\":\"https:\\\/\\\/leicesterleicestershireandrutland.icb.nhs.uk\\\/\",\"name\":\"LLR ICB\",\"description\":\"LLR Integrated Care Board\",\"publisher\":{\"@id\":\"https:\\\/\\\/leicesterleicestershireandrutland.icb.nhs.uk\\\/#organization\"},\"potentialAction\":[{\"@type\":\"SearchAction\",\"target\":{\"@type\":\"EntryPoint\",\"urlTemplate\":\"https:\\\/\\\/leicesterleicestershireandrutland.icb.nhs.uk\\\/?s={search_term_string}\"},\"query-input\":{\"@type\":\"PropertyValueSpecification\",\"valueRequired\":true,\"valueName\":\"search_term_string\"}}],\"inLanguage\":\"pl-PL\"},{\"@type\":\"Organization\",\"@id\":\"https:\\\/\\\/leicesterleicestershireandrutland.icb.nhs.uk\\\/#organization\",\"name\":\"LLR ICB\",\"url\":\"https:\\\/\\\/leicesterleicestershireandrutland.icb.nhs.uk\\\/\",\"logo\":{\"@type\":\"ImageObject\",\"inLanguage\":\"pl-PL\",\"@id\":\"https:\\\/\\\/leicesterleicestershireandrutland.icb.nhs.uk\\\/#\\\/schema\\\/logo\\\/image\\\/\",\"url\":\"https:\\\/\\\/i0.wp.com\\\/leicesterleicestershireandrutland.icb.nhs.uk\\\/wp-content\\\/uploads\\\/2022\\\/06\\\/New-Project-4.jpg?fit=452%2C93&ssl=1\",\"contentUrl\":\"https:\\\/\\\/i0.wp.com\\\/leicesterleicestershireandrutland.icb.nhs.uk\\\/wp-content\\\/uploads\\\/2022\\\/06\\\/New-Project-4.jpg?fit=452%2C93&ssl=1\",\"width\":452,\"height\":93,\"caption\":\"LLR ICB\"},\"image\":{\"@id\":\"https:\\\/\\\/leicesterleicestershireandrutland.icb.nhs.uk\\\/#\\\/schema\\\/logo\\\/image\\\/\"},\"sameAs\":[\"https:\\\/\\\/www.facebook.com\\\/NHSLLR\",\"https:\\\/\\\/x.com\\\/NHS_LLR\",\"https:\\\/\\\/www.instagram.com\\\/nhsllr\\\/\"]}]}<\/script>\n<!-- \/ Yoast SEO plugin. -->","yoast_head_json":{"title":"Rejestr opieki LLR: Wsp\u00f3\u0142praca na rzecz poprawy opieki (rumu\u0144ski) \u2013 LLR ICB","robots":{"index":"index","follow":"follow","max-snippet":"max-snippet:-1","max-image-preview":"max-image-preview:large","max-video-preview":"max-video-preview:-1"},"canonical":"https:\/\/leicesterleicestershireandrutland.icb.nhs.uk\/pl\/your-health\/your-care-record\/llr-care-record-working-together-to-improve-your-care-romanian\/","og_locale":"pl_PL","og_type":"article","og_title":"LLR Care Record: Working together to improve your care (Romanian) - LLR ICB","og_description":"LLR Care Record: Working together to improve your care (Romanian) Arhiv\u0103 medical\u0103 Leicester, Leicestershire \u0219i Rutland Lucr\u0103m \u00eempreun\u0103 pentru a oferi \u00eengrijiri mai bune Ce este arhiva medical\u0103 Leicester, Leicestershire [&hellip;]","og_url":"https:\/\/leicesterleicestershireandrutland.icb.nhs.uk\/pl\/your-health\/your-care-record\/llr-care-record-working-together-to-improve-your-care-romanian\/","og_site_name":"LLR ICB","article_publisher":"https:\/\/www.facebook.com\/NHSLLR","article_modified_time":"2024-07-16T13:59:57+00:00","twitter_card":"summary_large_image","twitter_site":"@NHS_LLR","twitter_misc":{"Szacowany czas czytania":"4 minuty"},"schema":{"@context":"https:\/\/schema.org","@graph":[{"@type":"WebPage","@id":"https:\/\/leicesterleicestershireandrutland.icb.nhs.uk\/your-health\/your-care-record\/llr-care-record-working-together-to-improve-your-care-romanian\/","url":"https:\/\/leicesterleicestershireandrutland.icb.nhs.uk\/your-health\/your-care-record\/llr-care-record-working-together-to-improve-your-care-romanian\/","name":"Rejestr opieki LLR: Wsp\u00f3\u0142praca na rzecz poprawy opieki (rumu\u0144ski) \u2013 LLR ICB","isPartOf":{"@id":"https:\/\/leicesterleicestershireandrutland.icb.nhs.uk\/#website"},"datePublished":"2024-07-16T13:57:15+00:00","dateModified":"2024-07-16T13:59:57+00:00","breadcrumb":{"@id":"https:\/\/leicesterleicestershireandrutland.icb.nhs.uk\/your-health\/your-care-record\/llr-care-record-working-together-to-improve-your-care-romanian\/#breadcrumb"},"inLanguage":"pl-PL","potentialAction":[{"@type":"ReadAction","target":["https:\/\/leicesterleicestershireandrutland.icb.nhs.uk\/your-health\/your-care-record\/llr-care-record-working-together-to-improve-your-care-romanian\/"]}]},{"@type":"BreadcrumbList","@id":"https:\/\/leicesterleicestershireandrutland.icb.nhs.uk\/your-health\/your-care-record\/llr-care-record-working-together-to-improve-your-care-romanian\/#breadcrumb","itemListElement":[{"@type":"ListItem","position":1,"name":"Home","item":"https:\/\/leicesterleicestershireandrutland.icb.nhs.uk\/"},{"@type":"ListItem","position":2,"name":"Your Health","item":"https:\/\/leicesterleicestershireandrutland.icb.nhs.uk\/your-health\/"},{"@type":"ListItem","position":3,"name":"Your Care Record","item":"https:\/\/leicesterleicestershireandrutland.icb.nhs.uk\/your-health\/your-care-record\/"},{"@type":"ListItem","position":4,"name":"LLR Care Record: Working together to improve your care (Romanian)"}]},{"@type":"WebSite","@id":"https:\/\/leicesterleicestershireandrutland.icb.nhs.uk\/#website","url":"https:\/\/leicesterleicestershireandrutland.icb.nhs.uk\/","name":"LLR ICB","description":"Zintegrowana Rada Opieki LLR","publisher":{"@id":"https:\/\/leicesterleicestershireandrutland.icb.nhs.uk\/#organization"},"potentialAction":[{"@type":"SearchAction","target":{"@type":"EntryPoint","urlTemplate":"https:\/\/leicesterleicestershireandrutland.icb.nhs.uk\/?s={search_term_string}"},"query-input":{"@type":"PropertyValueSpecification","valueRequired":true,"valueName":"search_term_string"}}],"inLanguage":"pl-PL"},{"@type":"Organization","@id":"https:\/\/leicesterleicestershireandrutland.icb.nhs.uk\/#organization","name":"LLR ICB","url":"https:\/\/leicesterleicestershireandrutland.icb.nhs.uk\/","logo":{"@type":"ImageObject","inLanguage":"pl-PL","@id":"https:\/\/leicesterleicestershireandrutland.icb.nhs.uk\/#\/schema\/logo\/image\/","url":"https:\/\/i0.wp.com\/leicesterleicestershireandrutland.icb.nhs.uk\/wp-content\/uploads\/2022\/06\/New-Project-4.jpg?fit=452%2C93&ssl=1","contentUrl":"https:\/\/i0.wp.com\/leicesterleicestershireandrutland.icb.nhs.uk\/wp-content\/uploads\/2022\/06\/New-Project-4.jpg?fit=452%2C93&ssl=1","width":452,"height":93,"caption":"LLR ICB"},"image":{"@id":"https:\/\/leicesterleicestershireandrutland.icb.nhs.uk\/#\/schema\/logo\/image\/"},"sameAs":["https:\/\/www.facebook.com\/NHSLLR","https:\/\/x.com\/NHS_LLR","https:\/\/www.instagram.com\/nhsllr\/"]}]}},"jetpack_sharing_enabled":true,"_links":{"self":[{"href":"https:\/\/leicesterleicestershireandrutland.icb.nhs.uk\/pl\/wp-json\/wp\/v2\/pages\/17716","targetHints":{"allow":["GET"]}}],"collection":[{"href":"https:\/\/leicesterleicestershireandrutland.icb.nhs.uk\/pl\/wp-json\/wp\/v2\/pages"}],"about":[{"href":"https:\/\/leicesterleicestershireandrutland.icb.nhs.uk\/pl\/wp-json\/wp\/v2\/types\/page"}],"author":[{"embeddable":true,"href":"https:\/\/leicesterleicestershireandrutland.icb.nhs.uk\/pl\/wp-json\/wp\/v2\/users\/9"}],"replies":[{"embeddable":true,"href":"https:\/\/leicesterleicestershireandrutland.icb.nhs.uk\/pl\/wp-json\/wp\/v2\/comments?post=17716"}],"version-history":[{"count":4,"href":"https:\/\/leicesterleicestershireandrutland.icb.nhs.uk\/pl\/wp-json\/wp\/v2\/pages\/17716\/revisions"}],"predecessor-version":[{"id":17721,"href":"https:\/\/leicesterleicestershireandrutland.icb.nhs.uk\/pl\/wp-json\/wp\/v2\/pages\/17716\/revisions\/17721"}],"up":[{"embeddable":true,"href":"https:\/\/leicesterleicestershireandrutland.icb.nhs.uk\/pl\/wp-json\/wp\/v2\/pages\/424"}],"wp:attachment":[{"href":"https:\/\/leicesterleicestershireandrutland.icb.nhs.uk\/pl\/wp-json\/wp\/v2\/media?parent=17716"}],"curies":[{"name":"wp","href":"https:\/\/api.w.org\/{rel}","templated":true}]}}