{"id":24010,"date":"2025-08-18T16:12:56","date_gmt":"2025-08-18T16:12:56","guid":{"rendered":"https:\/\/leicesterleicestershireandrutland.icb.nhs.uk\/be-involved\/gluten-free-consultation-2\/"},"modified":"2026-04-17T08:18:55","modified_gmt":"2026-04-17T08:18:55","slug":"need-help-fast-engagement","status":"publish","type":"page","link":"https:\/\/leicesterleicestershireandrutland.icb.nhs.uk\/pl\/be-involved\/need-help-fast-engagement\/","title":{"rendered":"Potrzebuj\u0119 szybkiej pomocy"},"content":{"rendered":"<div data-elementor-type=\"wp-page\" data-elementor-id=\"24010\" class=\"elementor elementor-24010\" data-elementor-post-type=\"page\">\n\t\t\t\t\t\t<section data-particle_enable=\"false\" data-particle-mobile-disabled=\"false\" class=\"elementor-section elementor-top-section elementor-element elementor-element-57e8f920 elementor-section-boxed elementor-section-height-default elementor-section-height-default\" data-id=\"57e8f920\" data-element_type=\"section\" data-e-type=\"section\" data-settings=\"{&quot;background_background&quot;:&quot;classic&quot;}\">\n\t\t\t\t\t\t\t<div class=\"elementor-background-overlay\"><\/div>\n\t\t\t\t\t\t\t<div class=\"elementor-container elementor-column-gap-default\">\n\t\t\t\t\t<div class=\"elementor-column elementor-col-100 elementor-top-column elementor-element elementor-element-22eda363\" data-id=\"22eda363\" data-element_type=\"column\" data-e-type=\"column\">\n\t\t\t<div class=\"elementor-widget-wrap elementor-element-populated\">\n\t\t\t\t\t\t<div class=\"elementor-element elementor-element-2afa35b0 elementor-widget elementor-widget-heading\" data-id=\"2afa35b0\" data-element_type=\"widget\" data-e-type=\"widget\" data-widget_type=\"heading.default\">\n\t\t\t\t<div class=\"elementor-widget-container\">\n\t\t\t\t\t<h1 class=\"elementor-heading-title elementor-size-default\">Szybkie uzyskanie pomocy NHS<\/h1>\t\t\t\t<\/div>\n\t\t\t\t<\/div>\n\t\t\t\t<div class=\"elementor-element elementor-element-2904296 elementor-widget-divider--view-line elementor-widget elementor-widget-divider\" data-id=\"2904296\" data-element_type=\"widget\" data-e-type=\"widget\" data-widget_type=\"divider.default\">\n\t\t\t\t<div class=\"elementor-widget-container\">\n\t\t\t\t\t\t\t<div class=\"elementor-divider\">\n\t\t\t<span class=\"elementor-divider-separator\">\n\t\t\t\t\t\t<\/span>\n\t\t<\/div>\n\t\t\t\t\t\t<\/div>\n\t\t\t\t<\/div>\n\t\t\t\t<div class=\"elementor-element elementor-element-d8076ee elementor-widget elementor-widget-heading\" data-id=\"d8076ee\" data-element_type=\"widget\" data-e-type=\"widget\" data-widget_type=\"heading.default\">\n\t\t\t\t<div class=\"elementor-widget-container\">\n\t\t\t\t\t<h3 class=\"elementor-heading-title elementor-size-default\">To zlecenie zosta\u0142o ju\u017c zako\u0144czone.<\/h3>\t\t\t\t<\/div>\n\t\t\t\t<\/div>\n\t\t\t\t<div class=\"elementor-element elementor-element-84f0a8b elementor-widget elementor-widget-text-editor\" data-id=\"84f0a8b\" data-element_type=\"widget\" data-e-type=\"widget\" data-widget_type=\"text-editor.default\">\n\t\t\t\t<div class=\"elementor-widget-container\">\n\t\t\t\t\t\t\t\t\t<p><strong><a href=\"https:\/\/leicesterleicestershireandrutland.icb.nhs.uk\/wp-content\/uploads\/2026\/04\/Getting-NHS-Help-Fast-in-LLR-Report-FINAL.pdf\">Przeczytaj raport z ustale\u0144.<\/a><\/strong><\/p>\t\t\t\t\t\t\t\t<\/div>\n\t\t\t\t<\/div>\n\t\t\t\t<section data-particle_enable=\"false\" data-particle-mobile-disabled=\"false\" class=\"elementor-section elementor-inner-section elementor-element elementor-element-f432d73 elementor-section-boxed elementor-section-height-default elementor-section-height-default\" data-id=\"f432d73\" data-element_type=\"section\" data-e-type=\"section\">\n\t\t\t\t\t\t<div class=\"elementor-container elementor-column-gap-default\">\n\t\t\t\t\t<div class=\"elementor-column elementor-col-50 elementor-inner-column elementor-element elementor-element-d0f3584\" data-id=\"d0f3584\" data-element_type=\"column\" data-e-type=\"column\">\n\t\t\t<div class=\"elementor-widget-wrap elementor-element-populated\">\n\t\t\t\t\t\t<div class=\"elementor-element elementor-element-c40cc3f elementor-widget elementor-widget-image\" data-id=\"c40cc3f\" data-element_type=\"widget\" data-e-type=\"widget\" data-widget_type=\"image.default\">\n\t\t\t\t<div class=\"elementor-widget-container\">\n\t\t\t\t\t\t\t\t\t\t\t\t\t\t\t<img decoding=\"async\" width=\"150\" height=\"150\" src=\"https:\/\/i0.wp.com\/leicesterleicestershireandrutland.icb.nhs.uk\/wp-content\/uploads\/2025\/08\/need-help-fast-signpost.png?resize=150%2C150&amp;ssl=1\" class=\"attachment-thumbnail size-thumbnail wp-image-24044\" alt=\"A signpost with three coloured direction arrows all pointing to the right. The top arrow shows a pharmacy symbol, the middle arrow shows a stethoscope and the bottom arrow shows a mobile phone with a medical cross on it. To the left of the signpost, text reads Right Care, Right Place.\" srcset=\"https:\/\/i0.wp.com\/leicesterleicestershireandrutland.icb.nhs.uk\/wp-content\/uploads\/2025\/08\/need-help-fast-signpost.png?resize=150%2C150&amp;ssl=1 150w, https:\/\/i0.wp.com\/leicesterleicestershireandrutland.icb.nhs.uk\/wp-content\/uploads\/2025\/08\/need-help-fast-signpost.png?resize=12%2C12&amp;ssl=1 12w, https:\/\/i0.wp.com\/leicesterleicestershireandrutland.icb.nhs.uk\/wp-content\/uploads\/2025\/08\/need-help-fast-signpost.png?zoom=2&amp;resize=150%2C150&amp;ssl=1 300w, https:\/\/i0.wp.com\/leicesterleicestershireandrutland.icb.nhs.uk\/wp-content\/uploads\/2025\/08\/need-help-fast-signpost.png?zoom=3&amp;resize=150%2C150&amp;ssl=1 450w\" sizes=\"(max-width: 150px) 100vw, 150px\" \/>\t\t\t\t\t\t\t\t\t\t\t\t\t\t\t<\/div>\n\t\t\t\t<\/div>\n\t\t\t\t\t<\/div>\n\t\t<\/div>\n\t\t\t\t<div class=\"elementor-column elementor-col-50 elementor-inner-column elementor-element elementor-element-e019ad4\" data-id=\"e019ad4\" data-element_type=\"column\" data-e-type=\"column\">\n\t\t\t<div class=\"elementor-widget-wrap elementor-element-populated\">\n\t\t\t\t\t\t<div class=\"elementor-element elementor-element-9ca0c89 elementor-widget elementor-widget-text-editor\" data-id=\"9ca0c89\" data-element_type=\"widget\" data-e-type=\"widget\" data-widget_type=\"text-editor.default\">\n\t\t\t\t<div class=\"elementor-widget-container\">\n\t\t\t\t\t\t\t\t\t<p>NHS w Leicester, Leicestershire i Rutland u\u0142atwia szybkie uzyskanie pomocy, gdy jej potrzebujesz.<\/p><p>Dzi\u0119kujemy za podzielenie si\u0119 swoimi przemy\u015bleniami na temat naszego dwuetapowego podej\u015bcia do szybkiego uzyskania pomocy w ramach NHS, a tak\u017ce do\u015bwiadczeniami i opiniami na temat plac\u00f3wek, w kt\u00f3rych mo\u017cna uzyska\u0107 opiek\u0119 lub porad\u0119 tego samego dnia, takich jak przychodnie lekarzy rodzinnych i apteki. Twoja opinia pomo\u017ce nam ulepszy\u0107 te us\u0142ugi dla wszystkich.<\/p><p data-start=\"610\" data-end=\"770\">W zale\u017cno\u015bci od Twojej lokalizacji dost\u0119pne s\u0105 r\u00f3\u017cne us\u0142ugi. Aby dowiedzie\u0107 si\u0119 wi\u0119cej o tej pracy, u\u017cyj poni\u017cszych przycisk\u00f3w, aby wybra\u0107 sw\u00f3j obszar:<\/p>\t\t\t\t\t\t\t\t<\/div>\n\t\t\t\t<\/div>\n\t\t\t\t\t<\/div>\n\t\t<\/div>\n\t\t\t\t\t<\/div>\n\t\t<\/section>\n\t\t\t\t<section data-particle_enable=\"false\" data-particle-mobile-disabled=\"false\" class=\"elementor-section elementor-inner-section elementor-element elementor-element-7a92f2b elementor-section-boxed elementor-section-height-default elementor-section-height-default\" data-id=\"7a92f2b\" data-element_type=\"section\" data-e-type=\"section\">\n\t\t\t\t\t\t<div class=\"elementor-container elementor-column-gap-default\">\n\t\t\t\t\t<div class=\"elementor-column elementor-col-33 elementor-inner-column elementor-element elementor-element-afd251d\" data-id=\"afd251d\" data-element_type=\"column\" data-e-type=\"column\">\n\t\t\t<div class=\"elementor-widget-wrap elementor-element-populated\">\n\t\t\t\t\t\t<div class=\"elementor-element elementor-element-0cdb338 elementor-align-center elementor-widget elementor-widget-button\" data-id=\"0cdb338\" data-element_type=\"widget\" data-e-type=\"widget\" data-widget_type=\"button.default\">\n\t\t\t\t<div class=\"elementor-widget-container\">\n\t\t\t\t\t\t\t\t\t<div class=\"elementor-button-wrapper\">\n\t\t\t\t\t<a class=\"elementor-button elementor-button-link elementor-size-sm elementor-animation-grow\" href=\"https:\/\/leicesterleicestershireandrutland.icb.nhs.uk\/pl\/be-involved\/need-help-fast-engagement\/leicestercity\/\">\n\t\t\t\t\t\t<span class=\"elementor-button-content-wrapper\">\n\t\t\t\t\t\t\t\t\t<span class=\"elementor-button-text\">Miasto Leicester<\/span>\n\t\t\t\t\t<\/span>\n\t\t\t\t\t<\/a>\n\t\t\t\t<\/div>\n\t\t\t\t\t\t\t\t<\/div>\n\t\t\t\t<\/div>\n\t\t\t\t\t<\/div>\n\t\t<\/div>\n\t\t\t\t<div class=\"elementor-column elementor-col-33 elementor-inner-column elementor-element elementor-element-5cb99a2\" data-id=\"5cb99a2\" data-element_type=\"column\" data-e-type=\"column\">\n\t\t\t<div class=\"elementor-widget-wrap elementor-element-populated\">\n\t\t\t\t\t\t<div class=\"elementor-element elementor-element-685ff30 elementor-align-center elementor-widget elementor-widget-button\" data-id=\"685ff30\" data-element_type=\"widget\" data-e-type=\"widget\" data-widget_type=\"button.default\">\n\t\t\t\t<div class=\"elementor-widget-container\">\n\t\t\t\t\t\t\t\t\t<div class=\"elementor-button-wrapper\">\n\t\t\t\t\t<a class=\"elementor-button elementor-button-link elementor-size-sm elementor-animation-grow\" href=\"https:\/\/leicesterleicestershireandrutland.icb.nhs.uk\/pl\/be-involved\/need-help-fast-engagement\/leicestershire\/\">\n\t\t\t\t\t\t<span class=\"elementor-button-content-wrapper\">\n\t\t\t\t\t\t\t\t\t<span class=\"elementor-button-text\">Leicestershire<\/span>\n\t\t\t\t\t<\/span>\n\t\t\t\t\t<\/a>\n\t\t\t\t<\/div>\n\t\t\t\t\t\t\t\t<\/div>\n\t\t\t\t<\/div>\n\t\t\t\t\t<\/div>\n\t\t<\/div>\n\t\t\t\t<div class=\"elementor-column elementor-col-33 elementor-inner-column elementor-element elementor-element-9ae1218\" data-id=\"9ae1218\" data-element_type=\"column\" data-e-type=\"column\">\n\t\t\t<div class=\"elementor-widget-wrap elementor-element-populated\">\n\t\t\t\t\t\t<div class=\"elementor-element elementor-element-03cd74d elementor-align-center elementor-widget elementor-widget-button\" data-id=\"03cd74d\" data-element_type=\"widget\" data-e-type=\"widget\" data-widget_type=\"button.default\">\n\t\t\t\t<div class=\"elementor-widget-container\">\n\t\t\t\t\t\t\t\t\t<div class=\"elementor-button-wrapper\">\n\t\t\t\t\t<a class=\"elementor-button elementor-button-link elementor-size-sm elementor-animation-grow\" href=\"https:\/\/leicesterleicestershireandrutland.icb.nhs.uk\/pl\/be-involved\/need-help-fast-engagement\/rutland\/\">\n\t\t\t\t\t\t<span class=\"elementor-button-content-wrapper\">\n\t\t\t\t\t\t\t\t\t<span class=\"elementor-button-text\">Rutland<\/span>\n\t\t\t\t\t<\/span>\n\t\t\t\t\t<\/a>\n\t\t\t\t<\/div>\n\t\t\t\t\t\t\t\t<\/div>\n\t\t\t\t<\/div>\n\t\t\t\t\t<\/div>\n\t\t<\/div>\n\t\t\t\t\t<\/div>\n\t\t<\/section>\n\t\t\t\t\t<\/div>\n\t\t<\/div>\n\t\t\t\t\t<\/div>\n\t\t<\/section>\n\t\t\t\t<\/div>","protected":false},"excerpt":{"rendered":"<p>Getting NHS help fast This engagement has now closed. Read the Report of Findings. The NHS in Leicester, Leicestershire and Rutland is making it easier for you to get help [&hellip;]<\/p>\n","protected":false},"author":1,"featured_media":0,"parent":518,"menu_order":3,"comment_status":"closed","ping_status":"closed","template":"","meta":{"_eb_attr":"","footnotes":""},"class_list":["post-24010","page","type-page","status-publish","hentry"],"yoast_head":"<!-- This site is optimized with the Yoast SEO plugin v27.4 - https:\/\/yoast.com\/product\/yoast-seo-wordpress\/ -->\n<title>Need help fast engagement - LLR ICB<\/title>\n<meta name=\"robots\" content=\"index, follow, max-snippet:-1, max-image-preview:large, max-video-preview:-1\" \/>\n<link rel=\"canonical\" href=\"https:\/\/leicesterleicestershireandrutland.icb.nhs.uk\/pl\/be-involved\/need-help-fast-engagement\/\" \/>\n<meta property=\"og:locale\" content=\"pl_PL\" \/>\n<meta property=\"og:type\" content=\"article\" \/>\n<meta property=\"og:title\" content=\"Need help fast engagement - LLR ICB\" \/>\n<meta property=\"og:description\" content=\"Getting NHS help fast This engagement has now closed. Read the Report of Findings. The NHS in Leicester, Leicestershire and Rutland is making it easier for you to get help [&hellip;]\" \/>\n<meta property=\"og:url\" content=\"https:\/\/leicesterleicestershireandrutland.icb.nhs.uk\/pl\/be-involved\/need-help-fast-engagement\/\" \/>\n<meta property=\"og:site_name\" content=\"LLR ICB\" \/>\n<meta property=\"article:publisher\" content=\"https:\/\/www.facebook.com\/NHSLLR\" \/>\n<meta property=\"article:modified_time\" content=\"2026-04-17T08:18:55+00:00\" \/>\n<meta property=\"og:image\" content=\"https:\/\/leicesterleicestershireandrutland.icb.nhs.uk\/wp-content\/uploads\/2025\/12\/SDA-last-chance.png\" \/>\n\t<meta property=\"og:image:width\" content=\"1920\" \/>\n\t<meta property=\"og:image:height\" content=\"1080\" \/>\n\t<meta property=\"og:image:type\" content=\"image\/png\" \/>\n<meta name=\"twitter:card\" content=\"summary_large_image\" \/>\n<meta name=\"twitter:site\" content=\"@NHS_LLR\" \/>\n<meta name=\"twitter:label1\" content=\"Szacowany czas czytania\" \/>\n\t<meta name=\"twitter:data1\" content=\"1 minuta\" \/>\n<script type=\"application\/ld+json\" class=\"yoast-schema-graph\">{\"@context\":\"https:\\\/\\\/schema.org\",\"@graph\":[{\"@type\":\"WebPage\",\"@id\":\"https:\\\/\\\/leicesterleicestershireandrutland.icb.nhs.uk\\\/be-involved\\\/need-help-fast-engagement\\\/\",\"url\":\"https:\\\/\\\/leicesterleicestershireandrutland.icb.nhs.uk\\\/be-involved\\\/need-help-fast-engagement\\\/\",\"name\":\"Need help fast engagement - LLR ICB\",\"isPartOf\":{\"@id\":\"https:\\\/\\\/leicesterleicestershireandrutland.icb.nhs.uk\\\/#website\"},\"primaryImageOfPage\":{\"@id\":\"https:\\\/\\\/leicesterleicestershireandrutland.icb.nhs.uk\\\/be-involved\\\/need-help-fast-engagement\\\/#primaryimage\"},\"image\":{\"@id\":\"https:\\\/\\\/leicesterleicestershireandrutland.icb.nhs.uk\\\/be-involved\\\/need-help-fast-engagement\\\/#primaryimage\"},\"thumbnailUrl\":\"https:\\\/\\\/leicesterleicestershireandrutland.icb.nhs.uk\\\/wp-content\\\/uploads\\\/2025\\\/08\\\/need-help-fast-signpost-150x150.png\",\"datePublished\":\"2025-08-18T16:12:56+00:00\",\"dateModified\":\"2026-04-17T08:18:55+00:00\",\"breadcrumb\":{\"@id\":\"https:\\\/\\\/leicesterleicestershireandrutland.icb.nhs.uk\\\/be-involved\\\/need-help-fast-engagement\\\/#breadcrumb\"},\"inLanguage\":\"pl-PL\",\"potentialAction\":[{\"@type\":\"ReadAction\",\"target\":[\"https:\\\/\\\/leicesterleicestershireandrutland.icb.nhs.uk\\\/be-involved\\\/need-help-fast-engagement\\\/\"]}]},{\"@type\":\"ImageObject\",\"inLanguage\":\"pl-PL\",\"@id\":\"https:\\\/\\\/leicesterleicestershireandrutland.icb.nhs.uk\\\/be-involved\\\/need-help-fast-engagement\\\/#primaryimage\",\"url\":\"https:\\\/\\\/leicesterleicestershireandrutland.icb.nhs.uk\\\/wp-content\\\/uploads\\\/2025\\\/08\\\/need-help-fast-signpost-150x150.png\",\"contentUrl\":\"https:\\\/\\\/leicesterleicestershireandrutland.icb.nhs.uk\\\/wp-content\\\/uploads\\\/2025\\\/08\\\/need-help-fast-signpost-150x150.png\"},{\"@type\":\"BreadcrumbList\",\"@id\":\"https:\\\/\\\/leicesterleicestershireandrutland.icb.nhs.uk\\\/be-involved\\\/need-help-fast-engagement\\\/#breadcrumb\",\"itemListElement\":[{\"@type\":\"ListItem\",\"position\":1,\"name\":\"Home\",\"item\":\"https:\\\/\\\/leicesterleicestershireandrutland.icb.nhs.uk\\\/\"},{\"@type\":\"ListItem\",\"position\":2,\"name\":\"Be involved\",\"item\":\"https:\\\/\\\/leicesterleicestershireandrutland.icb.nhs.uk\\\/be-involved\\\/\"},{\"@type\":\"ListItem\",\"position\":3,\"name\":\"Need help fast engagement\"}]},{\"@type\":\"WebSite\",\"@id\":\"https:\\\/\\\/leicesterleicestershireandrutland.icb.nhs.uk\\\/#website\",\"url\":\"https:\\\/\\\/leicesterleicestershireandrutland.icb.nhs.uk\\\/\",\"name\":\"LLR ICB\",\"description\":\"LLR Integrated Care Board\",\"publisher\":{\"@id\":\"https:\\\/\\\/leicesterleicestershireandrutland.icb.nhs.uk\\\/#organization\"},\"potentialAction\":[{\"@type\":\"SearchAction\",\"target\":{\"@type\":\"EntryPoint\",\"urlTemplate\":\"https:\\\/\\\/leicesterleicestershireandrutland.icb.nhs.uk\\\/?s={search_term_string}\"},\"query-input\":{\"@type\":\"PropertyValueSpecification\",\"valueRequired\":true,\"valueName\":\"search_term_string\"}}],\"inLanguage\":\"pl-PL\"},{\"@type\":\"Organization\",\"@id\":\"https:\\\/\\\/leicesterleicestershireandrutland.icb.nhs.uk\\\/#organization\",\"name\":\"LLR ICB\",\"url\":\"https:\\\/\\\/leicesterleicestershireandrutland.icb.nhs.uk\\\/\",\"logo\":{\"@type\":\"ImageObject\",\"inLanguage\":\"pl-PL\",\"@id\":\"https:\\\/\\\/leicesterleicestershireandrutland.icb.nhs.uk\\\/#\\\/schema\\\/logo\\\/image\\\/\",\"url\":\"https:\\\/\\\/i0.wp.com\\\/leicesterleicestershireandrutland.icb.nhs.uk\\\/wp-content\\\/uploads\\\/2022\\\/06\\\/New-Project-4.jpg?fit=452%2C93&ssl=1\",\"contentUrl\":\"https:\\\/\\\/i0.wp.com\\\/leicesterleicestershireandrutland.icb.nhs.uk\\\/wp-content\\\/uploads\\\/2022\\\/06\\\/New-Project-4.jpg?fit=452%2C93&ssl=1\",\"width\":452,\"height\":93,\"caption\":\"LLR ICB\"},\"image\":{\"@id\":\"https:\\\/\\\/leicesterleicestershireandrutland.icb.nhs.uk\\\/#\\\/schema\\\/logo\\\/image\\\/\"},\"sameAs\":[\"https:\\\/\\\/www.facebook.com\\\/NHSLLR\",\"https:\\\/\\\/x.com\\\/NHS_LLR\",\"https:\\\/\\\/www.instagram.com\\\/nhsllr\\\/\"]}]}<\/script>\n<!-- \/ Yoast SEO plugin. -->","yoast_head_json":{"title":"Potrzebna szybka pomoc - LLR ICB","robots":{"index":"index","follow":"follow","max-snippet":"max-snippet:-1","max-image-preview":"max-image-preview:large","max-video-preview":"max-video-preview:-1"},"canonical":"https:\/\/leicesterleicestershireandrutland.icb.nhs.uk\/pl\/be-involved\/need-help-fast-engagement\/","og_locale":"pl_PL","og_type":"article","og_title":"Need help fast engagement - LLR ICB","og_description":"Getting NHS help fast This engagement has now closed. Read the Report of Findings. The NHS in Leicester, Leicestershire and Rutland is making it easier for you to get help [&hellip;]","og_url":"https:\/\/leicesterleicestershireandrutland.icb.nhs.uk\/pl\/be-involved\/need-help-fast-engagement\/","og_site_name":"LLR ICB","article_publisher":"https:\/\/www.facebook.com\/NHSLLR","article_modified_time":"2026-04-17T08:18:55+00:00","og_image":[{"width":1920,"height":1080,"url":"https:\/\/leicesterleicestershireandrutland.icb.nhs.uk\/wp-content\/uploads\/2025\/12\/SDA-last-chance.png","type":"image\/png"}],"twitter_card":"summary_large_image","twitter_site":"@NHS_LLR","twitter_misc":{"Szacowany czas czytania":"1 minuta"},"schema":{"@context":"https:\/\/schema.org","@graph":[{"@type":"WebPage","@id":"https:\/\/leicesterleicestershireandrutland.icb.nhs.uk\/be-involved\/need-help-fast-engagement\/","url":"https:\/\/leicesterleicestershireandrutland.icb.nhs.uk\/be-involved\/need-help-fast-engagement\/","name":"Potrzebna szybka pomoc - LLR ICB","isPartOf":{"@id":"https:\/\/leicesterleicestershireandrutland.icb.nhs.uk\/#website"},"primaryImageOfPage":{"@id":"https:\/\/leicesterleicestershireandrutland.icb.nhs.uk\/be-involved\/need-help-fast-engagement\/#primaryimage"},"image":{"@id":"https:\/\/leicesterleicestershireandrutland.icb.nhs.uk\/be-involved\/need-help-fast-engagement\/#primaryimage"},"thumbnailUrl":"https:\/\/leicesterleicestershireandrutland.icb.nhs.uk\/wp-content\/uploads\/2025\/08\/need-help-fast-signpost-150x150.png","datePublished":"2025-08-18T16:12:56+00:00","dateModified":"2026-04-17T08:18:55+00:00","breadcrumb":{"@id":"https:\/\/leicesterleicestershireandrutland.icb.nhs.uk\/be-involved\/need-help-fast-engagement\/#breadcrumb"},"inLanguage":"pl-PL","potentialAction":[{"@type":"ReadAction","target":["https:\/\/leicesterleicestershireandrutland.icb.nhs.uk\/be-involved\/need-help-fast-engagement\/"]}]},{"@type":"ImageObject","inLanguage":"pl-PL","@id":"https:\/\/leicesterleicestershireandrutland.icb.nhs.uk\/be-involved\/need-help-fast-engagement\/#primaryimage","url":"https:\/\/leicesterleicestershireandrutland.icb.nhs.uk\/wp-content\/uploads\/2025\/08\/need-help-fast-signpost-150x150.png","contentUrl":"https:\/\/leicesterleicestershireandrutland.icb.nhs.uk\/wp-content\/uploads\/2025\/08\/need-help-fast-signpost-150x150.png"},{"@type":"BreadcrumbList","@id":"https:\/\/leicesterleicestershireandrutland.icb.nhs.uk\/be-involved\/need-help-fast-engagement\/#breadcrumb","itemListElement":[{"@type":"ListItem","position":1,"name":"Home","item":"https:\/\/leicesterleicestershireandrutland.icb.nhs.uk\/"},{"@type":"ListItem","position":2,"name":"Be involved","item":"https:\/\/leicesterleicestershireandrutland.icb.nhs.uk\/be-involved\/"},{"@type":"ListItem","position":3,"name":"Need help fast engagement"}]},{"@type":"WebSite","@id":"https:\/\/leicesterleicestershireandrutland.icb.nhs.uk\/#website","url":"https:\/\/leicesterleicestershireandrutland.icb.nhs.uk\/","name":"LLR ICB","description":"Zintegrowana Rada Opieki LLR","publisher":{"@id":"https:\/\/leicesterleicestershireandrutland.icb.nhs.uk\/#organization"},"potentialAction":[{"@type":"SearchAction","target":{"@type":"EntryPoint","urlTemplate":"https:\/\/leicesterleicestershireandrutland.icb.nhs.uk\/?s={search_term_string}"},"query-input":{"@type":"PropertyValueSpecification","valueRequired":true,"valueName":"search_term_string"}}],"inLanguage":"pl-PL"},{"@type":"Organization","@id":"https:\/\/leicesterleicestershireandrutland.icb.nhs.uk\/#organization","name":"LLR ICB","url":"https:\/\/leicesterleicestershireandrutland.icb.nhs.uk\/","logo":{"@type":"ImageObject","inLanguage":"pl-PL","@id":"https:\/\/leicesterleicestershireandrutland.icb.nhs.uk\/#\/schema\/logo\/image\/","url":"https:\/\/i0.wp.com\/leicesterleicestershireandrutland.icb.nhs.uk\/wp-content\/uploads\/2022\/06\/New-Project-4.jpg?fit=452%2C93&ssl=1","contentUrl":"https:\/\/i0.wp.com\/leicesterleicestershireandrutland.icb.nhs.uk\/wp-content\/uploads\/2022\/06\/New-Project-4.jpg?fit=452%2C93&ssl=1","width":452,"height":93,"caption":"LLR ICB"},"image":{"@id":"https:\/\/leicesterleicestershireandrutland.icb.nhs.uk\/#\/schema\/logo\/image\/"},"sameAs":["https:\/\/www.facebook.com\/NHSLLR","https:\/\/x.com\/NHS_LLR","https:\/\/www.instagram.com\/nhsllr\/"]}]}},"jetpack_sharing_enabled":true,"_links":{"self":[{"href":"https:\/\/leicesterleicestershireandrutland.icb.nhs.uk\/pl\/wp-json\/wp\/v2\/pages\/24010","targetHints":{"allow":["GET"]}}],"collection":[{"href":"https:\/\/leicesterleicestershireandrutland.icb.nhs.uk\/pl\/wp-json\/wp\/v2\/pages"}],"about":[{"href":"https:\/\/leicesterleicestershireandrutland.icb.nhs.uk\/pl\/wp-json\/wp\/v2\/types\/page"}],"author":[{"embeddable":true,"href":"https:\/\/leicesterleicestershireandrutland.icb.nhs.uk\/pl\/wp-json\/wp\/v2\/users\/1"}],"replies":[{"embeddable":true,"href":"https:\/\/leicesterleicestershireandrutland.icb.nhs.uk\/pl\/wp-json\/wp\/v2\/comments?post=24010"}],"version-history":[{"count":109,"href":"https:\/\/leicesterleicestershireandrutland.icb.nhs.uk\/pl\/wp-json\/wp\/v2\/pages\/24010\/revisions"}],"predecessor-version":[{"id":28168,"href":"https:\/\/leicesterleicestershireandrutland.icb.nhs.uk\/pl\/wp-json\/wp\/v2\/pages\/24010\/revisions\/28168"}],"up":[{"embeddable":true,"href":"https:\/\/leicesterleicestershireandrutland.icb.nhs.uk\/pl\/wp-json\/wp\/v2\/pages\/518"}],"wp:attachment":[{"href":"https:\/\/leicesterleicestershireandrutland.icb.nhs.uk\/pl\/wp-json\/wp\/v2\/media?parent=24010"}],"curies":[{"name":"wp","href":"https:\/\/api.w.org\/{rel}","templated":true}]}}