{"id":26679,"date":"2025-12-22T14:52:25","date_gmt":"2025-12-22T14:52:25","guid":{"rendered":"https:\/\/leicesterleicestershireandrutland.icb.nhs.uk\/?page_id=26679"},"modified":"2025-12-22T16:27:58","modified_gmt":"2025-12-22T16:27:58","slug":"weight-management-for-children","status":"publish","type":"page","link":"https:\/\/leicesterleicestershireandrutland.icb.nhs.uk\/pl\/your-health\/long-term-conditions\/weight-management\/weight-management-for-children\/","title":{"rendered":"Zarz\u0105dzanie wag\u0105 u dzieci"},"content":{"rendered":"<div data-elementor-type=\"wp-page\" data-elementor-id=\"26679\" class=\"elementor elementor-26679\" data-elementor-post-type=\"page\">\n\t\t\t\t\t\t<section data-particle_enable=\"false\" data-particle-mobile-disabled=\"false\" class=\"elementor-section elementor-top-section elementor-element elementor-element-ec729c8 elementor-section-boxed elementor-section-height-default elementor-section-height-default\" data-id=\"ec729c8\" data-element_type=\"section\" data-e-type=\"section\">\n\t\t\t\t\t\t<div class=\"elementor-container elementor-column-gap-default\">\n\t\t\t\t\t<div class=\"elementor-column elementor-col-100 elementor-top-column elementor-element elementor-element-6be164e\" data-id=\"6be164e\" data-element_type=\"column\" data-e-type=\"column\">\n\t\t\t<div class=\"elementor-widget-wrap elementor-element-populated\">\n\t\t\t\t\t\t<div class=\"elementor-element elementor-element-ac9cada elementor-widget elementor-widget-heading\" data-id=\"ac9cada\" data-element_type=\"widget\" data-e-type=\"widget\" data-widget_type=\"heading.default\">\n\t\t\t\t<div class=\"elementor-widget-container\">\n\t\t\t\t\t<h1 class=\"elementor-heading-title elementor-size-default\">Zarz\u0105dzanie wag\u0105 u dzieci<\/h1>\t\t\t\t<\/div>\n\t\t\t\t<\/div>\n\t\t\t\t<div class=\"elementor-element elementor-element-e52b9e0 elementor-widget-divider--view-line elementor-widget elementor-widget-divider\" data-id=\"e52b9e0\" data-element_type=\"widget\" data-e-type=\"widget\" data-widget_type=\"divider.default\">\n\t\t\t\t<div class=\"elementor-widget-container\">\n\t\t\t\t\t\t\t<div class=\"elementor-divider\">\n\t\t\t<span class=\"elementor-divider-separator\">\n\t\t\t\t\t\t<\/span>\n\t\t<\/div>\n\t\t\t\t\t\t<\/div>\n\t\t\t\t<\/div>\n\t\t\t\t<div class=\"elementor-element elementor-element-23fe282 elementor-widget elementor-widget-text-editor\" data-id=\"23fe282\" data-element_type=\"widget\" data-e-type=\"widget\" data-widget_type=\"text-editor.default\">\n\t\t\t\t<div class=\"elementor-widget-container\">\n\t\t\t\t\t\t\t\t\t<p>Tutaj znajdziesz szczeg\u00f3\u0142owe informacje na temat us\u0142ug i wsparcia pomagaj\u0105cych dzieciom i rodzinom w kontrolowaniu swojej wagi.<\/p><p>NHS i lokalni partnerzy wsp\u00f3\u0142pracuj\u0105 nad przeprowadzeniem przegl\u0105du systemowego wszystkich opcji zarz\u0105dzania wag\u0105 u doros\u0142ych i dzieci. Harmonogram przegl\u0105du nie zosta\u0142 jeszcze ustalony.<\/p><p>W mi\u0119dzyczasie opisali\u015bmy poni\u017cej aktualne formy wsparcia dost\u0119pne dla dzieci i rodzin.\u00a0<\/p><p>Us\u0142ugi dziel\u0105 si\u0119 na cztery poziomy (lub szczeble) opieki.<\/p>\t\t\t\t\t\t\t\t<\/div>\n\t\t\t\t<\/div>\n\t\t\t\t<div class=\"elementor-element elementor-element-4b90d5c elementor-widget elementor-widget-heading\" data-id=\"4b90d5c\" data-element_type=\"widget\" data-e-type=\"widget\" data-widget_type=\"heading.default\">\n\t\t\t\t<div class=\"elementor-widget-container\">\n\t\t\t\t\t<h2 class=\"elementor-heading-title elementor-size-default\">Poziom 1: Us\u0142ugi powszechne<\/h2>\t\t\t\t<\/div>\n\t\t\t\t<\/div>\n\t\t\t\t<div class=\"elementor-element elementor-element-e94df26 elementor-widget elementor-widget-text-editor\" data-id=\"e94df26\" data-element_type=\"widget\" data-e-type=\"widget\" data-widget_type=\"text-editor.default\">\n\t\t\t\t<div class=\"elementor-widget-container\">\n\t\t\t\t\t\t\t\t\t<p>Poni\u017csze \u017ar\u00f3d\u0142a wsparcia s\u0105 dost\u0119pne dla wszystkich.<\/p><ul><li><a href=\"https:\/\/www.nhs.uk\/healthier-families\/\" target=\"_blank\" rel=\"noopener\"><strong>Zdrowsze rodziny NHS<\/strong><\/a> \u2013 Oferuje porady, narz\u0119dzia i zasoby, kt\u00f3re pomog\u0105 rodzinom od\u017cywia\u0107 si\u0119 lepiej, wi\u0119cej si\u0119 rusza\u0107 i \u017cy\u0107 zdrowiej.<\/li><li><a href=\"https:\/\/www.nhs.uk\/live-well\/healthy-weight\/childrens-weight\/\" target=\"_blank\" rel=\"noopener\"><strong>Waga dzieci NHS<\/strong><\/a> \u2013 Udziela wskaz\u00f3wek, jak wspiera\u0107 dzieci w osi\u0105gni\u0119ciu i utrzymaniu zdrowej masy cia\u0142a.<\/li><li><a href=\"https:\/\/www.healthforkids.co.uk\/staying-healthy\/\" target=\"_blank\" rel=\"noopener\"><strong>Zdrowie dla dzieci<\/strong><\/a> \u2013 Oferuje porady dotycz\u0105ce stylu \u017cycia i informacje zdrowotne dla rodzin z dzie\u0107mi w wieku szkolnym.<\/li><li><a href=\"https:\/\/healthforunder5s.co.uk\/sections\/preschool\/making-mealtimes-happier\/\" target=\"_blank\" rel=\"noopener\"><strong>Zdrowie dla dzieci poni\u017cej 5 lat<\/strong><\/a> \u2013 Oferuje porady dotycz\u0105ce zdrowych posi\u0142k\u00f3w.<\/li><li><a href=\"https:\/\/www.healthforteens.co.uk\/lifestyle\/\" target=\"_blank\" rel=\"noopener\"><strong>Zdrowie dla nastolatk\u00f3w \u2013 styl \u017cycia<\/strong><\/a> \u2013 Oferuje porady dotycz\u0105ce stylu \u017cycia i informacje zdrowotne dostosowane specjalnie do potrzeb nastolatk\u00f3w.<\/li><li><a href=\"http:\/\/www.active-together.org\/children-and-families\" target=\"_blank\" rel=\"noopener\"><strong>Aktywni razem <\/strong><\/a>\u2013 Aktywno\u015b\u0107 w domu i zaj\u0119cia dost\u0119pne w ca\u0142ym powiecie i mie\u015bcie <strong>dzieci w wieku 5+<\/strong>.<\/li><li><a href=\"http:\/\/www.active-together.org\/active-tots\" target=\"_blank\" rel=\"noopener\"><strong>Aktywni razem\u00a0<\/strong><\/a>\u2013 Aktywno\u015b\u0107 w domu i zaj\u0119cia dost\u0119pne w ca\u0142ym powiecie i mie\u015bcie <strong>dzieci poni\u017cej 5 lat.<\/strong><\/li><li><a href=\"http:\/\/www.nhs.uk\/live-well\/exercise\/physical-activity-guidelines-children-and-young-people\" target=\"_blank\" rel=\"noopener\"><strong>Plan sprawno\u015bci fizycznej NHS<\/strong><\/a> \u2013 Informacje o r\u00f3\u017cnych rodzajach aktywno\u015bci dla dzieci w wieku <strong>5-18 lat<\/strong> z filmami instrukta\u017cowymi (o d\u0142ugo\u015bci 10\u201330 minut, w zale\u017cno\u015bci od wybranego filmu).<\/li><li><a href=\"https:\/\/www.nhs.uk\/start-for-life\/\" target=\"_blank\" rel=\"noopener\"><strong>NHS Najlepszy start w \u017cyciu<\/strong><\/a> <strong>\u2013 <\/strong>Miejsce, w kt\u00f3rym znajdziesz sprawdzone porady i wskaz\u00f3wki NHS, kt\u00f3re pomog\u0105 Ci zadba\u0107 o zdrowie i szcz\u0119\u015bcie dziecka w czasie ci\u0105\u017cy, porodu i rodzicielstwa.<\/li><li><strong><a href=\"https:\/\/www.lnds.nhs.uk\/_patientsandpublic.aspx\" target=\"_blank\" rel=\"noopener\">Leicestershire Partnership Trust \u017bywienie i dietetyka<\/a><a href=\"https:\/\/www.lnds.nhs.uk\/_patientsandpublic.aspx\" target=\"_blank\" rel=\"noopener\"> Praca<\/a><\/strong><a href=\"https:\/\/www.lnds.nhs.uk\/_patientsandpublic.aspx\" target=\"_blank\" rel=\"noopener\">\u00a0<\/a>\u2013 udziela porad na temat od\u017cywiania i diety.<\/li><\/ul>\t\t\t\t\t\t\t\t<\/div>\n\t\t\t\t<\/div>\n\t\t\t\t<div class=\"elementor-element elementor-element-19c2840 elementor-widget elementor-widget-heading\" data-id=\"19c2840\" data-element_type=\"widget\" data-e-type=\"widget\" data-widget_type=\"heading.default\">\n\t\t\t\t<div class=\"elementor-widget-container\">\n\t\t\t\t\t<h2 class=\"elementor-heading-title elementor-size-default\">Poziom 2: Us\u0142ugi zarz\u0105dzania wag\u0105 w zale\u017cno\u015bci od stylu \u017cycia<\/h2>\t\t\t\t<\/div>\n\t\t\t\t<\/div>\n\t\t\t\t<div class=\"elementor-element elementor-element-4b2e08d elementor-widget elementor-widget-text-editor\" data-id=\"4b2e08d\" data-element_type=\"widget\" data-e-type=\"widget\" data-widget_type=\"text-editor.default\">\n\t\t\t\t<div class=\"elementor-widget-container\">\n\t\t\t\t\t\t\t\t\t<p>Us\u0142ugi drugiego poziomu zapewniaj\u0105 wy\u017cszy poziom wsparcia osobom spe\u0142niaj\u0105cym okre\u015blone kryteria:<\/p><ul><li><p><a href=\"https:\/\/www.familyhubsleicestershire.org.uk\/\" target=\"_blank\" rel=\"noopener\"><strong>Centra rodzinne Leicestershire<\/strong><\/a> \u2013 \u0141\u0105czy rodziny z lokalnymi us\u0142ugami, wsparciem i zaj\u0119ciami, aby pom\u00f3c dzieciom i m\u0142odzie\u017cy rozwija\u0107 si\u0119.\u00a0<\/p><p><a href=\"https:\/\/families.leicester.gov.uk\/family-hubs\/\" target=\"_blank\" rel=\"noopener\"><strong>Centra rodzinne miasta Leicester<\/strong><\/a> \u2013 Centra Rodzinne udzielaj\u0105 pomocy i wsparcia rodzinom z dzie\u0107mi i m\u0142odzie\u017c\u0105, gromadz\u0105c w jednym miejscu wiele us\u0142ug i u\u0142atwiaj\u0105c dost\u0119p do potrzebnej opieki i wskaz\u00f3wek.\u00a0<\/p><p><a href=\"https:\/\/www.leicspart.nhs.uk\/service\/nutrition-and-dietetics\/\" target=\"_blank\" rel=\"noopener\"><strong>Us\u0142ugi \u017cywieniowe i dietetyczne Leicestershire Partnership Trust<\/strong><\/a><\/p><p><strong>Us\u0142uga zarz\u0105dzania wag\u0105 Tier 2 Plus.<\/strong> Us\u0142uga ta zosta\u0142a uruchomiona w ramach pr\u00f3b i zako\u0144czy\u0142a si\u0119 31<sup>st<\/sup> Marzec 2025. Nie ma zamiennika tej us\u0142ugi.<\/p><\/li><\/ul>\t\t\t\t\t\t\t\t<\/div>\n\t\t\t\t<\/div>\n\t\t\t\t<div class=\"elementor-element elementor-element-c96127e elementor-widget elementor-widget-heading\" data-id=\"c96127e\" data-element_type=\"widget\" data-e-type=\"widget\" data-widget_type=\"heading.default\">\n\t\t\t\t<div class=\"elementor-widget-container\">\n\t\t\t\t\t<h2 class=\"elementor-heading-title elementor-size-default\">Us\u0142ugi specjalistyczne w zakresie zarz\u0105dzania wag\u0105 poziomu 3<\/h2>\t\t\t\t<\/div>\n\t\t\t\t<\/div>\n\t\t\t\t<div class=\"elementor-element elementor-element-375b580 elementor-widget elementor-widget-text-editor\" data-id=\"375b580\" data-element_type=\"widget\" data-e-type=\"widget\" data-widget_type=\"text-editor.default\">\n\t\t\t\t<div class=\"elementor-widget-container\">\n\t\t\t\t\t\t\t\t\t<p>W miastach Leicester, Leicestershire i Rutland obowi\u0105zuje pilota\u017cowa us\u0142uga zarz\u0105dzania wag\u0105 dla dzieci i m\u0142odzie\u017cy (C&amp;YP) poziomu 3, kt\u00f3ra zako\u0144czy si\u0119 31 marca 2027 r. Us\u0142uga zapewnia spersonalizowane wsparcie ze strony wielodyscyplinarnego zespo\u0142u, kt\u00f3re mo\u017ce obejmowa\u0107 farmakoterapi\u0119.<\/p><p>Aby zapewni\u0107 pacjentom, kt\u00f3rzy ju\u017c znajduj\u0105 si\u0119 na li\u015bcie oczekuj\u0105cych, mo\u017cliwo\u015b\u0107 przyj\u0119cia i leczenia przed zako\u0144czeniem programu pilota\u017cowego, plac\u00f3wka nie przyjmuje nowych skierowa\u0144. Plac\u00f3wka b\u0119dzie nadal sprawowa\u0107 opiek\u0119 nad dzie\u0107mi i m\u0142odzie\u017c\u0105, kt\u00f3re s\u0105 ju\u017c pod jej opiek\u0105, do marca 2027 roku.<\/p><p>Mamy nadziej\u0119, \u017ce w przysz\u0142o\u015bci b\u0119dziemy mogli zaoferowa\u0107 zrewidowan\u0105 us\u0142ug\u0119 poziomu trzeciego. Nie jest to jeszcze potwierdzone, a harmonogram i kryteria kwalifikowalno\u015bci nie zosta\u0142y jeszcze okre\u015blone.<\/p>\t\t\t\t\t\t\t\t<\/div>\n\t\t\t\t<\/div>\n\t\t\t\t<div class=\"elementor-element elementor-element-47389b3 elementor-widget elementor-widget-heading\" data-id=\"47389b3\" data-element_type=\"widget\" data-e-type=\"widget\" data-widget_type=\"heading.default\">\n\t\t\t\t<div class=\"elementor-widget-container\">\n\t\t\t\t\t<h2 class=\"elementor-heading-title elementor-size-default\">Zdrowie psychiczne<\/h2>\t\t\t\t<\/div>\n\t\t\t\t<\/div>\n\t\t\t\t<div class=\"elementor-element elementor-element-ad502b9 elementor-widget elementor-widget-text-editor\" data-id=\"ad502b9\" data-element_type=\"widget\" data-e-type=\"widget\" data-widget_type=\"text-editor.default\">\n\t\t\t\t<div class=\"elementor-widget-container\">\n\t\t\t\t\t\t\t\t\t<p>Je\u015bli opr\u00f3cz problem\u00f3w ze zdrowiem psychicznym i wag\u0105 wyst\u0119puj\u0105 jakiekolwiek obawy, rodzice mog\u0105 zwr\u00f3ci\u0107 si\u0119 do <a href=\"https:\/\/firststepsed.co.uk\/make-a-referral\/\" target=\"_blank\" rel=\"noopener\"><strong>https:\/\/firststepsed.co.uk\/make-a-referral\/<\/strong><\/a><\/p><p>W okolicy znajduje si\u0119 r\u00f3wnie\u017c wiele innych plac\u00f3wek \u015bwiadcz\u0105cych us\u0142ugi z zakresu zdrowia psychicznego dla dzieci i m\u0142odzie\u017cy: <strong><a href=\"https:\/\/www.leicspart.nhs.uk\/mental-health\/resources\/conditions\/young-people\/\" target=\"_blank\" rel=\"noopener\">M\u0142odzi ludzie \u2013 Leicestershire Partnership NHS Trust<\/a><\/strong><\/p>\t\t\t\t\t\t\t\t<\/div>\n\t\t\t\t<\/div>\n\t\t\t\t<div class=\"elementor-element elementor-element-f1f8832 elementor-widget elementor-widget-heading\" data-id=\"f1f8832\" data-element_type=\"widget\" data-e-type=\"widget\" data-widget_type=\"heading.default\">\n\t\t\t\t<div class=\"elementor-widget-container\">\n\t\t\t\t\t<h2 class=\"elementor-heading-title elementor-size-default\">Przydatne linki<\/h2>\t\t\t\t<\/div>\n\t\t\t\t<\/div>\n\t\t\t\t<div class=\"elementor-element elementor-element-01867dc elementor-widget elementor-widget-text-editor\" data-id=\"01867dc\" data-element_type=\"widget\" data-e-type=\"widget\" data-widget_type=\"text-editor.default\">\n\t\t\t\t<div class=\"elementor-widget-container\">\n\t\t\t\t\t\t\t\t\t<ul><li><a href=\"https:\/\/leicesterleicestershireandrutland.icb.nhs.uk\/pl\/your-health\/long-term-conditions\/weight-management\/\">Przegl\u0105d zarz\u0105dzania wag\u0105 dla doros\u0142ych i dzieci<\/a><\/li><li><a href=\"https:\/\/leicesterleicestershireandrutland.icb.nhs.uk\/pl\/your-health\/long-term-conditions\/weight-management\/weight-management-for-adults\/\">Zarz\u0105dzanie wag\u0105 u doros\u0142ych<\/a><\/li><li><a href=\"https:\/\/www.nhs.uk\/conditions\/obesity\/\" target=\"_blank\" rel=\"noopener\">Dowiedz si\u0119 wi\u0119cej o oty\u0142o\u015bci na stronie internetowej krajowej s\u0142u\u017cby zdrowia NHS<\/a>, w tym narz\u0119dzie do sprawdzania BMI: krajowa strona internetowa NHS<\/li><\/ul>\t\t\t\t\t\t\t\t<\/div>\n\t\t\t\t<\/div>\n\t\t\t\t\t<\/div>\n\t\t<\/div>\n\t\t\t\t\t<\/div>\n\t\t<\/section>\n\t\t\t\t<\/div>","protected":false},"excerpt":{"rendered":"<p>Weight management for children Here you will find details of the services and support to help with children and families with managing their weight. The NHS and local partners are [&hellip;]<\/p>\n","protected":false},"author":5,"featured_media":0,"parent":23198,"menu_order":2,"comment_status":"closed","ping_status":"closed","template":"","meta":{"_eb_attr":"","footnotes":""},"class_list":["post-26679","page","type-page","status-publish","hentry"],"yoast_head":"<!-- This site is optimized with the Yoast SEO plugin v27.4 - https:\/\/yoast.com\/product\/yoast-seo-wordpress\/ -->\n<title>Weight management for children - LLR ICB<\/title>\n<meta name=\"robots\" content=\"index, follow, max-snippet:-1, max-image-preview:large, max-video-preview:-1\" \/>\n<link rel=\"canonical\" href=\"https:\/\/leicesterleicestershireandrutland.icb.nhs.uk\/pl\/your-health\/long-term-conditions\/weight-management\/weight-management-for-children\/\" \/>\n<meta property=\"og:locale\" content=\"pl_PL\" \/>\n<meta property=\"og:type\" content=\"article\" \/>\n<meta property=\"og:title\" content=\"Weight management for children - LLR ICB\" \/>\n<meta property=\"og:description\" content=\"Weight management for children Here you will find details of the services and support to help with children and families with managing their weight. The NHS and local partners are [&hellip;]\" \/>\n<meta property=\"og:url\" content=\"https:\/\/leicesterleicestershireandrutland.icb.nhs.uk\/pl\/your-health\/long-term-conditions\/weight-management\/weight-management-for-children\/\" \/>\n<meta property=\"og:site_name\" content=\"LLR ICB\" \/>\n<meta property=\"article:publisher\" content=\"https:\/\/www.facebook.com\/NHSLLR\" \/>\n<meta property=\"article:modified_time\" content=\"2025-12-22T16:27:58+00:00\" \/>\n<meta name=\"twitter:card\" content=\"summary_large_image\" \/>\n<meta name=\"twitter:site\" content=\"@NHS_LLR\" \/>\n<meta name=\"twitter:label1\" content=\"Szacowany czas czytania\" \/>\n\t<meta name=\"twitter:data1\" content=\"3 minuty\" \/>\n<script type=\"application\/ld+json\" class=\"yoast-schema-graph\">{\"@context\":\"https:\\\/\\\/schema.org\",\"@graph\":[{\"@type\":\"WebPage\",\"@id\":\"https:\\\/\\\/leicesterleicestershireandrutland.icb.nhs.uk\\\/your-health\\\/long-term-conditions\\\/weight-management\\\/weight-management-for-children\\\/\",\"url\":\"https:\\\/\\\/leicesterleicestershireandrutland.icb.nhs.uk\\\/your-health\\\/long-term-conditions\\\/weight-management\\\/weight-management-for-children\\\/\",\"name\":\"Weight management for children - LLR ICB\",\"isPartOf\":{\"@id\":\"https:\\\/\\\/leicesterleicestershireandrutland.icb.nhs.uk\\\/#website\"},\"datePublished\":\"2025-12-22T14:52:25+00:00\",\"dateModified\":\"2025-12-22T16:27:58+00:00\",\"breadcrumb\":{\"@id\":\"https:\\\/\\\/leicesterleicestershireandrutland.icb.nhs.uk\\\/your-health\\\/long-term-conditions\\\/weight-management\\\/weight-management-for-children\\\/#breadcrumb\"},\"inLanguage\":\"pl-PL\",\"potentialAction\":[{\"@type\":\"ReadAction\",\"target\":[\"https:\\\/\\\/leicesterleicestershireandrutland.icb.nhs.uk\\\/your-health\\\/long-term-conditions\\\/weight-management\\\/weight-management-for-children\\\/\"]}]},{\"@type\":\"BreadcrumbList\",\"@id\":\"https:\\\/\\\/leicesterleicestershireandrutland.icb.nhs.uk\\\/your-health\\\/long-term-conditions\\\/weight-management\\\/weight-management-for-children\\\/#breadcrumb\",\"itemListElement\":[{\"@type\":\"ListItem\",\"position\":1,\"name\":\"Home\",\"item\":\"https:\\\/\\\/leicesterleicestershireandrutland.icb.nhs.uk\\\/\"},{\"@type\":\"ListItem\",\"position\":2,\"name\":\"Your Health\",\"item\":\"https:\\\/\\\/leicesterleicestershireandrutland.icb.nhs.uk\\\/your-health\\\/\"},{\"@type\":\"ListItem\",\"position\":3,\"name\":\"Long term conditions\",\"item\":\"https:\\\/\\\/leicesterleicestershireandrutland.icb.nhs.uk\\\/your-health\\\/long-term-conditions\\\/\"},{\"@type\":\"ListItem\",\"position\":4,\"name\":\"Weight management\",\"item\":\"https:\\\/\\\/leicesterleicestershireandrutland.icb.nhs.uk\\\/your-health\\\/long-term-conditions\\\/weight-management\\\/\"},{\"@type\":\"ListItem\",\"position\":5,\"name\":\"Weight management for children\"}]},{\"@type\":\"WebSite\",\"@id\":\"https:\\\/\\\/leicesterleicestershireandrutland.icb.nhs.uk\\\/#website\",\"url\":\"https:\\\/\\\/leicesterleicestershireandrutland.icb.nhs.uk\\\/\",\"name\":\"LLR ICB\",\"description\":\"LLR Integrated Care Board\",\"publisher\":{\"@id\":\"https:\\\/\\\/leicesterleicestershireandrutland.icb.nhs.uk\\\/#organization\"},\"potentialAction\":[{\"@type\":\"SearchAction\",\"target\":{\"@type\":\"EntryPoint\",\"urlTemplate\":\"https:\\\/\\\/leicesterleicestershireandrutland.icb.nhs.uk\\\/?s={search_term_string}\"},\"query-input\":{\"@type\":\"PropertyValueSpecification\",\"valueRequired\":true,\"valueName\":\"search_term_string\"}}],\"inLanguage\":\"pl-PL\"},{\"@type\":\"Organization\",\"@id\":\"https:\\\/\\\/leicesterleicestershireandrutland.icb.nhs.uk\\\/#organization\",\"name\":\"LLR ICB\",\"url\":\"https:\\\/\\\/leicesterleicestershireandrutland.icb.nhs.uk\\\/\",\"logo\":{\"@type\":\"ImageObject\",\"inLanguage\":\"pl-PL\",\"@id\":\"https:\\\/\\\/leicesterleicestershireandrutland.icb.nhs.uk\\\/#\\\/schema\\\/logo\\\/image\\\/\",\"url\":\"https:\\\/\\\/i0.wp.com\\\/leicesterleicestershireandrutland.icb.nhs.uk\\\/wp-content\\\/uploads\\\/2022\\\/06\\\/New-Project-4.jpg?fit=452%2C93&ssl=1\",\"contentUrl\":\"https:\\\/\\\/i0.wp.com\\\/leicesterleicestershireandrutland.icb.nhs.uk\\\/wp-content\\\/uploads\\\/2022\\\/06\\\/New-Project-4.jpg?fit=452%2C93&ssl=1\",\"width\":452,\"height\":93,\"caption\":\"LLR ICB\"},\"image\":{\"@id\":\"https:\\\/\\\/leicesterleicestershireandrutland.icb.nhs.uk\\\/#\\\/schema\\\/logo\\\/image\\\/\"},\"sameAs\":[\"https:\\\/\\\/www.facebook.com\\\/NHSLLR\",\"https:\\\/\\\/x.com\\\/NHS_LLR\",\"https:\\\/\\\/www.instagram.com\\\/nhsllr\\\/\"]}]}<\/script>\n<!-- \/ Yoast SEO plugin. -->","yoast_head_json":{"title":"Zarz\u0105dzanie wag\u0105 u dzieci - LLR ICB","robots":{"index":"index","follow":"follow","max-snippet":"max-snippet:-1","max-image-preview":"max-image-preview:large","max-video-preview":"max-video-preview:-1"},"canonical":"https:\/\/leicesterleicestershireandrutland.icb.nhs.uk\/pl\/your-health\/long-term-conditions\/weight-management\/weight-management-for-children\/","og_locale":"pl_PL","og_type":"article","og_title":"Weight management for children - LLR ICB","og_description":"Weight management for children Here you will find details of the services and support to help with children and families with managing their weight. The NHS and local partners are [&hellip;]","og_url":"https:\/\/leicesterleicestershireandrutland.icb.nhs.uk\/pl\/your-health\/long-term-conditions\/weight-management\/weight-management-for-children\/","og_site_name":"LLR ICB","article_publisher":"https:\/\/www.facebook.com\/NHSLLR","article_modified_time":"2025-12-22T16:27:58+00:00","twitter_card":"summary_large_image","twitter_site":"@NHS_LLR","twitter_misc":{"Szacowany czas czytania":"3 minuty"},"schema":{"@context":"https:\/\/schema.org","@graph":[{"@type":"WebPage","@id":"https:\/\/leicesterleicestershireandrutland.icb.nhs.uk\/your-health\/long-term-conditions\/weight-management\/weight-management-for-children\/","url":"https:\/\/leicesterleicestershireandrutland.icb.nhs.uk\/your-health\/long-term-conditions\/weight-management\/weight-management-for-children\/","name":"Zarz\u0105dzanie wag\u0105 u dzieci - LLR ICB","isPartOf":{"@id":"https:\/\/leicesterleicestershireandrutland.icb.nhs.uk\/#website"},"datePublished":"2025-12-22T14:52:25+00:00","dateModified":"2025-12-22T16:27:58+00:00","breadcrumb":{"@id":"https:\/\/leicesterleicestershireandrutland.icb.nhs.uk\/your-health\/long-term-conditions\/weight-management\/weight-management-for-children\/#breadcrumb"},"inLanguage":"pl-PL","potentialAction":[{"@type":"ReadAction","target":["https:\/\/leicesterleicestershireandrutland.icb.nhs.uk\/your-health\/long-term-conditions\/weight-management\/weight-management-for-children\/"]}]},{"@type":"BreadcrumbList","@id":"https:\/\/leicesterleicestershireandrutland.icb.nhs.uk\/your-health\/long-term-conditions\/weight-management\/weight-management-for-children\/#breadcrumb","itemListElement":[{"@type":"ListItem","position":1,"name":"Home","item":"https:\/\/leicesterleicestershireandrutland.icb.nhs.uk\/"},{"@type":"ListItem","position":2,"name":"Your Health","item":"https:\/\/leicesterleicestershireandrutland.icb.nhs.uk\/your-health\/"},{"@type":"ListItem","position":3,"name":"Long term conditions","item":"https:\/\/leicesterleicestershireandrutland.icb.nhs.uk\/your-health\/long-term-conditions\/"},{"@type":"ListItem","position":4,"name":"Weight management","item":"https:\/\/leicesterleicestershireandrutland.icb.nhs.uk\/your-health\/long-term-conditions\/weight-management\/"},{"@type":"ListItem","position":5,"name":"Weight management for children"}]},{"@type":"WebSite","@id":"https:\/\/leicesterleicestershireandrutland.icb.nhs.uk\/#website","url":"https:\/\/leicesterleicestershireandrutland.icb.nhs.uk\/","name":"LLR ICB","description":"Zintegrowana Rada Opieki LLR","publisher":{"@id":"https:\/\/leicesterleicestershireandrutland.icb.nhs.uk\/#organization"},"potentialAction":[{"@type":"SearchAction","target":{"@type":"EntryPoint","urlTemplate":"https:\/\/leicesterleicestershireandrutland.icb.nhs.uk\/?s={search_term_string}"},"query-input":{"@type":"PropertyValueSpecification","valueRequired":true,"valueName":"search_term_string"}}],"inLanguage":"pl-PL"},{"@type":"Organization","@id":"https:\/\/leicesterleicestershireandrutland.icb.nhs.uk\/#organization","name":"LLR ICB","url":"https:\/\/leicesterleicestershireandrutland.icb.nhs.uk\/","logo":{"@type":"ImageObject","inLanguage":"pl-PL","@id":"https:\/\/leicesterleicestershireandrutland.icb.nhs.uk\/#\/schema\/logo\/image\/","url":"https:\/\/i0.wp.com\/leicesterleicestershireandrutland.icb.nhs.uk\/wp-content\/uploads\/2022\/06\/New-Project-4.jpg?fit=452%2C93&ssl=1","contentUrl":"https:\/\/i0.wp.com\/leicesterleicestershireandrutland.icb.nhs.uk\/wp-content\/uploads\/2022\/06\/New-Project-4.jpg?fit=452%2C93&ssl=1","width":452,"height":93,"caption":"LLR ICB"},"image":{"@id":"https:\/\/leicesterleicestershireandrutland.icb.nhs.uk\/#\/schema\/logo\/image\/"},"sameAs":["https:\/\/www.facebook.com\/NHSLLR","https:\/\/x.com\/NHS_LLR","https:\/\/www.instagram.com\/nhsllr\/"]}]}},"jetpack_sharing_enabled":true,"_links":{"self":[{"href":"https:\/\/leicesterleicestershireandrutland.icb.nhs.uk\/pl\/wp-json\/wp\/v2\/pages\/26679","targetHints":{"allow":["GET"]}}],"collection":[{"href":"https:\/\/leicesterleicestershireandrutland.icb.nhs.uk\/pl\/wp-json\/wp\/v2\/pages"}],"about":[{"href":"https:\/\/leicesterleicestershireandrutland.icb.nhs.uk\/pl\/wp-json\/wp\/v2\/types\/page"}],"author":[{"embeddable":true,"href":"https:\/\/leicesterleicestershireandrutland.icb.nhs.uk\/pl\/wp-json\/wp\/v2\/users\/5"}],"replies":[{"embeddable":true,"href":"https:\/\/leicesterleicestershireandrutland.icb.nhs.uk\/pl\/wp-json\/wp\/v2\/comments?post=26679"}],"version-history":[{"count":13,"href":"https:\/\/leicesterleicestershireandrutland.icb.nhs.uk\/pl\/wp-json\/wp\/v2\/pages\/26679\/revisions"}],"predecessor-version":[{"id":26708,"href":"https:\/\/leicesterleicestershireandrutland.icb.nhs.uk\/pl\/wp-json\/wp\/v2\/pages\/26679\/revisions\/26708"}],"up":[{"embeddable":true,"href":"https:\/\/leicesterleicestershireandrutland.icb.nhs.uk\/pl\/wp-json\/wp\/v2\/pages\/23198"}],"wp:attachment":[{"href":"https:\/\/leicesterleicestershireandrutland.icb.nhs.uk\/pl\/wp-json\/wp\/v2\/media?parent=26679"}],"curies":[{"name":"wp","href":"https:\/\/api.w.org\/{rel}","templated":true}]}}