{"id":27068,"date":"2026-01-14T16:39:39","date_gmt":"2026-01-14T16:39:39","guid":{"rendered":"https:\/\/leicesterleicestershireandrutland.icb.nhs.uk\/?page_id=27068"},"modified":"2026-04-21T16:14:18","modified_gmt":"2026-04-21T16:14:18","slug":"elementor-27068","status":"publish","type":"page","link":"https:\/\/leicesterleicestershireandrutland.icb.nhs.uk\/pl\/elementor-27068\/","title":{"rendered":"Elementor #27068"},"content":{"rendered":"<div data-elementor-type=\"wp-page\" data-elementor-id=\"27068\" class=\"elementor elementor-27068\" data-elementor-post-type=\"page\">\n\t\t\t\t\t\t<section data-particle_enable=\"false\" data-particle-mobile-disabled=\"false\" class=\"elementor-section elementor-top-section elementor-element elementor-element-4b3f553 elementor-section-boxed elementor-section-height-default elementor-section-height-default\" data-id=\"4b3f553\" data-element_type=\"section\" data-e-type=\"section\">\n\t\t\t\t\t\t<div class=\"elementor-container elementor-column-gap-default\">\n\t\t\t\t\t<div class=\"elementor-column elementor-col-100 elementor-top-column elementor-element elementor-element-8bd71d7\" data-id=\"8bd71d7\" data-element_type=\"column\" data-e-type=\"column\">\n\t\t\t<div class=\"elementor-widget-wrap elementor-element-populated\">\n\t\t\t\t\t\t<div class=\"elementor-element elementor-element-2d6b8f2 elementor-widget elementor-widget-heading\" data-id=\"2d6b8f2\" data-element_type=\"widget\" data-e-type=\"widget\" data-widget_type=\"heading.default\">\n\t\t\t\t<div class=\"elementor-widget-container\">\n\t\t\t\t\t<h1 class=\"elementor-heading-title elementor-size-default\"><br>Aktualizacja us\u0142ug Right to Choose dla os\u00f3b z autyzmem i ADHD \u2013 kwiecie\u0144 2026 r.\n<\/h1>\t\t\t\t<\/div>\n\t\t\t\t<\/div>\n\t\t\t\t\t<\/div>\n\t\t<\/div>\n\t\t\t\t\t<\/div>\n\t\t<\/section>\n\t\t\t\t<section data-particle_enable=\"false\" data-particle-mobile-disabled=\"false\" class=\"elementor-section elementor-top-section elementor-element elementor-element-1fd13ac elementor-section-boxed elementor-section-height-default elementor-section-height-default\" data-id=\"1fd13ac\" data-element_type=\"section\" data-e-type=\"section\">\n\t\t\t\t\t\t<div class=\"elementor-container elementor-column-gap-default\">\n\t\t\t\t\t<div class=\"elementor-column elementor-col-100 elementor-top-column elementor-element elementor-element-585ee71\" data-id=\"585ee71\" data-element_type=\"column\" data-e-type=\"column\">\n\t\t\t<div class=\"elementor-widget-wrap elementor-element-populated\">\n\t\t\t\t\t\t<div class=\"elementor-element elementor-element-634c62f elementor-widget elementor-widget-text-editor\" data-id=\"634c62f\" data-element_type=\"widget\" data-e-type=\"widget\" data-widget_type=\"text-editor.default\">\n\t\t\t\t<div class=\"elementor-widget-container\">\n\t\t\t\t\t\t\t\t\t<p>\u00a0<\/p><p><strong>Zgodnie z krajowymi ramami NHS Choice Framework osoby maj\u0105 prawo wybra\u0107 us\u0142ugodawc\u0119, kt\u00f3ry przeprowadzi u nich ocen\u0119 i leczenie autyzmu lub ADHD, za po\u015brednictwem dowolnego us\u0142ugodawcy (w tym niezale\u017cnych), kt\u00f3ry zawar\u0142 umow\u0119 z NHS i \u015bwiadczy r\u00f3wnowa\u017cne us\u0142ugi gdzie indziej.<\/strong><\/p><p>W ostatnich latach nast\u0105pi\u0142 znaczny wzrost liczby skierowa\u0144 do niezale\u017cnych \u015bwiadczeniodawc\u00f3w w zakresie ASD\/ADHD, w ramach programu NHS Right to Choose (RTC). Aby pom\u00f3c w zarz\u0105dzaniu popytem i zapewni\u0107 sprawiedliwe \u015bwiadczenie us\u0142ug, NHS England zwr\u00f3ci\u0142a si\u0119 do zarz\u0105d\u00f3w opieki zintegrowanej (Integrated Care Boards) o wsp\u00f3\u0142prac\u0119 z \u015bwiadczeniodawcami w celu uzgodnienia tzw. \u2018orientacyjnego planu dzia\u0142a\u0144\u2019.<\/p><p>Zasadniczo jest to umowa obejmuj\u0105ca:\u00a0<\/p><ul><li>Ile ocen mo\u017ce przeprowadzi\u0107 dostawca.<\/li><li>Jakie fundusze s\u0105 dost\u0119pne na wsparcie tej pracy.<\/li><\/ul><p>\u00a0<\/p><p>ICB uzgadnia Orientacyjne Plany Dzia\u0142a\u0144 dla niezale\u017cnych \u015bwiadczeniodawc\u00f3w na lata 2026\/27. Nale\u017cy pami\u0119ta\u0107, \u017ce chocia\u017c \u015bwiadczeniodawca mo\u017ce zaakceptowa\u0107 skierowanie i doda\u0107 Ci\u0119 do swojej listy oczekuj\u0105cych, aby utrzyma\u0107 si\u0119 w ramach przydzielonego limitu, mo\u017ce by\u0107 zmuszony wstrzyma\u0107 lub przesun\u0105\u0107 termin, w kt\u00f3rym b\u0119dzie m\u00f3g\u0142 zaoferowa\u0107 wizyt\u0119 w celu przeprowadzenia nowej oceny ADHD lub ASD. Sytuacja poszczeg\u00f3lnych \u015bwiadczeniodawc\u00f3w ulegnie zmianie w trakcie bie\u017c\u0105cego roku finansowego, dlatego zalecamy sprawdzenie tych szczeg\u00f3\u0142\u00f3w u swojego \u015bwiadczeniodawcy przed zwr\u00f3ceniem si\u0119 do lekarza rodzinnego o skierowanie.<\/p><p><span style=\"color: #000000;\"><strong>Zosta\u0142em skierowany do lekarza obj\u0119tego programem Right to Choose i czekam na wizyt\u0119. Co powinienem zrobi\u0107?<\/strong><\/span><\/p><p>Je\u015bli zosta\u0142e\u015b skierowany, skierowanie zostanie zatrzymane przez \u015bwiadczeniodawc\u0119 i b\u0119dziesz ju\u017c na jego li\u015bcie oczekuj\u0105cych \u2013 wi\u0119c nie musisz nic robi\u0107. Gdy tylko \u015bwiadczeniodawca znajdzie wolne miejsce w swoim planie, skontaktuje si\u0119 z Tob\u0105 w celu um\u00f3wienia wizyty.<\/p><p><strong>Czy mog\u0119 zmieni\u0107 dostawc\u0119?<\/strong><\/p><p>Ze wzgl\u0119du na du\u017ce zapotrzebowanie na us\u0142ugi, zmiana us\u0142ugodawcy mo\u017ce nie skr\u00f3ci\u0107 czasu oczekiwania. Je\u015bli jednak nie przeszed\u0142e\u015b jeszcze oceny, mo\u017cesz poprosi\u0107 lekarza rodzinnego o skierowanie do innego us\u0142ugodawcy. Je\u015bli pozostaniesz u swojego obecnego us\u0142ugodawcy, b\u0119dziesz ju\u017c na jego li\u015bcie oczekuj\u0105cych i zostaniesz przyj\u0119ty, gdy tylko zwolni si\u0119 miejsce.<\/p><p><strong>Jak mog\u0119 dowiedzie\u0107 si\u0119, na kt\u00f3rym miejscu listy oczekuj\u0105cych si\u0119 znajduj\u0119?<\/strong><\/p><p>Nie przechowujemy takich informacji, dlatego musisz skontaktowa\u0107 si\u0119 z wybranym lekarzem, aby dowiedzie\u0107 si\u0119, czy znajdujesz si\u0119 na li\u015bcie oczekuj\u0105cych i kiedy mo\u017cesz zosta\u0107 przyj\u0119ty.\u00a0<\/p><p><strong>Czy zostan\u0119 wypisany od swojego obecnego lekarza, je\u015bli przeszed\u0142em ju\u017c ocen\u0119 i otrzymuj\u0119 leczenie?<\/strong><\/p><p>Nie. Nie zostaniesz wypisany ze szpitala w trakcie leczenia, a wszelkie przegl\u0105dy lek\u00f3w b\u0119d\u0105 nadal finansowane. W razie jakichkolwiek w\u0105tpliwo\u015bci prosimy o kontakt z plac\u00f3wk\u0105 sprawuj\u0105c\u0105 opiek\u0119.<\/p><p><strong>Wsparcie jest dost\u0119pne podczas oczekiwania<\/strong><\/p><p>Zdajemy sobie spraw\u0119, \u017ce oczekiwanie na ocen\u0119 i ewentualn\u0105 diagnoz\u0119 mo\u017ce mie\u0107 powa\u017cne konsekwencje, dlatego zapewnienie Pa\u0144stwu bezpiecze\u0144stwa i wsparcia pozostaje naszym najwy\u017cszym priorytetem.\u00a0<\/p><p>Rozumiemy, \u017ce Ty lub Twoje dziecko mo\u017cecie potrzebowa\u0107 pomocy teraz, zanim zostanie przeprowadzona ocena i ewentualnie postawiona formalna diagnoza. Aby uzyska\u0107 wi\u0119cej informacji na temat us\u0142ug wsparcia i informacji o tym, jak dobrze czeka\u0107, kliknij poni\u017csze linki:<\/p><p><a href=\"https:\/\/gbr01.safelinks.protection.outlook.com\/?url=https%3A%2F%2Fwww.leicspart.nhs.uk%2Fwhile-you-wait%2Fadhd%2F&amp;data=05%7C02%7Cjohn.singh2%40nhs.net%7C4994e05f83614fae6c3b08de31c1ecf5%7C37c354b285b047f5b22207b48d774ee3%7C0%7C1%7C639002906173599145%7CUnknown%7CTWFpbGZsb3d8eyJFbXB0eU1hcGkiOnRydWUsIlYiOiIwLjAuMDAwMCIsIlAiOiJXaW4zMiIsIkFOIjoiTWFpbCIsIldUIjoyfQ%3D%3D%7C0%7C%7C%7C&amp;sdata=B1yoU1lcB0dZbKZxogxd4jG9kW9wd4ii9jW0dn2zHGQ%3D&amp;reserved=0\">https:\/\/www.leicspart.nhs.uk\/while-you-wait\/adhd\/<\/a><\/p><p><a href=\"https:\/\/gbr01.safelinks.protection.outlook.com\/?url=https%3A%2F%2Fwww.leicspart.nhs.uk%2Fautism-space%2F&amp;data=05%7C02%7Cjohn.singh2%40nhs.net%7C4994e05f83614fae6c3b08de31c1ecf5%7C37c354b285b047f5b22207b48d774ee3%7C0%7C1%7C639002906173622449%7CUnknown%7CTWFpbGZsb3d8eyJFbXB0eU1hcGkiOnRydWUsIlYiOiIwLjAuMDAwMCIsIlAiOiJXaW4zMiIsIkFOIjoiTWFpbCIsIldUIjoyfQ%3D%3D%7C0%7C%7C%7C&amp;sdata=%2BPjqmDkMRgQihd6pd9KGOZn6ekhwibHAUStICyQJ%2BpI%3D&amp;reserved=0\">https:\/\/www.leicspart.nhs.uk\/autism-space\/<\/a><\/p>\t\t\t\t\t\t\t\t<\/div>\n\t\t\t\t<\/div>\n\t\t\t\t\t<\/div>\n\t\t<\/div>\n\t\t\t\t\t<\/div>\n\t\t<\/section>\n\t\t\t\t<section data-particle_enable=\"false\" data-particle-mobile-disabled=\"false\" class=\"elementor-section elementor-top-section elementor-element elementor-element-6371305 elementor-section-boxed elementor-section-height-default elementor-section-height-default\" data-id=\"6371305\" data-element_type=\"section\" data-e-type=\"section\">\n\t\t\t\t\t\t<div class=\"elementor-container elementor-column-gap-default\">\n\t\t\t\t\t<div class=\"elementor-column elementor-col-100 elementor-top-column elementor-element elementor-element-99ae9a0\" data-id=\"99ae9a0\" data-element_type=\"column\" data-e-type=\"column\">\n\t\t\t<div class=\"elementor-widget-wrap\">\n\t\t\t\t\t\t\t<\/div>\n\t\t<\/div>\n\t\t\t\t\t<\/div>\n\t\t<\/section>\n\t\t\t\t<\/div>","protected":false},"excerpt":{"rendered":"<p>Update on Autism and ADHD Right to Choose services &#8211; April 2026 \u00a0 Under the national NHS Choice Framework, people have the right to choose the provider that will carry [&hellip;]<\/p>\n","protected":false},"author":8,"featured_media":0,"parent":0,"menu_order":0,"comment_status":"closed","ping_status":"closed","template":"","meta":{"_eb_attr":"","footnotes":""},"class_list":["post-27068","page","type-page","status-publish","hentry"],"yoast_head":"<!-- This site is optimized with the Yoast SEO plugin v27.5 - https:\/\/yoast.com\/product\/yoast-seo-wordpress\/ -->\n<title>Elementor #27068 - LLR ICB<\/title>\n<meta name=\"robots\" content=\"index, follow, max-snippet:-1, max-image-preview:large, max-video-preview:-1\" \/>\n<link rel=\"canonical\" href=\"https:\/\/leicesterleicestershireandrutland.icb.nhs.uk\/pl\/elementor-27068\/\" \/>\n<meta property=\"og:locale\" content=\"pl_PL\" \/>\n<meta property=\"og:type\" content=\"article\" \/>\n<meta property=\"og:title\" content=\"Elementor #27068 - LLR ICB\" \/>\n<meta property=\"og:description\" content=\"Update on Autism and ADHD Right to Choose services &#8211; April 2026 \u00a0 Under the national NHS Choice Framework, people have the right to choose the provider that will carry [&hellip;]\" \/>\n<meta property=\"og:url\" content=\"https:\/\/leicesterleicestershireandrutland.icb.nhs.uk\/pl\/elementor-27068\/\" \/>\n<meta property=\"og:site_name\" content=\"LLR ICB\" \/>\n<meta property=\"article:publisher\" content=\"https:\/\/www.facebook.com\/NHSLLR\" \/>\n<meta property=\"article:modified_time\" content=\"2026-04-21T16:14:18+00:00\" \/>\n<meta name=\"twitter:card\" content=\"summary_large_image\" \/>\n<meta name=\"twitter:site\" content=\"@NHS_LLR\" \/>\n<meta name=\"twitter:label1\" content=\"Szacowany czas czytania\" \/>\n\t<meta name=\"twitter:data1\" content=\"3 minuty\" \/>\n<script type=\"application\/ld+json\" class=\"yoast-schema-graph\">{\"@context\":\"https:\\\/\\\/schema.org\",\"@graph\":[{\"@type\":\"WebPage\",\"@id\":\"https:\\\/\\\/leicesterleicestershireandrutland.icb.nhs.uk\\\/elementor-27068\\\/\",\"url\":\"https:\\\/\\\/leicesterleicestershireandrutland.icb.nhs.uk\\\/elementor-27068\\\/\",\"name\":\"Elementor #27068 - LLR ICB\",\"isPartOf\":{\"@id\":\"https:\\\/\\\/leicesterleicestershireandrutland.icb.nhs.uk\\\/#website\"},\"datePublished\":\"2026-01-14T16:39:39+00:00\",\"dateModified\":\"2026-04-21T16:14:18+00:00\",\"breadcrumb\":{\"@id\":\"https:\\\/\\\/leicesterleicestershireandrutland.icb.nhs.uk\\\/elementor-27068\\\/#breadcrumb\"},\"inLanguage\":\"pl-PL\",\"potentialAction\":[{\"@type\":\"ReadAction\",\"target\":[\"https:\\\/\\\/leicesterleicestershireandrutland.icb.nhs.uk\\\/elementor-27068\\\/\"]}]},{\"@type\":\"BreadcrumbList\",\"@id\":\"https:\\\/\\\/leicesterleicestershireandrutland.icb.nhs.uk\\\/elementor-27068\\\/#breadcrumb\",\"itemListElement\":[{\"@type\":\"ListItem\",\"position\":1,\"name\":\"Home\",\"item\":\"https:\\\/\\\/leicesterleicestershireandrutland.icb.nhs.uk\\\/\"},{\"@type\":\"ListItem\",\"position\":2,\"name\":\"Elementor #27068\"}]},{\"@type\":\"WebSite\",\"@id\":\"https:\\\/\\\/leicesterleicestershireandrutland.icb.nhs.uk\\\/#website\",\"url\":\"https:\\\/\\\/leicesterleicestershireandrutland.icb.nhs.uk\\\/\",\"name\":\"LLR ICB\",\"description\":\"LLR Integrated Care Board\",\"publisher\":{\"@id\":\"https:\\\/\\\/leicesterleicestershireandrutland.icb.nhs.uk\\\/#organization\"},\"potentialAction\":[{\"@type\":\"SearchAction\",\"target\":{\"@type\":\"EntryPoint\",\"urlTemplate\":\"https:\\\/\\\/leicesterleicestershireandrutland.icb.nhs.uk\\\/?s={search_term_string}\"},\"query-input\":{\"@type\":\"PropertyValueSpecification\",\"valueRequired\":true,\"valueName\":\"search_term_string\"}}],\"inLanguage\":\"pl-PL\"},{\"@type\":\"Organization\",\"@id\":\"https:\\\/\\\/leicesterleicestershireandrutland.icb.nhs.uk\\\/#organization\",\"name\":\"LLR ICB\",\"url\":\"https:\\\/\\\/leicesterleicestershireandrutland.icb.nhs.uk\\\/\",\"logo\":{\"@type\":\"ImageObject\",\"inLanguage\":\"pl-PL\",\"@id\":\"https:\\\/\\\/leicesterleicestershireandrutland.icb.nhs.uk\\\/#\\\/schema\\\/logo\\\/image\\\/\",\"url\":\"https:\\\/\\\/i0.wp.com\\\/leicesterleicestershireandrutland.icb.nhs.uk\\\/wp-content\\\/uploads\\\/2022\\\/06\\\/New-Project-4.jpg?fit=452%2C93&ssl=1\",\"contentUrl\":\"https:\\\/\\\/i0.wp.com\\\/leicesterleicestershireandrutland.icb.nhs.uk\\\/wp-content\\\/uploads\\\/2022\\\/06\\\/New-Project-4.jpg?fit=452%2C93&ssl=1\",\"width\":452,\"height\":93,\"caption\":\"LLR ICB\"},\"image\":{\"@id\":\"https:\\\/\\\/leicesterleicestershireandrutland.icb.nhs.uk\\\/#\\\/schema\\\/logo\\\/image\\\/\"},\"sameAs\":[\"https:\\\/\\\/www.facebook.com\\\/NHSLLR\",\"https:\\\/\\\/x.com\\\/NHS_LLR\",\"https:\\\/\\\/www.instagram.com\\\/nhsllr\\\/\"]}]}<\/script>\n<!-- \/ Yoast SEO plugin. -->","yoast_head_json":{"title":"Elementor #27068 - LLR ICB","robots":{"index":"index","follow":"follow","max-snippet":"max-snippet:-1","max-image-preview":"max-image-preview:large","max-video-preview":"max-video-preview:-1"},"canonical":"https:\/\/leicesterleicestershireandrutland.icb.nhs.uk\/pl\/elementor-27068\/","og_locale":"pl_PL","og_type":"article","og_title":"Elementor #27068 - LLR ICB","og_description":"Update on Autism and ADHD Right to Choose services &#8211; April 2026 \u00a0 Under the national NHS Choice Framework, people have the right to choose the provider that will carry [&hellip;]","og_url":"https:\/\/leicesterleicestershireandrutland.icb.nhs.uk\/pl\/elementor-27068\/","og_site_name":"LLR ICB","article_publisher":"https:\/\/www.facebook.com\/NHSLLR","article_modified_time":"2026-04-21T16:14:18+00:00","twitter_card":"summary_large_image","twitter_site":"@NHS_LLR","twitter_misc":{"Szacowany czas czytania":"3 minuty"},"schema":{"@context":"https:\/\/schema.org","@graph":[{"@type":"WebPage","@id":"https:\/\/leicesterleicestershireandrutland.icb.nhs.uk\/elementor-27068\/","url":"https:\/\/leicesterleicestershireandrutland.icb.nhs.uk\/elementor-27068\/","name":"Elementor #27068 - LLR ICB","isPartOf":{"@id":"https:\/\/leicesterleicestershireandrutland.icb.nhs.uk\/#website"},"datePublished":"2026-01-14T16:39:39+00:00","dateModified":"2026-04-21T16:14:18+00:00","breadcrumb":{"@id":"https:\/\/leicesterleicestershireandrutland.icb.nhs.uk\/elementor-27068\/#breadcrumb"},"inLanguage":"pl-PL","potentialAction":[{"@type":"ReadAction","target":["https:\/\/leicesterleicestershireandrutland.icb.nhs.uk\/elementor-27068\/"]}]},{"@type":"BreadcrumbList","@id":"https:\/\/leicesterleicestershireandrutland.icb.nhs.uk\/elementor-27068\/#breadcrumb","itemListElement":[{"@type":"ListItem","position":1,"name":"Home","item":"https:\/\/leicesterleicestershireandrutland.icb.nhs.uk\/"},{"@type":"ListItem","position":2,"name":"Elementor #27068"}]},{"@type":"WebSite","@id":"https:\/\/leicesterleicestershireandrutland.icb.nhs.uk\/#website","url":"https:\/\/leicesterleicestershireandrutland.icb.nhs.uk\/","name":"LLR ICB","description":"Zintegrowana Rada Opieki LLR","publisher":{"@id":"https:\/\/leicesterleicestershireandrutland.icb.nhs.uk\/#organization"},"potentialAction":[{"@type":"SearchAction","target":{"@type":"EntryPoint","urlTemplate":"https:\/\/leicesterleicestershireandrutland.icb.nhs.uk\/?s={search_term_string}"},"query-input":{"@type":"PropertyValueSpecification","valueRequired":true,"valueName":"search_term_string"}}],"inLanguage":"pl-PL"},{"@type":"Organization","@id":"https:\/\/leicesterleicestershireandrutland.icb.nhs.uk\/#organization","name":"LLR ICB","url":"https:\/\/leicesterleicestershireandrutland.icb.nhs.uk\/","logo":{"@type":"ImageObject","inLanguage":"pl-PL","@id":"https:\/\/leicesterleicestershireandrutland.icb.nhs.uk\/#\/schema\/logo\/image\/","url":"https:\/\/i0.wp.com\/leicesterleicestershireandrutland.icb.nhs.uk\/wp-content\/uploads\/2022\/06\/New-Project-4.jpg?fit=452%2C93&ssl=1","contentUrl":"https:\/\/i0.wp.com\/leicesterleicestershireandrutland.icb.nhs.uk\/wp-content\/uploads\/2022\/06\/New-Project-4.jpg?fit=452%2C93&ssl=1","width":452,"height":93,"caption":"LLR ICB"},"image":{"@id":"https:\/\/leicesterleicestershireandrutland.icb.nhs.uk\/#\/schema\/logo\/image\/"},"sameAs":["https:\/\/www.facebook.com\/NHSLLR","https:\/\/x.com\/NHS_LLR","https:\/\/www.instagram.com\/nhsllr\/"]}]}},"jetpack_sharing_enabled":true,"_links":{"self":[{"href":"https:\/\/leicesterleicestershireandrutland.icb.nhs.uk\/pl\/wp-json\/wp\/v2\/pages\/27068","targetHints":{"allow":["GET"]}}],"collection":[{"href":"https:\/\/leicesterleicestershireandrutland.icb.nhs.uk\/pl\/wp-json\/wp\/v2\/pages"}],"about":[{"href":"https:\/\/leicesterleicestershireandrutland.icb.nhs.uk\/pl\/wp-json\/wp\/v2\/types\/page"}],"author":[{"embeddable":true,"href":"https:\/\/leicesterleicestershireandrutland.icb.nhs.uk\/pl\/wp-json\/wp\/v2\/users\/8"}],"replies":[{"embeddable":true,"href":"https:\/\/leicesterleicestershireandrutland.icb.nhs.uk\/pl\/wp-json\/wp\/v2\/comments?post=27068"}],"version-history":[{"count":37,"href":"https:\/\/leicesterleicestershireandrutland.icb.nhs.uk\/pl\/wp-json\/wp\/v2\/pages\/27068\/revisions"}],"predecessor-version":[{"id":28226,"href":"https:\/\/leicesterleicestershireandrutland.icb.nhs.uk\/pl\/wp-json\/wp\/v2\/pages\/27068\/revisions\/28226"}],"wp:attachment":[{"href":"https:\/\/leicesterleicestershireandrutland.icb.nhs.uk\/pl\/wp-json\/wp\/v2\/media?parent=27068"}],"curies":[{"name":"wp","href":"https:\/\/api.w.org\/{rel}","templated":true}]}}