{"id":7851,"date":"2023-02-22T16:36:00","date_gmt":"2023-02-22T16:36:00","guid":{"rendered":"https:\/\/leicesterleicestershireandrutland.icb.nhs.uk\/?page_id=7851"},"modified":"2025-03-20T12:24:04","modified_gmt":"2025-03-20T12:24:04","slug":"modern-slavery-act-2015-statement-2","status":"publish","type":"page","link":"https:\/\/leicesterleicestershireandrutland.icb.nhs.uk\/pl\/modern-slavery-act-2015-statement-2\/","title":{"rendered":"wsp\u00f3\u0142czesne niewolnictwo"},"content":{"rendered":"<div data-elementor-type=\"wp-page\" data-elementor-id=\"7851\" class=\"elementor elementor-7851\" data-elementor-post-type=\"page\">\n\t\t\t\t\t\t<section data-particle_enable=\"false\" data-particle-mobile-disabled=\"false\" class=\"elementor-section elementor-top-section elementor-element elementor-element-6173a76 elementor-section-boxed elementor-section-height-default elementor-section-height-default\" data-id=\"6173a76\" data-element_type=\"section\" data-e-type=\"section\">\n\t\t\t\t\t\t<div class=\"elementor-container elementor-column-gap-default\">\n\t\t\t\t\t<div class=\"elementor-column elementor-col-100 elementor-top-column elementor-element elementor-element-1a1548b\" data-id=\"1a1548b\" data-element_type=\"column\" data-e-type=\"column\">\n\t\t\t<div class=\"elementor-widget-wrap elementor-element-populated\">\n\t\t\t\t\t\t<div class=\"elementor-element elementor-element-40e6303 elementor-widget elementor-widget-heading\" data-id=\"40e6303\" data-element_type=\"widget\" data-e-type=\"widget\" data-widget_type=\"heading.default\">\n\t\t\t\t<div class=\"elementor-widget-container\">\n\t\t\t\t\t<h1 class=\"elementor-heading-title elementor-size-default\">Ustawa o wsp\u00f3\u0142czesnym niewolnictwie (2015) O\u015bwiadczenie 2025-26<\/h1>\t\t\t\t<\/div>\n\t\t\t\t<\/div>\n\t\t\t\t<div class=\"elementor-element elementor-element-0e5728e elementor-widget elementor-widget-text-editor\" data-id=\"0e5728e\" data-element_type=\"widget\" data-e-type=\"widget\" data-widget_type=\"text-editor.default\">\n\t\t\t\t<div class=\"elementor-widget-container\">\n\t\t\t\t\t\t\t\t\t<p><strong>Leicester, Leicestershire i Rutland <\/strong><strong>Zintegrowana Rada Opieki (ICB)<\/strong><\/p><p><strong>Ustawa o wsp\u00f3\u0142czesnym niewolnictwie (2015) O\u015bwiadczenie 2025-26\u00a0 \u00a0 \u00a0 \u00a0 \u00a0 \u00a0 \u00a0 \u00a0 \u00a0 \u00a0 \u00a0 \u00a0 \u00a0 \u00a0 \u00a0 \u00a0 \u00a0 \u00a0 \u00a0 \u00a0 \u00a0 \u00a0 \u00a0 \u00a0 \u00a0 \u00a0 \u00a0 \u00a0 \u00a0 \u00a0<\/strong><\/p><p>Leicester, Leicestershire i Rutland Integrated Care Board (LLR ICB) jest zobowi\u0105zana do wdro\u017cenia wymog\u00f3w ustawy o nowoczesnym niewolnictwie z 2015 r., a niniejsze o\u015bwiadczenie okre\u015bla kroki, kt\u00f3re LLR ICB podejmuje w celu zapewnienia, \u017ce nasza organizacja jest wolna od nowoczesnego niewolnictwa.<\/p><p>Ustawa okre\u015bla, \u017ce organizacje o obrotach co najmniej 36 milion\u00f3w musz\u0105 corocznie sk\u0142ada\u0107 sprawozdanie z krok\u00f3w, jakie podj\u0119\u0142y w ci\u0105gu roku finansowego, aby zapewni\u0107, \u017ce niewolnictwo i handel lud\u017ami nie maj\u0105 miejsca w ich w\u0142asnej dzia\u0142alno\u015bci lub w ich \u0142a\u0144cuchach dostaw.<\/p><p>Sekcja 54 ustawy wymaga od tych organizacji przygotowania i opublikowania o\u015bwiadczenia okre\u015blaj\u0105cego kroki, jakie podj\u0119\u0142y w danym roku finansowym w celu zapewnienia, \u017ce niewolnictwo i handel lud\u017ami nie maj\u0105 miejsca:<\/p><p><strong>\u00a0<\/strong><\/p><p><strong>Czym jest wsp\u00f3\u0142czesne niewolnictwo?<\/strong><\/p><p>Przest\u0119pstwo wsp\u00f3\u0142czesnego niewolnictwa obejmuje poddanie kogo\u015b niewolnictwu lub s\u0142u\u017cebno\u015bci, pracy przymusowej lub obowi\u0105zkowej, w tym pracy dzieci, oraz handlowi lud\u017ami, cz\u0119sto z naruszeniem przepis\u00f3w o prawach cz\u0142owieka, prawa pracy oraz przepis\u00f3w BHP, surowe i nieludzkie traktowanie oraz wyzyskuj\u0105ce niskie wynagrodzenie i d\u0142ugie godziny pracy.<\/p><p>Kto\u015b jest w niewoli, je\u015bli jest:<\/p><ul><li>Zmuszanie do pracy poprzez przymus, gro\u017ab\u0119 psychiczn\u0105 lub fizyczn\u0105<\/li><li>nale\u017c\u0105cych do \"pracodawcy\" lub kontrolowanych przez niego poprzez psychiczne lub fizyczne zn\u0119canie si\u0119 lub gro\u017ab\u0119 zn\u0119cania si\u0119<\/li><li>dehumanizacja poprzez traktowanie jako towar lub kupowanie i sprzedawanie jako \"w\u0142asno\u015b\u0107<\/li><li>nie s\u0105 fizycznie ograniczane lub maj\u0105 bezprawnie ograniczan\u0105 swobod\u0119 dzia\u0142ania Polityka i procedury<\/li><\/ul><p>Jako lokalny lider w zlecaniu us\u0142ug opieki zdrowotnej dla mieszka\u0144c\u00f3w Leicester, Leicestershire i Rutland, a tak\u017ce jako pracodawca, LLR ICB przedstawia nast\u0119puj\u0105ce o\u015bwiadczenie w odniesieniu do swojego zaanga\u017cowania i wysi\u0142k\u00f3w w zakresie zapobiegania praktykom niewolnictwa i handlu lud\u017ami w \u0142a\u0144cuchu dostaw i praktykach zatrudnienia.<\/p><p><strong>\u00a0<\/strong><\/p><p><strong>Zapobieganie wsp\u00f3\u0142czesnemu niewolnictwu poprzez nasze praktyki zatrudnienia<\/strong><\/p><p>LLR ICB wdro\u017cy\u0142o solidne procesy oceny ryzyka, kt\u00f3re zapewniaj\u0105 pewno\u015b\u0107 co do naszego podej\u015bcia do rozwi\u0105zywania wszelkich kwestii zwi\u0105zanych ze wsp\u00f3\u0142czesnym niewolnictwem. Nasze zasady, takie jak polityka dotycz\u0105ca n\u0119kania i zastraszania, polityka dotycz\u0105ca skarg i polityka dotycz\u0105ca wolno\u015bci m\u00f3wienia, zapewniaj\u0105 naszym pracownikom dodatkow\u0105 platform\u0119 do zg\u0142aszania obaw dotycz\u0105cych z\u0142ych praktyk pracy lub wszelkich kwestii zwi\u0105zanych ze wsp\u00f3\u0142czesnym niewolnictwem.<\/p><p>LLR ICB b\u0119dzie nadal zapewnia\u0107 solidno\u015b\u0107 naszych proces\u00f3w rekrutacyjnych, zapewniaj\u0105c, \u017ce istniej\u0105 praktyki zgodne z zasadami bezpiecznej rekrutacji (Polityka rekrutacji ICB Recruitment Selection and Induction). Obejmuje to surowe wymagania dotycz\u0105ce kontroli to\u017csamo\u015bci, zezwole\u0144 na prac\u0119 i karalno\u015bci.<\/p><p>Nasze zobowi\u0105zanie do przyczyniania si\u0119 do eliminacji wsp\u00f3\u0142czesnego niewolnictwa znajduje odzwierciedlenie w naszych politykach i procedurach zabezpieczaj\u0105cych, w tym w politykach dotycz\u0105cych ochrony doros\u0142ych i ochrony dzieci, kt\u00f3re zosta\u0142y opracowane zgodnie z krajowymi i lokalnymi przepisami i wytycznymi dotycz\u0105cymi ochrony. Zawieraj\u0105 one wskaz\u00f3wki dotycz\u0105ce rozpoznawania podejrzanych ofiar handlu lud\u017ami. Nasze szkolenie w zakresie ochrony obejmuje informacje na temat \u015bwiadomo\u015bci nowoczesnego niewolnictwa.<\/p><p>\u00a0<\/p><p><strong>Zapobieganie wsp\u00f3\u0142czesnemu niewolnictwu w naszych zakupach i \u0142a\u0144cuchu dostaw<\/strong><\/p><p>Zawieranie um\u00f3w z dostawcami jest podstawow\u0105 funkcj\u0105 LLR ICB. Nasze podej\u015bcie do zam\u00f3wie\u0144 publicznych jest zgodne ze standardem Crown Commercial Service. Przy zamawianiu towar\u00f3w i us\u0142ug stosujemy Warunki NHS (dla zam\u00f3wie\u0144 nieklinicznych) oraz Standardowy Kontrakt NHS (dla zam\u00f3wie\u0144 klinicznych). Oba te dokumenty wymagaj\u0105 od dostawc\u00f3w przestrzegania odpowiednich przepis\u00f3w.<\/p><p>Ustawa o wsp\u00f3\u0142czesnym niewolnictwie i jej wyja\u015bnienia s\u0105 dost\u0119pne na stronie <a href=\"http:\/\/www.legislation.gov.uk\/ukpg5a\/2015\/30\/contents\/enacted\">http:\/\/www.legislation.gov.uk\/ukpg5a\/2015\/30\/contents\/enacted<\/a><\/p><p>Istotne jest, aby przedsi\u0119biorstwa kontynuowa\u0142y swoj\u0105 dzia\u0142alno\u015b\u0107 w celu identyfikowania i rozwi\u0105zywania ryzyka wsp\u00f3\u0142czesnego niewolnictwa w swoich operacjach i \u0142a\u0144cuchach dostaw. Pe\u0142ne wskaz\u00f3wki mo\u017cna znale\u017a\u0107 tutaj <a href=\"https:\/\/www.gov.uk\/government\/publications\/transparency-in-supply-chains-a-practical-guide\">Niewolnictwo i handel lud\u017ami w \u0142a\u0144cuchach dostaw: wskaz\u00f3wki dla przedsi\u0119biorstw \u2013 GOV.UK<\/a><\/p><p>\u00a0<\/p><p><strong>Przegl\u0105d skuteczno\u015bci<\/strong><\/p><p>Aby identyfikowa\u0107 i ogranicza\u0107 ryzyko wsp\u00f3\u0142czesnego niewolnictwa i handlu lud\u017ami w naszej organizacji i w naszym \u0142a\u0144cuchu dostaw, b\u0119dziemy nadal podejmowa\u0107 nast\u0119puj\u0105ce dzia\u0142ania.<\/p><ul><li>Przeprowadzanie kontroli przed zatrudnieniem zatrudnianych przez nas pracownik\u00f3w, potwierdzaj\u0105c ich to\u017csamo\u015b\u0107 i prawo do pracy w Wielkiej Brytanii. Upewniamy si\u0119 r\u00f3wnie\u017c, \u017ce agencje znajduj\u0105 si\u0119 w zatwierdzonych strukturach.<\/li><li>Przestrzeganie zasad i warunk\u00f3w programu NHS Agenda for Change w celu zapewnienia pracownikom sprawiedliwych stawek wynagrodzenia i warunk\u00f3w umownych.<\/li><li>Konsultowanie si\u0119 ze zwi\u0105zkami zawodowymi w sprawie wszelkich proponowanych zmian warunk\u00f3w zatrudnienia.<\/li><li>Wspieraj nasz personel w zdobywaniu wiedzy i umiej\u0119tno\u015bci rozpoznawania i rozwi\u0105zywania wsp\u00f3\u0142czesnego niewolnictwa i handlu lud\u017ami, a tak\u017ce zrozumienia wp\u0142ywu na jednostki. Upewnij si\u0119, \u017ce ka\u017cda osoba pracuj\u0105ca w NHS otrzymuje niezb\u0119dne szkolenie i \u015bwiadomo\u015b\u0107, aby identyfikowa\u0107 potencjalne przysz\u0142e ofiary wsp\u00f3\u0142czesnego niewolnictwa i handlu lud\u017ami, zapewniaj\u0105c im ochron\u0119.<\/li><li>Zapewnimy, \u017ce ca\u0142y personel NHS b\u0119dzie mia\u0142 dost\u0119p do szkole\u0144 dotycz\u0105cych identyfikacji os\u00f3b b\u0119d\u0105cych ofiarami wsp\u00f3\u0142czesnego niewolnictwa i handlu lud\u017ami. Szkolenie to b\u0119dzie obejmowa\u0142o najnowsze informacje i pomo\u017ce personelowi rozwin\u0105\u0107 umiej\u0119tno\u015bci w zakresie wspierania os\u00f3b stykaj\u0105cych si\u0119 z us\u0142ugami opieki zdrowotnej.<\/li><li>Zesp\u00f3\u0142 ds. ochrony ICB zapewnia fachowe wsparcie i doradztwo w kwestiach zwi\u0105zanych ze wsp\u00f3\u0142czesnym niewolnictwem i handlem lud\u017ami wsp\u00f3\u0142pracownikom i dostawcom us\u0142ug ICB.<\/li><\/ul><p>\u00a0<\/p><ul><li>Wsp\u00f3\u0142praca z naszymi organizacjami partnerskimi i innymi organizacjami finansowanymi przez NHS w celu zapewnienia, \u017ce wsp\u00f3\u0142czesne niewolnictwo i handel lud\u017ami s\u0105 traktowane powa\u017cnie i zajmuj\u0105 wa\u017cne miejsce w planach pracy w zakresie ochrony.<\/li><\/ul><p>\u00a0<\/p><p>Organ zarz\u0105dzaj\u0105cy LLR ICB rozwa\u017cy\u0142 i zatwierdzi\u0142 to o\u015bwiadczenie, kt\u00f3re b\u0119dzie nadal wspiera\u0107 wymagania ustawodawstwa.<\/p><p>Niniejsze o\u015bwiadczenie sporz\u0105dzono zgodnie z sekcj\u0105 54(1) ustawy o wsp\u00f3\u0142czesnym niewolnictwie z 2015 r. i stanowi nasze o\u015bwiadczenie na temat niewolnictwa i handlu lud\u017ami za rok podatkowy ko\u0144cz\u0105cy si\u0119 31 marca 2026 r.<\/p>\t\t\t\t\t\t\t\t<\/div>\n\t\t\t\t<\/div>\n\t\t\t\t\t<\/div>\n\t\t<\/div>\n\t\t\t\t\t<\/div>\n\t\t<\/section>\n\t\t\t\t<\/div>","protected":false},"excerpt":{"rendered":"<p>Modern Slavery Act (2015) Statement 2025-26 Leicester, Leicestershire, and Rutland Integrated Care Board (ICB) Modern Slavery Act (2015) Statement 2025-26\u00a0 \u00a0 \u00a0 \u00a0 \u00a0 \u00a0 \u00a0 \u00a0 \u00a0 \u00a0 \u00a0 [&hellip;]<\/p>\n","protected":false},"author":1,"featured_media":0,"parent":0,"menu_order":22,"comment_status":"closed","ping_status":"closed","template":"","meta":{"_eb_attr":"","footnotes":""},"class_list":["post-7851","page","type-page","status-publish","hentry"],"yoast_head":"<!-- This site is optimized with the Yoast SEO plugin v27.5 - https:\/\/yoast.com\/product\/yoast-seo-wordpress\/ -->\n<title>modern slavery - LLR ICB<\/title>\n<meta name=\"robots\" content=\"index, follow, max-snippet:-1, max-image-preview:large, max-video-preview:-1\" \/>\n<link rel=\"canonical\" href=\"https:\/\/leicesterleicestershireandrutland.icb.nhs.uk\/pl\/modern-slavery-act-2015-statement-2\/\" \/>\n<meta property=\"og:locale\" content=\"pl_PL\" \/>\n<meta property=\"og:type\" content=\"article\" \/>\n<meta property=\"og:title\" content=\"modern slavery - LLR ICB\" \/>\n<meta property=\"og:description\" content=\"Modern Slavery Act (2015) Statement 2025-26 Leicester, Leicestershire, and Rutland Integrated Care Board (ICB) Modern Slavery Act (2015) Statement 2025-26\u00a0 \u00a0 \u00a0 \u00a0 \u00a0 \u00a0 \u00a0 \u00a0 \u00a0 \u00a0 \u00a0 [&hellip;]\" \/>\n<meta property=\"og:url\" content=\"https:\/\/leicesterleicestershireandrutland.icb.nhs.uk\/pl\/modern-slavery-act-2015-statement-2\/\" \/>\n<meta property=\"og:site_name\" content=\"LLR ICB\" \/>\n<meta property=\"article:publisher\" content=\"https:\/\/www.facebook.com\/NHSLLR\" \/>\n<meta property=\"article:modified_time\" content=\"2025-03-20T12:24:04+00:00\" \/>\n<meta name=\"twitter:card\" content=\"summary_large_image\" \/>\n<meta name=\"twitter:site\" content=\"@NHS_LLR\" \/>\n<meta name=\"twitter:label1\" content=\"Szacowany czas czytania\" \/>\n\t<meta name=\"twitter:data1\" content=\"4 minuty\" \/>\n<script type=\"application\/ld+json\" class=\"yoast-schema-graph\">{\"@context\":\"https:\\\/\\\/schema.org\",\"@graph\":[{\"@type\":\"WebPage\",\"@id\":\"https:\\\/\\\/leicesterleicestershireandrutland.icb.nhs.uk\\\/modern-slavery-act-2015-statement-2\\\/\",\"url\":\"https:\\\/\\\/leicesterleicestershireandrutland.icb.nhs.uk\\\/modern-slavery-act-2015-statement-2\\\/\",\"name\":\"modern slavery - LLR ICB\",\"isPartOf\":{\"@id\":\"https:\\\/\\\/leicesterleicestershireandrutland.icb.nhs.uk\\\/#website\"},\"datePublished\":\"2023-02-22T16:36:00+00:00\",\"dateModified\":\"2025-03-20T12:24:04+00:00\",\"breadcrumb\":{\"@id\":\"https:\\\/\\\/leicesterleicestershireandrutland.icb.nhs.uk\\\/modern-slavery-act-2015-statement-2\\\/#breadcrumb\"},\"inLanguage\":\"pl-PL\",\"potentialAction\":[{\"@type\":\"ReadAction\",\"target\":[\"https:\\\/\\\/leicesterleicestershireandrutland.icb.nhs.uk\\\/modern-slavery-act-2015-statement-2\\\/\"]}]},{\"@type\":\"BreadcrumbList\",\"@id\":\"https:\\\/\\\/leicesterleicestershireandrutland.icb.nhs.uk\\\/modern-slavery-act-2015-statement-2\\\/#breadcrumb\",\"itemListElement\":[{\"@type\":\"ListItem\",\"position\":1,\"name\":\"Home\",\"item\":\"https:\\\/\\\/leicesterleicestershireandrutland.icb.nhs.uk\\\/\"},{\"@type\":\"ListItem\",\"position\":2,\"name\":\"modern slavery\"}]},{\"@type\":\"WebSite\",\"@id\":\"https:\\\/\\\/leicesterleicestershireandrutland.icb.nhs.uk\\\/#website\",\"url\":\"https:\\\/\\\/leicesterleicestershireandrutland.icb.nhs.uk\\\/\",\"name\":\"LLR ICB\",\"description\":\"LLR Integrated Care Board\",\"publisher\":{\"@id\":\"https:\\\/\\\/leicesterleicestershireandrutland.icb.nhs.uk\\\/#organization\"},\"potentialAction\":[{\"@type\":\"SearchAction\",\"target\":{\"@type\":\"EntryPoint\",\"urlTemplate\":\"https:\\\/\\\/leicesterleicestershireandrutland.icb.nhs.uk\\\/?s={search_term_string}\"},\"query-input\":{\"@type\":\"PropertyValueSpecification\",\"valueRequired\":true,\"valueName\":\"search_term_string\"}}],\"inLanguage\":\"pl-PL\"},{\"@type\":\"Organization\",\"@id\":\"https:\\\/\\\/leicesterleicestershireandrutland.icb.nhs.uk\\\/#organization\",\"name\":\"LLR ICB\",\"url\":\"https:\\\/\\\/leicesterleicestershireandrutland.icb.nhs.uk\\\/\",\"logo\":{\"@type\":\"ImageObject\",\"inLanguage\":\"pl-PL\",\"@id\":\"https:\\\/\\\/leicesterleicestershireandrutland.icb.nhs.uk\\\/#\\\/schema\\\/logo\\\/image\\\/\",\"url\":\"https:\\\/\\\/i0.wp.com\\\/leicesterleicestershireandrutland.icb.nhs.uk\\\/wp-content\\\/uploads\\\/2022\\\/06\\\/New-Project-4.jpg?fit=452%2C93&ssl=1\",\"contentUrl\":\"https:\\\/\\\/i0.wp.com\\\/leicesterleicestershireandrutland.icb.nhs.uk\\\/wp-content\\\/uploads\\\/2022\\\/06\\\/New-Project-4.jpg?fit=452%2C93&ssl=1\",\"width\":452,\"height\":93,\"caption\":\"LLR ICB\"},\"image\":{\"@id\":\"https:\\\/\\\/leicesterleicestershireandrutland.icb.nhs.uk\\\/#\\\/schema\\\/logo\\\/image\\\/\"},\"sameAs\":[\"https:\\\/\\\/www.facebook.com\\\/NHSLLR\",\"https:\\\/\\\/x.com\\\/NHS_LLR\",\"https:\\\/\\\/www.instagram.com\\\/nhsllr\\\/\"]}]}<\/script>\n<!-- \/ Yoast SEO plugin. -->","yoast_head_json":{"title":"wsp\u00f3\u0142czesne niewolnictwo - LLR ICB","robots":{"index":"index","follow":"follow","max-snippet":"max-snippet:-1","max-image-preview":"max-image-preview:large","max-video-preview":"max-video-preview:-1"},"canonical":"https:\/\/leicesterleicestershireandrutland.icb.nhs.uk\/pl\/modern-slavery-act-2015-statement-2\/","og_locale":"pl_PL","og_type":"article","og_title":"modern slavery - LLR ICB","og_description":"Modern Slavery Act (2015) Statement 2025-26 Leicester, Leicestershire, and Rutland Integrated Care Board (ICB) Modern Slavery Act (2015) Statement 2025-26\u00a0 \u00a0 \u00a0 \u00a0 \u00a0 \u00a0 \u00a0 \u00a0 \u00a0 \u00a0 \u00a0 [&hellip;]","og_url":"https:\/\/leicesterleicestershireandrutland.icb.nhs.uk\/pl\/modern-slavery-act-2015-statement-2\/","og_site_name":"LLR ICB","article_publisher":"https:\/\/www.facebook.com\/NHSLLR","article_modified_time":"2025-03-20T12:24:04+00:00","twitter_card":"summary_large_image","twitter_site":"@NHS_LLR","twitter_misc":{"Szacowany czas czytania":"4 minuty"},"schema":{"@context":"https:\/\/schema.org","@graph":[{"@type":"WebPage","@id":"https:\/\/leicesterleicestershireandrutland.icb.nhs.uk\/modern-slavery-act-2015-statement-2\/","url":"https:\/\/leicesterleicestershireandrutland.icb.nhs.uk\/modern-slavery-act-2015-statement-2\/","name":"wsp\u00f3\u0142czesne niewolnictwo - LLR ICB","isPartOf":{"@id":"https:\/\/leicesterleicestershireandrutland.icb.nhs.uk\/#website"},"datePublished":"2023-02-22T16:36:00+00:00","dateModified":"2025-03-20T12:24:04+00:00","breadcrumb":{"@id":"https:\/\/leicesterleicestershireandrutland.icb.nhs.uk\/modern-slavery-act-2015-statement-2\/#breadcrumb"},"inLanguage":"pl-PL","potentialAction":[{"@type":"ReadAction","target":["https:\/\/leicesterleicestershireandrutland.icb.nhs.uk\/modern-slavery-act-2015-statement-2\/"]}]},{"@type":"BreadcrumbList","@id":"https:\/\/leicesterleicestershireandrutland.icb.nhs.uk\/modern-slavery-act-2015-statement-2\/#breadcrumb","itemListElement":[{"@type":"ListItem","position":1,"name":"Home","item":"https:\/\/leicesterleicestershireandrutland.icb.nhs.uk\/"},{"@type":"ListItem","position":2,"name":"modern slavery"}]},{"@type":"WebSite","@id":"https:\/\/leicesterleicestershireandrutland.icb.nhs.uk\/#website","url":"https:\/\/leicesterleicestershireandrutland.icb.nhs.uk\/","name":"LLR ICB","description":"Zintegrowana Rada Opieki LLR","publisher":{"@id":"https:\/\/leicesterleicestershireandrutland.icb.nhs.uk\/#organization"},"potentialAction":[{"@type":"SearchAction","target":{"@type":"EntryPoint","urlTemplate":"https:\/\/leicesterleicestershireandrutland.icb.nhs.uk\/?s={search_term_string}"},"query-input":{"@type":"PropertyValueSpecification","valueRequired":true,"valueName":"search_term_string"}}],"inLanguage":"pl-PL"},{"@type":"Organization","@id":"https:\/\/leicesterleicestershireandrutland.icb.nhs.uk\/#organization","name":"LLR ICB","url":"https:\/\/leicesterleicestershireandrutland.icb.nhs.uk\/","logo":{"@type":"ImageObject","inLanguage":"pl-PL","@id":"https:\/\/leicesterleicestershireandrutland.icb.nhs.uk\/#\/schema\/logo\/image\/","url":"https:\/\/i0.wp.com\/leicesterleicestershireandrutland.icb.nhs.uk\/wp-content\/uploads\/2022\/06\/New-Project-4.jpg?fit=452%2C93&ssl=1","contentUrl":"https:\/\/i0.wp.com\/leicesterleicestershireandrutland.icb.nhs.uk\/wp-content\/uploads\/2022\/06\/New-Project-4.jpg?fit=452%2C93&ssl=1","width":452,"height":93,"caption":"LLR ICB"},"image":{"@id":"https:\/\/leicesterleicestershireandrutland.icb.nhs.uk\/#\/schema\/logo\/image\/"},"sameAs":["https:\/\/www.facebook.com\/NHSLLR","https:\/\/x.com\/NHS_LLR","https:\/\/www.instagram.com\/nhsllr\/"]}]}},"jetpack_sharing_enabled":true,"_links":{"self":[{"href":"https:\/\/leicesterleicestershireandrutland.icb.nhs.uk\/pl\/wp-json\/wp\/v2\/pages\/7851","targetHints":{"allow":["GET"]}}],"collection":[{"href":"https:\/\/leicesterleicestershireandrutland.icb.nhs.uk\/pl\/wp-json\/wp\/v2\/pages"}],"about":[{"href":"https:\/\/leicesterleicestershireandrutland.icb.nhs.uk\/pl\/wp-json\/wp\/v2\/types\/page"}],"author":[{"embeddable":true,"href":"https:\/\/leicesterleicestershireandrutland.icb.nhs.uk\/pl\/wp-json\/wp\/v2\/users\/1"}],"replies":[{"embeddable":true,"href":"https:\/\/leicesterleicestershireandrutland.icb.nhs.uk\/pl\/wp-json\/wp\/v2\/comments?post=7851"}],"version-history":[{"count":26,"href":"https:\/\/leicesterleicestershireandrutland.icb.nhs.uk\/pl\/wp-json\/wp\/v2\/pages\/7851\/revisions"}],"predecessor-version":[{"id":22128,"href":"https:\/\/leicesterleicestershireandrutland.icb.nhs.uk\/pl\/wp-json\/wp\/v2\/pages\/7851\/revisions\/22128"}],"wp:attachment":[{"href":"https:\/\/leicesterleicestershireandrutland.icb.nhs.uk\/pl\/wp-json\/wp\/v2\/media?parent=7851"}],"curies":[{"name":"wp","href":"https:\/\/api.w.org\/{rel}","templated":true}]}}