{"id":9805,"date":"2023-06-09T15:10:25","date_gmt":"2023-06-09T15:10:25","guid":{"rendered":"https:\/\/leicesterleicestershireandrutland.icb.nhs.uk\/be-involved\/ppiag-reports\/"},"modified":"2026-04-28T14:46:22","modified_gmt":"2026-04-28T14:46:22","slug":"ppiag-reports","status":"publish","type":"page","link":"https:\/\/leicesterleicestershireandrutland.icb.nhs.uk\/pl\/be-involved\/ppiag-reports\/","title":{"rendered":"raporty PPIAG"},"content":{"rendered":"<div data-elementor-type=\"wp-page\" data-elementor-id=\"9805\" class=\"elementor elementor-9805\" data-elementor-post-type=\"page\">\n\t\t\t\t\t\t<section data-particle_enable=\"false\" data-particle-mobile-disabled=\"false\" class=\"elementor-section elementor-top-section elementor-element elementor-element-f5004a5 elementor-section-boxed elementor-section-height-default elementor-section-height-default\" data-id=\"f5004a5\" data-element_type=\"section\" data-e-type=\"section\">\n\t\t\t\t\t\t<div class=\"elementor-container elementor-column-gap-default\">\n\t\t\t\t\t<div class=\"elementor-column elementor-col-100 elementor-top-column elementor-element elementor-element-29761ce\" data-id=\"29761ce\" data-element_type=\"column\" data-e-type=\"column\">\n\t\t\t<div class=\"elementor-widget-wrap elementor-element-populated\">\n\t\t\t\t\t\t<div class=\"elementor-element elementor-element-598149b elementor-widget elementor-widget-heading\" data-id=\"598149b\" data-element_type=\"widget\" data-e-type=\"widget\" data-widget_type=\"heading.default\">\n\t\t\t\t<div class=\"elementor-widget-container\">\n\t\t\t\t\t<h2 class=\"elementor-heading-title elementor-size-default\">Raporty Grupy ds. Zapewnienia Zaanga\u017cowania Publicznego i Pacjent\u00f3w (PPIAG).<\/h2>\t\t\t\t<\/div>\n\t\t\t\t<\/div>\n\t\t\t\t<div class=\"elementor-element elementor-element-340ea7f elementor-widget elementor-widget-text-editor\" data-id=\"340ea7f\" data-element_type=\"widget\" data-e-type=\"widget\" data-widget_type=\"text-editor.default\">\n\t\t\t\t<div class=\"elementor-widget-container\">\n\t\t\t\t\t\t\t\t\t<div class=\"elementor-element elementor-element-87ffe4e elementor-widget elementor-widget-text-editor\" data-id=\"87ffe4e\" data-element_type=\"widget\" data-widget_type=\"text-editor.default\"><div class=\"elementor-widget-container\"><div class=\"elementor-text-editor elementor-clearfix\"><p><strong><u>Spotkania PPIAG w 2022 r.<\/u><\/strong><\/p><ul><li><a href=\"https:\/\/leicesterleicestershireandrutland.icb.nhs.uk\/wp-content\/uploads\/2022\/09\/PPIAG-meeting-report-March-2022.pdf\">Sprawozdanie ze spotkania PPIAG \u2013 marzec 2022<\/a><\/li><li>Nie sporz\u0105dzono raportu na spotkanie w kwietniu 2022 r., poniewa\u017c by\u0142a to sesja rozwojowa PPIAG<\/li><li><a href=\"https:\/\/leicesterleicestershireandrutland.icb.nhs.uk\/wp-content\/uploads\/2022\/09\/5.-PPIAG-meeting-report-May-2022.pdf\">Sprawozdanie ze spotkania PPIAG \u2013 maj 2022<\/a><\/li><li><a href=\"https:\/\/leicesterleicestershireandrutland.icb.nhs.uk\/wp-content\/uploads\/2022\/09\/6.-PPIAG-meeting-report-June-2022.pdf\">Sprawozdanie ze spotkania PPIAG \u2013 czerwiec 2022 r.<\/a><\/li><li><a href=\"https:\/\/leicesterleicestershireandrutland.icb.nhs.uk\/wp-content\/uploads\/2022\/09\/7.-PPIAG-meeting-report-July-2022.pdf\">Sprawozdanie ze spotkania PPIAG \u2013 lipiec 2022 r.<\/a><\/li><li><a href=\"https:\/\/leicesterleicestershireandrutland.icb.nhs.uk\/wp-content\/uploads\/2022\/11\/PPIAG-meeting-report-August-2022.pdf\">Sprawozdanie ze spotkania PPIAG \u2013 sierpie\u0144 2022 r<\/a><\/li><li>Na spotkanie we wrze\u015bniu 2022 r. nie sporz\u0105dzono \u017cadnego raportu, poniewa\u017c by\u0142a to sesja rozwojowa PPIAG<\/li><li><a href=\"https:\/\/leicesterleicestershireandrutland.icb.nhs.uk\/wp-content\/uploads\/2023\/01\/10.-PPIAG-meeting-report-October-2022.pdf\">Sprawozdanie ze spotkania PPIAG \u2013 pa\u017adziernik 2022 r<\/a><\/li><li><a href=\"https:\/\/leicesterleicestershireandrutland.icb.nhs.uk\/wp-content\/uploads\/2023\/01\/11.-PPIAG-meeting-report-November-2022.pdf\">Sprawozdanie ze spotkania PPIAG \u2013 listopad 2022 r<\/a><\/li><li><a href=\"https:\/\/leicesterleicestershireandrutland.icb.nhs.uk\/wp-content\/uploads\/2023\/02\/PPIAG-report-from-Dec-2022-meeting.pdf\" target=\"_blank\" rel=\"noopener\">Sprawozdanie ze spotkania PPIAG \u2013 grudzie\u0144 2022 r<\/a><\/li><\/ul><p><span style=\"text-decoration: underline;\"><strong><br \/>Spotkania PPIAG w 2023 r.<\/strong><\/span><\/p><ul><li><a href=\"https:\/\/leicesterleicestershireandrutland.icb.nhs.uk\/wp-content\/uploads\/2023\/02\/PPIAG-report-from-Jan-2022-meeting-approved.pdf\" target=\"_blank\" rel=\"noopener\">Sprawozdanie ze spotkania PPIAG \u2013 stycze\u0144 2023 r<\/a><\/li><li><a href=\"https:\/\/leicesterleicestershireandrutland.icb.nhs.uk\/wp-content\/uploads\/2023\/04\/PPIAG-report-from-Feb-2023-Meeting-final-2.pdf\" target=\"_blank\" rel=\"noopener\">Sprawozdanie ze spotkania PPIAG \u2013 luty 2023 r<\/a><\/li><li><a href=\"https:\/\/leicesterleicestershireandrutland.icb.nhs.uk\/wp-content\/uploads\/2023\/05\/PPIAG-report-from-March-2023-Meeting-approved.pdf\" target=\"_blank\" rel=\"noopener\">Sprawozdanie ze spotkania PPIAG \u2013 marzec 2023 r<\/a><\/li><li>Brak spotkania w kwietniu 2023 r<\/li><li><a href=\"https:\/\/leicesterleicestershireandrutland.icb.nhs.uk\/wp-content\/uploads\/2024\/02\/PPIAG-report-May-2023-approved.pdf\" target=\"_blank\" rel=\"noopener\">Sprawozdanie ze spotkania PPIAG \u2013 maj 2023<\/a><\/li><li><a href=\"https:\/\/leicesterleicestershireandrutland.icb.nhs.uk\/wp-content\/uploads\/2024\/02\/PPIAG-report-June-2023-approved.pdf\" target=\"_blank\" rel=\"noopener\">Sprawozdanie ze spotkania PPIAG \u2013 czerwiec 2023 r<\/a><\/li><li><a href=\"https:\/\/leicesterleicestershireandrutland.icb.nhs.uk\/wp-content\/uploads\/2024\/02\/PPIAG-report-July-2023-approved.pdf\" target=\"_blank\" rel=\"noopener\">Sprawozdanie ze spotkania PPIAG \u2013 lipiec 2023 r<\/a><\/li><li>Brak spotkania w sierpniu 2023 r<\/li><li><a href=\"https:\/\/leicesterleicestershireandrutland.icb.nhs.uk\/wp-content\/uploads\/2024\/02\/PPIAG-report-Sept-2023-approved.pdf\" target=\"_blank\" rel=\"noopener\">Sprawozdanie ze spotkania PPIAG \u2013 wrzesie\u0144 2023 r<\/a><\/li><li><a href=\"https:\/\/leicesterleicestershireandrutland.icb.nhs.uk\/wp-content\/uploads\/2024\/02\/PPIAG-report-Oct-2023-approved.pdf\" target=\"_blank\" rel=\"noopener\">Sprawozdanie ze spotkania PPIAG \u2013 pa\u017adziernik 2023 r<\/a><\/li><li>Brak spotkania w listopadzie 2023 r.<\/li><li><a href=\"https:\/\/leicesterleicestershireandrutland.icb.nhs.uk\/wp-content\/uploads\/2024\/02\/PPIAG-report-Dec-2023-approved.pdf\" target=\"_blank\" rel=\"noopener\">Sprawozdanie ze spotkania PPIAG \u2013 grudzie\u0144 2023 r<\/a><\/li><\/ul><p><span style=\"text-decoration: underline;\"><strong><br \/>Spotkania PPIAG w 2024 r.<\/strong><\/span><\/p><ul><li><a href=\"https:\/\/leicesterleicestershireandrutland.icb.nhs.uk\/wp-content\/uploads\/2024\/03\/PPIAG-meeting-report-January-2024.pdf\" target=\"_blank\" rel=\"noopener\">Sprawozdanie ze spotkania PPIAG \u2013 stycze\u0144 2024 r<\/a><\/li><li>Na spotkanie w lutym 2024 r. nie sporz\u0105dzono \u017cadnego raportu, poniewa\u017c by\u0142a to sesja po\u015bwi\u0119cona rozwojowi PPIAG.<\/li><li><a href=\"https:\/\/leicesterleicestershireandrutland.icb.nhs.uk\/wp-content\/uploads\/2024\/11\/PPIAG-meeting-report-April-2024.pdf\">Sprawozdanie ze spotkania PPIAG \u2013 kwiecie\u0144 2024 r.<\/a><\/li><li><a href=\"https:\/\/leicesterleicestershireandrutland.icb.nhs.uk\/wp-content\/uploads\/2024\/11\/PPIAG-Meeting-report-May-2024.pdf\">Sprawozdanie ze spotkania PPIAG \u2013 maj 2024 r.<\/a><\/li><li><a href=\"https:\/\/leicesterleicestershireandrutland.icb.nhs.uk\/wp-content\/uploads\/2024\/11\/PPIAG-Meeting-report-June-2024.pdf\">Sprawozdanie ze spotkania PPIAG \u2013 czerwiec 2024 r.<\/a><\/li><li><a href=\"https:\/\/leicesterleicestershireandrutland.icb.nhs.uk\/wp-content\/uploads\/2024\/10\/PPIAG-meeting-report-July-2024.pdf\">Sprawozdanie ze spotkania PPIAG \u2013 lipiec 2024 r.<\/a><\/li><li>Brak spotkania w sierpniu 2024 r.<\/li><li>Brak spotkania we wrze\u015bniu 2024 r.<\/li><li><a href=\"https:\/\/leicesterleicestershireandrutland.icb.nhs.uk\/wp-content\/uploads\/2024\/11\/PPIAG-Meeting-Report-approved-October-2024.pdf\" target=\"_blank\" rel=\"noopener\">Sprawozdanie ze spotkania PPIAG \u2013 pa\u017adziernik 2024 r.<\/a><\/li><li><a href=\"https:\/\/leicesterleicestershireandrutland.icb.nhs.uk\/wp-content\/uploads\/2025\/03\/PPIAG-Report-27-November-24.pdf\" target=\"_blank\" rel=\"noopener\">Sprawozdanie ze spotkania PPIAG \u2013 listopad 2024 r.<\/a><\/li><li><a href=\"https:\/\/leicesterleicestershireandrutland.icb.nhs.uk\/wp-content\/uploads\/2025\/03\/PPIAG-Report-17-December-24.pdf\" target=\"_blank\" rel=\"noopener\">Sprawozdanie ze spotkania PPIAG \u2013 grudzie\u0144 2024 r.<\/a><\/li><\/ul><p><span style=\"text-decoration: underline;\"><strong><br \/>Spotkania PPIAG w 2025 r.<\/strong><\/span><\/p><ul><li><a href=\"https:\/\/leicesterleicestershireandrutland.icb.nhs.uk\/wp-content\/uploads\/2025\/03\/PPIAG-Report-22-Jan-25.pdf\" target=\"_blank\" rel=\"noopener\">Sprawozdanie ze spotkania PPIAG \u2013 stycze\u0144 2025 r.<\/a><\/li><li><a href=\"https:\/\/leicesterleicestershireandrutland.icb.nhs.uk\/wp-content\/uploads\/2025\/04\/PPIAG-Meeting-Report-February-2025.pdf\" target=\"_blank\" rel=\"noopener\">Sprawozdanie ze spotkania PPIAG \u2013 luty 2025 r.<\/a><\/li><li>Nie sporz\u0105dzono \u017cadnego sprawozdania ze spotkania w marcu 2025 r., poniewa\u017c by\u0142o to posiedzenie rozwojowe PPIAG.<\/li><li><a href=\"https:\/\/leicesterleicestershireandrutland.icb.nhs.uk\/wp-content\/uploads\/2025\/07\/4.-PPIAG-Meeting-Report-30-April-25-1.pdf\" target=\"_blank\" rel=\"noopener\">Sprawozdanie ze spotkania PPIAG \u2013 kwiecie\u0144 2025 r.<\/a><\/li><li><a href=\"https:\/\/leicesterleicestershireandrutland.icb.nhs.uk\/wp-content\/uploads\/2026\/02\/5.-PPIAG-Meeting-Report-28-May-2025.pdf\" target=\"_blank\" rel=\"noopener\">Sprawozdanie ze spotkania PPIAG \u2013 maj 2025 r.<\/a><\/li><li><a href=\"https:\/\/leicesterleicestershireandrutland.icb.nhs.uk\/wp-content\/uploads\/2026\/02\/6.-PPIAG-Meeting-Report-11-June-2025.pdf\" target=\"_blank\" rel=\"noopener\">Sprawozdanie ze spotkania PPIAG \u2013 czerwiec 2025 r.<\/a><\/li><li><a href=\"https:\/\/leicesterleicestershireandrutland.icb.nhs.uk\/wp-content\/uploads\/2026\/02\/7.-PPIAG-Meeting-Report-30-July-2025.pdf\" target=\"_blank\" rel=\"noopener\">Sprawozdanie ze spotkania PPIAG \u2013 lipiec 2025 r.<\/a><\/li><li><a href=\"https:\/\/leicesterleicestershireandrutland.icb.nhs.uk\/wp-content\/uploads\/2026\/02\/8.-PPIAG-Meeting-Report-1-October-2025.pdf\" target=\"_blank\" rel=\"noopener\">Sprawozdanie ze spotkania PPIAG \u2013 1 pa\u017adziernika 2025 r.<\/a><\/li><li><a href=\"https:\/\/leicesterleicestershireandrutland.icb.nhs.uk\/wp-content\/uploads\/2026\/02\/9.-PPIAG-Meeting-Report-29-October-2025.pdf\" target=\"_blank\" rel=\"noopener\">Sprawozdanie ze spotkania PPIAG \u2013 29 pa\u017adziernika 2025 r.<\/a><\/li><li>Nie sporz\u0105dzono sprawozdania ze spotkania w listopadzie 2025 r., poniewa\u017c by\u0142o to spotkanie rozwojowe PPIAG.<\/li><li>Brak spotkania w grudniu 2025 r.<\/li><\/ul><p>\u00a0<\/p><p><span style=\"text-decoration: underline;\"><strong>Spotkania PPIAG w 2026 r.<\/strong><\/span><\/p><ul><li>Brak spotkania w styczniu 2026 r.<\/li><li><a href=\"https:\/\/leicesterleicestershireandrutland.icb.nhs.uk\/wp-content\/uploads\/2026\/04\/PPIAG-Report-11-Feb-26.pdf\" target=\"_blank\" rel=\"noopener\">Sprawozdanie ze spotkania PPIAG \u2013 luty 2026 r.<\/a><\/li><li>Brak spotkania w marcu 2026 r.<\/li><\/ul><p>\u00a0<\/p><p>Je\u015bli chcesz zobaczy\u0107 raporty ze spotka\u0144 PPIAG ze spotka\u0144 przed marcem 2022 r., wy\u015blij e-mail <a href=\"mailto:llricb-llr.beinvolved@nhs.net\">llricb-llr.beinvolved@nhs.net<\/a><\/p><\/div><\/div><\/div>\t\t\t\t\t\t\t\t<\/div>\n\t\t\t\t<\/div>\n\t\t\t\t\t<\/div>\n\t\t<\/div>\n\t\t\t\t\t<\/div>\n\t\t<\/section>\n\t\t\t\t<\/div>","protected":false},"excerpt":{"rendered":"<p>Public and Patient Involvement Assurance Group (PPIAG) reports PPIAG Meetings in 2022 PPIAG meeting report \u2013 March 2022 No report produced for the April 2022 meeting, as this was a [&hellip;]<\/p>\n","protected":false},"author":18,"featured_media":0,"parent":518,"menu_order":4,"comment_status":"closed","ping_status":"closed","template":"","meta":{"_eb_attr":"","footnotes":""},"class_list":["post-9805","page","type-page","status-publish","hentry"],"yoast_head":"<!-- This site is optimized with the Yoast SEO plugin v27.5 - https:\/\/yoast.com\/product\/yoast-seo-wordpress\/ -->\n<title>PPIAG reports - LLR ICB<\/title>\n<meta name=\"robots\" content=\"index, follow, max-snippet:-1, max-image-preview:large, max-video-preview:-1\" \/>\n<link rel=\"canonical\" href=\"https:\/\/leicesterleicestershireandrutland.icb.nhs.uk\/pl\/be-involved\/ppiag-reports\/\" \/>\n<meta property=\"og:locale\" content=\"pl_PL\" \/>\n<meta property=\"og:type\" content=\"article\" \/>\n<meta property=\"og:title\" content=\"PPIAG reports - LLR ICB\" \/>\n<meta property=\"og:description\" content=\"Public and Patient Involvement Assurance Group (PPIAG) reports PPIAG Meetings in 2022 PPIAG meeting report \u2013 March 2022 No report produced for the April 2022 meeting, as this was a [&hellip;]\" \/>\n<meta property=\"og:url\" content=\"https:\/\/leicesterleicestershireandrutland.icb.nhs.uk\/pl\/be-involved\/ppiag-reports\/\" \/>\n<meta property=\"og:site_name\" content=\"LLR ICB\" \/>\n<meta property=\"article:publisher\" content=\"https:\/\/www.facebook.com\/NHSLLR\" \/>\n<meta property=\"article:modified_time\" content=\"2026-04-28T14:46:22+00:00\" \/>\n<meta name=\"twitter:card\" content=\"summary_large_image\" \/>\n<meta name=\"twitter:site\" content=\"@NHS_LLR\" \/>\n<meta name=\"twitter:label1\" content=\"Szacowany czas czytania\" \/>\n\t<meta name=\"twitter:data1\" content=\"3 minuty\" \/>\n<script type=\"application\/ld+json\" class=\"yoast-schema-graph\">{\"@context\":\"https:\\\/\\\/schema.org\",\"@graph\":[{\"@type\":\"WebPage\",\"@id\":\"https:\\\/\\\/leicesterleicestershireandrutland.icb.nhs.uk\\\/be-involved\\\/ppiag-reports\\\/\",\"url\":\"https:\\\/\\\/leicesterleicestershireandrutland.icb.nhs.uk\\\/be-involved\\\/ppiag-reports\\\/\",\"name\":\"PPIAG reports - LLR ICB\",\"isPartOf\":{\"@id\":\"https:\\\/\\\/leicesterleicestershireandrutland.icb.nhs.uk\\\/#website\"},\"datePublished\":\"2023-06-09T15:10:25+00:00\",\"dateModified\":\"2026-04-28T14:46:22+00:00\",\"breadcrumb\":{\"@id\":\"https:\\\/\\\/leicesterleicestershireandrutland.icb.nhs.uk\\\/be-involved\\\/ppiag-reports\\\/#breadcrumb\"},\"inLanguage\":\"pl-PL\",\"potentialAction\":[{\"@type\":\"ReadAction\",\"target\":[\"https:\\\/\\\/leicesterleicestershireandrutland.icb.nhs.uk\\\/be-involved\\\/ppiag-reports\\\/\"]}]},{\"@type\":\"BreadcrumbList\",\"@id\":\"https:\\\/\\\/leicesterleicestershireandrutland.icb.nhs.uk\\\/be-involved\\\/ppiag-reports\\\/#breadcrumb\",\"itemListElement\":[{\"@type\":\"ListItem\",\"position\":1,\"name\":\"Home\",\"item\":\"https:\\\/\\\/leicesterleicestershireandrutland.icb.nhs.uk\\\/\"},{\"@type\":\"ListItem\",\"position\":2,\"name\":\"Be involved\",\"item\":\"https:\\\/\\\/leicesterleicestershireandrutland.icb.nhs.uk\\\/be-involved\\\/\"},{\"@type\":\"ListItem\",\"position\":3,\"name\":\"PPIAG reports\"}]},{\"@type\":\"WebSite\",\"@id\":\"https:\\\/\\\/leicesterleicestershireandrutland.icb.nhs.uk\\\/#website\",\"url\":\"https:\\\/\\\/leicesterleicestershireandrutland.icb.nhs.uk\\\/\",\"name\":\"LLR ICB\",\"description\":\"LLR Integrated Care Board\",\"publisher\":{\"@id\":\"https:\\\/\\\/leicesterleicestershireandrutland.icb.nhs.uk\\\/#organization\"},\"potentialAction\":[{\"@type\":\"SearchAction\",\"target\":{\"@type\":\"EntryPoint\",\"urlTemplate\":\"https:\\\/\\\/leicesterleicestershireandrutland.icb.nhs.uk\\\/?s={search_term_string}\"},\"query-input\":{\"@type\":\"PropertyValueSpecification\",\"valueRequired\":true,\"valueName\":\"search_term_string\"}}],\"inLanguage\":\"pl-PL\"},{\"@type\":\"Organization\",\"@id\":\"https:\\\/\\\/leicesterleicestershireandrutland.icb.nhs.uk\\\/#organization\",\"name\":\"LLR ICB\",\"url\":\"https:\\\/\\\/leicesterleicestershireandrutland.icb.nhs.uk\\\/\",\"logo\":{\"@type\":\"ImageObject\",\"inLanguage\":\"pl-PL\",\"@id\":\"https:\\\/\\\/leicesterleicestershireandrutland.icb.nhs.uk\\\/#\\\/schema\\\/logo\\\/image\\\/\",\"url\":\"https:\\\/\\\/i0.wp.com\\\/leicesterleicestershireandrutland.icb.nhs.uk\\\/wp-content\\\/uploads\\\/2022\\\/06\\\/New-Project-4.jpg?fit=452%2C93&ssl=1\",\"contentUrl\":\"https:\\\/\\\/i0.wp.com\\\/leicesterleicestershireandrutland.icb.nhs.uk\\\/wp-content\\\/uploads\\\/2022\\\/06\\\/New-Project-4.jpg?fit=452%2C93&ssl=1\",\"width\":452,\"height\":93,\"caption\":\"LLR ICB\"},\"image\":{\"@id\":\"https:\\\/\\\/leicesterleicestershireandrutland.icb.nhs.uk\\\/#\\\/schema\\\/logo\\\/image\\\/\"},\"sameAs\":[\"https:\\\/\\\/www.facebook.com\\\/NHSLLR\",\"https:\\\/\\\/x.com\\\/NHS_LLR\",\"https:\\\/\\\/www.instagram.com\\\/nhsllr\\\/\"]}]}<\/script>\n<!-- \/ Yoast SEO plugin. -->","yoast_head_json":{"title":"PPIAG reports - LLR ICB","robots":{"index":"index","follow":"follow","max-snippet":"max-snippet:-1","max-image-preview":"max-image-preview:large","max-video-preview":"max-video-preview:-1"},"canonical":"https:\/\/leicesterleicestershireandrutland.icb.nhs.uk\/pl\/be-involved\/ppiag-reports\/","og_locale":"pl_PL","og_type":"article","og_title":"PPIAG reports - LLR ICB","og_description":"Public and Patient Involvement Assurance Group (PPIAG) reports PPIAG Meetings in 2022 PPIAG meeting report \u2013 March 2022 No report produced for the April 2022 meeting, as this was a [&hellip;]","og_url":"https:\/\/leicesterleicestershireandrutland.icb.nhs.uk\/pl\/be-involved\/ppiag-reports\/","og_site_name":"LLR ICB","article_publisher":"https:\/\/www.facebook.com\/NHSLLR","article_modified_time":"2026-04-28T14:46:22+00:00","twitter_card":"summary_large_image","twitter_site":"@NHS_LLR","twitter_misc":{"Szacowany czas czytania":"3 minuty"},"schema":{"@context":"https:\/\/schema.org","@graph":[{"@type":"WebPage","@id":"https:\/\/leicesterleicestershireandrutland.icb.nhs.uk\/be-involved\/ppiag-reports\/","url":"https:\/\/leicesterleicestershireandrutland.icb.nhs.uk\/be-involved\/ppiag-reports\/","name":"PPIAG reports - LLR ICB","isPartOf":{"@id":"https:\/\/leicesterleicestershireandrutland.icb.nhs.uk\/#website"},"datePublished":"2023-06-09T15:10:25+00:00","dateModified":"2026-04-28T14:46:22+00:00","breadcrumb":{"@id":"https:\/\/leicesterleicestershireandrutland.icb.nhs.uk\/be-involved\/ppiag-reports\/#breadcrumb"},"inLanguage":"pl-PL","potentialAction":[{"@type":"ReadAction","target":["https:\/\/leicesterleicestershireandrutland.icb.nhs.uk\/be-involved\/ppiag-reports\/"]}]},{"@type":"BreadcrumbList","@id":"https:\/\/leicesterleicestershireandrutland.icb.nhs.uk\/be-involved\/ppiag-reports\/#breadcrumb","itemListElement":[{"@type":"ListItem","position":1,"name":"Home","item":"https:\/\/leicesterleicestershireandrutland.icb.nhs.uk\/"},{"@type":"ListItem","position":2,"name":"Be involved","item":"https:\/\/leicesterleicestershireandrutland.icb.nhs.uk\/be-involved\/"},{"@type":"ListItem","position":3,"name":"PPIAG reports"}]},{"@type":"WebSite","@id":"https:\/\/leicesterleicestershireandrutland.icb.nhs.uk\/#website","url":"https:\/\/leicesterleicestershireandrutland.icb.nhs.uk\/","name":"LLR ICB","description":"Zintegrowana Rada Opieki LLR","publisher":{"@id":"https:\/\/leicesterleicestershireandrutland.icb.nhs.uk\/#organization"},"potentialAction":[{"@type":"SearchAction","target":{"@type":"EntryPoint","urlTemplate":"https:\/\/leicesterleicestershireandrutland.icb.nhs.uk\/?s={search_term_string}"},"query-input":{"@type":"PropertyValueSpecification","valueRequired":true,"valueName":"search_term_string"}}],"inLanguage":"pl-PL"},{"@type":"Organization","@id":"https:\/\/leicesterleicestershireandrutland.icb.nhs.uk\/#organization","name":"LLR ICB","url":"https:\/\/leicesterleicestershireandrutland.icb.nhs.uk\/","logo":{"@type":"ImageObject","inLanguage":"pl-PL","@id":"https:\/\/leicesterleicestershireandrutland.icb.nhs.uk\/#\/schema\/logo\/image\/","url":"https:\/\/i0.wp.com\/leicesterleicestershireandrutland.icb.nhs.uk\/wp-content\/uploads\/2022\/06\/New-Project-4.jpg?fit=452%2C93&ssl=1","contentUrl":"https:\/\/i0.wp.com\/leicesterleicestershireandrutland.icb.nhs.uk\/wp-content\/uploads\/2022\/06\/New-Project-4.jpg?fit=452%2C93&ssl=1","width":452,"height":93,"caption":"LLR ICB"},"image":{"@id":"https:\/\/leicesterleicestershireandrutland.icb.nhs.uk\/#\/schema\/logo\/image\/"},"sameAs":["https:\/\/www.facebook.com\/NHSLLR","https:\/\/x.com\/NHS_LLR","https:\/\/www.instagram.com\/nhsllr\/"]}]}},"jetpack_sharing_enabled":true,"_links":{"self":[{"href":"https:\/\/leicesterleicestershireandrutland.icb.nhs.uk\/pl\/wp-json\/wp\/v2\/pages\/9805","targetHints":{"allow":["GET"]}}],"collection":[{"href":"https:\/\/leicesterleicestershireandrutland.icb.nhs.uk\/pl\/wp-json\/wp\/v2\/pages"}],"about":[{"href":"https:\/\/leicesterleicestershireandrutland.icb.nhs.uk\/pl\/wp-json\/wp\/v2\/types\/page"}],"author":[{"embeddable":true,"href":"https:\/\/leicesterleicestershireandrutland.icb.nhs.uk\/pl\/wp-json\/wp\/v2\/users\/18"}],"replies":[{"embeddable":true,"href":"https:\/\/leicesterleicestershireandrutland.icb.nhs.uk\/pl\/wp-json\/wp\/v2\/comments?post=9805"}],"version-history":[{"count":58,"href":"https:\/\/leicesterleicestershireandrutland.icb.nhs.uk\/pl\/wp-json\/wp\/v2\/pages\/9805\/revisions"}],"predecessor-version":[{"id":28324,"href":"https:\/\/leicesterleicestershireandrutland.icb.nhs.uk\/pl\/wp-json\/wp\/v2\/pages\/9805\/revisions\/28324"}],"up":[{"embeddable":true,"href":"https:\/\/leicesterleicestershireandrutland.icb.nhs.uk\/pl\/wp-json\/wp\/v2\/pages\/518"}],"wp:attachment":[{"href":"https:\/\/leicesterleicestershireandrutland.icb.nhs.uk\/pl\/wp-json\/wp\/v2\/media?parent=9805"}],"curies":[{"name":"wp","href":"https:\/\/api.w.org\/{rel}","templated":true}]}}