{"id":10140,"date":"2023-06-28T16:09:39","date_gmt":"2023-06-28T16:09:39","guid":{"rendered":"https:\/\/leicesterleicestershireandrutland.icb.nhs.uk\/?page_id=10140"},"modified":"2026-04-02T16:11:36","modified_gmt":"2026-04-02T16:11:36","slug":"market-harborough","status":"publish","type":"page","link":"https:\/\/leicesterleicestershireandrutland.icb.nhs.uk\/ro\/your-health\/find-the-right-service\/urgent-care-services\/market-harborough\/","title":{"rendered":"Pia\u021ba Harborough"},"content":{"rendered":"<div data-elementor-type=\"wp-page\" data-elementor-id=\"10140\" class=\"elementor elementor-10140\" data-elementor-post-type=\"page\">\n\t\t\t\t\t\t<section data-particle_enable=\"false\" data-particle-mobile-disabled=\"false\" class=\"elementor-section elementor-top-section elementor-element elementor-element-196bff3 elementor-section-boxed elementor-section-height-default elementor-section-height-default\" data-id=\"196bff3\" data-element_type=\"section\" data-e-type=\"section\">\n\t\t\t\t\t\t<div class=\"elementor-container elementor-column-gap-default\">\n\t\t\t\t\t<div class=\"elementor-column elementor-col-100 elementor-top-column elementor-element elementor-element-c3abbdf\" data-id=\"c3abbdf\" data-element_type=\"column\" data-e-type=\"column\">\n\t\t\t<div class=\"elementor-widget-wrap elementor-element-populated\">\n\t\t\t\t\t\t<div class=\"elementor-element elementor-element-e790c3c elementor-widget elementor-widget-spacer\" data-id=\"e790c3c\" data-element_type=\"widget\" data-e-type=\"widget\" data-widget_type=\"spacer.default\">\n\t\t\t\t<div class=\"elementor-widget-container\">\n\t\t\t\t\t\t\t<div class=\"elementor-spacer\">\n\t\t\t<div class=\"elementor-spacer-inner\"><\/div>\n\t\t<\/div>\n\t\t\t\t\t\t<\/div>\n\t\t\t\t<\/div>\n\t\t\t\t<div class=\"elementor-element elementor-element-98c7b1b elementor-widget elementor-widget-heading\" data-id=\"98c7b1b\" data-element_type=\"widget\" data-e-type=\"widget\" data-widget_type=\"heading.default\">\n\t\t\t\t<div class=\"elementor-widget-container\">\n\t\t\t\t\t<h1 class=\"elementor-heading-title elementor-size-default\">Pia\u021ba Harborough<\/h1>\t\t\t\t<\/div>\n\t\t\t\t<\/div>\n\t\t\t\t\t<\/div>\n\t\t<\/div>\n\t\t\t\t\t<\/div>\n\t\t<\/section>\n\t\t\t\t<section data-particle_enable=\"false\" data-particle-mobile-disabled=\"false\" class=\"elementor-section elementor-top-section elementor-element elementor-element-0916dc3 elementor-section-boxed elementor-section-height-default elementor-section-height-default\" data-id=\"0916dc3\" data-element_type=\"section\" data-e-type=\"section\">\n\t\t\t\t\t\t<div class=\"elementor-container elementor-column-gap-default\">\n\t\t\t\t\t<div class=\"elementor-column elementor-col-100 elementor-top-column elementor-element elementor-element-e4c729e\" data-id=\"e4c729e\" data-element_type=\"column\" data-e-type=\"column\">\n\t\t\t<div class=\"elementor-widget-wrap elementor-element-populated\">\n\t\t\t\t\t\t<div class=\"elementor-element elementor-element-719be17 elementor-widget-divider--view-line elementor-widget elementor-widget-divider\" data-id=\"719be17\" data-element_type=\"widget\" data-e-type=\"widget\" data-widget_type=\"divider.default\">\n\t\t\t\t<div class=\"elementor-widget-container\">\n\t\t\t\t\t\t\t<div class=\"elementor-divider\">\n\t\t\t<span class=\"elementor-divider-separator\">\n\t\t\t\t\t\t<\/span>\n\t\t<\/div>\n\t\t\t\t\t\t<\/div>\n\t\t\t\t<\/div>\n\t\t\t\t\t<\/div>\n\t\t<\/div>\n\t\t\t\t\t<\/div>\n\t\t<\/section>\n\t\t\t\t<section data-particle_enable=\"false\" data-particle-mobile-disabled=\"false\" class=\"elementor-section elementor-top-section elementor-element elementor-element-2927912 elementor-section-boxed elementor-section-height-default elementor-section-height-default\" data-id=\"2927912\" data-element_type=\"section\" data-e-type=\"section\">\n\t\t\t\t\t\t<div class=\"elementor-container elementor-column-gap-default\">\n\t\t\t\t\t<div class=\"elementor-column elementor-col-100 elementor-top-column elementor-element elementor-element-c1f78a7\" data-id=\"c1f78a7\" data-element_type=\"column\" data-e-type=\"column\">\n\t\t\t<div class=\"elementor-widget-wrap elementor-element-populated\">\n\t\t\t\t\t\t<div class=\"elementor-element elementor-element-e98e371 elementor-widget elementor-widget-heading\" data-id=\"e98e371\" data-element_type=\"widget\" data-e-type=\"widget\" data-widget_type=\"heading.default\">\n\t\t\t\t<div class=\"elementor-widget-container\">\n\t\t\t\t\t<h2 class=\"elementor-heading-title elementor-size-default\">Unitatea de r\u0103ni minore<\/h2>\t\t\t\t<\/div>\n\t\t\t\t<\/div>\n\t\t\t\t\t<\/div>\n\t\t<\/div>\n\t\t\t\t\t<\/div>\n\t\t<\/section>\n\t\t\t\t<section data-particle_enable=\"false\" data-particle-mobile-disabled=\"false\" class=\"elementor-section elementor-top-section elementor-element elementor-element-d51c5ab elementor-section-boxed elementor-section-height-default elementor-section-height-default\" data-id=\"d51c5ab\" data-element_type=\"section\" data-e-type=\"section\">\n\t\t\t\t\t\t<div class=\"elementor-container elementor-column-gap-default\">\n\t\t\t\t\t<div class=\"elementor-column elementor-col-100 elementor-top-column elementor-element elementor-element-c7afb76\" data-id=\"c7afb76\" data-element_type=\"column\" data-e-type=\"column\">\n\t\t\t<div class=\"elementor-widget-wrap elementor-element-populated\">\n\t\t\t\t\t\t<div class=\"elementor-element elementor-element-6c5422a elementor-widget elementor-widget-text-editor\" data-id=\"6c5422a\" data-element_type=\"widget\" data-e-type=\"widget\" data-widget_type=\"text-editor.default\">\n\t\t\t\t<div class=\"elementor-widget-container\">\n\t\t\t\t\t\t\t\t\t<p>The <strong><a href=\"https:\/\/mh-bp.co.uk\/appointments\/\" target=\"_blank\" rel=\"noopener\">Unitatea de r\u0103ni minore<\/a> la <\/strong>Centrul de tratament St Luke este destinat pacien\u021bilor care au avut un accident minor pe care nu se pot trata singuri.<\/p><p><strong>Acest serviciu ofer\u0103 program\u0103ri de tip walk-in.<\/strong><\/p><p><span style=\"color: #000000;\">Ore de deschidere:\u00a0<\/span><\/p><p><strong><span style=\"color: #000000;\">\u00cen zilele lucr\u0103toare: 08:30-18:30.<\/span><\/strong><\/p><p><strong><span style=\"color: #000000;\">instala\u021bii cu raze X<\/span><\/strong><\/p><p><span style=\"color: #000000;\">Ore de deschidere:<\/span><\/p><p><span style=\"color: #000000;\"><strong>Zilele lucr\u0103toare 09:00-16:30 (cu excep\u021bia s\u0103rb\u0103torilor legale).<\/strong>\u00a0<\/span><\/p><p><a href=\"https:\/\/leicesterleicestershireandrutland.icb.nhs.uk\/ro\/your-health\/find-the-right-service\/urgent-care-services\/\">Afla\u021bi mai multe despre serviciile de \u00eengrijire urgent\u0103 din Leicester, Leicestershire \u0219i Rutland.<\/a><\/p>\t\t\t\t\t\t\t\t<\/div>\n\t\t\t\t<\/div>\n\t\t\t\t\t<\/div>\n\t\t<\/div>\n\t\t\t\t\t<\/div>\n\t\t<\/section>\n\t\t\t\t<section data-particle_enable=\"false\" data-particle-mobile-disabled=\"false\" class=\"elementor-section elementor-top-section elementor-element elementor-element-999ceb0 elementor-section-boxed elementor-section-height-default elementor-section-height-default\" data-id=\"999ceb0\" data-element_type=\"section\" data-e-type=\"section\">\n\t\t\t\t\t\t<div class=\"elementor-container elementor-column-gap-default\">\n\t\t\t\t\t<div class=\"elementor-column elementor-col-100 elementor-top-column elementor-element elementor-element-20ce780\" data-id=\"20ce780\" data-element_type=\"column\" data-e-type=\"column\">\n\t\t\t<div class=\"elementor-widget-wrap elementor-element-populated\">\n\t\t\t\t\t\t<section data-particle_enable=\"false\" data-particle-mobile-disabled=\"false\" class=\"elementor-section elementor-inner-section elementor-element elementor-element-0aac4b5 elementor-section-boxed elementor-section-height-default elementor-section-height-default\" data-id=\"0aac4b5\" data-element_type=\"section\" data-e-type=\"section\">\n\t\t\t\t\t\t<div class=\"elementor-container elementor-column-gap-default\">\n\t\t\t\t\t<div class=\"elementor-column elementor-col-50 elementor-inner-column elementor-element elementor-element-d7b5aaf\" data-id=\"d7b5aaf\" data-element_type=\"column\" data-e-type=\"column\">\n\t\t\t<div class=\"elementor-widget-wrap elementor-element-populated\">\n\t\t\t\t\t\t<div class=\"elementor-element elementor-element-634346a elementor-widget__width-initial elementor-widget elementor-widget-text-editor\" data-id=\"634346a\" data-element_type=\"widget\" data-e-type=\"widget\" data-widget_type=\"text-editor.default\">\n\t\t\t\t<div class=\"elementor-widget-container\">\n\t\t\t\t\t\t\t\t\t<p><span style=\"color: #000000;\">Centrul de tratament St Luke, 33 Leicester Road, Market Harborough, LE16 7BN.\u00a0<\/span><\/p>\t\t\t\t\t\t\t\t<\/div>\n\t\t\t\t<\/div>\n\t\t\t\t\t<\/div>\n\t\t<\/div>\n\t\t\t\t<div class=\"elementor-column elementor-col-50 elementor-inner-column elementor-element elementor-element-a446594\" data-id=\"a446594\" data-element_type=\"column\" data-e-type=\"column\">\n\t\t\t<div class=\"elementor-widget-wrap elementor-element-populated\">\n\t\t\t\t\t\t<div class=\"elementor-element elementor-element-7c43f08 elementor-widget elementor-widget-google_maps\" data-id=\"7c43f08\" data-element_type=\"widget\" data-e-type=\"widget\" data-widget_type=\"google_maps.default\">\n\t\t\t\t<div class=\"elementor-widget-container\">\n\t\t\t\t\t\t\t<div class=\"elementor-custom-embed\">\n\t\t\t<iframe loading=\"lazy\"\n\t\t\t\t\tsrc=\"https:\/\/maps.google.com\/maps?q=St%20Luke%27s%20Treatment%20Centre%2C%2033%20Leicester%20Road%2C%20Market%20Harborough%2C%20LE16%207NB&#038;t=m&#038;z=10&#038;output=embed&#038;iwloc=near\"\n\t\t\t\t\ttitle=\"Centrul de tratament St Luke&#039;s, Leicester Road nr. 33, Market Harborough, LE16 7NB\"\n\t\t\t\t\taria-label=\"Centrul de tratament St Luke&#039;s, Leicester Road nr. 33, Market Harborough, LE16 7NB\"\n\t\t\t><\/iframe>\n\t\t<\/div>\n\t\t\t\t\t\t<\/div>\n\t\t\t\t<\/div>\n\t\t\t\t\t<\/div>\n\t\t<\/div>\n\t\t\t\t\t<\/div>\n\t\t<\/section>\n\t\t\t\t\t<\/div>\n\t\t<\/div>\n\t\t\t\t\t<\/div>\n\t\t<\/section>\n\t\t\t\t<section data-particle_enable=\"false\" data-particle-mobile-disabled=\"false\" class=\"elementor-section elementor-top-section elementor-element elementor-element-fa3f056 elementor-section-boxed elementor-section-height-default elementor-section-height-default\" data-id=\"fa3f056\" data-element_type=\"section\" data-e-type=\"section\">\n\t\t\t\t\t\t<div class=\"elementor-container elementor-column-gap-default\">\n\t\t\t\t\t<div class=\"elementor-column elementor-col-100 elementor-top-column elementor-element elementor-element-d0d26f9\" data-id=\"d0d26f9\" data-element_type=\"column\" data-e-type=\"column\">\n\t\t\t<div class=\"elementor-widget-wrap elementor-element-populated\">\n\t\t\t\t\t\t<div class=\"elementor-element elementor-element-8e6a359 elementor-widget elementor-widget-heading\" data-id=\"8e6a359\" data-element_type=\"widget\" data-e-type=\"widget\" data-widget_type=\"heading.default\">\n\t\t\t\t<div class=\"elementor-widget-container\">\n\t\t\t\t\t<h2 class=\"elementor-heading-title elementor-size-default\">Centrul de \u00eengrijire de urgen\u021b\u0103 Market Harborough<\/h2>\t\t\t\t<\/div>\n\t\t\t\t<\/div>\n\t\t\t\t\t<\/div>\n\t\t<\/div>\n\t\t\t\t\t<\/div>\n\t\t<\/section>\n\t\t\t\t<section data-particle_enable=\"false\" data-particle-mobile-disabled=\"false\" class=\"elementor-section elementor-top-section elementor-element elementor-element-641bc7a elementor-section-boxed elementor-section-height-default elementor-section-height-default\" data-id=\"641bc7a\" data-element_type=\"section\" data-e-type=\"section\">\n\t\t\t\t\t\t<div class=\"elementor-container elementor-column-gap-default\">\n\t\t\t\t\t<div class=\"elementor-column elementor-col-100 elementor-top-column elementor-element elementor-element-2efb358\" data-id=\"2efb358\" data-element_type=\"column\" data-e-type=\"column\">\n\t\t\t<div class=\"elementor-widget-wrap elementor-element-populated\">\n\t\t\t\t\t\t<div class=\"elementor-element elementor-element-6c8c7fa elementor-widget elementor-widget-text-editor\" data-id=\"6c8c7fa\" data-element_type=\"widget\" data-e-type=\"widget\" data-widget_type=\"text-editor.default\">\n\t\t\t\t<div class=\"elementor-widget-container\">\n\t\t\t\t\t\t\t\t\t<p><strong>Acest serviciu s-a \u00eenchis pe 31 martie 2026. <\/strong><\/p><ul><li><a href=\"https:\/\/leicesterleicestershireandrutland.icb.nhs.uk\/ro\/improved-evening-and-weekend-same-day-nhs-appointments-for-leicestershire-patients\/\">Citi\u021bi despre noile program\u0103ri \u00een aceea\u0219i zi care au \u00eenlocuit acest serviciu \u00eencep\u00e2nd cu 1 aprilie 2026<\/a><\/li><li><a href=\"https:\/\/leicesterleicestershireandrutland.icb.nhs.uk\/ro\/your-health\/find-the-right-service\/same-day-appointments\/\">Afla\u021bi despre op\u021biunile de programare \u00een aceea\u0219i zi \u00een Leicester, Leicestershire \u0219i Rutland<\/a><\/li><li><a href=\"https:\/\/leicesterleicestershireandrutland.icb.nhs.uk\/ro\/your-health\/find-the-right-service\/need-help-fast\/\">Ai nevoie de ajutor rapid? Ob\u021bine \u00eengrijirea potrivit\u0103 \u00een doi pa\u0219i simpli<\/a><\/li><\/ul>\t\t\t\t\t\t\t\t<\/div>\n\t\t\t\t<\/div>\n\t\t\t\t\t<\/div>\n\t\t<\/div>\n\t\t\t\t\t<\/div>\n\t\t<\/section>\n\t\t\t\t<\/div>","protected":false},"excerpt":{"rendered":"<p>Market Harborough Minor Injury Unit The Minor Injury Unit at St Luke&#8217;s Treatment Centre\u00a0is for patients who have had a minor accident that they cannot treat themselves. This service offers [&hellip;]<\/p>\n","protected":false},"author":9,"featured_media":0,"parent":4233,"menu_order":12,"comment_status":"closed","ping_status":"closed","template":"","meta":{"_eb_attr":"","footnotes":""},"class_list":["post-10140","page","type-page","status-publish","hentry"],"yoast_head":"<!-- This site is optimized with the Yoast SEO plugin v27.5 - https:\/\/yoast.com\/product\/yoast-seo-wordpress\/ -->\n<title>Market Harborough - LLR ICB<\/title>\n<meta name=\"description\" content=\"Market Harborough Urgent Care Centre and Minor Injury Unit are for minor injuries and urgent care. Walk-in and x-ray but use NHS 111 first.\" \/>\n<meta name=\"robots\" content=\"index, follow, max-snippet:-1, max-image-preview:large, max-video-preview:-1\" \/>\n<link rel=\"canonical\" href=\"https:\/\/leicesterleicestershireandrutland.icb.nhs.uk\/ro\/your-health\/find-the-right-service\/urgent-care-services\/market-harborough\/\" \/>\n<meta property=\"og:locale\" content=\"ro_RO\" \/>\n<meta property=\"og:type\" content=\"article\" \/>\n<meta property=\"og:title\" content=\"Market Harborough - LLR ICB\" \/>\n<meta property=\"og:description\" content=\"Market Harborough Urgent Care Centre and Minor Injury Unit are for minor injuries and urgent care. Walk-in and x-ray but use NHS 111 first.\" \/>\n<meta property=\"og:url\" content=\"https:\/\/leicesterleicestershireandrutland.icb.nhs.uk\/ro\/your-health\/find-the-right-service\/urgent-care-services\/market-harborough\/\" \/>\n<meta property=\"og:site_name\" content=\"LLR ICB\" \/>\n<meta property=\"article:publisher\" content=\"https:\/\/www.facebook.com\/NHSLLR\" \/>\n<meta property=\"article:modified_time\" content=\"2026-04-02T16:11:36+00:00\" \/>\n<meta name=\"twitter:card\" content=\"summary_large_image\" \/>\n<meta name=\"twitter:site\" content=\"@NHS_LLR\" \/>\n<meta name=\"twitter:label1\" content=\"Timp estimat pentru citire\" \/>\n\t<meta name=\"twitter:data1\" content=\"1 minut\" \/>\n<script type=\"application\/ld+json\" class=\"yoast-schema-graph\">{\"@context\":\"https:\\\/\\\/schema.org\",\"@graph\":[{\"@type\":\"WebPage\",\"@id\":\"https:\\\/\\\/leicesterleicestershireandrutland.icb.nhs.uk\\\/your-health\\\/find-the-right-service\\\/urgent-care-services\\\/market-harborough\\\/\",\"url\":\"https:\\\/\\\/leicesterleicestershireandrutland.icb.nhs.uk\\\/your-health\\\/find-the-right-service\\\/urgent-care-services\\\/market-harborough\\\/\",\"name\":\"Market Harborough - LLR ICB\",\"isPartOf\":{\"@id\":\"https:\\\/\\\/leicesterleicestershireandrutland.icb.nhs.uk\\\/#website\"},\"datePublished\":\"2023-06-28T16:09:39+00:00\",\"dateModified\":\"2026-04-02T16:11:36+00:00\",\"description\":\"Market Harborough Urgent Care Centre and Minor Injury Unit are for minor injuries and urgent care. Walk-in and x-ray but use NHS 111 first.\",\"breadcrumb\":{\"@id\":\"https:\\\/\\\/leicesterleicestershireandrutland.icb.nhs.uk\\\/your-health\\\/find-the-right-service\\\/urgent-care-services\\\/market-harborough\\\/#breadcrumb\"},\"inLanguage\":\"ro-RO\",\"potentialAction\":[{\"@type\":\"ReadAction\",\"target\":[\"https:\\\/\\\/leicesterleicestershireandrutland.icb.nhs.uk\\\/your-health\\\/find-the-right-service\\\/urgent-care-services\\\/market-harborough\\\/\"]}]},{\"@type\":\"BreadcrumbList\",\"@id\":\"https:\\\/\\\/leicesterleicestershireandrutland.icb.nhs.uk\\\/your-health\\\/find-the-right-service\\\/urgent-care-services\\\/market-harborough\\\/#breadcrumb\",\"itemListElement\":[{\"@type\":\"ListItem\",\"position\":1,\"name\":\"Home\",\"item\":\"https:\\\/\\\/leicesterleicestershireandrutland.icb.nhs.uk\\\/\"},{\"@type\":\"ListItem\",\"position\":2,\"name\":\"Your Health\",\"item\":\"https:\\\/\\\/leicesterleicestershireandrutland.icb.nhs.uk\\\/your-health\\\/\"},{\"@type\":\"ListItem\",\"position\":3,\"name\":\"Find the right service\",\"item\":\"https:\\\/\\\/leicesterleicestershireandrutland.icb.nhs.uk\\\/your-health\\\/find-the-right-service\\\/\"},{\"@type\":\"ListItem\",\"position\":4,\"name\":\"Urgent care services\",\"item\":\"https:\\\/\\\/leicesterleicestershireandrutland.icb.nhs.uk\\\/your-health\\\/find-the-right-service\\\/urgent-care-services\\\/\"},{\"@type\":\"ListItem\",\"position\":5,\"name\":\"Market Harborough\"}]},{\"@type\":\"WebSite\",\"@id\":\"https:\\\/\\\/leicesterleicestershireandrutland.icb.nhs.uk\\\/#website\",\"url\":\"https:\\\/\\\/leicesterleicestershireandrutland.icb.nhs.uk\\\/\",\"name\":\"LLR ICB\",\"description\":\"LLR Integrated Care Board\",\"publisher\":{\"@id\":\"https:\\\/\\\/leicesterleicestershireandrutland.icb.nhs.uk\\\/#organization\"},\"potentialAction\":[{\"@type\":\"SearchAction\",\"target\":{\"@type\":\"EntryPoint\",\"urlTemplate\":\"https:\\\/\\\/leicesterleicestershireandrutland.icb.nhs.uk\\\/?s={search_term_string}\"},\"query-input\":{\"@type\":\"PropertyValueSpecification\",\"valueRequired\":true,\"valueName\":\"search_term_string\"}}],\"inLanguage\":\"ro-RO\"},{\"@type\":\"Organization\",\"@id\":\"https:\\\/\\\/leicesterleicestershireandrutland.icb.nhs.uk\\\/#organization\",\"name\":\"LLR ICB\",\"url\":\"https:\\\/\\\/leicesterleicestershireandrutland.icb.nhs.uk\\\/\",\"logo\":{\"@type\":\"ImageObject\",\"inLanguage\":\"ro-RO\",\"@id\":\"https:\\\/\\\/leicesterleicestershireandrutland.icb.nhs.uk\\\/#\\\/schema\\\/logo\\\/image\\\/\",\"url\":\"https:\\\/\\\/i0.wp.com\\\/leicesterleicestershireandrutland.icb.nhs.uk\\\/wp-content\\\/uploads\\\/2022\\\/06\\\/New-Project-4.jpg?fit=452%2C93&ssl=1\",\"contentUrl\":\"https:\\\/\\\/i0.wp.com\\\/leicesterleicestershireandrutland.icb.nhs.uk\\\/wp-content\\\/uploads\\\/2022\\\/06\\\/New-Project-4.jpg?fit=452%2C93&ssl=1\",\"width\":452,\"height\":93,\"caption\":\"LLR ICB\"},\"image\":{\"@id\":\"https:\\\/\\\/leicesterleicestershireandrutland.icb.nhs.uk\\\/#\\\/schema\\\/logo\\\/image\\\/\"},\"sameAs\":[\"https:\\\/\\\/www.facebook.com\\\/NHSLLR\",\"https:\\\/\\\/x.com\\\/NHS_LLR\",\"https:\\\/\\\/www.instagram.com\\\/nhsllr\\\/\"]}]}<\/script>\n<!-- \/ Yoast SEO plugin. -->","yoast_head_json":{"title":"Market Harborough - LLR ICB","description":"Centrul de \u00eengrijire urgent\u0103 Market Harborough \u0219i Unitatea pentru r\u0103ni minore sunt pentru r\u0103ni minore \u0219i \u00eengrijire urgent\u0103. Se poate merge f\u0103r\u0103 programare \u0219i se poate face radiografie, dar mai \u00eent\u00e2i apela\u021bi NHS 111.","robots":{"index":"index","follow":"follow","max-snippet":"max-snippet:-1","max-image-preview":"max-image-preview:large","max-video-preview":"max-video-preview:-1"},"canonical":"https:\/\/leicesterleicestershireandrutland.icb.nhs.uk\/ro\/your-health\/find-the-right-service\/urgent-care-services\/market-harborough\/","og_locale":"ro_RO","og_type":"article","og_title":"Market Harborough - LLR ICB","og_description":"Market Harborough Urgent Care Centre and Minor Injury Unit are for minor injuries and urgent care. Walk-in and x-ray but use NHS 111 first.","og_url":"https:\/\/leicesterleicestershireandrutland.icb.nhs.uk\/ro\/your-health\/find-the-right-service\/urgent-care-services\/market-harborough\/","og_site_name":"LLR ICB","article_publisher":"https:\/\/www.facebook.com\/NHSLLR","article_modified_time":"2026-04-02T16:11:36+00:00","twitter_card":"summary_large_image","twitter_site":"@NHS_LLR","twitter_misc":{"Timp estimat pentru citire":"1 minut"},"schema":{"@context":"https:\/\/schema.org","@graph":[{"@type":"WebPage","@id":"https:\/\/leicesterleicestershireandrutland.icb.nhs.uk\/your-health\/find-the-right-service\/urgent-care-services\/market-harborough\/","url":"https:\/\/leicesterleicestershireandrutland.icb.nhs.uk\/your-health\/find-the-right-service\/urgent-care-services\/market-harborough\/","name":"Market Harborough - LLR ICB","isPartOf":{"@id":"https:\/\/leicesterleicestershireandrutland.icb.nhs.uk\/#website"},"datePublished":"2023-06-28T16:09:39+00:00","dateModified":"2026-04-02T16:11:36+00:00","description":"Centrul de \u00eengrijire urgent\u0103 Market Harborough \u0219i Unitatea pentru r\u0103ni minore sunt pentru r\u0103ni minore \u0219i \u00eengrijire urgent\u0103. Se poate merge f\u0103r\u0103 programare \u0219i se poate face radiografie, dar mai \u00eent\u00e2i apela\u021bi NHS 111.","breadcrumb":{"@id":"https:\/\/leicesterleicestershireandrutland.icb.nhs.uk\/your-health\/find-the-right-service\/urgent-care-services\/market-harborough\/#breadcrumb"},"inLanguage":"ro-RO","potentialAction":[{"@type":"ReadAction","target":["https:\/\/leicesterleicestershireandrutland.icb.nhs.uk\/your-health\/find-the-right-service\/urgent-care-services\/market-harborough\/"]}]},{"@type":"BreadcrumbList","@id":"https:\/\/leicesterleicestershireandrutland.icb.nhs.uk\/your-health\/find-the-right-service\/urgent-care-services\/market-harborough\/#breadcrumb","itemListElement":[{"@type":"ListItem","position":1,"name":"Home","item":"https:\/\/leicesterleicestershireandrutland.icb.nhs.uk\/"},{"@type":"ListItem","position":2,"name":"Your Health","item":"https:\/\/leicesterleicestershireandrutland.icb.nhs.uk\/your-health\/"},{"@type":"ListItem","position":3,"name":"Find the right service","item":"https:\/\/leicesterleicestershireandrutland.icb.nhs.uk\/your-health\/find-the-right-service\/"},{"@type":"ListItem","position":4,"name":"Urgent care services","item":"https:\/\/leicesterleicestershireandrutland.icb.nhs.uk\/your-health\/find-the-right-service\/urgent-care-services\/"},{"@type":"ListItem","position":5,"name":"Market Harborough"}]},{"@type":"WebSite","@id":"https:\/\/leicesterleicestershireandrutland.icb.nhs.uk\/#website","url":"https:\/\/leicesterleicestershireandrutland.icb.nhs.uk\/","name":"LLR ICB","description":"LLR Integrated Care Board","publisher":{"@id":"https:\/\/leicesterleicestershireandrutland.icb.nhs.uk\/#organization"},"potentialAction":[{"@type":"SearchAction","target":{"@type":"EntryPoint","urlTemplate":"https:\/\/leicesterleicestershireandrutland.icb.nhs.uk\/?s={search_term_string}"},"query-input":{"@type":"PropertyValueSpecification","valueRequired":true,"valueName":"search_term_string"}}],"inLanguage":"ro-RO"},{"@type":"Organization","@id":"https:\/\/leicesterleicestershireandrutland.icb.nhs.uk\/#organization","name":"LLR ICB","url":"https:\/\/leicesterleicestershireandrutland.icb.nhs.uk\/","logo":{"@type":"ImageObject","inLanguage":"ro-RO","@id":"https:\/\/leicesterleicestershireandrutland.icb.nhs.uk\/#\/schema\/logo\/image\/","url":"https:\/\/i0.wp.com\/leicesterleicestershireandrutland.icb.nhs.uk\/wp-content\/uploads\/2022\/06\/New-Project-4.jpg?fit=452%2C93&ssl=1","contentUrl":"https:\/\/i0.wp.com\/leicesterleicestershireandrutland.icb.nhs.uk\/wp-content\/uploads\/2022\/06\/New-Project-4.jpg?fit=452%2C93&ssl=1","width":452,"height":93,"caption":"LLR ICB"},"image":{"@id":"https:\/\/leicesterleicestershireandrutland.icb.nhs.uk\/#\/schema\/logo\/image\/"},"sameAs":["https:\/\/www.facebook.com\/NHSLLR","https:\/\/x.com\/NHS_LLR","https:\/\/www.instagram.com\/nhsllr\/"]}]}},"jetpack_sharing_enabled":true,"_links":{"self":[{"href":"https:\/\/leicesterleicestershireandrutland.icb.nhs.uk\/ro\/wp-json\/wp\/v2\/pages\/10140","targetHints":{"allow":["GET"]}}],"collection":[{"href":"https:\/\/leicesterleicestershireandrutland.icb.nhs.uk\/ro\/wp-json\/wp\/v2\/pages"}],"about":[{"href":"https:\/\/leicesterleicestershireandrutland.icb.nhs.uk\/ro\/wp-json\/wp\/v2\/types\/page"}],"author":[{"embeddable":true,"href":"https:\/\/leicesterleicestershireandrutland.icb.nhs.uk\/ro\/wp-json\/wp\/v2\/users\/9"}],"replies":[{"embeddable":true,"href":"https:\/\/leicesterleicestershireandrutland.icb.nhs.uk\/ro\/wp-json\/wp\/v2\/comments?post=10140"}],"version-history":[{"count":52,"href":"https:\/\/leicesterleicestershireandrutland.icb.nhs.uk\/ro\/wp-json\/wp\/v2\/pages\/10140\/revisions"}],"predecessor-version":[{"id":27915,"href":"https:\/\/leicesterleicestershireandrutland.icb.nhs.uk\/ro\/wp-json\/wp\/v2\/pages\/10140\/revisions\/27915"}],"up":[{"embeddable":true,"href":"https:\/\/leicesterleicestershireandrutland.icb.nhs.uk\/ro\/wp-json\/wp\/v2\/pages\/4233"}],"wp:attachment":[{"href":"https:\/\/leicesterleicestershireandrutland.icb.nhs.uk\/ro\/wp-json\/wp\/v2\/media?parent=10140"}],"curies":[{"name":"wp","href":"https:\/\/api.w.org\/{rel}","templated":true}]}}