{"id":1104,"date":"2022-06-30T14:45:00","date_gmt":"2022-06-30T14:45:00","guid":{"rendered":"https:\/\/leicesterleicestershireandrutland.icb.nhs.uk\/?page_id=1104"},"modified":"2022-06-30T14:53:46","modified_gmt":"2022-06-30T14:53:46","slug":"terms-and-conditions","status":"publish","type":"page","link":"https:\/\/leicesterleicestershireandrutland.icb.nhs.uk\/ro\/terms-and-conditions\/","title":{"rendered":"Termeni \u0219i condi\u021bii"},"content":{"rendered":"<div data-elementor-type=\"wp-page\" data-elementor-id=\"1104\" class=\"elementor elementor-1104\" data-elementor-post-type=\"page\">\n\t\t\t\t\t\t<section data-particle_enable=\"false\" data-particle-mobile-disabled=\"false\" class=\"elementor-section elementor-top-section elementor-element elementor-element-147ac98 elementor-section-boxed elementor-section-height-default elementor-section-height-default\" data-id=\"147ac98\" data-element_type=\"section\" data-e-type=\"section\" data-settings=\"{&quot;background_background&quot;:&quot;classic&quot;}\">\n\t\t\t\t\t\t\t<div class=\"elementor-background-overlay\"><\/div>\n\t\t\t\t\t\t\t<div class=\"elementor-container elementor-column-gap-default\">\n\t\t\t\t\t<div class=\"elementor-column elementor-col-100 elementor-top-column elementor-element elementor-element-4a01b5fa\" data-id=\"4a01b5fa\" data-element_type=\"column\" data-e-type=\"column\">\n\t\t\t<div class=\"elementor-widget-wrap elementor-element-populated\">\n\t\t\t\t\t\t<div class=\"elementor-element elementor-element-3824095c elementor-widget elementor-widget-heading\" data-id=\"3824095c\" data-element_type=\"widget\" data-e-type=\"widget\" data-widget_type=\"heading.default\">\n\t\t\t\t<div class=\"elementor-widget-container\">\n\t\t\t\t\t<h1 class=\"elementor-heading-title elementor-size-default\">Termeni \u0219i condi\u021bii<\/h1>\t\t\t\t<\/div>\n\t\t\t\t<\/div>\n\t\t\t\t<div class=\"elementor-element elementor-element-2bb2637b elementor-widget-divider--view-line elementor-widget elementor-widget-divider\" data-id=\"2bb2637b\" data-element_type=\"widget\" data-e-type=\"widget\" data-widget_type=\"divider.default\">\n\t\t\t\t<div class=\"elementor-widget-container\">\n\t\t\t\t\t\t\t<div class=\"elementor-divider\">\n\t\t\t<span class=\"elementor-divider-separator\">\n\t\t\t\t\t\t<\/span>\n\t\t<\/div>\n\t\t\t\t\t\t<\/div>\n\t\t\t\t<\/div>\n\t\t\t\t<div class=\"elementor-element elementor-element-5978ec3 elementor-widget elementor-widget-text-editor\" data-id=\"5978ec3\" data-element_type=\"widget\" data-e-type=\"widget\" data-widget_type=\"text-editor.default\">\n\t\t\t\t<div class=\"elementor-widget-container\">\n\t\t\t\t\t\t\t\t\t<p>Accesul \u0219i utilizarea acestui site de c\u0103tre dumneavoastr\u0103 constituie acceptarea de c\u0103tre dumneavoastr\u0103 a acestor Termeni \u0219i condi\u021bii. Aceasta intr\u0103 \u00een vigoare de la data la care utiliza\u021bi pentru prima dat\u0103 acest site.<\/p>\t\t\t\t\t\t\t\t<\/div>\n\t\t\t\t<\/div>\n\t\t\t\t<div class=\"elementor-element elementor-element-5a793d5 elementor-widget elementor-widget-heading\" data-id=\"5a793d5\" data-element_type=\"widget\" data-e-type=\"widget\" data-widget_type=\"heading.default\">\n\t\t\t\t<div class=\"elementor-widget-container\">\n\t\t\t\t\t<h2 class=\"elementor-heading-title elementor-size-default\">Leg\u0103tura cu site-ul web al Consiliului de \u00eengrijire integrat\u0103 din Leicester, Leicestershire \u0219i Rutland (LLR ICB)<\/h2>\t\t\t\t<\/div>\n\t\t\t\t<\/div>\n\t\t\t\t<div class=\"elementor-element elementor-element-2c528cd elementor-widget elementor-widget-text-editor\" data-id=\"2c528cd\" data-element_type=\"widget\" data-e-type=\"widget\" data-widget_type=\"text-editor.default\">\n\t\t\t\t<div class=\"elementor-widget-container\">\n\t\t\t\t\t\t\t\t\t<div><p>Nu avem nicio obiec\u021bie dac\u0103 v\u0103 conecta\u021bi direct la paginile de pe acest site. Ne rezerv\u0103m dreptul de a muta sau de a schimba URL-urile site-ului nostru \u00een orice moment. Mai degrab\u0103 dec\u00e2t o leg\u0103tur\u0103 profund\u0103, v\u0103 recomand\u0103m s\u0103 v\u0103 conecta\u021bi la paginile de pornire ale sec\u021biunilor, care sunt mai pu\u021bin susceptibile de a se muta sau schimba.<\/p><\/div>\t\t\t\t\t\t\t\t<\/div>\n\t\t\t\t<\/div>\n\t\t\t\t<div class=\"elementor-element elementor-element-cb09e55 elementor-widget elementor-widget-heading\" data-id=\"cb09e55\" data-element_type=\"widget\" data-e-type=\"widget\" data-widget_type=\"heading.default\">\n\t\t\t\t<div class=\"elementor-widget-container\">\n\t\t\t\t\t<h2 class=\"elementor-heading-title elementor-size-default\">Leg\u0103tur\u0103 de pe site-ul web al LLR ICB<\/h2>\t\t\t\t<\/div>\n\t\t\t\t<\/div>\n\t\t\t\t<div class=\"elementor-element elementor-element-124bc126 elementor-widget elementor-widget-text-editor\" data-id=\"124bc126\" data-element_type=\"widget\" data-e-type=\"widget\" data-widget_type=\"text-editor.default\">\n\t\t\t\t<div class=\"elementor-widget-container\">\n\t\t\t\t\t\t\t\t\t<div><p>Nu suntem r\u0103spunz\u0103tori pentru con\u021binutul sau fiabilitatea site-urilor web c\u0103tre care ne \u00eendrept\u0103m \u0219i nu sus\u021binem neap\u0103rat opiniile exprimate \u00een cadrul acestora. Ne str\u0103duim s\u0103 \u00eenlocuim leg\u0103turile rupte c\u0103tre alte site-uri, dar nu putem garanta c\u0103 aceste leg\u0103turi vor func\u021biona \u00eentotdeauna, deoarece nu avem niciun control asupra disponibilit\u0103\u021bii altor site-uri.<\/p><\/div>\t\t\t\t\t\t\t\t<\/div>\n\t\t\t\t<\/div>\n\t\t\t\t<div class=\"elementor-element elementor-element-ee8d019 elementor-widget elementor-widget-heading\" data-id=\"ee8d019\" data-element_type=\"widget\" data-e-type=\"widget\" data-widget_type=\"heading.default\">\n\t\t\t\t<div class=\"elementor-widget-container\">\n\t\t\t\t\t<h2 class=\"elementor-heading-title elementor-size-default\">Protec\u021bie antivirus<\/h2>\t\t\t\t<\/div>\n\t\t\t\t<\/div>\n\t\t\t\t<div class=\"elementor-element elementor-element-a19bf79 elementor-widget elementor-widget-text-editor\" data-id=\"a19bf79\" data-element_type=\"widget\" data-e-type=\"widget\" data-widget_type=\"text-editor.default\">\n\t\t\t\t<div class=\"elementor-widget-container\">\n\t\t\t\t\t\t\t\t\t<div><p>Facem toate eforturile pentru a verifica \u0219i testa materialele \u00een toate etapele de produc\u021bie. Este \u00eentotdeauna \u00een\u021belept s\u0103 rula\u021bi un program antivirus pentru toate materialele desc\u0103rcate de pe internet.<\/p><\/div><div><p>Nu ne putem asuma nicio responsabilitate pentru orice pierdere, \u00eentrerupere sau deteriorare a datelor sau a sistemului dvs. informatic care ar putea ap\u0103rea \u00een timpul utiliz\u0103rii materialelor derivate de pe acest site web.<\/p><\/div>\t\t\t\t\t\t\t\t<\/div>\n\t\t\t\t<\/div>\n\t\t\t\t<div class=\"elementor-element elementor-element-58749f3 elementor-widget elementor-widget-heading\" data-id=\"58749f3\" data-element_type=\"widget\" data-e-type=\"widget\" data-widget_type=\"heading.default\">\n\t\t\t\t<div class=\"elementor-widget-container\">\n\t\t\t\t\t<h2 class=\"elementor-heading-title elementor-size-default\">Dreptul de autor al ter\u021bilor<\/h2>\t\t\t\t<\/div>\n\t\t\t\t<\/div>\n\t\t\t\t<div class=\"elementor-element elementor-element-74d1617 elementor-widget elementor-widget-text-editor\" data-id=\"74d1617\" data-element_type=\"widget\" data-e-type=\"widget\" data-widget_type=\"text-editor.default\">\n\t\t\t\t<div class=\"elementor-widget-container\">\n\t\t\t\t\t\t\t\t\t<div><p>Pute\u021bi utiliza \u0219i reutiliza gratuit informa\u021biile prezentate pe acest site web (f\u0103r\u0103 a include logo-uri, fotografii sau videoclipuri), cu excep\u021bia cazului \u00een care sunt identificate ca fiind drepturile de autor ale unei alte p\u0103r\u021bi, \u00een orice format sau suport, \u00een conformitate cu termenii Licen\u021bei guvernamentale deschise. \u00cencuraj\u0103m utilizatorii s\u0103 stabileasc\u0103 leg\u0103turi hipertext c\u0103tre acest site web.<\/p><\/div><div><p>Licen\u021ba guvernamental\u0103 deschis\u0103 (OGL) pentru informa\u021biile din sectorul public (deschide o fereastr\u0103 nou\u0103)<br \/>Orice solicitare de informa\u021bii prin e-mail cu privire la utilizarea \u0219i reutilizarea acestei resurse de informare trebuie trimis\u0103 la:<\/p><\/div><div><p>psi@nationalarchives.gsi.gov.uk (deschide o fereastr\u0103 nou\u0103)<br \/>Logouri, imagini \u0219i videoclipuri<\/p><\/div><div><p>Dac\u0103 dori\u021bi s\u0103 copia\u021bi logo-uri, imagini sau videoclipuri de pe site-ul nostru, trebuie s\u0103 ne contacta\u021bi la:<a href=\"mailto:llrccgs.corporatecomms@nhs.net\">llrccgs.corporatecomms@nhs.net<\/a> pentru \u00eendrum\u0103ri \u0219i autoriza\u021bii suplimentare.<\/p><\/div><div><p>Permisiunea de reproducere a materialului protejat de Crown nu se extinde la materialul de pe acest site care este identificat ca fiind protejat de drepturile de autor ale unei ter\u021be p\u0103r\u021bi sau pentru orice imagini fotografice. Autoriza\u021bia de a reproduce astfel de materiale trebuie ob\u021binut\u0103 de la titularii drepturilor de autor \u00een cauz\u0103.<\/p><\/div>\t\t\t\t\t\t\t\t<\/div>\n\t\t\t\t<\/div>\n\t\t\t\t<div class=\"elementor-element elementor-element-859b9ab elementor-widget elementor-widget-heading\" data-id=\"859b9ab\" data-element_type=\"widget\" data-e-type=\"widget\" data-widget_type=\"heading.default\">\n\t\t\t\t<div class=\"elementor-widget-container\">\n\t\t\t\t\t<h2 class=\"elementor-heading-title elementor-size-default\">Proprietatea intelectual\u0103<\/h2>\t\t\t\t<\/div>\n\t\t\t\t<\/div>\n\t\t\t\t<div class=\"elementor-element elementor-element-006eb8a elementor-widget elementor-widget-text-editor\" data-id=\"006eb8a\" data-element_type=\"widget\" data-e-type=\"widget\" data-widget_type=\"text-editor.default\">\n\t\t\t\t<div class=\"elementor-widget-container\">\n\t\t\t\t\t\t\t\t\t<div><p>Numele, imaginile \u0219i logo-urile care identific\u0103 LLR ICB sunt m\u0103rci de proprietate. Dac\u0103 dori\u021bi s\u0103 copia\u021bi sau s\u0103 utiliza\u021bi logo-ul LLR ICB, trebuie s\u0103 ob\u021bine\u021bi \u00een prealabil aprobarea echipei noastre de comunicare, trimi\u021b\u00e2ndu-le un e-mail la adresa: <a href=\"mailto:llrccgs.corporatecomms@nhs.net\">llrccgs.corporatecomms@nhs.net<\/a>.<\/p><\/div>\t\t\t\t\t\t\t\t<\/div>\n\t\t\t\t<\/div>\n\t\t\t\t<div class=\"elementor-element elementor-element-458182a elementor-widget elementor-widget-heading\" data-id=\"458182a\" data-element_type=\"widget\" data-e-type=\"widget\" data-widget_type=\"heading.default\">\n\t\t\t\t<div class=\"elementor-widget-container\">\n\t\t\t\t\t<h2 class=\"elementor-heading-title elementor-size-default\">Social media, bookmarking \u0219i implicare digital\u0103<\/h2>\t\t\t\t<\/div>\n\t\t\t\t<\/div>\n\t\t\t\t<div class=\"elementor-element elementor-element-8620e94 elementor-widget elementor-widget-text-editor\" data-id=\"8620e94\" data-element_type=\"widget\" data-e-type=\"widget\" data-widget_type=\"text-editor.default\">\n\t\t\t\t<div class=\"elementor-widget-container\">\n\t\t\t\t\t\t\t\t\t<div><p>Marcaje sociale: Utilizarea linkurilor noastre de social bookmarking este supus\u0103 termenilor \u0219i condi\u021biilor generale ale acestui site, a se vedea \"Linkuri de pe site-ul LLR ICB\".<\/p><\/div>\t\t\t\t\t\t\t\t<\/div>\n\t\t\t\t<\/div>\n\t\t\t\t<div class=\"elementor-element elementor-element-6c4d61c elementor-widget elementor-widget-heading\" data-id=\"6c4d61c\" data-element_type=\"widget\" data-e-type=\"widget\" data-widget_type=\"heading.default\">\n\t\t\t\t<div class=\"elementor-widget-container\">\n\t\t\t\t\t<h2 class=\"elementor-heading-title elementor-size-default\">Disclaimer<\/h2>\t\t\t\t<\/div>\n\t\t\t\t<\/div>\n\t\t\t\t<div class=\"elementor-element elementor-element-fdb97d7 elementor-widget elementor-widget-text-editor\" data-id=\"fdb97d7\" data-element_type=\"widget\" data-e-type=\"widget\" data-widget_type=\"text-editor.default\">\n\t\t\t\t<div class=\"elementor-widget-container\">\n\t\t\t\t\t\t\t\t\t<div><p>Site-ul web al LLR ICB \u0219i materialele referitoare la informa\u021biile, produsele \u0219i serviciile guvernamentale (sau la informa\u021biile, produsele \u0219i serviciile unor ter\u021be p\u0103r\u021bi) sunt furnizate \"ca atare\", f\u0103r\u0103 nicio declara\u021bie sau aprobare \u0219i f\u0103r\u0103 nicio garan\u021bie de niciun fel, fie ea expres\u0103 sau implicit\u0103, inclusiv, dar f\u0103r\u0103 a se limita la garan\u021biile implicite de calitate satisf\u0103c\u0103toare, adecvare la un anumit scop, nerespectare, compatibilitate, securitate \u0219i acurate\u021be.<\/p><\/div><div><p>Nu garant\u0103m c\u0103 func\u021biile con\u021binute \u00een materialele din acest site vor fi ne\u00eentrerupte sau f\u0103r\u0103 erori, c\u0103 defectele vor fi corectate sau c\u0103 acest site sau serverul care \u00eel pune la dispozi\u021bie nu con\u021bin viru\u0219i sau c\u0103 reprezint\u0103 func\u021bionalitatea complet\u0103, acurate\u021bea, fiabilitatea materialelor. \u00cen niciun caz nu vom fi r\u0103spunz\u0103tori pentru orice pierdere sau daun\u0103, inclusiv, f\u0103r\u0103 a se limita la, pierderi sau daune indirecte sau indirecte, sau orice pierdere sau daune de orice fel care rezult\u0103 din utilizarea sau pierderea utiliz\u0103rii, a datelor sau a profiturilor care rezult\u0103 din sau \u00een leg\u0103tur\u0103 cu utilizarea site-ului LLR ICB.<\/p><\/div><div><p>Ace\u0219ti termeni \u0219i condi\u021bii vor fi guvernate \u0219i interpretate \u00een conformitate cu legile din Anglia \u0219i \u021aara Galilor. Orice litigiu care decurge din ace\u0219ti termeni \u0219i condi\u021bii va fi supus jurisdic\u021biei exclusive a instan\u021belor din Anglia \u0219i \u021aara Galilor.<\/p><\/div><div><p>De\u0219i putem din c\u00e2nd \u00een c\u00e2nd s\u0103 monitoriz\u0103m sau s\u0103 revizuim discu\u021biile, chat-ul, post\u0103rile, transmisiunile, panourile de afi\u0219aj \u0219i altele asemenea pe www.leicestercityccg.nhs.uk, nu avem nicio obliga\u021bie de a face acest lucru \u0219i nu ne asum\u0103m nicio responsabilitate sau r\u0103spundere care decurge din con\u021binutul unor astfel de loca\u021bii \u0219i nici pentru orice eroare, omisiune, \u00eenc\u0103lcare, def\u0103imare, obscenitate sau inexactitate con\u021binut\u0103 \u00een orice informa\u021bie din astfel de loca\u021bii pe www.leicestercityccg.nhs.uk.<\/p><\/div><div><p>Este posibil s\u0103 revizuim ace\u0219ti termeni \u0219i condi\u021bii f\u0103r\u0103 notificare prealabil\u0103. V\u0103 rug\u0103m s\u0103 le verifica\u021bi periodic. Utilizarea \u00een continuare a site-ului web al LLR ICB dup\u0103 efectuarea unei modific\u0103ri reprezint\u0103 acceptarea de c\u0103tre dumneavoastr\u0103 a modific\u0103rii.<\/p><\/div>\t\t\t\t\t\t\t\t<\/div>\n\t\t\t\t<\/div>\n\t\t\t\t\t<\/div>\n\t\t<\/div>\n\t\t\t\t\t<\/div>\n\t\t<\/section>\n\t\t\t\t<\/div>","protected":false},"excerpt":{"rendered":"<p>Terms &#038; Conditions Access and use of this site by you constitutes your acceptance of these Terms and Conditions. This takes effect from the date on which you first use [&hellip;]<\/p>\n","protected":false},"author":1,"featured_media":0,"parent":0,"menu_order":39,"comment_status":"closed","ping_status":"closed","template":"","meta":{"_eb_attr":"","footnotes":""},"class_list":["post-1104","page","type-page","status-publish","hentry"],"yoast_head":"<!-- This site is optimized with the Yoast SEO plugin v27.5 - https:\/\/yoast.com\/product\/yoast-seo-wordpress\/ -->\n<title>Terms and conditions - LLR ICB<\/title>\n<meta name=\"robots\" content=\"index, follow, max-snippet:-1, max-image-preview:large, max-video-preview:-1\" \/>\n<link rel=\"canonical\" href=\"https:\/\/leicesterleicestershireandrutland.icb.nhs.uk\/ro\/terms-and-conditions\/\" \/>\n<meta property=\"og:locale\" content=\"ro_RO\" \/>\n<meta property=\"og:type\" content=\"article\" \/>\n<meta property=\"og:title\" content=\"Terms and conditions - LLR ICB\" \/>\n<meta property=\"og:description\" content=\"Terms &#038; Conditions Access and use of this site by you constitutes your acceptance of these Terms and Conditions. This takes effect from the date on which you first use [&hellip;]\" \/>\n<meta property=\"og:url\" content=\"https:\/\/leicesterleicestershireandrutland.icb.nhs.uk\/ro\/terms-and-conditions\/\" \/>\n<meta property=\"og:site_name\" content=\"LLR ICB\" \/>\n<meta property=\"article:publisher\" content=\"https:\/\/www.facebook.com\/NHSLLR\" \/>\n<meta property=\"article:modified_time\" content=\"2022-06-30T14:53:46+00:00\" \/>\n<meta name=\"twitter:card\" content=\"summary_large_image\" \/>\n<meta name=\"twitter:site\" content=\"@NHS_LLR\" \/>\n<meta name=\"twitter:label1\" content=\"Timp estimat pentru citire\" \/>\n\t<meta name=\"twitter:data1\" content=\"4 minute\" \/>\n<script type=\"application\/ld+json\" class=\"yoast-schema-graph\">{\"@context\":\"https:\\\/\\\/schema.org\",\"@graph\":[{\"@type\":\"WebPage\",\"@id\":\"https:\\\/\\\/leicesterleicestershireandrutland.icb.nhs.uk\\\/terms-and-conditions\\\/\",\"url\":\"https:\\\/\\\/leicesterleicestershireandrutland.icb.nhs.uk\\\/terms-and-conditions\\\/\",\"name\":\"Terms and conditions - LLR ICB\",\"isPartOf\":{\"@id\":\"https:\\\/\\\/leicesterleicestershireandrutland.icb.nhs.uk\\\/#website\"},\"datePublished\":\"2022-06-30T14:45:00+00:00\",\"dateModified\":\"2022-06-30T14:53:46+00:00\",\"breadcrumb\":{\"@id\":\"https:\\\/\\\/leicesterleicestershireandrutland.icb.nhs.uk\\\/terms-and-conditions\\\/#breadcrumb\"},\"inLanguage\":\"ro-RO\",\"potentialAction\":[{\"@type\":\"ReadAction\",\"target\":[\"https:\\\/\\\/leicesterleicestershireandrutland.icb.nhs.uk\\\/terms-and-conditions\\\/\"]}]},{\"@type\":\"BreadcrumbList\",\"@id\":\"https:\\\/\\\/leicesterleicestershireandrutland.icb.nhs.uk\\\/terms-and-conditions\\\/#breadcrumb\",\"itemListElement\":[{\"@type\":\"ListItem\",\"position\":1,\"name\":\"Home\",\"item\":\"https:\\\/\\\/leicesterleicestershireandrutland.icb.nhs.uk\\\/\"},{\"@type\":\"ListItem\",\"position\":2,\"name\":\"Terms and conditions\"}]},{\"@type\":\"WebSite\",\"@id\":\"https:\\\/\\\/leicesterleicestershireandrutland.icb.nhs.uk\\\/#website\",\"url\":\"https:\\\/\\\/leicesterleicestershireandrutland.icb.nhs.uk\\\/\",\"name\":\"LLR ICB\",\"description\":\"LLR Integrated Care Board\",\"publisher\":{\"@id\":\"https:\\\/\\\/leicesterleicestershireandrutland.icb.nhs.uk\\\/#organization\"},\"potentialAction\":[{\"@type\":\"SearchAction\",\"target\":{\"@type\":\"EntryPoint\",\"urlTemplate\":\"https:\\\/\\\/leicesterleicestershireandrutland.icb.nhs.uk\\\/?s={search_term_string}\"},\"query-input\":{\"@type\":\"PropertyValueSpecification\",\"valueRequired\":true,\"valueName\":\"search_term_string\"}}],\"inLanguage\":\"ro-RO\"},{\"@type\":\"Organization\",\"@id\":\"https:\\\/\\\/leicesterleicestershireandrutland.icb.nhs.uk\\\/#organization\",\"name\":\"LLR ICB\",\"url\":\"https:\\\/\\\/leicesterleicestershireandrutland.icb.nhs.uk\\\/\",\"logo\":{\"@type\":\"ImageObject\",\"inLanguage\":\"ro-RO\",\"@id\":\"https:\\\/\\\/leicesterleicestershireandrutland.icb.nhs.uk\\\/#\\\/schema\\\/logo\\\/image\\\/\",\"url\":\"https:\\\/\\\/i0.wp.com\\\/leicesterleicestershireandrutland.icb.nhs.uk\\\/wp-content\\\/uploads\\\/2022\\\/06\\\/New-Project-4.jpg?fit=452%2C93&ssl=1\",\"contentUrl\":\"https:\\\/\\\/i0.wp.com\\\/leicesterleicestershireandrutland.icb.nhs.uk\\\/wp-content\\\/uploads\\\/2022\\\/06\\\/New-Project-4.jpg?fit=452%2C93&ssl=1\",\"width\":452,\"height\":93,\"caption\":\"LLR ICB\"},\"image\":{\"@id\":\"https:\\\/\\\/leicesterleicestershireandrutland.icb.nhs.uk\\\/#\\\/schema\\\/logo\\\/image\\\/\"},\"sameAs\":[\"https:\\\/\\\/www.facebook.com\\\/NHSLLR\",\"https:\\\/\\\/x.com\\\/NHS_LLR\",\"https:\\\/\\\/www.instagram.com\\\/nhsllr\\\/\"]}]}<\/script>\n<!-- \/ Yoast SEO plugin. -->","yoast_head_json":{"title":"Termeni \u0219i condi\u021bii - LLR ICB","robots":{"index":"index","follow":"follow","max-snippet":"max-snippet:-1","max-image-preview":"max-image-preview:large","max-video-preview":"max-video-preview:-1"},"canonical":"https:\/\/leicesterleicestershireandrutland.icb.nhs.uk\/ro\/terms-and-conditions\/","og_locale":"ro_RO","og_type":"article","og_title":"Terms and conditions - LLR ICB","og_description":"Terms &#038; Conditions Access and use of this site by you constitutes your acceptance of these Terms and Conditions. This takes effect from the date on which you first use [&hellip;]","og_url":"https:\/\/leicesterleicestershireandrutland.icb.nhs.uk\/ro\/terms-and-conditions\/","og_site_name":"LLR ICB","article_publisher":"https:\/\/www.facebook.com\/NHSLLR","article_modified_time":"2022-06-30T14:53:46+00:00","twitter_card":"summary_large_image","twitter_site":"@NHS_LLR","twitter_misc":{"Timp estimat pentru citire":"4 minute"},"schema":{"@context":"https:\/\/schema.org","@graph":[{"@type":"WebPage","@id":"https:\/\/leicesterleicestershireandrutland.icb.nhs.uk\/terms-and-conditions\/","url":"https:\/\/leicesterleicestershireandrutland.icb.nhs.uk\/terms-and-conditions\/","name":"Termeni \u0219i condi\u021bii - LLR ICB","isPartOf":{"@id":"https:\/\/leicesterleicestershireandrutland.icb.nhs.uk\/#website"},"datePublished":"2022-06-30T14:45:00+00:00","dateModified":"2022-06-30T14:53:46+00:00","breadcrumb":{"@id":"https:\/\/leicesterleicestershireandrutland.icb.nhs.uk\/terms-and-conditions\/#breadcrumb"},"inLanguage":"ro-RO","potentialAction":[{"@type":"ReadAction","target":["https:\/\/leicesterleicestershireandrutland.icb.nhs.uk\/terms-and-conditions\/"]}]},{"@type":"BreadcrumbList","@id":"https:\/\/leicesterleicestershireandrutland.icb.nhs.uk\/terms-and-conditions\/#breadcrumb","itemListElement":[{"@type":"ListItem","position":1,"name":"Home","item":"https:\/\/leicesterleicestershireandrutland.icb.nhs.uk\/"},{"@type":"ListItem","position":2,"name":"Terms and conditions"}]},{"@type":"WebSite","@id":"https:\/\/leicesterleicestershireandrutland.icb.nhs.uk\/#website","url":"https:\/\/leicesterleicestershireandrutland.icb.nhs.uk\/","name":"LLR ICB","description":"LLR Integrated Care Board","publisher":{"@id":"https:\/\/leicesterleicestershireandrutland.icb.nhs.uk\/#organization"},"potentialAction":[{"@type":"SearchAction","target":{"@type":"EntryPoint","urlTemplate":"https:\/\/leicesterleicestershireandrutland.icb.nhs.uk\/?s={search_term_string}"},"query-input":{"@type":"PropertyValueSpecification","valueRequired":true,"valueName":"search_term_string"}}],"inLanguage":"ro-RO"},{"@type":"Organization","@id":"https:\/\/leicesterleicestershireandrutland.icb.nhs.uk\/#organization","name":"LLR ICB","url":"https:\/\/leicesterleicestershireandrutland.icb.nhs.uk\/","logo":{"@type":"ImageObject","inLanguage":"ro-RO","@id":"https:\/\/leicesterleicestershireandrutland.icb.nhs.uk\/#\/schema\/logo\/image\/","url":"https:\/\/i0.wp.com\/leicesterleicestershireandrutland.icb.nhs.uk\/wp-content\/uploads\/2022\/06\/New-Project-4.jpg?fit=452%2C93&ssl=1","contentUrl":"https:\/\/i0.wp.com\/leicesterleicestershireandrutland.icb.nhs.uk\/wp-content\/uploads\/2022\/06\/New-Project-4.jpg?fit=452%2C93&ssl=1","width":452,"height":93,"caption":"LLR ICB"},"image":{"@id":"https:\/\/leicesterleicestershireandrutland.icb.nhs.uk\/#\/schema\/logo\/image\/"},"sameAs":["https:\/\/www.facebook.com\/NHSLLR","https:\/\/x.com\/NHS_LLR","https:\/\/www.instagram.com\/nhsllr\/"]}]}},"jetpack_sharing_enabled":true,"_links":{"self":[{"href":"https:\/\/leicesterleicestershireandrutland.icb.nhs.uk\/ro\/wp-json\/wp\/v2\/pages\/1104","targetHints":{"allow":["GET"]}}],"collection":[{"href":"https:\/\/leicesterleicestershireandrutland.icb.nhs.uk\/ro\/wp-json\/wp\/v2\/pages"}],"about":[{"href":"https:\/\/leicesterleicestershireandrutland.icb.nhs.uk\/ro\/wp-json\/wp\/v2\/types\/page"}],"author":[{"embeddable":true,"href":"https:\/\/leicesterleicestershireandrutland.icb.nhs.uk\/ro\/wp-json\/wp\/v2\/users\/1"}],"replies":[{"embeddable":true,"href":"https:\/\/leicesterleicestershireandrutland.icb.nhs.uk\/ro\/wp-json\/wp\/v2\/comments?post=1104"}],"version-history":[{"count":4,"href":"https:\/\/leicesterleicestershireandrutland.icb.nhs.uk\/ro\/wp-json\/wp\/v2\/pages\/1104\/revisions"}],"predecessor-version":[{"id":1108,"href":"https:\/\/leicesterleicestershireandrutland.icb.nhs.uk\/ro\/wp-json\/wp\/v2\/pages\/1104\/revisions\/1108"}],"wp:attachment":[{"href":"https:\/\/leicesterleicestershireandrutland.icb.nhs.uk\/ro\/wp-json\/wp\/v2\/media?parent=1104"}],"curies":[{"name":"wp","href":"https:\/\/api.w.org\/{rel}","templated":true}]}}