{"id":12465,"date":"2023-09-12T12:29:39","date_gmt":"2023-09-12T12:29:39","guid":{"rendered":"https:\/\/leicesterleicestershireandrutland.icb.nhs.uk\/?page_id=12465"},"modified":"2024-02-06T17:53:04","modified_gmt":"2024-02-06T17:53:04","slug":"new-arrangements-for-obtaining-covid-19-antiviral-treatment","status":"publish","type":"page","link":"https:\/\/leicesterleicestershireandrutland.icb.nhs.uk\/ro\/your-health\/new-arrangements-for-obtaining-covid-19-antiviral-treatment\/","title":{"rendered":"Noi aranjamente pentru ob\u021binerea tratamentului antiviral Covid-19"},"content":{"rendered":"<div data-elementor-type=\"wp-page\" data-elementor-id=\"12465\" class=\"elementor elementor-12465\" data-elementor-post-type=\"page\">\n\t\t\t\t\t\t<section data-particle_enable=\"false\" data-particle-mobile-disabled=\"false\" class=\"elementor-section elementor-top-section elementor-element elementor-element-bd7f89f elementor-section-boxed elementor-section-height-default elementor-section-height-default\" data-id=\"bd7f89f\" data-element_type=\"section\" data-e-type=\"section\">\n\t\t\t\t\t\t<div class=\"elementor-container elementor-column-gap-default\">\n\t\t\t\t\t<div class=\"elementor-column elementor-col-100 elementor-top-column elementor-element elementor-element-2b2c7cb\" data-id=\"2b2c7cb\" data-element_type=\"column\" data-e-type=\"column\">\n\t\t\t<div class=\"elementor-widget-wrap elementor-element-populated\">\n\t\t\t\t\t\t<div class=\"elementor-element elementor-element-10b865b elementor-widget elementor-widget-spacer\" data-id=\"10b865b\" data-element_type=\"widget\" data-e-type=\"widget\" data-widget_type=\"spacer.default\">\n\t\t\t\t<div class=\"elementor-widget-container\">\n\t\t\t\t\t\t\t<div class=\"elementor-spacer\">\n\t\t\t<div class=\"elementor-spacer-inner\"><\/div>\n\t\t<\/div>\n\t\t\t\t\t\t<\/div>\n\t\t\t\t<\/div>\n\t\t\t\t<div class=\"elementor-element elementor-element-6d12e72 elementor-widget elementor-widget-heading\" data-id=\"6d12e72\" data-element_type=\"widget\" data-e-type=\"widget\" data-widget_type=\"heading.default\">\n\t\t\t\t<div class=\"elementor-widget-container\">\n\t\t\t\t\t<h1 class=\"elementor-heading-title elementor-size-default\">Noi aranjamente pentru ob\u021binerea tratamentului antiviral Covid-19<\/h1>\t\t\t\t<\/div>\n\t\t\t\t<\/div>\n\t\t\t\t\t<\/div>\n\t\t<\/div>\n\t\t\t\t\t<\/div>\n\t\t<\/section>\n\t\t\t\t<section data-particle_enable=\"false\" data-particle-mobile-disabled=\"false\" class=\"elementor-section elementor-top-section elementor-element elementor-element-3f56747 elementor-section-boxed elementor-section-height-default elementor-section-height-default\" data-id=\"3f56747\" data-element_type=\"section\" data-e-type=\"section\">\n\t\t\t\t\t\t<div class=\"elementor-container elementor-column-gap-default\">\n\t\t\t\t\t<div class=\"elementor-column elementor-col-100 elementor-top-column elementor-element elementor-element-cd5fe7e\" data-id=\"cd5fe7e\" data-element_type=\"column\" data-e-type=\"column\">\n\t\t\t<div class=\"elementor-widget-wrap elementor-element-populated\">\n\t\t\t\t\t\t<div class=\"elementor-element elementor-element-30673aa elementor-widget-divider--view-line elementor-widget elementor-widget-divider\" data-id=\"30673aa\" data-element_type=\"widget\" data-e-type=\"widget\" data-widget_type=\"divider.default\">\n\t\t\t\t<div class=\"elementor-widget-container\">\n\t\t\t\t\t\t\t<div class=\"elementor-divider\">\n\t\t\t<span class=\"elementor-divider-separator\">\n\t\t\t\t\t\t<\/span>\n\t\t<\/div>\n\t\t\t\t\t\t<\/div>\n\t\t\t\t<\/div>\n\t\t\t\t\t<\/div>\n\t\t<\/div>\n\t\t\t\t\t<\/div>\n\t\t<\/section>\n\t\t\t\t<section data-particle_enable=\"false\" data-particle-mobile-disabled=\"false\" class=\"elementor-section elementor-top-section elementor-element elementor-element-2c33f40 elementor-section-boxed elementor-section-height-default elementor-section-height-default\" data-id=\"2c33f40\" data-element_type=\"section\" data-e-type=\"section\">\n\t\t\t\t\t\t<div class=\"elementor-container elementor-column-gap-default\">\n\t\t\t\t\t<div class=\"elementor-column elementor-col-100 elementor-top-column elementor-element elementor-element-4115440\" data-id=\"4115440\" data-element_type=\"column\" data-e-type=\"column\">\n\t\t\t<div class=\"elementor-widget-wrap elementor-element-populated\">\n\t\t\t\t\t\t<div class=\"elementor-element elementor-element-4afb233 elementor-widget elementor-widget-text-editor\" data-id=\"4afb233\" data-element_type=\"widget\" data-e-type=\"widget\" data-widget_type=\"text-editor.default\">\n\t\t\t\t<div class=\"elementor-widget-container\">\n\t\t\t\t\t\t\t\t\t<p>Unii pacien\u021bi cu anumite afec\u021biuni de s\u0103n\u0103tate au fost informa\u021bi prin scrisoare c\u0103 pot fi potrivi\u021bi pentru tratament antiviral dac\u0103 se \u00eemboln\u0103vesc de Covid-19. Aceste tratamente pot reduce \u0219ansa ca oamenii s\u0103 se \u00eemboln\u0103veasc\u0103 grav de Covid. <strong>Pentru ca tratamentul s\u0103 fie eficient, acesta trebuie \u00eenceput \u00een termen de cinci zile de la \u00eenceputul apari\u021biei simptomelor. Este important s\u0103 face\u021bi un test de \u00eendat\u0103 ce dezvolta\u021bi simptome \u0219i s\u0103 lua\u021bi leg\u0103tura imediat dac\u0103 testul este pozitiv.<\/strong><\/p><p>Modul \u00een care poate fi ob\u021binut acest tratament s-a schimbat. Oamenii nu vor mai fi contacta\u021bi automat de NHS cu privire la tratamente dup\u0103 raportarea unui rezultat pozitiv al testului Covid. Acum va trebui s\u0103 lua\u021bi urm\u0103toarea ac\u021biune:<\/p><ul><li>P\u0103stra\u021bi testele de flux lateral acas\u0103, dar folosi\u021bi-le numai dac\u0103 ave\u021bi simptome. Dac\u0103 apar simptome, face\u021bi imediat un test.<\/li><li>Dac\u0103 testul este pozitiv, contacta\u021bi imediat medicul dumneavoastr\u0103 de familie sau NHS 111, astfel \u00eenc\u00e2t s\u0103 poat\u0103 lua \u00een considerare trimiterea dumneavoastr\u0103 pentru o evaluare pentru tratament.<\/li><li>Dac\u0103 testul dvs. este negativ, dar continua\u021bi s\u0103 ave\u021bi simptome, ar trebui s\u0103 face\u021bi un alt test \u00een fiecare dintre urm\u0103toarele dou\u0103 zile (trei teste \u00een total timp de trei zile).<\/li><\/ul><p>Dac\u0103 nu ave\u021bi acas\u0103 teste de debit lateral, acestea pot fi comandate gratuit de la <a href=\"https:\/\/www.gov.uk\/order-coronavirus-rapid-lateral-flow-tests%20or%20by%20calling%20119\">https:\/\/www.gov.uk\/order-coronavirus-rapid-lateral-flow-tests sau sun\u00e2nd la 119<\/a>. De asemenea, acum pute\u021bi utiliza teste achizi\u021bionate de la o farmacie sau un magazin.<\/p><p>De la 1 octombrie 2023, se poate schimba \u0219i modul \u00een care ob\u021bine\u021bi un test de debit lateral. Vei putea verifica <a href=\"http:\/\/www.nhs.uk\/CovidTreatments\">www.nhs.uk\/CovidTreatments<\/a> \u00a0pentru mai multe informa\u021bii mai aproape de timp.<\/p><p>Dac\u0103 a\u021bi fost testat pozitiv \u0219i nu a\u021bi reu\u0219it s\u0103 lua\u021bi leg\u0103tura cu un medic pentru a face trimitere pentru tratament antiviral, pute\u021bi de asemenea s\u0103 trimite\u021bi un e-mail <a href=\"mailto:covidbooking.llrpcl@nhs.net\">covidbooking.llrpcl@nhs.net<\/a> sau suna\u021bi la 0116 497 5700.<\/p>\t\t\t\t\t\t\t\t<\/div>\n\t\t\t\t<\/div>\n\t\t\t\t\t<\/div>\n\t\t<\/div>\n\t\t\t\t\t<\/div>\n\t\t<\/section>\n\t\t\t\t<\/div>","protected":false},"excerpt":{"rendered":"<p>New arrangements for obtaining Covid-19 antiviral treatment Some patients with certain health conditions were informed by letter that they may be suitable for antiviral treatment if they get Covid-19. These [&hellip;]<\/p>\n","protected":false},"author":9,"featured_media":0,"parent":253,"menu_order":17,"comment_status":"closed","ping_status":"closed","template":"","meta":{"_eb_attr":"","footnotes":""},"class_list":["post-12465","page","type-page","status-publish","hentry"],"yoast_head":"<!-- This site is optimized with the Yoast SEO plugin v27.5 - https:\/\/yoast.com\/product\/yoast-seo-wordpress\/ -->\n<title>New arrangements for obtaining Covid-19 antiviral treatment - LLR ICB<\/title>\n<meta name=\"robots\" content=\"index, follow, max-snippet:-1, max-image-preview:large, max-video-preview:-1\" \/>\n<link rel=\"canonical\" href=\"https:\/\/leicesterleicestershireandrutland.icb.nhs.uk\/ro\/your-health\/new-arrangements-for-obtaining-covid-19-antiviral-treatment\/\" \/>\n<meta property=\"og:locale\" content=\"ro_RO\" \/>\n<meta property=\"og:type\" content=\"article\" \/>\n<meta property=\"og:title\" content=\"New arrangements for obtaining Covid-19 antiviral treatment - LLR ICB\" \/>\n<meta property=\"og:description\" content=\"New arrangements for obtaining Covid-19 antiviral treatment Some patients with certain health conditions were informed by letter that they may be suitable for antiviral treatment if they get Covid-19. These [&hellip;]\" \/>\n<meta property=\"og:url\" content=\"https:\/\/leicesterleicestershireandrutland.icb.nhs.uk\/ro\/your-health\/new-arrangements-for-obtaining-covid-19-antiviral-treatment\/\" \/>\n<meta property=\"og:site_name\" content=\"LLR ICB\" \/>\n<meta property=\"article:publisher\" content=\"https:\/\/www.facebook.com\/NHSLLR\" \/>\n<meta property=\"article:modified_time\" content=\"2024-02-06T17:53:04+00:00\" \/>\n<meta name=\"twitter:card\" content=\"summary_large_image\" \/>\n<meta name=\"twitter:site\" content=\"@NHS_LLR\" \/>\n<meta name=\"twitter:label1\" content=\"Timp estimat pentru citire\" \/>\n\t<meta name=\"twitter:data1\" content=\"2 minute\" \/>\n<script type=\"application\/ld+json\" class=\"yoast-schema-graph\">{\"@context\":\"https:\\\/\\\/schema.org\",\"@graph\":[{\"@type\":\"WebPage\",\"@id\":\"https:\\\/\\\/leicesterleicestershireandrutland.icb.nhs.uk\\\/your-health\\\/new-arrangements-for-obtaining-covid-19-antiviral-treatment\\\/\",\"url\":\"https:\\\/\\\/leicesterleicestershireandrutland.icb.nhs.uk\\\/your-health\\\/new-arrangements-for-obtaining-covid-19-antiviral-treatment\\\/\",\"name\":\"New arrangements for obtaining Covid-19 antiviral treatment - LLR ICB\",\"isPartOf\":{\"@id\":\"https:\\\/\\\/leicesterleicestershireandrutland.icb.nhs.uk\\\/#website\"},\"datePublished\":\"2023-09-12T12:29:39+00:00\",\"dateModified\":\"2024-02-06T17:53:04+00:00\",\"breadcrumb\":{\"@id\":\"https:\\\/\\\/leicesterleicestershireandrutland.icb.nhs.uk\\\/your-health\\\/new-arrangements-for-obtaining-covid-19-antiviral-treatment\\\/#breadcrumb\"},\"inLanguage\":\"ro-RO\",\"potentialAction\":[{\"@type\":\"ReadAction\",\"target\":[\"https:\\\/\\\/leicesterleicestershireandrutland.icb.nhs.uk\\\/your-health\\\/new-arrangements-for-obtaining-covid-19-antiviral-treatment\\\/\"]}]},{\"@type\":\"BreadcrumbList\",\"@id\":\"https:\\\/\\\/leicesterleicestershireandrutland.icb.nhs.uk\\\/your-health\\\/new-arrangements-for-obtaining-covid-19-antiviral-treatment\\\/#breadcrumb\",\"itemListElement\":[{\"@type\":\"ListItem\",\"position\":1,\"name\":\"Home\",\"item\":\"https:\\\/\\\/leicesterleicestershireandrutland.icb.nhs.uk\\\/\"},{\"@type\":\"ListItem\",\"position\":2,\"name\":\"Your Health\",\"item\":\"https:\\\/\\\/leicesterleicestershireandrutland.icb.nhs.uk\\\/your-health\\\/\"},{\"@type\":\"ListItem\",\"position\":3,\"name\":\"New arrangements for obtaining Covid-19 antiviral treatment\"}]},{\"@type\":\"WebSite\",\"@id\":\"https:\\\/\\\/leicesterleicestershireandrutland.icb.nhs.uk\\\/#website\",\"url\":\"https:\\\/\\\/leicesterleicestershireandrutland.icb.nhs.uk\\\/\",\"name\":\"LLR ICB\",\"description\":\"LLR Integrated Care Board\",\"publisher\":{\"@id\":\"https:\\\/\\\/leicesterleicestershireandrutland.icb.nhs.uk\\\/#organization\"},\"potentialAction\":[{\"@type\":\"SearchAction\",\"target\":{\"@type\":\"EntryPoint\",\"urlTemplate\":\"https:\\\/\\\/leicesterleicestershireandrutland.icb.nhs.uk\\\/?s={search_term_string}\"},\"query-input\":{\"@type\":\"PropertyValueSpecification\",\"valueRequired\":true,\"valueName\":\"search_term_string\"}}],\"inLanguage\":\"ro-RO\"},{\"@type\":\"Organization\",\"@id\":\"https:\\\/\\\/leicesterleicestershireandrutland.icb.nhs.uk\\\/#organization\",\"name\":\"LLR ICB\",\"url\":\"https:\\\/\\\/leicesterleicestershireandrutland.icb.nhs.uk\\\/\",\"logo\":{\"@type\":\"ImageObject\",\"inLanguage\":\"ro-RO\",\"@id\":\"https:\\\/\\\/leicesterleicestershireandrutland.icb.nhs.uk\\\/#\\\/schema\\\/logo\\\/image\\\/\",\"url\":\"https:\\\/\\\/i0.wp.com\\\/leicesterleicestershireandrutland.icb.nhs.uk\\\/wp-content\\\/uploads\\\/2022\\\/06\\\/New-Project-4.jpg?fit=452%2C93&ssl=1\",\"contentUrl\":\"https:\\\/\\\/i0.wp.com\\\/leicesterleicestershireandrutland.icb.nhs.uk\\\/wp-content\\\/uploads\\\/2022\\\/06\\\/New-Project-4.jpg?fit=452%2C93&ssl=1\",\"width\":452,\"height\":93,\"caption\":\"LLR ICB\"},\"image\":{\"@id\":\"https:\\\/\\\/leicesterleicestershireandrutland.icb.nhs.uk\\\/#\\\/schema\\\/logo\\\/image\\\/\"},\"sameAs\":[\"https:\\\/\\\/www.facebook.com\\\/NHSLLR\",\"https:\\\/\\\/x.com\\\/NHS_LLR\",\"https:\\\/\\\/www.instagram.com\\\/nhsllr\\\/\"]}]}<\/script>\n<!-- \/ Yoast SEO plugin. -->","yoast_head_json":{"title":"Noi modalit\u0103\u021bi de ob\u021binere a tratamentului antiviral Covid-19 - LLR ICB","robots":{"index":"index","follow":"follow","max-snippet":"max-snippet:-1","max-image-preview":"max-image-preview:large","max-video-preview":"max-video-preview:-1"},"canonical":"https:\/\/leicesterleicestershireandrutland.icb.nhs.uk\/ro\/your-health\/new-arrangements-for-obtaining-covid-19-antiviral-treatment\/","og_locale":"ro_RO","og_type":"article","og_title":"New arrangements for obtaining Covid-19 antiviral treatment - LLR ICB","og_description":"New arrangements for obtaining Covid-19 antiviral treatment Some patients with certain health conditions were informed by letter that they may be suitable for antiviral treatment if they get Covid-19. These [&hellip;]","og_url":"https:\/\/leicesterleicestershireandrutland.icb.nhs.uk\/ro\/your-health\/new-arrangements-for-obtaining-covid-19-antiviral-treatment\/","og_site_name":"LLR ICB","article_publisher":"https:\/\/www.facebook.com\/NHSLLR","article_modified_time":"2024-02-06T17:53:04+00:00","twitter_card":"summary_large_image","twitter_site":"@NHS_LLR","twitter_misc":{"Timp estimat pentru citire":"2 minute"},"schema":{"@context":"https:\/\/schema.org","@graph":[{"@type":"WebPage","@id":"https:\/\/leicesterleicestershireandrutland.icb.nhs.uk\/your-health\/new-arrangements-for-obtaining-covid-19-antiviral-treatment\/","url":"https:\/\/leicesterleicestershireandrutland.icb.nhs.uk\/your-health\/new-arrangements-for-obtaining-covid-19-antiviral-treatment\/","name":"Noi modalit\u0103\u021bi de ob\u021binere a tratamentului antiviral Covid-19 - LLR ICB","isPartOf":{"@id":"https:\/\/leicesterleicestershireandrutland.icb.nhs.uk\/#website"},"datePublished":"2023-09-12T12:29:39+00:00","dateModified":"2024-02-06T17:53:04+00:00","breadcrumb":{"@id":"https:\/\/leicesterleicestershireandrutland.icb.nhs.uk\/your-health\/new-arrangements-for-obtaining-covid-19-antiviral-treatment\/#breadcrumb"},"inLanguage":"ro-RO","potentialAction":[{"@type":"ReadAction","target":["https:\/\/leicesterleicestershireandrutland.icb.nhs.uk\/your-health\/new-arrangements-for-obtaining-covid-19-antiviral-treatment\/"]}]},{"@type":"BreadcrumbList","@id":"https:\/\/leicesterleicestershireandrutland.icb.nhs.uk\/your-health\/new-arrangements-for-obtaining-covid-19-antiviral-treatment\/#breadcrumb","itemListElement":[{"@type":"ListItem","position":1,"name":"Home","item":"https:\/\/leicesterleicestershireandrutland.icb.nhs.uk\/"},{"@type":"ListItem","position":2,"name":"Your Health","item":"https:\/\/leicesterleicestershireandrutland.icb.nhs.uk\/your-health\/"},{"@type":"ListItem","position":3,"name":"New arrangements for obtaining Covid-19 antiviral treatment"}]},{"@type":"WebSite","@id":"https:\/\/leicesterleicestershireandrutland.icb.nhs.uk\/#website","url":"https:\/\/leicesterleicestershireandrutland.icb.nhs.uk\/","name":"LLR ICB","description":"LLR Integrated Care Board","publisher":{"@id":"https:\/\/leicesterleicestershireandrutland.icb.nhs.uk\/#organization"},"potentialAction":[{"@type":"SearchAction","target":{"@type":"EntryPoint","urlTemplate":"https:\/\/leicesterleicestershireandrutland.icb.nhs.uk\/?s={search_term_string}"},"query-input":{"@type":"PropertyValueSpecification","valueRequired":true,"valueName":"search_term_string"}}],"inLanguage":"ro-RO"},{"@type":"Organization","@id":"https:\/\/leicesterleicestershireandrutland.icb.nhs.uk\/#organization","name":"LLR ICB","url":"https:\/\/leicesterleicestershireandrutland.icb.nhs.uk\/","logo":{"@type":"ImageObject","inLanguage":"ro-RO","@id":"https:\/\/leicesterleicestershireandrutland.icb.nhs.uk\/#\/schema\/logo\/image\/","url":"https:\/\/i0.wp.com\/leicesterleicestershireandrutland.icb.nhs.uk\/wp-content\/uploads\/2022\/06\/New-Project-4.jpg?fit=452%2C93&ssl=1","contentUrl":"https:\/\/i0.wp.com\/leicesterleicestershireandrutland.icb.nhs.uk\/wp-content\/uploads\/2022\/06\/New-Project-4.jpg?fit=452%2C93&ssl=1","width":452,"height":93,"caption":"LLR ICB"},"image":{"@id":"https:\/\/leicesterleicestershireandrutland.icb.nhs.uk\/#\/schema\/logo\/image\/"},"sameAs":["https:\/\/www.facebook.com\/NHSLLR","https:\/\/x.com\/NHS_LLR","https:\/\/www.instagram.com\/nhsllr\/"]}]}},"jetpack_sharing_enabled":true,"_links":{"self":[{"href":"https:\/\/leicesterleicestershireandrutland.icb.nhs.uk\/ro\/wp-json\/wp\/v2\/pages\/12465","targetHints":{"allow":["GET"]}}],"collection":[{"href":"https:\/\/leicesterleicestershireandrutland.icb.nhs.uk\/ro\/wp-json\/wp\/v2\/pages"}],"about":[{"href":"https:\/\/leicesterleicestershireandrutland.icb.nhs.uk\/ro\/wp-json\/wp\/v2\/types\/page"}],"author":[{"embeddable":true,"href":"https:\/\/leicesterleicestershireandrutland.icb.nhs.uk\/ro\/wp-json\/wp\/v2\/users\/9"}],"replies":[{"embeddable":true,"href":"https:\/\/leicesterleicestershireandrutland.icb.nhs.uk\/ro\/wp-json\/wp\/v2\/comments?post=12465"}],"version-history":[{"count":4,"href":"https:\/\/leicesterleicestershireandrutland.icb.nhs.uk\/ro\/wp-json\/wp\/v2\/pages\/12465\/revisions"}],"predecessor-version":[{"id":12469,"href":"https:\/\/leicesterleicestershireandrutland.icb.nhs.uk\/ro\/wp-json\/wp\/v2\/pages\/12465\/revisions\/12469"}],"up":[{"embeddable":true,"href":"https:\/\/leicesterleicestershireandrutland.icb.nhs.uk\/ro\/wp-json\/wp\/v2\/pages\/253"}],"wp:attachment":[{"href":"https:\/\/leicesterleicestershireandrutland.icb.nhs.uk\/ro\/wp-json\/wp\/v2\/media?parent=12465"}],"curies":[{"name":"wp","href":"https:\/\/api.w.org\/{rel}","templated":true}]}}