{"id":1274,"date":"2022-07-07T08:08:40","date_gmt":"2022-07-07T08:08:40","guid":{"rendered":"https:\/\/leicesterleicestershireandrutland.icb.nhs.uk\/?page_id=1274"},"modified":"2022-08-24T15:54:10","modified_gmt":"2022-08-24T15:54:10","slug":"privacy-notice","status":"publish","type":"page","link":"https:\/\/leicesterleicestershireandrutland.icb.nhs.uk\/ro\/privacy-notice\/","title":{"rendered":"Aviz de confiden\u021bialitate"},"content":{"rendered":"<div data-elementor-type=\"wp-page\" data-elementor-id=\"1274\" class=\"elementor elementor-1274\" data-elementor-post-type=\"page\">\n\t\t\t\t\t\t<section data-particle_enable=\"false\" data-particle-mobile-disabled=\"false\" class=\"elementor-section elementor-top-section elementor-element elementor-element-147ac98 elementor-section-boxed elementor-section-height-default elementor-section-height-default\" data-id=\"147ac98\" data-element_type=\"section\" data-e-type=\"section\" data-settings=\"{&quot;background_background&quot;:&quot;classic&quot;}\">\n\t\t\t\t\t\t\t<div class=\"elementor-background-overlay\"><\/div>\n\t\t\t\t\t\t\t<div class=\"elementor-container elementor-column-gap-default\">\n\t\t\t\t\t<div class=\"elementor-column elementor-col-100 elementor-top-column elementor-element elementor-element-4a01b5fa\" data-id=\"4a01b5fa\" data-element_type=\"column\" data-e-type=\"column\">\n\t\t\t<div class=\"elementor-widget-wrap elementor-element-populated\">\n\t\t\t\t\t\t<div class=\"elementor-element elementor-element-3824095c elementor-widget elementor-widget-heading\" data-id=\"3824095c\" data-element_type=\"widget\" data-e-type=\"widget\" data-widget_type=\"heading.default\">\n\t\t\t\t<div class=\"elementor-widget-container\">\n\t\t\t\t\t<h1 class=\"elementor-heading-title elementor-size-default\">Notificare privind confiden\u021bialitatea HR<\/h1>\t\t\t\t<\/div>\n\t\t\t\t<\/div>\n\t\t\t\t<div class=\"elementor-element elementor-element-2bb2637b elementor-widget-divider--view-line elementor-widget elementor-widget-divider\" data-id=\"2bb2637b\" data-element_type=\"widget\" data-e-type=\"widget\" data-widget_type=\"divider.default\">\n\t\t\t\t<div class=\"elementor-widget-container\">\n\t\t\t\t\t\t\t<div class=\"elementor-divider\">\n\t\t\t<span class=\"elementor-divider-separator\">\n\t\t\t\t\t\t<\/span>\n\t\t<\/div>\n\t\t\t\t\t\t<\/div>\n\t\t\t\t<\/div>\n\t\t\t\t<div class=\"elementor-element elementor-element-5978ec3 elementor-widget elementor-widget-text-editor\" data-id=\"5978ec3\" data-element_type=\"widget\" data-e-type=\"widget\" data-widget_type=\"text-editor.default\">\n\t\t\t\t<div class=\"elementor-widget-container\">\n\t\t\t\t\t\t\t\t\t<p><span class=\"Apple-converted-space\">\u00a0<\/span>Dup\u0103 ce a\u021bi aplicat prin intermediul NHS Jobs, cererea dumneavoastr\u0103 va fi importat\u0103 \u00een sistemul nostru preferat de recrutare ter\u021b\u0103 parte. Toate informa\u021biile ulterioare referitoare la candidatura dvs. vor fi generate din apps.trac.jobs. Nu ve\u021bi putea urm\u0103ri evolu\u021bia candidaturii dvs. sau primi mesaje prin intermediul site-ului NHS Jobs \u0219i, \u00een plus, c\u0103, \u00een calitate de angajator, nu vom putea r\u0103spunde la niciun e-mail care ne este trimis prin intermediul site-ului NHS Jobs. Prin depunerea candidaturii pentru acest post, sunte\u021bi de acord ca NHS Leicester, Leicestershire \u0219i Rutland Integrated Care Board s\u0103 transfere informa\u021biile con\u021binute \u00een aceast\u0103 candidatur\u0103 \u00een sistemul s\u0103u preferat de gestionare a candida\u021bilor. \u00cen cazul \u00een care vi se ofer\u0103 un loc de munc\u0103, informa\u021biile vor fi, de asemenea, transferate \u00een sistemul na\u021bional de eviden\u021b\u0103 electronic\u0103 a personalului NHS.<span class=\"Apple-converted-space\">\u00a0<\/span><\/p><p>Aceast\u0103 not\u0103 de confiden\u021bialitate se refer\u0103 la modul \u00een care vor fi gestionate informa\u021biile dumneavoastr\u0103 personale de identificare, de la depunerea cererii de angajare p\u00e2n\u0103 la \u00eenceperea activit\u0103\u021bii. Informa\u021biile sunt necesare pentru a ajuta la recrutarea celor mai bune persoane, pentru a efectua verific\u0103rile necesare \u00een materie de angajare, pentru a aranja un contract de munc\u0103, pentru ca noii angaja\u021bi s\u0103 \u00eenceap\u0103 s\u0103 lucreze \u0219i pentru a \u00eendeplini cerin\u021bele legale\/regulatorii. Ace\u0219tia sunt pa\u0219i necesari \u00eenainte de a putea stabili, continua sau modifica un contract de munc\u0103. \u00cen unele cazuri speciale, este posibil ca informa\u021biile dvs. s\u0103 fi fost introduse f\u0103r\u0103 ca dvs. s\u0103 fi completat o cerere de angajare. De exemplu, \u00een cazul \u00een care studen\u021bii sunt plasa\u021bi de un furnizor de formare profesional\u0103 (\u0219i informa\u021biile dumneavoastr\u0103 au fost primite de la acel furnizor de formare profesional\u0103) sau \u00een cazul \u00een care trebuie efectuate verific\u0103ri de angajare a personalului existent. \u00cen timpul recrut\u0103rii, recrutorii iau \u00een considerare informa\u021biile furnizate \u00een formularul de cerere de angajare \u0219i cele furnizate pentru evalu\u0103ri \u0219i interviuri. Pe m\u0103sur\u0103 ce avansa\u021bi \u00een cadrul procesului, este posibil s\u0103 fie necesare verific\u0103ri privind ocuparea for\u021bei de munc\u0103, cum ar fi verificarea identit\u0103\u021bii, a dreptului la munc\u0103 (imigra\u021bie), a cazierului judiciar, a \u00eenregistr\u0103rii profesionale, a calific\u0103rilor, a referin\u021belor, a s\u0103n\u0103t\u0103\u021bii ocupa\u021bionale \u0219i alte verific\u0103ri. Este posibil s\u0103 fie nevoie de informa\u021bii sau documente suplimentare, cum ar fi dovada documentelor de identitate, din partea dumneavoastr\u0103. Doar informa\u021biile necesare sunt \u00eemp\u0103rt\u0103\u0219ite cu organiza\u021biile \u00een cazul \u00een care acestea ne ajut\u0103 la aceste verific\u0103ri \u0219i doar \u00een scopul efectu\u0103rii acestor verific\u0103ri. Pentru ca un nou angajat s\u0103 \u00ee\u0219i \u00eenceap\u0103 activitatea, se efectueaz\u0103 cursuri de ini\u021biere \u0219i se \u00eendeplinesc anumite cerin\u021be administrative. \u00cen acest moment, vi se vor solicita anumite informa\u021bii, cum ar fi datele bancare pentru plata salariului \u0219i datele de contact \u00een caz de urgen\u021b\u0103, \u00een cazul \u00een care ave\u021bi o urgen\u021b\u0103 la locul de munc\u0103. Informa\u021biile referitoare la persoanele care au fost recrutate sunt introduse \u00een sistemele de gestionare a angaja\u021bilor \u0219i de p\u0103strare a eviden\u021belor utilizate de angajator. \u00cen cazul \u00een care nu furniza\u021bi informa\u021biile necesare, acest lucru poate \u00eengreuna sau \u00eempiedica candidatura sau angajarea dumneavoastr\u0103. Orice informa\u021bii pe care le furniza\u021bi cu privire la originea dvs. etnic\u0103, convingerile religioase \u0219i orientarea sexual\u0103 sunt utilizate doar pentru monitorizarea statistic\u0103 a procesului de recrutare \u0219i a for\u021bei de munc\u0103 \u00een domeniul egalit\u0103\u021bii de \u0219anse. Aceste informa\u021bii sunt protejate pe tot parcursul procesului, nu sunt vizibile pentru cei care v\u0103 evalueaz\u0103 candidatura sau pentru managerii de angajare \u0219i nu pot fi utilizate \u00eentr-un mod care s\u0103 v\u0103 identifice. Candidatura dvs. nu va fi afectat\u0103 dac\u0103 alege\u021bi s\u0103 nu furniza\u021bi aceste informa\u021bii. \u00cen cazul \u00een care indica\u021bi c\u0103 pute\u021bi fi luat \u00een considerare pentru un interviu preferen\u021bial sau garantat datorit\u0103 unui handicap pe care \u00eel ave\u021bi, aceste informa\u021bii sunt utilizate numai \u00een scopul organiz\u0103rii interviurilor. Dac\u0103 decide\u021bi c\u0103 dori\u021bi s\u0103 p\u0103r\u0103si\u021bi procesul de depunere a candidaturii la un loc de munc\u0103, v\u0103 pute\u021bi conecta la aplica\u021bia dumneavoastr\u0103 de candidatur\u0103<span class=\"Apple-converted-space\">\u00a0<\/span><\/p><p>contul, apoi v\u0103 retrage\u021bi cererea. \u00cen cazuri speciale (exemplele de mai sus), trebuie s\u0103 contacta\u021bi angajatorul. Informa\u021biile despre candidatura dumneavoastr\u0103 p\u00e2n\u0103 la \u00eenceperea activit\u0103\u021bii sunt \u0219terse automat din acest sistem de gestionare a recrut\u0103rii, odat\u0103 ce nu mai sunt considerate necesare pentru scopul pentru care au fost colectate. Acest lucru se \u00eent\u00e2mpl\u0103 la 399 de zile de la data la care cererea a fost introdus\u0103 \u00een acest sistem de recrutare sau la 199 de zile de la data propus\u0103\/ efectiv\u0103 de \u00eencepere a activit\u0103\u021bii, oricare dintre acestea este mai mare. Aceast\u0103 perioad\u0103 permite \u00eendeplinirea obliga\u021biilor legate de practicile legale de angajare, cum ar fi raportarea statistic\u0103 \u0219i ap\u0103rarea unor poten\u021biale ac\u021biuni \u00een justi\u021bie.<span class=\"Apple-converted-space\">\u00a0<\/span><\/p>\t\t\t\t\t\t\t\t<\/div>\n\t\t\t\t<\/div>\n\t\t\t\t\t<\/div>\n\t\t<\/div>\n\t\t\t\t\t<\/div>\n\t\t<\/section>\n\t\t\t\t<\/div>","protected":false},"excerpt":{"rendered":"<p>HR Privacy Notice \u00a0After applying via NHS Jobs, your submitted application will be imported into our preferred Third party recruitment system. All subsequent information regarding your application will be generated [&hellip;]<\/p>\n","protected":false},"author":1,"featured_media":0,"parent":0,"menu_order":40,"comment_status":"closed","ping_status":"closed","template":"","meta":{"_eb_attr":"","footnotes":""},"class_list":["post-1274","page","type-page","status-publish","hentry"],"yoast_head":"<!-- This site is optimized with the Yoast SEO plugin v27.5 - https:\/\/yoast.com\/product\/yoast-seo-wordpress\/ -->\n<title>Privacy Notice - LLR ICB<\/title>\n<meta name=\"robots\" content=\"index, follow, max-snippet:-1, max-image-preview:large, max-video-preview:-1\" \/>\n<link rel=\"canonical\" href=\"https:\/\/leicesterleicestershireandrutland.icb.nhs.uk\/ro\/privacy-notice\/\" \/>\n<meta property=\"og:locale\" content=\"ro_RO\" \/>\n<meta property=\"og:type\" content=\"article\" \/>\n<meta property=\"og:title\" content=\"Privacy Notice - LLR ICB\" \/>\n<meta property=\"og:description\" content=\"HR Privacy Notice \u00a0After applying via NHS Jobs, your submitted application will be imported into our preferred Third party recruitment system. All subsequent information regarding your application will be generated [&hellip;]\" \/>\n<meta property=\"og:url\" content=\"https:\/\/leicesterleicestershireandrutland.icb.nhs.uk\/ro\/privacy-notice\/\" \/>\n<meta property=\"og:site_name\" content=\"LLR ICB\" \/>\n<meta property=\"article:publisher\" content=\"https:\/\/www.facebook.com\/NHSLLR\" \/>\n<meta property=\"article:modified_time\" content=\"2022-08-24T15:54:10+00:00\" \/>\n<meta name=\"twitter:card\" content=\"summary_large_image\" \/>\n<meta name=\"twitter:site\" content=\"@NHS_LLR\" \/>\n<meta name=\"twitter:label1\" content=\"Timp estimat pentru citire\" \/>\n\t<meta name=\"twitter:data1\" content=\"3 minute\" \/>\n<script type=\"application\/ld+json\" class=\"yoast-schema-graph\">{\"@context\":\"https:\\\/\\\/schema.org\",\"@graph\":[{\"@type\":\"WebPage\",\"@id\":\"https:\\\/\\\/leicesterleicestershireandrutland.icb.nhs.uk\\\/privacy-notice\\\/\",\"url\":\"https:\\\/\\\/leicesterleicestershireandrutland.icb.nhs.uk\\\/privacy-notice\\\/\",\"name\":\"Privacy Notice - LLR ICB\",\"isPartOf\":{\"@id\":\"https:\\\/\\\/leicesterleicestershireandrutland.icb.nhs.uk\\\/#website\"},\"datePublished\":\"2022-07-07T08:08:40+00:00\",\"dateModified\":\"2022-08-24T15:54:10+00:00\",\"breadcrumb\":{\"@id\":\"https:\\\/\\\/leicesterleicestershireandrutland.icb.nhs.uk\\\/privacy-notice\\\/#breadcrumb\"},\"inLanguage\":\"ro-RO\",\"potentialAction\":[{\"@type\":\"ReadAction\",\"target\":[\"https:\\\/\\\/leicesterleicestershireandrutland.icb.nhs.uk\\\/privacy-notice\\\/\"]}]},{\"@type\":\"BreadcrumbList\",\"@id\":\"https:\\\/\\\/leicesterleicestershireandrutland.icb.nhs.uk\\\/privacy-notice\\\/#breadcrumb\",\"itemListElement\":[{\"@type\":\"ListItem\",\"position\":1,\"name\":\"Home\",\"item\":\"https:\\\/\\\/leicesterleicestershireandrutland.icb.nhs.uk\\\/\"},{\"@type\":\"ListItem\",\"position\":2,\"name\":\"Privacy Notice\"}]},{\"@type\":\"WebSite\",\"@id\":\"https:\\\/\\\/leicesterleicestershireandrutland.icb.nhs.uk\\\/#website\",\"url\":\"https:\\\/\\\/leicesterleicestershireandrutland.icb.nhs.uk\\\/\",\"name\":\"LLR ICB\",\"description\":\"LLR Integrated Care Board\",\"publisher\":{\"@id\":\"https:\\\/\\\/leicesterleicestershireandrutland.icb.nhs.uk\\\/#organization\"},\"potentialAction\":[{\"@type\":\"SearchAction\",\"target\":{\"@type\":\"EntryPoint\",\"urlTemplate\":\"https:\\\/\\\/leicesterleicestershireandrutland.icb.nhs.uk\\\/?s={search_term_string}\"},\"query-input\":{\"@type\":\"PropertyValueSpecification\",\"valueRequired\":true,\"valueName\":\"search_term_string\"}}],\"inLanguage\":\"ro-RO\"},{\"@type\":\"Organization\",\"@id\":\"https:\\\/\\\/leicesterleicestershireandrutland.icb.nhs.uk\\\/#organization\",\"name\":\"LLR ICB\",\"url\":\"https:\\\/\\\/leicesterleicestershireandrutland.icb.nhs.uk\\\/\",\"logo\":{\"@type\":\"ImageObject\",\"inLanguage\":\"ro-RO\",\"@id\":\"https:\\\/\\\/leicesterleicestershireandrutland.icb.nhs.uk\\\/#\\\/schema\\\/logo\\\/image\\\/\",\"url\":\"https:\\\/\\\/i0.wp.com\\\/leicesterleicestershireandrutland.icb.nhs.uk\\\/wp-content\\\/uploads\\\/2022\\\/06\\\/New-Project-4.jpg?fit=452%2C93&ssl=1\",\"contentUrl\":\"https:\\\/\\\/i0.wp.com\\\/leicesterleicestershireandrutland.icb.nhs.uk\\\/wp-content\\\/uploads\\\/2022\\\/06\\\/New-Project-4.jpg?fit=452%2C93&ssl=1\",\"width\":452,\"height\":93,\"caption\":\"LLR ICB\"},\"image\":{\"@id\":\"https:\\\/\\\/leicesterleicestershireandrutland.icb.nhs.uk\\\/#\\\/schema\\\/logo\\\/image\\\/\"},\"sameAs\":[\"https:\\\/\\\/www.facebook.com\\\/NHSLLR\",\"https:\\\/\\\/x.com\\\/NHS_LLR\",\"https:\\\/\\\/www.instagram.com\\\/nhsllr\\\/\"]}]}<\/script>\n<!-- \/ Yoast SEO plugin. -->","yoast_head_json":{"title":"Notificare privind confiden\u021bialitatea - LLR ICB","robots":{"index":"index","follow":"follow","max-snippet":"max-snippet:-1","max-image-preview":"max-image-preview:large","max-video-preview":"max-video-preview:-1"},"canonical":"https:\/\/leicesterleicestershireandrutland.icb.nhs.uk\/ro\/privacy-notice\/","og_locale":"ro_RO","og_type":"article","og_title":"Privacy Notice - LLR ICB","og_description":"HR Privacy Notice \u00a0After applying via NHS Jobs, your submitted application will be imported into our preferred Third party recruitment system. All subsequent information regarding your application will be generated [&hellip;]","og_url":"https:\/\/leicesterleicestershireandrutland.icb.nhs.uk\/ro\/privacy-notice\/","og_site_name":"LLR ICB","article_publisher":"https:\/\/www.facebook.com\/NHSLLR","article_modified_time":"2022-08-24T15:54:10+00:00","twitter_card":"summary_large_image","twitter_site":"@NHS_LLR","twitter_misc":{"Timp estimat pentru citire":"3 minute"},"schema":{"@context":"https:\/\/schema.org","@graph":[{"@type":"WebPage","@id":"https:\/\/leicesterleicestershireandrutland.icb.nhs.uk\/privacy-notice\/","url":"https:\/\/leicesterleicestershireandrutland.icb.nhs.uk\/privacy-notice\/","name":"Notificare privind confiden\u021bialitatea - LLR ICB","isPartOf":{"@id":"https:\/\/leicesterleicestershireandrutland.icb.nhs.uk\/#website"},"datePublished":"2022-07-07T08:08:40+00:00","dateModified":"2022-08-24T15:54:10+00:00","breadcrumb":{"@id":"https:\/\/leicesterleicestershireandrutland.icb.nhs.uk\/privacy-notice\/#breadcrumb"},"inLanguage":"ro-RO","potentialAction":[{"@type":"ReadAction","target":["https:\/\/leicesterleicestershireandrutland.icb.nhs.uk\/privacy-notice\/"]}]},{"@type":"BreadcrumbList","@id":"https:\/\/leicesterleicestershireandrutland.icb.nhs.uk\/privacy-notice\/#breadcrumb","itemListElement":[{"@type":"ListItem","position":1,"name":"Home","item":"https:\/\/leicesterleicestershireandrutland.icb.nhs.uk\/"},{"@type":"ListItem","position":2,"name":"Privacy Notice"}]},{"@type":"WebSite","@id":"https:\/\/leicesterleicestershireandrutland.icb.nhs.uk\/#website","url":"https:\/\/leicesterleicestershireandrutland.icb.nhs.uk\/","name":"LLR ICB","description":"LLR Integrated Care Board","publisher":{"@id":"https:\/\/leicesterleicestershireandrutland.icb.nhs.uk\/#organization"},"potentialAction":[{"@type":"SearchAction","target":{"@type":"EntryPoint","urlTemplate":"https:\/\/leicesterleicestershireandrutland.icb.nhs.uk\/?s={search_term_string}"},"query-input":{"@type":"PropertyValueSpecification","valueRequired":true,"valueName":"search_term_string"}}],"inLanguage":"ro-RO"},{"@type":"Organization","@id":"https:\/\/leicesterleicestershireandrutland.icb.nhs.uk\/#organization","name":"LLR ICB","url":"https:\/\/leicesterleicestershireandrutland.icb.nhs.uk\/","logo":{"@type":"ImageObject","inLanguage":"ro-RO","@id":"https:\/\/leicesterleicestershireandrutland.icb.nhs.uk\/#\/schema\/logo\/image\/","url":"https:\/\/i0.wp.com\/leicesterleicestershireandrutland.icb.nhs.uk\/wp-content\/uploads\/2022\/06\/New-Project-4.jpg?fit=452%2C93&ssl=1","contentUrl":"https:\/\/i0.wp.com\/leicesterleicestershireandrutland.icb.nhs.uk\/wp-content\/uploads\/2022\/06\/New-Project-4.jpg?fit=452%2C93&ssl=1","width":452,"height":93,"caption":"LLR ICB"},"image":{"@id":"https:\/\/leicesterleicestershireandrutland.icb.nhs.uk\/#\/schema\/logo\/image\/"},"sameAs":["https:\/\/www.facebook.com\/NHSLLR","https:\/\/x.com\/NHS_LLR","https:\/\/www.instagram.com\/nhsllr\/"]}]}},"jetpack_sharing_enabled":true,"_links":{"self":[{"href":"https:\/\/leicesterleicestershireandrutland.icb.nhs.uk\/ro\/wp-json\/wp\/v2\/pages\/1274","targetHints":{"allow":["GET"]}}],"collection":[{"href":"https:\/\/leicesterleicestershireandrutland.icb.nhs.uk\/ro\/wp-json\/wp\/v2\/pages"}],"about":[{"href":"https:\/\/leicesterleicestershireandrutland.icb.nhs.uk\/ro\/wp-json\/wp\/v2\/types\/page"}],"author":[{"embeddable":true,"href":"https:\/\/leicesterleicestershireandrutland.icb.nhs.uk\/ro\/wp-json\/wp\/v2\/users\/1"}],"replies":[{"embeddable":true,"href":"https:\/\/leicesterleicestershireandrutland.icb.nhs.uk\/ro\/wp-json\/wp\/v2\/comments?post=1274"}],"version-history":[{"count":7,"href":"https:\/\/leicesterleicestershireandrutland.icb.nhs.uk\/ro\/wp-json\/wp\/v2\/pages\/1274\/revisions"}],"predecessor-version":[{"id":1969,"href":"https:\/\/leicesterleicestershireandrutland.icb.nhs.uk\/ro\/wp-json\/wp\/v2\/pages\/1274\/revisions\/1969"}],"wp:attachment":[{"href":"https:\/\/leicesterleicestershireandrutland.icb.nhs.uk\/ro\/wp-json\/wp\/v2\/media?parent=1274"}],"curies":[{"name":"wp","href":"https:\/\/api.w.org\/{rel}","templated":true}]}}