{"id":17692,"date":"2024-07-16T13:14:00","date_gmt":"2024-07-16T13:14:00","guid":{"rendered":"https:\/\/leicesterleicestershireandrutland.icb.nhs.uk\/?page_id=17692"},"modified":"2024-07-16T14:15:05","modified_gmt":"2024-07-16T14:15:05","slug":"llr-care-record-working-together-to-improve-your-care-english","status":"publish","type":"page","link":"https:\/\/leicesterleicestershireandrutland.icb.nhs.uk\/ro\/your-health\/your-care-record\/llr-care-record-working-together-to-improve-your-care-english\/","title":{"rendered":"LLR Care Record: Lucr\u00e2nd \u00eempreun\u0103 pentru a v\u0103 \u00eembun\u0103t\u0103\u021bi \u00eengrijirea (englez\u0103)"},"content":{"rendered":"<div data-elementor-type=\"wp-page\" data-elementor-id=\"17692\" class=\"elementor elementor-17692\" data-elementor-post-type=\"page\">\n\t\t\t\t\t\t<section data-particle_enable=\"false\" data-particle-mobile-disabled=\"false\" class=\"elementor-section elementor-top-section elementor-element elementor-element-f5145c7 elementor-section-boxed elementor-section-height-default elementor-section-height-default\" data-id=\"f5145c7\" data-element_type=\"section\" data-e-type=\"section\">\n\t\t\t\t\t\t<div class=\"elementor-container elementor-column-gap-default\">\n\t\t\t\t\t<div class=\"elementor-column elementor-col-100 elementor-top-column elementor-element elementor-element-6fe1985\" data-id=\"6fe1985\" data-element_type=\"column\" data-e-type=\"column\">\n\t\t\t<div class=\"elementor-widget-wrap elementor-element-populated\">\n\t\t\t\t\t\t<div class=\"elementor-element elementor-element-dd8d272 elementor-widget elementor-widget-heading\" data-id=\"dd8d272\" data-element_type=\"widget\" data-e-type=\"widget\" data-widget_type=\"heading.default\">\n\t\t\t\t<div class=\"elementor-widget-container\">\n\t\t\t\t\t<h2 class=\"elementor-heading-title elementor-size-default\">LLR Care Record: Lucr\u00e2nd \u00eempreun\u0103 pentru a v\u0103 \u00eembun\u0103t\u0103\u021bi \u00eengrijirea (englez\u0103)<\/h2>\t\t\t\t<\/div>\n\t\t\t\t<\/div>\n\t\t\t\t\t<\/div>\n\t\t<\/div>\n\t\t\t\t\t<\/div>\n\t\t<\/section>\n\t\t\t\t<section data-particle_enable=\"false\" data-particle-mobile-disabled=\"false\" class=\"elementor-section elementor-top-section elementor-element elementor-element-153bd13 elementor-section-boxed elementor-section-height-default elementor-section-height-default\" data-id=\"153bd13\" data-element_type=\"section\" data-e-type=\"section\">\n\t\t\t\t\t\t<div class=\"elementor-container elementor-column-gap-default\">\n\t\t\t\t\t<div class=\"elementor-column elementor-col-100 elementor-top-column elementor-element elementor-element-d93c09d\" data-id=\"d93c09d\" data-element_type=\"column\" data-e-type=\"column\">\n\t\t\t<div class=\"elementor-widget-wrap elementor-element-populated\">\n\t\t\t\t\t\t<div class=\"elementor-element elementor-element-0897f76 elementor-widget-divider--view-line elementor-widget elementor-widget-divider\" data-id=\"0897f76\" data-element_type=\"widget\" data-e-type=\"widget\" data-widget_type=\"divider.default\">\n\t\t\t\t<div class=\"elementor-widget-container\">\n\t\t\t\t\t\t\t<div class=\"elementor-divider\">\n\t\t\t<span class=\"elementor-divider-separator\">\n\t\t\t\t\t\t<\/span>\n\t\t<\/div>\n\t\t\t\t\t\t<\/div>\n\t\t\t\t<\/div>\n\t\t\t\t\t<\/div>\n\t\t<\/div>\n\t\t\t\t\t<\/div>\n\t\t<\/section>\n\t\t\t\t<section data-particle_enable=\"false\" data-particle-mobile-disabled=\"false\" class=\"elementor-section elementor-top-section elementor-element elementor-element-d1f99e1 elementor-section-boxed elementor-section-height-default elementor-section-height-default\" data-id=\"d1f99e1\" data-element_type=\"section\" data-e-type=\"section\">\n\t\t\t\t\t\t<div class=\"elementor-container elementor-column-gap-default\">\n\t\t\t\t\t<div class=\"elementor-column elementor-col-100 elementor-top-column elementor-element elementor-element-68f0325\" data-id=\"68f0325\" data-element_type=\"column\" data-e-type=\"column\">\n\t\t\t<div class=\"elementor-widget-wrap\">\n\t\t\t\t\t\t\t<\/div>\n\t\t<\/div>\n\t\t\t\t\t<\/div>\n\t\t<\/section>\n\t\t\t\t<section data-particle_enable=\"false\" data-particle-mobile-disabled=\"false\" class=\"elementor-section elementor-top-section elementor-element elementor-element-c966151 elementor-section-boxed elementor-section-height-default elementor-section-height-default\" data-id=\"c966151\" data-element_type=\"section\" data-e-type=\"section\">\n\t\t\t\t\t\t<div class=\"elementor-container elementor-column-gap-default\">\n\t\t\t\t\t<div class=\"elementor-column elementor-col-100 elementor-top-column elementor-element elementor-element-e877ce8\" data-id=\"e877ce8\" data-element_type=\"column\" data-e-type=\"column\">\n\t\t\t<div class=\"elementor-widget-wrap elementor-element-populated\">\n\t\t\t\t\t\t<div class=\"elementor-element elementor-element-66c963b elementor-widget elementor-widget-text-editor\" data-id=\"66c963b\" data-element_type=\"widget\" data-e-type=\"widget\" data-widget_type=\"text-editor.default\">\n\t\t\t\t<div class=\"elementor-widget-container\">\n\t\t\t\t\t\t\t\t\t<p>Leicester, Leicestershire \u0219i Rutland Care Record<\/p><p>Lucr\u00e2nd \u00eempreun\u0103 pentru a v\u0103 \u00eembun\u0103t\u0103\u021bi \u00eengrijirea<\/p><p><strong>Care este \u00eenregistrarea de \u00eengrijire a Leicester, Leicestershire \u0219i Rutland? <\/strong><\/p><p>Leicester, Leicestershire and Rutland Care Record este un sistem informatic securizat care reune\u0219te informa\u021bii importante despre persoanele care au folosit serviciile oferite de medicul de familie, la un spital local, asisten\u021b\u0103 medical\u0103 comunitar\u0103, servicii sociale sau echipe de s\u0103n\u0103tate mintal\u0103. Acesta permite personalului clinic \u0219i de \u00eengrijire s\u0103 vad\u0103 \u00een timp real informa\u021bii despre s\u0103n\u0103tate \u0219i \u00eengrijire \u00eentre furnizorii de servicii de \u00eengrijire \u0219i \u00eentre diferite sisteme.<\/p><p>Toate \u00eenregistr\u0103rile sunt strict confiden\u021biale \u0219i pot fi accesate numai de personalul clinic \u0219i de \u00eengrijire care este direct implicat \u00een \u00eengrijirea unei persoane. Registrul de \u00eengrijire a Leicester, Leicestershire \u0219i Rutland de\u021bine anumite informa\u021bii despre o persoan\u0103, de exemplu:<\/p><ul><li>Adresa si numarul de telefon<\/li><li>Numiri<\/li><li>Medicamente \u2013 astfel \u00eenc\u00e2t to\u021bi cei care v\u0103 \u00eengrijesc s\u0103 poat\u0103 vedea ce medicamente vi s-au prescris<\/li><li>Alergii - pentru a v\u0103 asigura c\u0103 nu vi se prescriu sau nu vi se administreaz\u0103 medicamente la care a\u021bi putea avea o reac\u021bie advers\u0103<\/li><li>Rezultatele testelor \u2013 pentru a accelera tratamentul \u0219i \u00eengrijirea<\/li><li>Recomand\u0103ri, scrisori clinice \u0219i informa\u021bii despre externare \u2013 pentru a v\u0103 asigura c\u0103 persoanele care v\u0103 \u00eengrijesc au toate informa\u021biile de care au nevoie despre alte \u00eengrijiri \u0219i tratamente pe care le primi\u021bi \u00een alt\u0103 parte.<\/li><\/ul><p><strong>Cine poate vedea \u00eenregistrarea mea de \u00eengrijire a Leicester, Leicestershire \u0219i Rutland? <\/strong><\/p><p>Numai personalul clinic \u0219i de \u00eengrijire implicat direct \u00een \u00eengrijirea dumneavoastr\u0103 va vedea \u00eenregistrarea dumneavoastr\u0103 de \u00eengrijire Leicester, Leicestershire \u0219i Rutland. Nu \u00eel vom \u00eemp\u0103rt\u0103\u0219i cu nimeni care nu v\u0103 ofer\u0103 tratament, \u00eengrijire sau sprijin. Detaliile dumneavoastr\u0103 nu vor fi f\u0103cute publice sau transmise nim\u0103nui care nu sunt direct implica\u021bi \u00een \u00eengrijirea dumneavoastr\u0103.<\/p><p><strong>Cum \u0219tiu c\u0103 \u00eenregistrarea mea de \u00eengrijire a Leicester, Leicestershire \u0219i Rutland este \u00een siguran\u021b\u0103? <\/strong><\/p><p>Informa\u021biile dumneavoastr\u0103 sunt reunite \u00een siguran\u021b\u0103 din sistemele clinice \u0219i de \u00eengrijire din \u00eentreaga regiune \u0219i sunt afi\u0219ate \u00een Leicester, Leicestershire and Rutland Care Record pentru a fi utilizate \u00een timpul \u00eengrijirii directe \u0219i r\u0103m\u00e2n confiden\u021biale.<\/p><p>Registrul de \u00eengrijire Leicester, Leicestershire \u0219i Rutland ofer\u0103 personalului clinic \u0219i de \u00eengrijire direct implicat \u00een \u00eengrijirea dumneavoastr\u0103 acces la cele mai actualizate informa\u021bii despre dumneavoastr\u0103.<\/p><p>Face acest lucru prin partajarea informa\u021biilor adecvate din dosarele dumneavoastr\u0103 de s\u0103n\u0103tate \u0219i \u00eengrijire \u00eentre serviciile de s\u0103n\u0103tate \u0219i de asisten\u021b\u0103 social\u0103 din Leicester, Leicestershire \u0219i Rutland.<\/p><p><strong>Unde va fi utilizat\u0103 \u00eenregistrarea de \u00eengrijire a Leicester, Leicestershire \u0219i Rutland:<\/strong><\/p><p>Cabinete de medicin\u0103 general\u0103 \/ Servicii comunitare de asisten\u021b\u0103 medical\u0103 \/ Spitale NHS \/ Servicii de asisten\u021b\u0103 social\u0103 \/ Servicii de s\u0103n\u0103tate mintal\u0103 \/ Hospices<\/p><p><strong>Care sunt beneficiile recordului de \u00eengrijire a Leicester, Leicestershire \u0219i Rutland? <\/strong><\/p><ul><li>\u00cengrijire unit\u0103 \u0219i mai sigur\u0103<\/li><li>Mai mult timp de alocat \u00eengrijirii tale<\/li><li>Mai pu\u021bine h\u00e2rtii<\/li><li>Informa\u021biile dvs. \u00eentr-un singur loc<\/li><li>Nu trebuie s\u0103 repeta\u021bi detaliile altor personal clinic \u0219i de \u00eengrijire.<\/li><\/ul><p><strong>Scenariul 1 <\/strong><\/p><p>Deci, cum func\u021bioneaz\u0103?<\/p><p>Jamie este \u00eentr-o excursie \u0219colar\u0103 la Rutland Water \u0219i are o reac\u021bie alergic\u0103.<\/p><p>P\u0103rin\u021bii nu pot fi contacta\u021bi; Jamie este dus la spital cu ambulan\u021ba.<\/p><p>Personalul de \u00eengrijire a spitalului poate accesa Registrul de \u00eengrijire a Leicester, Leicestershire \u0219i Rutland pentru a vedea istoricul de medicamente \u0219i alergii al lui Jamie.<\/p><ul><li>Medicamente \u0219i lista de alergii: furnizate de medicul de familie Jamie<\/li><li>Rezumat A&amp;E: Furnizat de personalul spitalicesc<\/li><\/ul><p><strong>Beneficiu<\/strong><\/p><p>Registrul de \u00eengrijire a Leicester, Leicestershire \u0219i Rutland permite personalului clinic \u0219i de \u00eengrijire s\u0103 ofere \u00eengrijiri de urgen\u021b\u0103 pentru a-l trata pe Jamie imediat \u0219i \u00een siguran\u021b\u0103.<\/p><p><strong>Scenariul 2<\/strong><\/p><p>Harpreet a fost la Leicester Royal Infirmary recuper\u00e2ndu-se dup\u0103 o c\u0103dere.<\/p><p>La \u0219ederea ei anterioar\u0103 \u00een spital, a fost \u00eent\u00e2rziat\u0103 s\u0103 plece, deoarece echipa de \u00eengrijire din spital nu a fost sigur\u0103 pentru o perioad\u0103 de timp despre ce sprijin era disponibil la domiciliu.<\/p><p>Acum, cu ajutorul Leicester, Leicestershire and Rutland Care Record, unitatea de externare poate avea \u00eencredere c\u0103 pachetul potrivit de \u00eengrijire social\u0103 este \u00een vigoare pentru Harpreet la domiciliul ei din Leicester.<\/p><ul><li>Scrisoare de externare: furnizat\u0103 de personalul de la externare<\/li><li>Pachet de asisten\u021b\u0103 social\u0103: furnizat de echipa de asisten\u021b\u0103 social\u0103<\/li><li>Sprijin comunitar: furnizat de asistenta medical\u0103 comunitar\u0103<\/li><\/ul><p><strong>Beneficiu<\/strong><\/p><p>Partajarea informa\u021biilor lui Harpreet permite spitalului, comunit\u0103\u021bii \u0219i echipelor de asisten\u021b\u0103 social\u0103 s\u0103 fie mai informate, permi\u021b\u00e2ndu-le s\u0103 ofere \u00eengrijire mai bun\u0103 \u0219i mai sigur\u0103.<\/p><p><strong>Pot s\u0103 m\u0103 opun c\u0103 \u00eenregistr\u0103rile mele de \u00eengrijire Leicester, Leicestershire \u0219i Rutland sunt partajate?<\/strong><\/p><p>Da. Ave\u021bi dreptul s\u0103 v\u0103 opune\u021bi ca dosarul dumneavoastr\u0103 de \u00eengrijire a Leicester, Leicestershire \u0219i Rutland s\u0103 fie partajat. Cu toate acestea, dac\u0103 personalul necesit\u0103 acces la informa\u021biile partajate \u00een Registrul de \u00eengrijire a Leicester, Leicestershire \u0219i Rutland pentru a oferi \u00eengrijire individual\u0103 sigur\u0103, li se permite legal accesul.<\/p><p><strong>Alte intrebari? <\/strong><\/p><p>Dac\u0103 ave\u021bi \u00eentreb\u0103ri cu privire la Registrul de \u00eengrijire a Leicester, Leicestershire \u0219i Rutland, v\u0103 rug\u0103m s\u0103 contacta\u021bi orice practician din domeniul s\u0103n\u0103t\u0103\u021bii sau asisten\u021bei medicale care poate trimite \u00eentrebarea dvs. la departamentul de guvernare a informa\u021biilor al organiza\u021biei lor.<\/p><p><strong>Informatii suplimentare<\/strong><\/p><p>Pentru mai multe informa\u021bii, v\u0103 rug\u0103m s\u0103 vizita\u021bi site-ul LLR ICB: <a href=\"https:\/\/leicesterleicestershireandrutland.icb.nhs.uk\/ro\/your-care-record\/\">https:\/\/leicesterleicestershireandrutland.icb.nhs.uk\/your-care-record\/<\/a><\/p><p>Pentru a contacta echipa LLR Care Record Program, v\u0103 rug\u0103m s\u0103 trimite\u021bi un e-mail:<\/p><p><a href=\"mailto:lpt.llrcarerecord@nhs.net\">lpt.llrcarerecord@nhs.net<\/a><\/p>\t\t\t\t\t\t\t\t<\/div>\n\t\t\t\t<\/div>\n\t\t\t\t\t<\/div>\n\t\t<\/div>\n\t\t\t\t\t<\/div>\n\t\t<\/section>\n\t\t\t\t<\/div>","protected":false},"excerpt":{"rendered":"<p>LLR Care Record: Working together to improve your care (English) Leicester, Leicestershire and Rutland Care Record Working together to improve your care What is the Leicester, Leicestershire and Rutland Care [&hellip;]<\/p>\n","protected":false},"author":9,"featured_media":0,"parent":424,"menu_order":0,"comment_status":"closed","ping_status":"closed","template":"","meta":{"_eb_attr":"","footnotes":""},"class_list":["post-17692","page","type-page","status-publish","hentry"],"yoast_head":"<!-- This site is optimized with the Yoast SEO plugin v27.5 - https:\/\/yoast.com\/product\/yoast-seo-wordpress\/ -->\n<title>LLR Care Record: Working together to improve your care (English) - LLR ICB<\/title>\n<meta name=\"robots\" content=\"index, follow, max-snippet:-1, max-image-preview:large, max-video-preview:-1\" \/>\n<link rel=\"canonical\" href=\"https:\/\/leicesterleicestershireandrutland.icb.nhs.uk\/ro\/your-health\/your-care-record\/llr-care-record-working-together-to-improve-your-care-english\/\" \/>\n<meta property=\"og:locale\" content=\"ro_RO\" \/>\n<meta property=\"og:type\" content=\"article\" \/>\n<meta property=\"og:title\" content=\"LLR Care Record: Working together to improve your care (English) - LLR ICB\" \/>\n<meta property=\"og:description\" content=\"LLR Care Record: Working together to improve your care (English) Leicester, Leicestershire and Rutland Care Record Working together to improve your care What is the Leicester, Leicestershire and Rutland Care [&hellip;]\" \/>\n<meta property=\"og:url\" content=\"https:\/\/leicesterleicestershireandrutland.icb.nhs.uk\/ro\/your-health\/your-care-record\/llr-care-record-working-together-to-improve-your-care-english\/\" \/>\n<meta property=\"og:site_name\" content=\"LLR ICB\" \/>\n<meta property=\"article:publisher\" content=\"https:\/\/www.facebook.com\/NHSLLR\" \/>\n<meta property=\"article:modified_time\" content=\"2024-07-16T14:15:05+00:00\" \/>\n<meta name=\"twitter:card\" content=\"summary_large_image\" \/>\n<meta name=\"twitter:site\" content=\"@NHS_LLR\" \/>\n<meta name=\"twitter:label1\" content=\"Timp estimat pentru citire\" \/>\n\t<meta name=\"twitter:data1\" content=\"4 minute\" \/>\n<script type=\"application\/ld+json\" class=\"yoast-schema-graph\">{\"@context\":\"https:\\\/\\\/schema.org\",\"@graph\":[{\"@type\":\"WebPage\",\"@id\":\"https:\\\/\\\/leicesterleicestershireandrutland.icb.nhs.uk\\\/your-health\\\/your-care-record\\\/llr-care-record-working-together-to-improve-your-care-english\\\/\",\"url\":\"https:\\\/\\\/leicesterleicestershireandrutland.icb.nhs.uk\\\/your-health\\\/your-care-record\\\/llr-care-record-working-together-to-improve-your-care-english\\\/\",\"name\":\"LLR Care Record: Working together to improve your care (English) - LLR ICB\",\"isPartOf\":{\"@id\":\"https:\\\/\\\/leicesterleicestershireandrutland.icb.nhs.uk\\\/#website\"},\"datePublished\":\"2024-07-16T13:14:00+00:00\",\"dateModified\":\"2024-07-16T14:15:05+00:00\",\"breadcrumb\":{\"@id\":\"https:\\\/\\\/leicesterleicestershireandrutland.icb.nhs.uk\\\/your-health\\\/your-care-record\\\/llr-care-record-working-together-to-improve-your-care-english\\\/#breadcrumb\"},\"inLanguage\":\"ro-RO\",\"potentialAction\":[{\"@type\":\"ReadAction\",\"target\":[\"https:\\\/\\\/leicesterleicestershireandrutland.icb.nhs.uk\\\/your-health\\\/your-care-record\\\/llr-care-record-working-together-to-improve-your-care-english\\\/\"]}]},{\"@type\":\"BreadcrumbList\",\"@id\":\"https:\\\/\\\/leicesterleicestershireandrutland.icb.nhs.uk\\\/your-health\\\/your-care-record\\\/llr-care-record-working-together-to-improve-your-care-english\\\/#breadcrumb\",\"itemListElement\":[{\"@type\":\"ListItem\",\"position\":1,\"name\":\"Home\",\"item\":\"https:\\\/\\\/leicesterleicestershireandrutland.icb.nhs.uk\\\/\"},{\"@type\":\"ListItem\",\"position\":2,\"name\":\"Your Health\",\"item\":\"https:\\\/\\\/leicesterleicestershireandrutland.icb.nhs.uk\\\/your-health\\\/\"},{\"@type\":\"ListItem\",\"position\":3,\"name\":\"Your Care Record\",\"item\":\"https:\\\/\\\/leicesterleicestershireandrutland.icb.nhs.uk\\\/your-health\\\/your-care-record\\\/\"},{\"@type\":\"ListItem\",\"position\":4,\"name\":\"LLR Care Record: Working together to improve your care (English)\"}]},{\"@type\":\"WebSite\",\"@id\":\"https:\\\/\\\/leicesterleicestershireandrutland.icb.nhs.uk\\\/#website\",\"url\":\"https:\\\/\\\/leicesterleicestershireandrutland.icb.nhs.uk\\\/\",\"name\":\"LLR ICB\",\"description\":\"LLR Integrated Care Board\",\"publisher\":{\"@id\":\"https:\\\/\\\/leicesterleicestershireandrutland.icb.nhs.uk\\\/#organization\"},\"potentialAction\":[{\"@type\":\"SearchAction\",\"target\":{\"@type\":\"EntryPoint\",\"urlTemplate\":\"https:\\\/\\\/leicesterleicestershireandrutland.icb.nhs.uk\\\/?s={search_term_string}\"},\"query-input\":{\"@type\":\"PropertyValueSpecification\",\"valueRequired\":true,\"valueName\":\"search_term_string\"}}],\"inLanguage\":\"ro-RO\"},{\"@type\":\"Organization\",\"@id\":\"https:\\\/\\\/leicesterleicestershireandrutland.icb.nhs.uk\\\/#organization\",\"name\":\"LLR ICB\",\"url\":\"https:\\\/\\\/leicesterleicestershireandrutland.icb.nhs.uk\\\/\",\"logo\":{\"@type\":\"ImageObject\",\"inLanguage\":\"ro-RO\",\"@id\":\"https:\\\/\\\/leicesterleicestershireandrutland.icb.nhs.uk\\\/#\\\/schema\\\/logo\\\/image\\\/\",\"url\":\"https:\\\/\\\/i0.wp.com\\\/leicesterleicestershireandrutland.icb.nhs.uk\\\/wp-content\\\/uploads\\\/2022\\\/06\\\/New-Project-4.jpg?fit=452%2C93&ssl=1\",\"contentUrl\":\"https:\\\/\\\/i0.wp.com\\\/leicesterleicestershireandrutland.icb.nhs.uk\\\/wp-content\\\/uploads\\\/2022\\\/06\\\/New-Project-4.jpg?fit=452%2C93&ssl=1\",\"width\":452,\"height\":93,\"caption\":\"LLR ICB\"},\"image\":{\"@id\":\"https:\\\/\\\/leicesterleicestershireandrutland.icb.nhs.uk\\\/#\\\/schema\\\/logo\\\/image\\\/\"},\"sameAs\":[\"https:\\\/\\\/www.facebook.com\\\/NHSLLR\",\"https:\\\/\\\/x.com\\\/NHS_LLR\",\"https:\\\/\\\/www.instagram.com\\\/nhsllr\\\/\"]}]}<\/script>\n<!-- \/ Yoast SEO plugin. -->","yoast_head_json":{"title":"Fi\u0219a de \u00eengrijire LLR: Lucr\u00e2nd \u00eempreun\u0103 pentru a v\u0103 \u00eembun\u0103t\u0103\u021bi \u00eengrijirea (englez\u0103) - LLR ICB","robots":{"index":"index","follow":"follow","max-snippet":"max-snippet:-1","max-image-preview":"max-image-preview:large","max-video-preview":"max-video-preview:-1"},"canonical":"https:\/\/leicesterleicestershireandrutland.icb.nhs.uk\/ro\/your-health\/your-care-record\/llr-care-record-working-together-to-improve-your-care-english\/","og_locale":"ro_RO","og_type":"article","og_title":"LLR Care Record: Working together to improve your care (English) - LLR ICB","og_description":"LLR Care Record: Working together to improve your care (English) Leicester, Leicestershire and Rutland Care Record Working together to improve your care What is the Leicester, Leicestershire and Rutland Care [&hellip;]","og_url":"https:\/\/leicesterleicestershireandrutland.icb.nhs.uk\/ro\/your-health\/your-care-record\/llr-care-record-working-together-to-improve-your-care-english\/","og_site_name":"LLR ICB","article_publisher":"https:\/\/www.facebook.com\/NHSLLR","article_modified_time":"2024-07-16T14:15:05+00:00","twitter_card":"summary_large_image","twitter_site":"@NHS_LLR","twitter_misc":{"Timp estimat pentru citire":"4 minute"},"schema":{"@context":"https:\/\/schema.org","@graph":[{"@type":"WebPage","@id":"https:\/\/leicesterleicestershireandrutland.icb.nhs.uk\/your-health\/your-care-record\/llr-care-record-working-together-to-improve-your-care-english\/","url":"https:\/\/leicesterleicestershireandrutland.icb.nhs.uk\/your-health\/your-care-record\/llr-care-record-working-together-to-improve-your-care-english\/","name":"Fi\u0219a de \u00eengrijire LLR: Lucr\u00e2nd \u00eempreun\u0103 pentru a v\u0103 \u00eembun\u0103t\u0103\u021bi \u00eengrijirea (englez\u0103) - LLR ICB","isPartOf":{"@id":"https:\/\/leicesterleicestershireandrutland.icb.nhs.uk\/#website"},"datePublished":"2024-07-16T13:14:00+00:00","dateModified":"2024-07-16T14:15:05+00:00","breadcrumb":{"@id":"https:\/\/leicesterleicestershireandrutland.icb.nhs.uk\/your-health\/your-care-record\/llr-care-record-working-together-to-improve-your-care-english\/#breadcrumb"},"inLanguage":"ro-RO","potentialAction":[{"@type":"ReadAction","target":["https:\/\/leicesterleicestershireandrutland.icb.nhs.uk\/your-health\/your-care-record\/llr-care-record-working-together-to-improve-your-care-english\/"]}]},{"@type":"BreadcrumbList","@id":"https:\/\/leicesterleicestershireandrutland.icb.nhs.uk\/your-health\/your-care-record\/llr-care-record-working-together-to-improve-your-care-english\/#breadcrumb","itemListElement":[{"@type":"ListItem","position":1,"name":"Home","item":"https:\/\/leicesterleicestershireandrutland.icb.nhs.uk\/"},{"@type":"ListItem","position":2,"name":"Your Health","item":"https:\/\/leicesterleicestershireandrutland.icb.nhs.uk\/your-health\/"},{"@type":"ListItem","position":3,"name":"Your Care Record","item":"https:\/\/leicesterleicestershireandrutland.icb.nhs.uk\/your-health\/your-care-record\/"},{"@type":"ListItem","position":4,"name":"LLR Care Record: Working together to improve your care (English)"}]},{"@type":"WebSite","@id":"https:\/\/leicesterleicestershireandrutland.icb.nhs.uk\/#website","url":"https:\/\/leicesterleicestershireandrutland.icb.nhs.uk\/","name":"LLR ICB","description":"LLR Integrated Care Board","publisher":{"@id":"https:\/\/leicesterleicestershireandrutland.icb.nhs.uk\/#organization"},"potentialAction":[{"@type":"SearchAction","target":{"@type":"EntryPoint","urlTemplate":"https:\/\/leicesterleicestershireandrutland.icb.nhs.uk\/?s={search_term_string}"},"query-input":{"@type":"PropertyValueSpecification","valueRequired":true,"valueName":"search_term_string"}}],"inLanguage":"ro-RO"},{"@type":"Organization","@id":"https:\/\/leicesterleicestershireandrutland.icb.nhs.uk\/#organization","name":"LLR ICB","url":"https:\/\/leicesterleicestershireandrutland.icb.nhs.uk\/","logo":{"@type":"ImageObject","inLanguage":"ro-RO","@id":"https:\/\/leicesterleicestershireandrutland.icb.nhs.uk\/#\/schema\/logo\/image\/","url":"https:\/\/i0.wp.com\/leicesterleicestershireandrutland.icb.nhs.uk\/wp-content\/uploads\/2022\/06\/New-Project-4.jpg?fit=452%2C93&ssl=1","contentUrl":"https:\/\/i0.wp.com\/leicesterleicestershireandrutland.icb.nhs.uk\/wp-content\/uploads\/2022\/06\/New-Project-4.jpg?fit=452%2C93&ssl=1","width":452,"height":93,"caption":"LLR ICB"},"image":{"@id":"https:\/\/leicesterleicestershireandrutland.icb.nhs.uk\/#\/schema\/logo\/image\/"},"sameAs":["https:\/\/www.facebook.com\/NHSLLR","https:\/\/x.com\/NHS_LLR","https:\/\/www.instagram.com\/nhsllr\/"]}]}},"jetpack_sharing_enabled":true,"_links":{"self":[{"href":"https:\/\/leicesterleicestershireandrutland.icb.nhs.uk\/ro\/wp-json\/wp\/v2\/pages\/17692","targetHints":{"allow":["GET"]}}],"collection":[{"href":"https:\/\/leicesterleicestershireandrutland.icb.nhs.uk\/ro\/wp-json\/wp\/v2\/pages"}],"about":[{"href":"https:\/\/leicesterleicestershireandrutland.icb.nhs.uk\/ro\/wp-json\/wp\/v2\/types\/page"}],"author":[{"embeddable":true,"href":"https:\/\/leicesterleicestershireandrutland.icb.nhs.uk\/ro\/wp-json\/wp\/v2\/users\/9"}],"replies":[{"embeddable":true,"href":"https:\/\/leicesterleicestershireandrutland.icb.nhs.uk\/ro\/wp-json\/wp\/v2\/comments?post=17692"}],"version-history":[{"count":8,"href":"https:\/\/leicesterleicestershireandrutland.icb.nhs.uk\/ro\/wp-json\/wp\/v2\/pages\/17692\/revisions"}],"predecessor-version":[{"id":26531,"href":"https:\/\/leicesterleicestershireandrutland.icb.nhs.uk\/ro\/wp-json\/wp\/v2\/pages\/17692\/revisions\/26531"}],"up":[{"embeddable":true,"href":"https:\/\/leicesterleicestershireandrutland.icb.nhs.uk\/ro\/wp-json\/wp\/v2\/pages\/424"}],"wp:attachment":[{"href":"https:\/\/leicesterleicestershireandrutland.icb.nhs.uk\/ro\/wp-json\/wp\/v2\/media?parent=17692"}],"curies":[{"name":"wp","href":"https:\/\/api.w.org\/{rel}","templated":true}]}}