{"id":17722,"date":"2024-07-16T14:02:02","date_gmt":"2024-07-16T14:02:02","guid":{"rendered":"https:\/\/leicesterleicestershireandrutland.icb.nhs.uk\/?page_id=17722"},"modified":"2024-07-16T14:05:46","modified_gmt":"2024-07-16T14:05:46","slug":"llr-care-record-working-together-to-improve-your-care-somali","status":"publish","type":"page","link":"https:\/\/leicesterleicestershireandrutland.icb.nhs.uk\/ro\/your-health\/your-care-record\/llr-care-record-working-together-to-improve-your-care-somali\/","title":{"rendered":"LLR Care Record: Lucr\u00e2nd \u00eempreun\u0103 pentru a v\u0103 \u00eembun\u0103t\u0103\u021bi \u00eengrijirea (somaliz\u0103)"},"content":{"rendered":"<div data-elementor-type=\"wp-page\" data-elementor-id=\"17722\" class=\"elementor elementor-17722\" data-elementor-post-type=\"page\">\n\t\t\t\t\t\t<section data-particle_enable=\"false\" data-particle-mobile-disabled=\"false\" class=\"elementor-section elementor-top-section elementor-element elementor-element-502d935 elementor-section-boxed elementor-section-height-default elementor-section-height-default\" data-id=\"502d935\" data-element_type=\"section\" data-e-type=\"section\">\n\t\t\t\t\t\t<div class=\"elementor-container elementor-column-gap-default\">\n\t\t\t\t\t<div class=\"elementor-column elementor-col-100 elementor-top-column elementor-element elementor-element-eb053a0\" data-id=\"eb053a0\" data-element_type=\"column\" data-e-type=\"column\">\n\t\t\t<div class=\"elementor-widget-wrap elementor-element-populated\">\n\t\t\t\t\t\t<div class=\"elementor-element elementor-element-d28398b elementor-widget elementor-widget-heading\" data-id=\"d28398b\" data-element_type=\"widget\" data-e-type=\"widget\" data-widget_type=\"heading.default\">\n\t\t\t\t<div class=\"elementor-widget-container\">\n\t\t\t\t\t<h2 class=\"elementor-heading-title elementor-size-default\">LLR Care Record: Lucr\u00e2nd \u00eempreun\u0103 pentru a v\u0103 \u00eembun\u0103t\u0103\u021bi \u00eengrijirea (somaliz\u0103)<\/h2>\t\t\t\t<\/div>\n\t\t\t\t<\/div>\n\t\t\t\t\t<\/div>\n\t\t<\/div>\n\t\t\t\t\t<\/div>\n\t\t<\/section>\n\t\t\t\t<section data-particle_enable=\"false\" data-particle-mobile-disabled=\"false\" class=\"elementor-section elementor-top-section elementor-element elementor-element-30157f9 elementor-section-boxed elementor-section-height-default elementor-section-height-default\" data-id=\"30157f9\" data-element_type=\"section\" data-e-type=\"section\">\n\t\t\t\t\t\t<div class=\"elementor-container elementor-column-gap-default\">\n\t\t\t\t\t<div class=\"elementor-column elementor-col-100 elementor-top-column elementor-element elementor-element-daec8ea\" data-id=\"daec8ea\" data-element_type=\"column\" data-e-type=\"column\">\n\t\t\t<div class=\"elementor-widget-wrap elementor-element-populated\">\n\t\t\t\t\t\t<div class=\"elementor-element elementor-element-873330a elementor-widget-divider--view-line elementor-widget elementor-widget-divider\" data-id=\"873330a\" data-element_type=\"widget\" data-e-type=\"widget\" data-widget_type=\"divider.default\">\n\t\t\t\t<div class=\"elementor-widget-container\">\n\t\t\t\t\t\t\t<div class=\"elementor-divider\">\n\t\t\t<span class=\"elementor-divider-separator\">\n\t\t\t\t\t\t<\/span>\n\t\t<\/div>\n\t\t\t\t\t\t<\/div>\n\t\t\t\t<\/div>\n\t\t\t\t\t<\/div>\n\t\t<\/div>\n\t\t\t\t\t<\/div>\n\t\t<\/section>\n\t\t\t\t<section data-particle_enable=\"false\" data-particle-mobile-disabled=\"false\" class=\"elementor-section elementor-top-section elementor-element elementor-element-a65846e elementor-section-boxed elementor-section-height-default elementor-section-height-default\" data-id=\"a65846e\" data-element_type=\"section\" data-e-type=\"section\">\n\t\t\t\t\t\t<div class=\"elementor-container elementor-column-gap-default\">\n\t\t\t\t\t<div class=\"elementor-column elementor-col-100 elementor-top-column elementor-element elementor-element-126f810\" data-id=\"126f810\" data-element_type=\"column\" data-e-type=\"column\">\n\t\t\t<div class=\"elementor-widget-wrap elementor-element-populated\">\n\t\t\t\t\t\t<div class=\"elementor-element elementor-element-19c98aa elementor-widget elementor-widget-text-editor\" data-id=\"19c98aa\" data-element_type=\"widget\" data-e-type=\"widget\" data-widget_type=\"text-editor.default\">\n\t\t\t\t<div class=\"elementor-widget-container\">\n\t\t\t\t\t\t\t\t\t<p>Diiwaanka Daryeelka Leicester, Leicestershire \u0219i Rutland<\/p><p>Si wadajir ah ugu shaqaynayan sidii ay u hormarin lahayeen daryeelkaaga<\/p><p><strong>Daryeelka Leicester, Leicestershire \u0219i Rutland? <\/strong><\/p><p>\u00a0<\/p><p>Diiwaanka Daryeelka Leicester, Leicestershire iyo Rutland waa nidaam kombuyuutar oo ammaan ah oo isku keenaya macluumaadka muhiimka ah ee ku saabsan dadka isticmaalay adeegyada uu bixiyo dhakhtarkooda guud(GP-goxiadka, daryeelka) bulshada, adeegyada bulshada ama kooxaha caafimaadka maskaxda . Waxay awood u siinaysaa shaqaalaha caafimaadka iyo daryeelka inay fiiriyaan caafimaadka iyo macluumaadka daryeelka wakhtiga dhabta ah ee dhammaan bixiyayaasha daryeelka iyo inta u dhaxaysa nidaamyada kala duwan.<\/p><p>\u00a0<\/p><p>Dhammaan diiwaanada waa kuwa si adag qarsoodi u ah oo ay heli karaan oo kaliya shaqaalaha caafimaadka iyo daryeelka kuwaas oo si toos ah ugu qaybqaata daryeelka shakhsiga. Diiwaanka Daryeelka Leicester, Leicestershire iyo Rutland waxa uu keediyaa macluumaad gaar ah oo ku saabsan shakhsiga, tusaale ahaan:<\/p><p>\u00a0<\/p><ul><li>Cinwaanka iyo lambarka taleefoonka<\/li><li>Ballamaha<\/li><li>Daawooyinka \u2013 si qof kasta oo ku daryeelaya uu u arki karo waxa ay yihiin daawooyinka laguu qoray<\/li><li>Xasaasiyadda \u2013 si loo xaqiijiyo inaan laguu qorin ama aan lagu siinin wax daawooyin ah oo laga yaabo inaad falcelin xun ka qabto<\/li><li>Natiijooyinka baaritaanka \u2013 si loo dedejiyo daaweynta iyo daryeelka<\/li><li>Gudbinta, waraaqaha caafimaadka iyo macluumaadka ka saaritaanka \u2013 si loo xaqiijiyo in dadka ku daryeela ay haystaan dhammaan macluumaadka ay u baahan yihiin ee ku saabsan daryeelka kale iyo daaweynta aad kale heleyso meel.<\/li><\/ul><p>\u00a0<\/p><p><strong>Da, ai cida arki karta Diiwaanka Daryeelka Leicester, Leicestershire \u0219i Rutland? <\/strong><\/p><p>\u00a0<\/p><p>Kaliya shaqaalaha caafimaadka iyo daryeelka ee sida tooska ah ugu lug leh daryeelkaaga ayaa arki doona diiwaankaaga daryeelka Leicester, Leicestershire iyo Rutland. Lama wadaagi doono qof aan ku bixineynin daawayntaada, daryeelkaaga ama taageeradaada. Faahfaahinadaada lagama yeeli doono kuwa shaacsan, ama looma gudbinayo cid aan si toos ah ugu lug lahayn daryeelkaaga.<\/p><p>\u00a0<\/p><p><strong>Sidee ayaan ku ogaan karaa in Diiwaankayga Daryeelka Leicester, Leicestershire iyo Rutland uu ammaan yahay? <\/strong><\/p><p>\u00a0<\/p><p>Macluumaadkaaga si ammaan ah ayaa looga soo uruuriyey nidaamyada caafimaadka iyo daryeelka ee gobolka oo dhan waxaana lagu soo bandhigaa Diiwaanka Daryeelka Leicester, Leicestershire iyo Rutland si loo isticmaalo inta jireelkau aqarah a laguskau a s-ar-o daryeelkau.<\/p><p>Diiwaanka Daryeelka Leicester, Leicestershire iyo Rutland waxa uu siiyaa shaqaalaha caafimaadka iyo daryeelka ee sida tooska ah ugu lug leh daryeelkaaga helitaanka macluumaadka ugu dambeeyay ee casriga ee adiga kugu saabsan.<\/p><p>\u00a0<\/p><p>Waxay tan ku samaynaysaa iyada oo la wadaagaysa macluumaadka ku habboon diiwaannadaada caafimaadka iyo daryeelka ee u dhexeeya adeegyada caafimaadka iyo daryeelka bulshada ee ku jira Leicester, Leicestershire iyo Rutland.<\/p><p>\u00a0<\/p><p><strong>Halka Diiwaanka Daryeelka Leicester, Leicestershire \u0219i Rutland mai multe informa\u021bii:<\/strong><\/p><p>\u00a0<\/p><p>Waxqabadyada GP-ga \/ Adeegyada daryeelka caafimaadka bulshada \/ isbitaallada NHS \/ Adeegyada daryeelka bulshada \/ Adeegyada caafimaadka Maskaxda \/ Hoyga bukaan-jiifyada<\/p><p>\u00a0<\/p><p><strong>Maxay yihiin faa&#039;iidooyinka Diiwaanka Daryeelka Leicester, Leicestershire iyo Rutland? <\/strong><\/p><p><strong>\u00a0<\/strong><\/p><ul><li>Isku-dhafan iyo daryeel badbaado leh<\/li><li>Waqti badan oo aad ku bixiso daryeelkaaga<\/li><li>Shaqada warqada yar<\/li><li>Macluumaadkaaga oo hal meel ku keedsan<\/li><li>Uma baahnid inaad ugu celiso faahfaahinada shaqaalaha caafimaadka iyo daryeelka kala duwan.<\/li><\/ul><p><strong>Muuqaalka 1-aad <\/strong><\/p><p>\u00a0<\/p><p>Marka, sidee ayay tu shaqeysaa?<\/p><p>\u00a0<\/p><p>Jamie waxay ku jirtaa safar dugsiyeed oo ku aadan Rutland Water waxaana ku dhacay falcelin xasaasiyadeed.<\/p><p>\u00a0<\/p><p>Waalidiinta lalama xiriiri karo; Jamie waxa isbitaalka loogu qaaday aambalaas.<\/p><p>\u00a0<\/p><p>Shaqaalaha daryeelka isbitaalka waxay geli karaan Diiwaanka Daryeelka Leicester, Leicestershire iyo Rutland \u0219i ay u arkaan daawada Jamie iyo taariikhda hore ee xasaasiyadda.<\/p><p>\u00a0<\/p><ul><li>Daawooyinka iyo liiska xasaasiyaddaha: Ee uu siiyey GP-ga Jamie<\/li><li>Soo koobitaanka A&amp;E: Ee ay siiyeen shaqaalaha daryeelka isbitaalka<\/li><\/ul><p>\u00a0<\/p><p><strong>Faa&#039;iidada<\/strong><\/p><p><strong>\u00a0<\/strong><\/p><p>Diiwaanka Daryeelka Leicester, Leicestershire iyo Rutland waxa uu u awood siinaya shaqaalaha caafimaadka iyo daryeelka inay bixiyaan daryeelka degdega ah si Jamie isla markiiba iyo si badqab ah u daaweeyaan.<\/p><p>\u00a0<\/p><p><strong>Muuqaalka 2-aad<\/strong><\/p><p>\u00a0<\/p><p>Harpreet waxay ku jirtay Isbitaalka Royal ee Leicester iyada oo ka soo bogsoonaysay dhicitaan.<\/p><p>\u00a0<\/p><p>Joogitaankeedii hore ee isbitaalka, way ka daahday bixitaankeeda maadaama kooxda daryeelka ee isbitaalka aysan hubin wax yar oo ku saabsan waxa ay yihiin taageerada guriga laga heli karo.<\/p><p>\u00a0<\/p><p>Hadda, iyada oo garab ka heleyso Diiwaanka Daryeelka Leicester, Leicestershire iyo Rutland, qaybta ka saaritaanka waxay ku kalsoonaan karaan in xirmada daryeelka bulshada ee saxda ah ay ugu meeleysan tahay Harpreet bartaicester.<\/p><p>\u00a0<\/p><ul><li>Warqadda ka saaritaanka isbitaalka: Ee ay siiyeen shaqaalaha ka saaritaanka isbitaalka<\/li><li>Xirmada daryeelka bulshada: Ee ay siiyeen kooxda daryeelka bulshada<\/li><li>Taageerada bulshada: Ee ay siiyeen kalkaalinta bulshada<\/li><\/ul><p>\u00a0<\/p><p><strong>Faa&#039;iidada<\/strong><\/p><p>\u00a0<\/p><p>Wadaagista macluumaadka Harpreet waxay u ogolaaneysa isbitaalka, kooxaha bulshada iyo daryeelka bulshada inay aad ugu warqabaan, taas oo u oggolaanaysa inay bixiyaan daryeel wanaagsan oo badqab ah.<\/p><p><strong>Miyaan diidi karaa in the wadaago Diiwaankayga Daryeelka Leicester, Leicestershire iyo Rutland?<\/strong><\/p><p>\u00a0<\/p><p>Haa. Waxaad xaq u leedahay inaad diido in Diiwaankaaga Daryeelka Leicester, Leicestershire iyo Rutland la wadaago. Si kastaba ha noqotee, haddii shaqaalaha u baahan yihiin inay helaan macluumaadka lagu wadaago Diiwaanka Daryeelka Leicester, Leicestershire iyo Rutland si ay u bixiyaan daryeelka shakhsiga ee badqabka ah waxaa si sharcig ah loaahay in sharcig ah lojalahay.<\/p><p><strong>\u00a0<\/strong><\/p><p><strong>Wixii su&#039;aalo ah? <\/strong><\/p><p>\u00a0<\/p><p>Haddii aad qabto wax su&#039;aalo ah oo ku saabsan Diiwaanka Daryeelka Leicester, Leicestershire iyo Rutland, fadlan la xiriir dhakhtar kasta oo caafimaad ama daryeel kaas oo u gudbin kara su&#039;aalahaaga waaxda maamulkaur maamulkaur maccluoda.<\/p><p>\u00a0<\/p><p><strong>Macluumaad dheeraad ah<\/strong><\/p><p>\u00a0<\/p><p>Macluumaad dheeraad ah, fadlan booqo mareegta LLR ICB: <a href=\"https:\/\/leicesterleicestershireandrutland.icb.nhs.uk\/ro\/your-care-record\/\">https:\/\/leicesterleicestershireandrutland.icb.nhs.uk\/your-care-record\/<\/a><\/p><p>\u00a0<\/p><p>Si aad ula xiriirto kooxda Barnaamijka Diiwaangelinta Daryeelka LLR, fadlan iimayl u dir:<\/p><p><a href=\"mailto:lpt.llrcarerecord@nhs.net\">lpt.llrcarerecord@nhs.net<\/a><\/p><p>\u00a0<\/p>\t\t\t\t\t\t\t\t<\/div>\n\t\t\t\t<\/div>\n\t\t\t\t\t<\/div>\n\t\t<\/div>\n\t\t\t\t\t<\/div>\n\t\t<\/section>\n\t\t\t\t<\/div>","protected":false},"excerpt":{"rendered":"<p>LLR Care Record: Working together to improve your care (Somali) Diiwaanka Daryeelka Leicester, Leicestershire iyo Rutland Si wadajir ah ugu shaqaynayan sidii ay u hormarin lahayeen daryeelkaaga Waa maxay diiwaanka [&hellip;]<\/p>\n","protected":false},"author":9,"featured_media":0,"parent":424,"menu_order":5,"comment_status":"closed","ping_status":"closed","template":"","meta":{"_eb_attr":"","footnotes":""},"class_list":["post-17722","page","type-page","status-publish","hentry"],"yoast_head":"<!-- This site is optimized with the Yoast SEO plugin v27.4 - https:\/\/yoast.com\/product\/yoast-seo-wordpress\/ -->\n<title>LLR Care Record: Working together to improve your care (Somali) - LLR ICB<\/title>\n<meta name=\"robots\" content=\"index, follow, max-snippet:-1, max-image-preview:large, max-video-preview:-1\" \/>\n<link rel=\"canonical\" href=\"https:\/\/leicesterleicestershireandrutland.icb.nhs.uk\/ro\/your-health\/your-care-record\/llr-care-record-working-together-to-improve-your-care-somali\/\" \/>\n<meta property=\"og:locale\" content=\"ro_RO\" \/>\n<meta property=\"og:type\" content=\"article\" \/>\n<meta property=\"og:title\" content=\"LLR Care Record: Working together to improve your care (Somali) - LLR ICB\" \/>\n<meta property=\"og:description\" content=\"LLR Care Record: Working together to improve your care (Somali) Diiwaanka Daryeelka Leicester, Leicestershire iyo Rutland Si wadajir ah ugu shaqaynayan sidii ay u hormarin lahayeen daryeelkaaga Waa maxay diiwaanka [&hellip;]\" \/>\n<meta property=\"og:url\" content=\"https:\/\/leicesterleicestershireandrutland.icb.nhs.uk\/ro\/your-health\/your-care-record\/llr-care-record-working-together-to-improve-your-care-somali\/\" \/>\n<meta property=\"og:site_name\" content=\"LLR ICB\" \/>\n<meta property=\"article:publisher\" content=\"https:\/\/www.facebook.com\/NHSLLR\" \/>\n<meta property=\"article:modified_time\" content=\"2024-07-16T14:05:46+00:00\" \/>\n<meta name=\"twitter:card\" content=\"summary_large_image\" \/>\n<meta name=\"twitter:site\" content=\"@NHS_LLR\" \/>\n<meta name=\"twitter:label1\" content=\"Timp estimat pentru citire\" \/>\n\t<meta name=\"twitter:data1\" content=\"4 minute\" \/>\n<script type=\"application\/ld+json\" class=\"yoast-schema-graph\">{\"@context\":\"https:\\\/\\\/schema.org\",\"@graph\":[{\"@type\":\"WebPage\",\"@id\":\"https:\\\/\\\/leicesterleicestershireandrutland.icb.nhs.uk\\\/your-health\\\/your-care-record\\\/llr-care-record-working-together-to-improve-your-care-somali\\\/\",\"url\":\"https:\\\/\\\/leicesterleicestershireandrutland.icb.nhs.uk\\\/your-health\\\/your-care-record\\\/llr-care-record-working-together-to-improve-your-care-somali\\\/\",\"name\":\"LLR Care Record: Working together to improve your care (Somali) - LLR ICB\",\"isPartOf\":{\"@id\":\"https:\\\/\\\/leicesterleicestershireandrutland.icb.nhs.uk\\\/#website\"},\"datePublished\":\"2024-07-16T14:02:02+00:00\",\"dateModified\":\"2024-07-16T14:05:46+00:00\",\"breadcrumb\":{\"@id\":\"https:\\\/\\\/leicesterleicestershireandrutland.icb.nhs.uk\\\/your-health\\\/your-care-record\\\/llr-care-record-working-together-to-improve-your-care-somali\\\/#breadcrumb\"},\"inLanguage\":\"ro-RO\",\"potentialAction\":[{\"@type\":\"ReadAction\",\"target\":[\"https:\\\/\\\/leicesterleicestershireandrutland.icb.nhs.uk\\\/your-health\\\/your-care-record\\\/llr-care-record-working-together-to-improve-your-care-somali\\\/\"]}]},{\"@type\":\"BreadcrumbList\",\"@id\":\"https:\\\/\\\/leicesterleicestershireandrutland.icb.nhs.uk\\\/your-health\\\/your-care-record\\\/llr-care-record-working-together-to-improve-your-care-somali\\\/#breadcrumb\",\"itemListElement\":[{\"@type\":\"ListItem\",\"position\":1,\"name\":\"Home\",\"item\":\"https:\\\/\\\/leicesterleicestershireandrutland.icb.nhs.uk\\\/\"},{\"@type\":\"ListItem\",\"position\":2,\"name\":\"Your Health\",\"item\":\"https:\\\/\\\/leicesterleicestershireandrutland.icb.nhs.uk\\\/your-health\\\/\"},{\"@type\":\"ListItem\",\"position\":3,\"name\":\"Your Care Record\",\"item\":\"https:\\\/\\\/leicesterleicestershireandrutland.icb.nhs.uk\\\/your-health\\\/your-care-record\\\/\"},{\"@type\":\"ListItem\",\"position\":4,\"name\":\"LLR Care Record: Working together to improve your care (Somali)\"}]},{\"@type\":\"WebSite\",\"@id\":\"https:\\\/\\\/leicesterleicestershireandrutland.icb.nhs.uk\\\/#website\",\"url\":\"https:\\\/\\\/leicesterleicestershireandrutland.icb.nhs.uk\\\/\",\"name\":\"LLR ICB\",\"description\":\"LLR Integrated Care Board\",\"publisher\":{\"@id\":\"https:\\\/\\\/leicesterleicestershireandrutland.icb.nhs.uk\\\/#organization\"},\"potentialAction\":[{\"@type\":\"SearchAction\",\"target\":{\"@type\":\"EntryPoint\",\"urlTemplate\":\"https:\\\/\\\/leicesterleicestershireandrutland.icb.nhs.uk\\\/?s={search_term_string}\"},\"query-input\":{\"@type\":\"PropertyValueSpecification\",\"valueRequired\":true,\"valueName\":\"search_term_string\"}}],\"inLanguage\":\"ro-RO\"},{\"@type\":\"Organization\",\"@id\":\"https:\\\/\\\/leicesterleicestershireandrutland.icb.nhs.uk\\\/#organization\",\"name\":\"LLR ICB\",\"url\":\"https:\\\/\\\/leicesterleicestershireandrutland.icb.nhs.uk\\\/\",\"logo\":{\"@type\":\"ImageObject\",\"inLanguage\":\"ro-RO\",\"@id\":\"https:\\\/\\\/leicesterleicestershireandrutland.icb.nhs.uk\\\/#\\\/schema\\\/logo\\\/image\\\/\",\"url\":\"https:\\\/\\\/i0.wp.com\\\/leicesterleicestershireandrutland.icb.nhs.uk\\\/wp-content\\\/uploads\\\/2022\\\/06\\\/New-Project-4.jpg?fit=452%2C93&ssl=1\",\"contentUrl\":\"https:\\\/\\\/i0.wp.com\\\/leicesterleicestershireandrutland.icb.nhs.uk\\\/wp-content\\\/uploads\\\/2022\\\/06\\\/New-Project-4.jpg?fit=452%2C93&ssl=1\",\"width\":452,\"height\":93,\"caption\":\"LLR ICB\"},\"image\":{\"@id\":\"https:\\\/\\\/leicesterleicestershireandrutland.icb.nhs.uk\\\/#\\\/schema\\\/logo\\\/image\\\/\"},\"sameAs\":[\"https:\\\/\\\/www.facebook.com\\\/NHSLLR\",\"https:\\\/\\\/x.com\\\/NHS_LLR\",\"https:\\\/\\\/www.instagram.com\\\/nhsllr\\\/\"]}]}<\/script>\n<!-- \/ Yoast SEO plugin. -->","yoast_head_json":{"title":"LLR Care Record: Lucr\u00e2nd \u00eempreun\u0103 pentru a v\u0103 \u00eembun\u0103t\u0103\u021bi \u00eengrijirea (somalez) - LLR ICB","robots":{"index":"index","follow":"follow","max-snippet":"max-snippet:-1","max-image-preview":"max-image-preview:large","max-video-preview":"max-video-preview:-1"},"canonical":"https:\/\/leicesterleicestershireandrutland.icb.nhs.uk\/ro\/your-health\/your-care-record\/llr-care-record-working-together-to-improve-your-care-somali\/","og_locale":"ro_RO","og_type":"article","og_title":"LLR Care Record: Working together to improve your care (Somali) - LLR ICB","og_description":"LLR Care Record: Working together to improve your care (Somali) Diiwaanka Daryeelka Leicester, Leicestershire iyo Rutland Si wadajir ah ugu shaqaynayan sidii ay u hormarin lahayeen daryeelkaaga Waa maxay diiwaanka [&hellip;]","og_url":"https:\/\/leicesterleicestershireandrutland.icb.nhs.uk\/ro\/your-health\/your-care-record\/llr-care-record-working-together-to-improve-your-care-somali\/","og_site_name":"LLR ICB","article_publisher":"https:\/\/www.facebook.com\/NHSLLR","article_modified_time":"2024-07-16T14:05:46+00:00","twitter_card":"summary_large_image","twitter_site":"@NHS_LLR","twitter_misc":{"Timp estimat pentru citire":"4 minute"},"schema":{"@context":"https:\/\/schema.org","@graph":[{"@type":"WebPage","@id":"https:\/\/leicesterleicestershireandrutland.icb.nhs.uk\/your-health\/your-care-record\/llr-care-record-working-together-to-improve-your-care-somali\/","url":"https:\/\/leicesterleicestershireandrutland.icb.nhs.uk\/your-health\/your-care-record\/llr-care-record-working-together-to-improve-your-care-somali\/","name":"LLR Care Record: Lucr\u00e2nd \u00eempreun\u0103 pentru a v\u0103 \u00eembun\u0103t\u0103\u021bi \u00eengrijirea (somalez) - LLR ICB","isPartOf":{"@id":"https:\/\/leicesterleicestershireandrutland.icb.nhs.uk\/#website"},"datePublished":"2024-07-16T14:02:02+00:00","dateModified":"2024-07-16T14:05:46+00:00","breadcrumb":{"@id":"https:\/\/leicesterleicestershireandrutland.icb.nhs.uk\/your-health\/your-care-record\/llr-care-record-working-together-to-improve-your-care-somali\/#breadcrumb"},"inLanguage":"ro-RO","potentialAction":[{"@type":"ReadAction","target":["https:\/\/leicesterleicestershireandrutland.icb.nhs.uk\/your-health\/your-care-record\/llr-care-record-working-together-to-improve-your-care-somali\/"]}]},{"@type":"BreadcrumbList","@id":"https:\/\/leicesterleicestershireandrutland.icb.nhs.uk\/your-health\/your-care-record\/llr-care-record-working-together-to-improve-your-care-somali\/#breadcrumb","itemListElement":[{"@type":"ListItem","position":1,"name":"Home","item":"https:\/\/leicesterleicestershireandrutland.icb.nhs.uk\/"},{"@type":"ListItem","position":2,"name":"Your Health","item":"https:\/\/leicesterleicestershireandrutland.icb.nhs.uk\/your-health\/"},{"@type":"ListItem","position":3,"name":"Your Care Record","item":"https:\/\/leicesterleicestershireandrutland.icb.nhs.uk\/your-health\/your-care-record\/"},{"@type":"ListItem","position":4,"name":"LLR Care Record: Working together to improve your care (Somali)"}]},{"@type":"WebSite","@id":"https:\/\/leicesterleicestershireandrutland.icb.nhs.uk\/#website","url":"https:\/\/leicesterleicestershireandrutland.icb.nhs.uk\/","name":"LLR ICB","description":"LLR Integrated Care Board","publisher":{"@id":"https:\/\/leicesterleicestershireandrutland.icb.nhs.uk\/#organization"},"potentialAction":[{"@type":"SearchAction","target":{"@type":"EntryPoint","urlTemplate":"https:\/\/leicesterleicestershireandrutland.icb.nhs.uk\/?s={search_term_string}"},"query-input":{"@type":"PropertyValueSpecification","valueRequired":true,"valueName":"search_term_string"}}],"inLanguage":"ro-RO"},{"@type":"Organization","@id":"https:\/\/leicesterleicestershireandrutland.icb.nhs.uk\/#organization","name":"LLR ICB","url":"https:\/\/leicesterleicestershireandrutland.icb.nhs.uk\/","logo":{"@type":"ImageObject","inLanguage":"ro-RO","@id":"https:\/\/leicesterleicestershireandrutland.icb.nhs.uk\/#\/schema\/logo\/image\/","url":"https:\/\/i0.wp.com\/leicesterleicestershireandrutland.icb.nhs.uk\/wp-content\/uploads\/2022\/06\/New-Project-4.jpg?fit=452%2C93&ssl=1","contentUrl":"https:\/\/i0.wp.com\/leicesterleicestershireandrutland.icb.nhs.uk\/wp-content\/uploads\/2022\/06\/New-Project-4.jpg?fit=452%2C93&ssl=1","width":452,"height":93,"caption":"LLR ICB"},"image":{"@id":"https:\/\/leicesterleicestershireandrutland.icb.nhs.uk\/#\/schema\/logo\/image\/"},"sameAs":["https:\/\/www.facebook.com\/NHSLLR","https:\/\/x.com\/NHS_LLR","https:\/\/www.instagram.com\/nhsllr\/"]}]}},"jetpack_sharing_enabled":true,"_links":{"self":[{"href":"https:\/\/leicesterleicestershireandrutland.icb.nhs.uk\/ro\/wp-json\/wp\/v2\/pages\/17722","targetHints":{"allow":["GET"]}}],"collection":[{"href":"https:\/\/leicesterleicestershireandrutland.icb.nhs.uk\/ro\/wp-json\/wp\/v2\/pages"}],"about":[{"href":"https:\/\/leicesterleicestershireandrutland.icb.nhs.uk\/ro\/wp-json\/wp\/v2\/types\/page"}],"author":[{"embeddable":true,"href":"https:\/\/leicesterleicestershireandrutland.icb.nhs.uk\/ro\/wp-json\/wp\/v2\/users\/9"}],"replies":[{"embeddable":true,"href":"https:\/\/leicesterleicestershireandrutland.icb.nhs.uk\/ro\/wp-json\/wp\/v2\/comments?post=17722"}],"version-history":[{"count":4,"href":"https:\/\/leicesterleicestershireandrutland.icb.nhs.uk\/ro\/wp-json\/wp\/v2\/pages\/17722\/revisions"}],"predecessor-version":[{"id":17727,"href":"https:\/\/leicesterleicestershireandrutland.icb.nhs.uk\/ro\/wp-json\/wp\/v2\/pages\/17722\/revisions\/17727"}],"up":[{"embeddable":true,"href":"https:\/\/leicesterleicestershireandrutland.icb.nhs.uk\/ro\/wp-json\/wp\/v2\/pages\/424"}],"wp:attachment":[{"href":"https:\/\/leicesterleicestershireandrutland.icb.nhs.uk\/ro\/wp-json\/wp\/v2\/media?parent=17722"}],"curies":[{"name":"wp","href":"https:\/\/api.w.org\/{rel}","templated":true}]}}