{"id":2005,"date":"2022-08-25T11:50:50","date_gmt":"2022-08-25T11:50:57","guid":{"rendered":"https:\/\/leicesterleicestershireandrutland.icb.nhs.uk\/?page_id=2005"},"modified":"2025-09-30T12:34:01","modified_gmt":"2025-09-30T12:34:01","slug":"vcse-introduction","status":"publish","type":"page","link":"https:\/\/leicesterleicestershireandrutland.icb.nhs.uk\/ro\/be-involved\/vcse-introduction\/","title":{"rendered":"Alian\u021ba VCSE"},"content":{"rendered":"<div data-elementor-type=\"wp-page\" data-elementor-id=\"2005\" class=\"elementor elementor-2005\" data-elementor-post-type=\"page\">\n\t\t\t\t\t\t<section data-particle_enable=\"false\" data-particle-mobile-disabled=\"false\" class=\"elementor-section elementor-top-section elementor-element elementor-element-69efa9b elementor-section-boxed elementor-section-height-default elementor-section-height-default\" data-id=\"69efa9b\" data-element_type=\"section\" data-e-type=\"section\" data-settings=\"{&quot;background_background&quot;:&quot;classic&quot;}\">\n\t\t\t\t\t\t\t<div class=\"elementor-background-overlay\"><\/div>\n\t\t\t\t\t\t\t<div class=\"elementor-container elementor-column-gap-default\">\n\t\t\t\t\t<div class=\"elementor-column elementor-col-100 elementor-top-column elementor-element elementor-element-bd71761\" data-id=\"bd71761\" data-element_type=\"column\" data-e-type=\"column\">\n\t\t\t<div class=\"elementor-widget-wrap elementor-element-populated\">\n\t\t\t\t\t\t<div class=\"elementor-element elementor-element-c49590a elementor-widget elementor-widget-heading\" data-id=\"c49590a\" data-element_type=\"widget\" data-e-type=\"widget\" data-widget_type=\"heading.default\">\n\t\t\t\t<div class=\"elementor-widget-container\">\n\t\t\t\t\t<h1 class=\"elementor-heading-title elementor-size-default\">Alian\u021ba pentru \u00centreprinderi Voluntare, Comunitare \u0219i Sociale (VCSE).<\/h1>\t\t\t\t<\/div>\n\t\t\t\t<\/div>\n\t\t\t\t<div class=\"elementor-element elementor-element-77ee73a elementor-widget-divider--view-line elementor-widget elementor-widget-divider\" data-id=\"77ee73a\" data-element_type=\"widget\" data-e-type=\"widget\" data-widget_type=\"divider.default\">\n\t\t\t\t<div class=\"elementor-widget-container\">\n\t\t\t\t\t\t\t<div class=\"elementor-divider\">\n\t\t\t<span class=\"elementor-divider-separator\">\n\t\t\t\t\t\t<\/span>\n\t\t<\/div>\n\t\t\t\t\t\t<\/div>\n\t\t\t\t<\/div>\n\t\t\t\t\t<\/div>\n\t\t<\/div>\n\t\t\t\t\t<\/div>\n\t\t<\/section>\n\t\t\t\t<section data-particle_enable=\"false\" data-particle-mobile-disabled=\"false\" class=\"elementor-section elementor-top-section elementor-element elementor-element-5390734a elementor-section-content-middle elementor-section-boxed elementor-section-height-default elementor-section-height-default\" data-id=\"5390734a\" data-element_type=\"section\" data-e-type=\"section\" data-settings=\"{&quot;background_background&quot;:&quot;classic&quot;}\">\n\t\t\t\t\t\t\t<div class=\"elementor-background-overlay\"><\/div>\n\t\t\t\t\t\t\t<div class=\"elementor-container elementor-column-gap-wider\">\n\t\t\t\t\t<div class=\"elementor-column elementor-col-50 elementor-top-column elementor-element elementor-element-89b839e\" data-id=\"89b839e\" data-element_type=\"column\" data-e-type=\"column\">\n\t\t\t<div class=\"elementor-widget-wrap elementor-element-populated\">\n\t\t\t\t\t\t<div class=\"elementor-element elementor-element-b92be1f elementor-widget elementor-widget-text-editor\" data-id=\"b92be1f\" data-element_type=\"widget\" data-e-type=\"widget\" data-widget_type=\"text-editor.default\">\n\t\t\t\t<div class=\"elementor-widget-container\">\n\t\t\t\t\t\t\t\t\t<p style=\"font-weight: 400;\">Leicester, Leicestershire and Rutland Integrated Care Board (LLR ICB) dore\u0219te s\u0103 creeze un veritabil acord de parteneriat cu sectorul voluntar \u0219i comunitar, \u00eentreprinderile sociale \u0219i comunit\u0103\u021bile individuale, ini\u021bial cu NHS \u0219i, \u00een timp, cu to\u021bi partenerii.<\/p><p style=\"font-weight: 400;\">Pentru a ne ajuta s\u0103 realiz\u0103m acest lucru, am coprodus o Alian\u021b\u0103 pentru \u00centreprinderi Voluntare, Comunitare \u0219i Sociale (VCSE).<\/p>\t\t\t\t\t\t\t\t<\/div>\n\t\t\t\t<\/div>\n\t\t\t\t<div class=\"elementor-element elementor-element-162466c elementor-widget elementor-widget-button\" data-id=\"162466c\" data-element_type=\"widget\" data-e-type=\"widget\" data-widget_type=\"button.default\">\n\t\t\t\t<div class=\"elementor-widget-container\">\n\t\t\t\t\t\t\t\t\t<div class=\"elementor-button-wrapper\">\n\t\t\t\t\t<a class=\"elementor-button elementor-button-link elementor-size-xs\" href=\"https:\/\/leicesterleicestershireandrutland.icb.nhs.uk\/ro\/be-involved\/vcse-introduction\/vcse-alliance-welcome\/\">\n\t\t\t\t\t\t<span class=\"elementor-button-content-wrapper\">\n\t\t\t\t\t\t\t\t\t<span class=\"elementor-button-text\">Deschide\u021bi spa\u021biul web al Alian\u021bei VCSE<\/span>\n\t\t\t\t\t<\/span>\n\t\t\t\t\t<\/a>\n\t\t\t\t<\/div>\n\t\t\t\t\t\t\t\t<\/div>\n\t\t\t\t<\/div>\n\t\t\t\t<div class=\"elementor-element elementor-element-142c9298 elementor-widget elementor-widget-text-editor\" data-id=\"142c9298\" data-element_type=\"widget\" data-e-type=\"widget\" data-widget_type=\"text-editor.default\">\n\t\t\t\t<div class=\"elementor-widget-container\">\n\t\t\t\t\t\t\t\t\t<p>Dac\u0103 \u00eent\u00e2mpina\u021bi probleme sau ave\u021bi \u00eentreb\u0103ri legate de Alian\u021ba VCSE, v\u0103 rug\u0103m s\u0103 trimite\u021bi un e-mail la <a href=\"mailto:llricb-llr.beinvolved@nhs.net\">llricb-llr.beinvolved@nhs.net<\/a>.<\/p>\t\t\t\t\t\t\t\t<\/div>\n\t\t\t\t<\/div>\n\t\t\t\t\t<\/div>\n\t\t<\/div>\n\t\t\t\t<div class=\"elementor-column elementor-col-50 elementor-top-column elementor-element elementor-element-de0fc8f\" data-id=\"de0fc8f\" data-element_type=\"column\" data-e-type=\"column\">\n\t\t\t<div class=\"elementor-widget-wrap elementor-element-populated\">\n\t\t\t\t\t\t<div class=\"elementor-element elementor-element-6445b45 elementor-widget elementor-widget-heading\" data-id=\"6445b45\" data-element_type=\"widget\" data-e-type=\"widget\" data-widget_type=\"heading.default\">\n\t\t\t\t<div class=\"elementor-widget-container\">\n\t\t\t\t\t<h2 class=\"elementor-heading-title elementor-size-default\">De ce s\u0103 te implici?<\/h2>\t\t\t\t<\/div>\n\t\t\t\t<\/div>\n\t\t\t\t<div class=\"elementor-element elementor-element-2ea8b3b elementor-widget elementor-widget-text-editor\" data-id=\"2ea8b3b\" data-element_type=\"widget\" data-e-type=\"widget\" data-widget_type=\"text-editor.default\">\n\t\t\t\t<div class=\"elementor-widget-container\">\n\t\t\t\t\t\t\t\t\t<p style=\"font-weight: 400;\">Spa\u021biul nostru web VCSE Alliance ofer\u0103 acces la o gam\u0103 larg\u0103 de instrumente, oportunit\u0103\u021bi \u0219i resurse, inclusiv:<\/p>\t\t\t\t\t\t\t\t<\/div>\n\t\t\t\t<\/div>\n\t\t\t\t<div class=\"elementor-element elementor-element-02f8db0 elementor-icon-list--layout-traditional elementor-list-item-link-full_width elementor-widget elementor-widget-icon-list\" data-id=\"02f8db0\" data-element_type=\"widget\" data-e-type=\"widget\" data-widget_type=\"icon-list.default\">\n\t\t\t\t<div class=\"elementor-widget-container\">\n\t\t\t\t\t\t\t<ul class=\"elementor-icon-list-items\">\n\t\t\t\t\t\t\t<li class=\"elementor-icon-list-item\">\n\t\t\t\t\t\t\t\t\t\t\t<span class=\"elementor-icon-list-icon\">\n\t\t\t\t\t\t\t<i aria-hidden=\"true\" class=\"fas fa-circle\"><\/i>\t\t\t\t\t\t<\/span>\n\t\t\t\t\t\t\t\t\t\t<span class=\"elementor-icon-list-text\">Un director online de contacte VCSE<\/span>\n\t\t\t\t\t\t\t\t\t<\/li>\n\t\t\t\t\t\t\t\t<li class=\"elementor-icon-list-item\">\n\t\t\t\t\t\t\t\t\t\t\t<span class=\"elementor-icon-list-icon\">\n\t\t\t\t\t\t\t<i aria-hidden=\"true\" class=\"fas fa-circle\"><\/i>\t\t\t\t\t\t<\/span>\n\t\t\t\t\t\t\t\t\t\t<span class=\"elementor-icon-list-text\">Hub de aplica\u021bii \u0219i oportunit\u0103\u021bi<\/span>\n\t\t\t\t\t\t\t\t\t<\/li>\n\t\t\t\t\t\t\t\t<li class=\"elementor-icon-list-item\">\n\t\t\t\t\t\t\t\t\t\t\t<span class=\"elementor-icon-list-icon\">\n\t\t\t\t\t\t\t<i aria-hidden=\"true\" class=\"fas fa-circle\"><\/i>\t\t\t\t\t\t<\/span>\n\t\t\t\t\t\t\t\t\t\t<span class=\"elementor-icon-list-text\">Abilit\u0103\u021bi \u0219i resurse<\/span>\n\t\t\t\t\t\t\t\t\t<\/li>\n\t\t\t\t\t\t\t\t<li class=\"elementor-icon-list-item\">\n\t\t\t\t\t\t\t\t\t\t\t<span class=\"elementor-icon-list-icon\">\n\t\t\t\t\t\t\t<i aria-hidden=\"true\" class=\"fas fa-circle\"><\/i>\t\t\t\t\t\t<\/span>\n\t\t\t\t\t\t\t\t\t\t<span class=\"elementor-icon-list-text\">Mecanism de furnizare a informa\u021biilor comunit\u0103\u021bii \u00een Centrul de informa\u021bii, comportament \u0219i cercetare.<\/span>\n\t\t\t\t\t\t\t\t\t<\/li>\n\t\t\t\t\t\t<\/ul>\n\t\t\t\t\t\t<\/div>\n\t\t\t\t<\/div>\n\t\t\t\t<div class=\"elementor-element elementor-element-3a33253 elementor-widget elementor-widget-text-editor\" data-id=\"3a33253\" data-element_type=\"widget\" data-e-type=\"widget\" data-widget_type=\"text-editor.default\">\n\t\t\t\t<div class=\"elementor-widget-container\">\n\t\t\t\t\t\t\t\t\t<p style=\"font-weight: 400;\">Dac\u0103 sunte\u021bi o organiza\u021bie voluntar\u0103, comunitar\u0103, de \u00eentreprindere social\u0103 sau sus\u021bine\u021bi o comunitate individual\u0103, pute\u021bi deveni \u0219i a <strong>Membru al Alian\u021bei VCSE<\/strong> prin ad\u0103ugarea unei liste \u00een Directorul Alian\u021bei VCSE.<\/p><p style=\"font-weight: 400;\">Credem cu adev\u0103rat c\u0103 colaborarea str\u00e2ns\u0103 cu sectorul, prin Alian\u021ba pentru \u00eentreprinderi voluntare, comunitare \u0219i sociale, cre\u0219te \u0219i \u00eembun\u0103t\u0103\u021be\u0219te cuno\u0219tin\u021bele noastre despre ceea ce este disponibil \u0219i ne ajut\u0103 s\u0103 abord\u0103m \u00een colaborare inegalit\u0103\u021bile \u00een materie de s\u0103n\u0103tate, s\u0103 transmitem mesaje de s\u0103n\u0103tate \u0219i s\u0103 ne concentr\u0103m asupra priorit\u0103\u021bilor noastre.\u00a0<\/p>\t\t\t\t\t\t\t\t<\/div>\n\t\t\t\t<\/div>\n\t\t\t\t\t<\/div>\n\t\t<\/div>\n\t\t\t\t\t<\/div>\n\t\t<\/section>\n\t\t\t\t<section data-particle_enable=\"false\" data-particle-mobile-disabled=\"false\" class=\"elementor-section elementor-top-section elementor-element elementor-element-81c8490 elementor-section-boxed elementor-section-height-default elementor-section-height-default\" data-id=\"81c8490\" data-element_type=\"section\" data-e-type=\"section\">\n\t\t\t\t\t\t<div class=\"elementor-container elementor-column-gap-default\">\n\t\t\t\t\t<div class=\"elementor-column elementor-col-100 elementor-top-column elementor-element elementor-element-a35fa01\" data-id=\"a35fa01\" data-element_type=\"column\" data-e-type=\"column\">\n\t\t\t<div class=\"elementor-widget-wrap elementor-element-populated\">\n\t\t\t\t\t\t<section data-particle_enable=\"false\" data-particle-mobile-disabled=\"false\" class=\"elementor-section elementor-inner-section elementor-element elementor-element-ba043c2 elementor-section-boxed elementor-section-height-default elementor-section-height-default\" data-id=\"ba043c2\" data-element_type=\"section\" data-e-type=\"section\">\n\t\t\t\t\t\t<div class=\"elementor-container elementor-column-gap-default\">\n\t\t\t\t\t<div class=\"elementor-column elementor-col-50 elementor-inner-column elementor-element elementor-element-a6b0378\" data-id=\"a6b0378\" data-element_type=\"column\" data-e-type=\"column\">\n\t\t\t<div class=\"elementor-widget-wrap elementor-element-populated\">\n\t\t\t\t\t\t<div class=\"elementor-element elementor-element-eaa6b0d elementor-widget elementor-widget-text-editor\" data-id=\"eaa6b0d\" data-element_type=\"widget\" data-e-type=\"widget\" data-widget_type=\"text-editor.default\">\n\t\t\t\t<div class=\"elementor-widget-container\">\n\t\t\t\t\t\t\t\t\t<p>De asemenea, v\u0103 \u00eencuraj\u0103m s\u0103 consulta\u021bi Joy.<\/p><p>Joy este site-ul web pentru oamenii din Leicester, Leicestershire \u0219i Rutland pentru a-i ajuta s\u0103 g\u0103seasc\u0103 activit\u0103\u021bile, grupurile \u0219i sprijinul de care au nevoie.<\/p><p>Pentru a ad\u0103uga oferta dvs., vizita\u021bi: <a href=\"https:\/\/gbr01.safelinks.protection.outlook.com\/?url=http%3A%2F%2Fwww.tinyurl.com%2Fmpdzw27b&amp;data=05%7C02%7Cjoanne.ryder1%40nhs.net%7Cecbc439d9450420d5bfb08dc45047f77%7C37c354b285b047f5b22207b48d774ee3%7C0%7C0%7C638461132820301935%7CUnknown%7CTWFpbGZsb3d8eyJWIjoiMC4wLjAwMDAiLCJQIjoiV2luMzIiLCJBTiI6Ik1haWwiLCJXVCI6Mn0%3D%7C0%7C%7C%7C&amp;sdata=BNK5WPr3oVEDCiinIy5PlFwfc%2BpkZoKz8VaCNe%2FhIDg%3D&amp;reserved=0\">www.tinyurl.com\/mpdzw27b<\/a><\/p>\t\t\t\t\t\t\t\t<\/div>\n\t\t\t\t<\/div>\n\t\t\t\t\t<\/div>\n\t\t<\/div>\n\t\t\t\t<div class=\"elementor-column elementor-col-50 elementor-inner-column elementor-element elementor-element-502724d\" data-id=\"502724d\" data-element_type=\"column\" data-e-type=\"column\">\n\t\t\t<div class=\"elementor-widget-wrap elementor-element-populated\">\n\t\t\t\t\t\t<div class=\"elementor-element elementor-element-efd091a elementor-widget elementor-widget-image\" data-id=\"efd091a\" data-element_type=\"widget\" data-e-type=\"widget\" data-widget_type=\"image.default\">\n\t\t\t\t<div class=\"elementor-widget-container\">\n\t\t\t\t\t\t\t\t\t\t\t\t\t\t\t<img fetchpriority=\"high\" decoding=\"async\" width=\"598\" height=\"300\" src=\"https:\/\/i0.wp.com\/leicesterleicestershireandrutland.icb.nhs.uk\/wp-content\/uploads\/2024\/04\/JOY.png?fit=598%2C300&amp;ssl=1\" class=\"attachment-large size-large wp-image-16334\" alt=\"\" srcset=\"https:\/\/i0.wp.com\/leicesterleicestershireandrutland.icb.nhs.uk\/wp-content\/uploads\/2024\/04\/JOY.png?w=598&amp;ssl=1 598w, https:\/\/i0.wp.com\/leicesterleicestershireandrutland.icb.nhs.uk\/wp-content\/uploads\/2024\/04\/JOY.png?resize=300%2C151&amp;ssl=1 300w, https:\/\/i0.wp.com\/leicesterleicestershireandrutland.icb.nhs.uk\/wp-content\/uploads\/2024\/04\/JOY.png?resize=18%2C9&amp;ssl=1 18w, https:\/\/i0.wp.com\/leicesterleicestershireandrutland.icb.nhs.uk\/wp-content\/uploads\/2024\/04\/JOY.png?resize=150%2C75&amp;ssl=1 150w\" sizes=\"(max-width: 598px) 100vw, 598px\" \/>\t\t\t\t\t\t\t\t\t\t\t\t\t\t\t<\/div>\n\t\t\t\t<\/div>\n\t\t\t\t\t<\/div>\n\t\t<\/div>\n\t\t\t\t\t<\/div>\n\t\t<\/section>\n\t\t\t\t\t<\/div>\n\t\t<\/div>\n\t\t\t\t\t<\/div>\n\t\t<\/section>\n\t\t\t\t<\/div>","protected":false},"excerpt":{"rendered":"<p>Voluntary, Community and Social Enterprise (VCSE) Alliance The Leicester, Leicestershire and Rutland Integrated Care Board (LLR ICB) wants to create a genuine partnership arrangement with the voluntary and community sector, [&hellip;]<\/p>\n","protected":false},"author":1,"featured_media":0,"parent":518,"menu_order":1,"comment_status":"closed","ping_status":"closed","template":"","meta":{"_eb_attr":"","footnotes":""},"class_list":["post-2005","page","type-page","status-publish","hentry"],"yoast_head":"<!-- This site is optimized with the Yoast SEO plugin v27.4 - https:\/\/yoast.com\/product\/yoast-seo-wordpress\/ -->\n<title>VCSE Alliance - LLR ICB<\/title>\n<meta name=\"robots\" content=\"index, follow, max-snippet:-1, max-image-preview:large, max-video-preview:-1\" \/>\n<link rel=\"canonical\" href=\"https:\/\/leicesterleicestershireandrutland.icb.nhs.uk\/ro\/be-involved\/vcse-introduction\/\" \/>\n<meta property=\"og:locale\" content=\"ro_RO\" \/>\n<meta property=\"og:type\" content=\"article\" \/>\n<meta property=\"og:title\" content=\"VCSE Alliance - LLR ICB\" \/>\n<meta property=\"og:description\" content=\"Voluntary, Community and Social Enterprise (VCSE) Alliance The Leicester, Leicestershire and Rutland Integrated Care Board (LLR ICB) wants to create a genuine partnership arrangement with the voluntary and community sector, [&hellip;]\" \/>\n<meta property=\"og:url\" content=\"https:\/\/leicesterleicestershireandrutland.icb.nhs.uk\/ro\/be-involved\/vcse-introduction\/\" \/>\n<meta property=\"og:site_name\" content=\"LLR ICB\" \/>\n<meta property=\"article:publisher\" content=\"https:\/\/www.facebook.com\/NHSLLR\" \/>\n<meta property=\"article:modified_time\" content=\"2025-09-30T12:34:01+00:00\" \/>\n<meta property=\"og:image\" content=\"https:\/\/leicesterleicestershireandrutland.icb.nhs.uk\/wp-content\/uploads\/2024\/04\/JOY.png\" \/>\n<meta name=\"twitter:card\" content=\"summary_large_image\" \/>\n<meta name=\"twitter:site\" content=\"@NHS_LLR\" \/>\n<meta name=\"twitter:label1\" content=\"Timp estimat pentru citire\" \/>\n\t<meta name=\"twitter:data1\" content=\"2 minute\" \/>\n<script type=\"application\/ld+json\" class=\"yoast-schema-graph\">{\"@context\":\"https:\\\/\\\/schema.org\",\"@graph\":[{\"@type\":\"WebPage\",\"@id\":\"https:\\\/\\\/leicesterleicestershireandrutland.icb.nhs.uk\\\/be-involved\\\/vcse-introduction\\\/\",\"url\":\"https:\\\/\\\/leicesterleicestershireandrutland.icb.nhs.uk\\\/be-involved\\\/vcse-introduction\\\/\",\"name\":\"VCSE Alliance - LLR ICB\",\"isPartOf\":{\"@id\":\"https:\\\/\\\/leicesterleicestershireandrutland.icb.nhs.uk\\\/#website\"},\"primaryImageOfPage\":{\"@id\":\"https:\\\/\\\/leicesterleicestershireandrutland.icb.nhs.uk\\\/be-involved\\\/vcse-introduction\\\/#primaryimage\"},\"image\":{\"@id\":\"https:\\\/\\\/leicesterleicestershireandrutland.icb.nhs.uk\\\/be-involved\\\/vcse-introduction\\\/#primaryimage\"},\"thumbnailUrl\":\"https:\\\/\\\/leicesterleicestershireandrutland.icb.nhs.uk\\\/wp-content\\\/uploads\\\/2024\\\/04\\\/JOY.png\",\"datePublished\":\"2022-08-25T11:50:57+00:00\",\"dateModified\":\"2025-09-30T12:34:01+00:00\",\"breadcrumb\":{\"@id\":\"https:\\\/\\\/leicesterleicestershireandrutland.icb.nhs.uk\\\/be-involved\\\/vcse-introduction\\\/#breadcrumb\"},\"inLanguage\":\"ro-RO\",\"potentialAction\":[{\"@type\":\"ReadAction\",\"target\":[\"https:\\\/\\\/leicesterleicestershireandrutland.icb.nhs.uk\\\/be-involved\\\/vcse-introduction\\\/\"]}]},{\"@type\":\"ImageObject\",\"inLanguage\":\"ro-RO\",\"@id\":\"https:\\\/\\\/leicesterleicestershireandrutland.icb.nhs.uk\\\/be-involved\\\/vcse-introduction\\\/#primaryimage\",\"url\":\"https:\\\/\\\/leicesterleicestershireandrutland.icb.nhs.uk\\\/wp-content\\\/uploads\\\/2024\\\/04\\\/JOY.png\",\"contentUrl\":\"https:\\\/\\\/leicesterleicestershireandrutland.icb.nhs.uk\\\/wp-content\\\/uploads\\\/2024\\\/04\\\/JOY.png\"},{\"@type\":\"BreadcrumbList\",\"@id\":\"https:\\\/\\\/leicesterleicestershireandrutland.icb.nhs.uk\\\/be-involved\\\/vcse-introduction\\\/#breadcrumb\",\"itemListElement\":[{\"@type\":\"ListItem\",\"position\":1,\"name\":\"Home\",\"item\":\"https:\\\/\\\/leicesterleicestershireandrutland.icb.nhs.uk\\\/\"},{\"@type\":\"ListItem\",\"position\":2,\"name\":\"Be involved\",\"item\":\"https:\\\/\\\/leicesterleicestershireandrutland.icb.nhs.uk\\\/be-involved\\\/\"},{\"@type\":\"ListItem\",\"position\":3,\"name\":\"VCSE Alliance\"}]},{\"@type\":\"WebSite\",\"@id\":\"https:\\\/\\\/leicesterleicestershireandrutland.icb.nhs.uk\\\/#website\",\"url\":\"https:\\\/\\\/leicesterleicestershireandrutland.icb.nhs.uk\\\/\",\"name\":\"LLR ICB\",\"description\":\"LLR Integrated Care Board\",\"publisher\":{\"@id\":\"https:\\\/\\\/leicesterleicestershireandrutland.icb.nhs.uk\\\/#organization\"},\"potentialAction\":[{\"@type\":\"SearchAction\",\"target\":{\"@type\":\"EntryPoint\",\"urlTemplate\":\"https:\\\/\\\/leicesterleicestershireandrutland.icb.nhs.uk\\\/?s={search_term_string}\"},\"query-input\":{\"@type\":\"PropertyValueSpecification\",\"valueRequired\":true,\"valueName\":\"search_term_string\"}}],\"inLanguage\":\"ro-RO\"},{\"@type\":\"Organization\",\"@id\":\"https:\\\/\\\/leicesterleicestershireandrutland.icb.nhs.uk\\\/#organization\",\"name\":\"LLR ICB\",\"url\":\"https:\\\/\\\/leicesterleicestershireandrutland.icb.nhs.uk\\\/\",\"logo\":{\"@type\":\"ImageObject\",\"inLanguage\":\"ro-RO\",\"@id\":\"https:\\\/\\\/leicesterleicestershireandrutland.icb.nhs.uk\\\/#\\\/schema\\\/logo\\\/image\\\/\",\"url\":\"https:\\\/\\\/i0.wp.com\\\/leicesterleicestershireandrutland.icb.nhs.uk\\\/wp-content\\\/uploads\\\/2022\\\/06\\\/New-Project-4.jpg?fit=452%2C93&ssl=1\",\"contentUrl\":\"https:\\\/\\\/i0.wp.com\\\/leicesterleicestershireandrutland.icb.nhs.uk\\\/wp-content\\\/uploads\\\/2022\\\/06\\\/New-Project-4.jpg?fit=452%2C93&ssl=1\",\"width\":452,\"height\":93,\"caption\":\"LLR ICB\"},\"image\":{\"@id\":\"https:\\\/\\\/leicesterleicestershireandrutland.icb.nhs.uk\\\/#\\\/schema\\\/logo\\\/image\\\/\"},\"sameAs\":[\"https:\\\/\\\/www.facebook.com\\\/NHSLLR\",\"https:\\\/\\\/x.com\\\/NHS_LLR\",\"https:\\\/\\\/www.instagram.com\\\/nhsllr\\\/\"]}]}<\/script>\n<!-- \/ Yoast SEO plugin. -->","yoast_head_json":{"title":"Alian\u021ba VCSE - LLR ICB","robots":{"index":"index","follow":"follow","max-snippet":"max-snippet:-1","max-image-preview":"max-image-preview:large","max-video-preview":"max-video-preview:-1"},"canonical":"https:\/\/leicesterleicestershireandrutland.icb.nhs.uk\/ro\/be-involved\/vcse-introduction\/","og_locale":"ro_RO","og_type":"article","og_title":"VCSE Alliance - LLR ICB","og_description":"Voluntary, Community and Social Enterprise (VCSE) Alliance The Leicester, Leicestershire and Rutland Integrated Care Board (LLR ICB) wants to create a genuine partnership arrangement with the voluntary and community sector, [&hellip;]","og_url":"https:\/\/leicesterleicestershireandrutland.icb.nhs.uk\/ro\/be-involved\/vcse-introduction\/","og_site_name":"LLR ICB","article_publisher":"https:\/\/www.facebook.com\/NHSLLR","article_modified_time":"2025-09-30T12:34:01+00:00","og_image":[{"url":"https:\/\/leicesterleicestershireandrutland.icb.nhs.uk\/wp-content\/uploads\/2024\/04\/JOY.png","type":"","width":"","height":""}],"twitter_card":"summary_large_image","twitter_site":"@NHS_LLR","twitter_misc":{"Timp estimat pentru citire":"2 minute"},"schema":{"@context":"https:\/\/schema.org","@graph":[{"@type":"WebPage","@id":"https:\/\/leicesterleicestershireandrutland.icb.nhs.uk\/be-involved\/vcse-introduction\/","url":"https:\/\/leicesterleicestershireandrutland.icb.nhs.uk\/be-involved\/vcse-introduction\/","name":"Alian\u021ba VCSE - LLR ICB","isPartOf":{"@id":"https:\/\/leicesterleicestershireandrutland.icb.nhs.uk\/#website"},"primaryImageOfPage":{"@id":"https:\/\/leicesterleicestershireandrutland.icb.nhs.uk\/be-involved\/vcse-introduction\/#primaryimage"},"image":{"@id":"https:\/\/leicesterleicestershireandrutland.icb.nhs.uk\/be-involved\/vcse-introduction\/#primaryimage"},"thumbnailUrl":"https:\/\/leicesterleicestershireandrutland.icb.nhs.uk\/wp-content\/uploads\/2024\/04\/JOY.png","datePublished":"2022-08-25T11:50:57+00:00","dateModified":"2025-09-30T12:34:01+00:00","breadcrumb":{"@id":"https:\/\/leicesterleicestershireandrutland.icb.nhs.uk\/be-involved\/vcse-introduction\/#breadcrumb"},"inLanguage":"ro-RO","potentialAction":[{"@type":"ReadAction","target":["https:\/\/leicesterleicestershireandrutland.icb.nhs.uk\/be-involved\/vcse-introduction\/"]}]},{"@type":"ImageObject","inLanguage":"ro-RO","@id":"https:\/\/leicesterleicestershireandrutland.icb.nhs.uk\/be-involved\/vcse-introduction\/#primaryimage","url":"https:\/\/leicesterleicestershireandrutland.icb.nhs.uk\/wp-content\/uploads\/2024\/04\/JOY.png","contentUrl":"https:\/\/leicesterleicestershireandrutland.icb.nhs.uk\/wp-content\/uploads\/2024\/04\/JOY.png"},{"@type":"BreadcrumbList","@id":"https:\/\/leicesterleicestershireandrutland.icb.nhs.uk\/be-involved\/vcse-introduction\/#breadcrumb","itemListElement":[{"@type":"ListItem","position":1,"name":"Home","item":"https:\/\/leicesterleicestershireandrutland.icb.nhs.uk\/"},{"@type":"ListItem","position":2,"name":"Be involved","item":"https:\/\/leicesterleicestershireandrutland.icb.nhs.uk\/be-involved\/"},{"@type":"ListItem","position":3,"name":"VCSE Alliance"}]},{"@type":"WebSite","@id":"https:\/\/leicesterleicestershireandrutland.icb.nhs.uk\/#website","url":"https:\/\/leicesterleicestershireandrutland.icb.nhs.uk\/","name":"LLR ICB","description":"LLR Integrated Care Board","publisher":{"@id":"https:\/\/leicesterleicestershireandrutland.icb.nhs.uk\/#organization"},"potentialAction":[{"@type":"SearchAction","target":{"@type":"EntryPoint","urlTemplate":"https:\/\/leicesterleicestershireandrutland.icb.nhs.uk\/?s={search_term_string}"},"query-input":{"@type":"PropertyValueSpecification","valueRequired":true,"valueName":"search_term_string"}}],"inLanguage":"ro-RO"},{"@type":"Organization","@id":"https:\/\/leicesterleicestershireandrutland.icb.nhs.uk\/#organization","name":"LLR ICB","url":"https:\/\/leicesterleicestershireandrutland.icb.nhs.uk\/","logo":{"@type":"ImageObject","inLanguage":"ro-RO","@id":"https:\/\/leicesterleicestershireandrutland.icb.nhs.uk\/#\/schema\/logo\/image\/","url":"https:\/\/i0.wp.com\/leicesterleicestershireandrutland.icb.nhs.uk\/wp-content\/uploads\/2022\/06\/New-Project-4.jpg?fit=452%2C93&ssl=1","contentUrl":"https:\/\/i0.wp.com\/leicesterleicestershireandrutland.icb.nhs.uk\/wp-content\/uploads\/2022\/06\/New-Project-4.jpg?fit=452%2C93&ssl=1","width":452,"height":93,"caption":"LLR ICB"},"image":{"@id":"https:\/\/leicesterleicestershireandrutland.icb.nhs.uk\/#\/schema\/logo\/image\/"},"sameAs":["https:\/\/www.facebook.com\/NHSLLR","https:\/\/x.com\/NHS_LLR","https:\/\/www.instagram.com\/nhsllr\/"]}]}},"jetpack_sharing_enabled":true,"_links":{"self":[{"href":"https:\/\/leicesterleicestershireandrutland.icb.nhs.uk\/ro\/wp-json\/wp\/v2\/pages\/2005","targetHints":{"allow":["GET"]}}],"collection":[{"href":"https:\/\/leicesterleicestershireandrutland.icb.nhs.uk\/ro\/wp-json\/wp\/v2\/pages"}],"about":[{"href":"https:\/\/leicesterleicestershireandrutland.icb.nhs.uk\/ro\/wp-json\/wp\/v2\/types\/page"}],"author":[{"embeddable":true,"href":"https:\/\/leicesterleicestershireandrutland.icb.nhs.uk\/ro\/wp-json\/wp\/v2\/users\/1"}],"replies":[{"embeddable":true,"href":"https:\/\/leicesterleicestershireandrutland.icb.nhs.uk\/ro\/wp-json\/wp\/v2\/comments?post=2005"}],"version-history":[{"count":144,"href":"https:\/\/leicesterleicestershireandrutland.icb.nhs.uk\/ro\/wp-json\/wp\/v2\/pages\/2005\/revisions"}],"predecessor-version":[{"id":25293,"href":"https:\/\/leicesterleicestershireandrutland.icb.nhs.uk\/ro\/wp-json\/wp\/v2\/pages\/2005\/revisions\/25293"}],"up":[{"embeddable":true,"href":"https:\/\/leicesterleicestershireandrutland.icb.nhs.uk\/ro\/wp-json\/wp\/v2\/pages\/518"}],"wp:attachment":[{"href":"https:\/\/leicesterleicestershireandrutland.icb.nhs.uk\/ro\/wp-json\/wp\/v2\/media?parent=2005"}],"curies":[{"name":"wp","href":"https:\/\/api.w.org\/{rel}","templated":true}]}}