{"id":26679,"date":"2025-12-22T14:52:25","date_gmt":"2025-12-22T14:52:25","guid":{"rendered":"https:\/\/leicesterleicestershireandrutland.icb.nhs.uk\/?page_id=26679"},"modified":"2025-12-22T16:27:58","modified_gmt":"2025-12-22T16:27:58","slug":"weight-management-for-children","status":"publish","type":"page","link":"https:\/\/leicesterleicestershireandrutland.icb.nhs.uk\/ro\/your-health\/long-term-conditions\/weight-management\/weight-management-for-children\/","title":{"rendered":"Gestionarea greut\u0103\u021bii pentru copii"},"content":{"rendered":"<div data-elementor-type=\"wp-page\" data-elementor-id=\"26679\" class=\"elementor elementor-26679\" data-elementor-post-type=\"page\">\n\t\t\t\t\t\t<section data-particle_enable=\"false\" data-particle-mobile-disabled=\"false\" class=\"elementor-section elementor-top-section elementor-element elementor-element-ec729c8 elementor-section-boxed elementor-section-height-default elementor-section-height-default\" data-id=\"ec729c8\" data-element_type=\"section\" data-e-type=\"section\">\n\t\t\t\t\t\t<div class=\"elementor-container elementor-column-gap-default\">\n\t\t\t\t\t<div class=\"elementor-column elementor-col-100 elementor-top-column elementor-element elementor-element-6be164e\" data-id=\"6be164e\" data-element_type=\"column\" data-e-type=\"column\">\n\t\t\t<div class=\"elementor-widget-wrap elementor-element-populated\">\n\t\t\t\t\t\t<div class=\"elementor-element elementor-element-ac9cada elementor-widget elementor-widget-heading\" data-id=\"ac9cada\" data-element_type=\"widget\" data-e-type=\"widget\" data-widget_type=\"heading.default\">\n\t\t\t\t<div class=\"elementor-widget-container\">\n\t\t\t\t\t<h1 class=\"elementor-heading-title elementor-size-default\">Gestionarea greut\u0103\u021bii pentru copii<\/h1>\t\t\t\t<\/div>\n\t\t\t\t<\/div>\n\t\t\t\t<div class=\"elementor-element elementor-element-e52b9e0 elementor-widget-divider--view-line elementor-widget elementor-widget-divider\" data-id=\"e52b9e0\" data-element_type=\"widget\" data-e-type=\"widget\" data-widget_type=\"divider.default\">\n\t\t\t\t<div class=\"elementor-widget-container\">\n\t\t\t\t\t\t\t<div class=\"elementor-divider\">\n\t\t\t<span class=\"elementor-divider-separator\">\n\t\t\t\t\t\t<\/span>\n\t\t<\/div>\n\t\t\t\t\t\t<\/div>\n\t\t\t\t<\/div>\n\t\t\t\t<div class=\"elementor-element elementor-element-23fe282 elementor-widget elementor-widget-text-editor\" data-id=\"23fe282\" data-element_type=\"widget\" data-e-type=\"widget\" data-widget_type=\"text-editor.default\">\n\t\t\t\t<div class=\"elementor-widget-container\">\n\t\t\t\t\t\t\t\t\t<p>Aici ve\u021bi g\u0103si detalii despre serviciile \u0219i sprijinul care \u00eei ajut\u0103 pe copii \u0219i familii s\u0103 \u00ee\u0219i gestioneze greutatea.<\/p><p>NHS \u0219i partenerii locali colaboreaz\u0103 pentru a realiza o revizuire a sistemului privind toate op\u021biunile de gestionare a greut\u0103\u021bii pentru adul\u021bi \u0219i copii. Calendarul revizuirii urmeaz\u0103 s\u0103 fie stabilit.<\/p><p>\u00centre timp, am descris mai jos sprijinul disponibil \u00een prezent pentru copii \u0219i familii.\u00a0<\/p><p>Serviciile sunt \u00eemp\u0103r\u021bite \u00een patru niveluri (sau niveluri) de \u00eengrijire.<\/p>\t\t\t\t\t\t\t\t<\/div>\n\t\t\t\t<\/div>\n\t\t\t\t<div class=\"elementor-element elementor-element-4b90d5c elementor-widget elementor-widget-heading\" data-id=\"4b90d5c\" data-element_type=\"widget\" data-e-type=\"widget\" data-widget_type=\"heading.default\">\n\t\t\t\t<div class=\"elementor-widget-container\">\n\t\t\t\t\t<h2 class=\"elementor-heading-title elementor-size-default\">Nivelul 1: Servicii universale<\/h2>\t\t\t\t<\/div>\n\t\t\t\t<\/div>\n\t\t\t\t<div class=\"elementor-element elementor-element-e94df26 elementor-widget elementor-widget-text-editor\" data-id=\"e94df26\" data-element_type=\"widget\" data-e-type=\"widget\" data-widget_type=\"text-editor.default\">\n\t\t\t\t<div class=\"elementor-widget-container\">\n\t\t\t\t\t\t\t\t\t<p>Urm\u0103toarele surse de sprijin sunt disponibile tuturor.<\/p><ul><li><a href=\"https:\/\/www.nhs.uk\/healthier-families\/\" target=\"_blank\" rel=\"noopener\"><strong>NHS Familii mai s\u0103n\u0103toase<\/strong><\/a> \u2013 Ofer\u0103 sfaturi, instrumente \u0219i resurse pentru a ajuta familiile s\u0103 m\u0103n\u00e2nce mai bine, s\u0103 fac\u0103 mai mult\u0103 mi\u0219care \u0219i s\u0103 tr\u0103iasc\u0103 \u00eempreun\u0103 o via\u021b\u0103 mai s\u0103n\u0103toas\u0103.<\/li><li><a href=\"https:\/\/www.nhs.uk\/live-well\/healthy-weight\/childrens-weight\/\" target=\"_blank\" rel=\"noopener\"><strong>Greutatea copiilor din sistemul NHS<\/strong><\/a> \u2013 Ofer\u0103 \u00eendrum\u0103ri pentru a sprijini copiii \u00een atingerea \u0219i men\u021binerea unei greut\u0103\u021bi s\u0103n\u0103toase.<\/li><li><a href=\"https:\/\/www.healthforkids.co.uk\/staying-healthy\/\" target=\"_blank\" rel=\"noopener\"><strong>S\u0103n\u0103tate pentru copii<\/strong><\/a> \u2013 Ofer\u0103 sfaturi despre stilul de via\u021b\u0103 \u0219i informa\u021bii despre s\u0103n\u0103tate pentru familiile cu copii de v\u00e2rst\u0103 \u0219colar\u0103 primar\u0103.<\/li><li><a href=\"https:\/\/healthforunder5s.co.uk\/sections\/preschool\/making-mealtimes-happier\/\" target=\"_blank\" rel=\"noopener\"><strong>S\u0103n\u0103tate pentru copiii sub 5 ani<\/strong><\/a> \u2013 Ofer\u0103 sfaturi pentru mese s\u0103n\u0103toase.<\/li><li><a href=\"https:\/\/www.healthforteens.co.uk\/lifestyle\/\" target=\"_blank\" rel=\"noopener\"><strong>S\u0103n\u0103tate pentru adolescen\u021bi \u2013 Stil de via\u021b\u0103<\/strong><\/a> \u2013 Ofer\u0103 sfaturi despre stilul de via\u021b\u0103 \u0219i informa\u021bii despre s\u0103n\u0103tate, adaptate special adolescen\u021bilor.<\/li><li><a href=\"http:\/\/www.active-together.org\/children-and-families\" target=\"_blank\" rel=\"noopener\"><strong>Activ \u00eempreun\u0103 <\/strong><\/a>\u2013 Activitate acas\u0103 \u0219i activit\u0103\u021bi disponibile \u00een jude\u021b \u0219i ora\u0219 pentru <strong>copii cu v\u00e2rsta de 5+ ani<\/strong>.<\/li><li><a href=\"http:\/\/www.active-together.org\/active-tots\" target=\"_blank\" rel=\"noopener\"><strong>Activ \u00eempreun\u0103\u00a0<\/strong><\/a>\u2013 Activitate acas\u0103 \u0219i activit\u0103\u021bi disponibile \u00een jude\u021b \u0219i ora\u0219 pentru <strong>copii sub 5 ani.<\/strong><\/li><li><a href=\"http:\/\/www.nhs.uk\/live-well\/exercise\/physical-activity-guidelines-children-and-young-people\" target=\"_blank\" rel=\"noopener\"><strong>Planul de fitness NHS<\/strong><\/a> \u2013 Informa\u021bii despre diferitele tipuri de activit\u0103\u021bi pentru copiii cu v\u00e2rsta cuprins\u0103 \u00eentre <strong>5-18 ani<\/strong> cu videoclipuri cu activit\u0103\u021bi (10-30 de minute, \u00een func\u021bie de videoclipul ales).<\/li><li><a href=\"https:\/\/www.nhs.uk\/start-for-life\/\" target=\"_blank\" rel=\"noopener\"><strong>Cel mai bun \u00eenceput \u00een via\u021b\u0103 al NHS<\/strong><\/a> <strong>\u2013 <\/strong>Locul pentru sfaturi \u0219i \u00eendrum\u0103ri NHS de \u00eencredere, care s\u0103 v\u0103 ajute s\u0103 ave\u021bi un copil s\u0103n\u0103tos \u0219i fericit \u00een timpul sarcinii, na\u0219terii \u0219i al cre\u0219terii copiilor.<\/li><li><strong><a href=\"https:\/\/www.lnds.nhs.uk\/_patientsandpublic.aspx\" target=\"_blank\" rel=\"noopener\">Trustul de Nutri\u021bie \u0219i Dietetic\u0103 al Parteneriatului Leicestershire<\/a><a href=\"https:\/\/www.lnds.nhs.uk\/_patientsandpublic.aspx\" target=\"_blank\" rel=\"noopener\"> Serviciu<\/a><\/strong><a href=\"https:\/\/www.lnds.nhs.uk\/_patientsandpublic.aspx\" target=\"_blank\" rel=\"noopener\">\u00a0<\/a>\u2013 ofer\u0103 sfaturi despre nutri\u021bie \u0219i diet\u0103.<\/li><\/ul>\t\t\t\t\t\t\t\t<\/div>\n\t\t\t\t<\/div>\n\t\t\t\t<div class=\"elementor-element elementor-element-19c2840 elementor-widget elementor-widget-heading\" data-id=\"19c2840\" data-element_type=\"widget\" data-e-type=\"widget\" data-widget_type=\"heading.default\">\n\t\t\t\t<div class=\"elementor-widget-container\">\n\t\t\t\t\t<h2 class=\"elementor-heading-title elementor-size-default\">Nivelul 2: Servicii de gestionare a greut\u0103\u021bii legate de stilul de via\u021b\u0103<\/h2>\t\t\t\t<\/div>\n\t\t\t\t<\/div>\n\t\t\t\t<div class=\"elementor-element elementor-element-4b2e08d elementor-widget elementor-widget-text-editor\" data-id=\"4b2e08d\" data-element_type=\"widget\" data-e-type=\"widget\" data-widget_type=\"text-editor.default\">\n\t\t\t\t<div class=\"elementor-widget-container\">\n\t\t\t\t\t\t\t\t\t<p>Serviciile de nivelul doi ofer\u0103 un nivel mai ridicat de asisten\u021b\u0103 persoanelor care \u00eendeplinesc anumite criterii:<\/p><ul><li><p><a href=\"https:\/\/www.familyhubsleicestershire.org.uk\/\" target=\"_blank\" rel=\"noopener\"><strong>Centrele familiale din Leicestershire<\/strong><\/a> \u2013 Conecteaz\u0103 familiile cu servicii, sprijin \u0219i activit\u0103\u021bi locale pentru a ajuta copiii \u0219i tinerii s\u0103 se dezvolte.\u00a0<\/p><p><a href=\"https:\/\/families.leicester.gov.uk\/family-hubs\/\" target=\"_blank\" rel=\"noopener\"><strong>Centrele familiale din Leicester City<\/strong><\/a> \u2013 Centrele familiale ofer\u0103 ajutor \u0219i sprijin familiilor cu copii \u0219i tineri, reunind o varietate de servicii \u00eentr-un singur loc \u0219i facilit\u00e2nd accesul la \u00eengrijirea \u0219i \u00eendrumarea de care ave\u021bi nevoie.\u00a0<\/p><p><a href=\"https:\/\/www.leicspart.nhs.uk\/service\/nutrition-and-dietetics\/\" target=\"_blank\" rel=\"noopener\"><strong>Serviciul de Nutri\u021bie \u0219i Dietetic\u0103 al Trustului de Parteneriat Leicestershire<\/strong><\/a><\/p><p><strong>Serviciu de gestionare a greut\u0103\u021bii Tier 2 Plus.<\/strong> Acest serviciu a fost \u00eenfiin\u021bat cu titlu de prob\u0103 \u0219i s-a \u00eencheiat pe 31<sup>st<\/sup> Martie 2025. Nu exist\u0103 niciun \u00eenlocuitor pentru acest serviciu.<\/p><\/li><\/ul>\t\t\t\t\t\t\t\t<\/div>\n\t\t\t\t<\/div>\n\t\t\t\t<div class=\"elementor-element elementor-element-c96127e elementor-widget elementor-widget-heading\" data-id=\"c96127e\" data-element_type=\"widget\" data-e-type=\"widget\" data-widget_type=\"heading.default\">\n\t\t\t\t<div class=\"elementor-widget-container\">\n\t\t\t\t\t<h2 class=\"elementor-heading-title elementor-size-default\">Servicii specializate de gestionare a greut\u0103\u021bii de nivel 3<\/h2>\t\t\t\t<\/div>\n\t\t\t\t<\/div>\n\t\t\t\t<div class=\"elementor-element elementor-element-375b580 elementor-widget elementor-widget-text-editor\" data-id=\"375b580\" data-element_type=\"widget\" data-e-type=\"widget\" data-widget_type=\"text-editor.default\">\n\t\t\t\t<div class=\"elementor-widget-container\">\n\t\t\t\t\t\t\t\t\t<p>\u00cen Leicester, Leicestershire \u0219i Rutland exist\u0103 un serviciu pilot de gestionare a greut\u0103\u021bii pentru copii \u0219i tineri (C&amp;YP) de nivel 3, care se \u00eencheie la 31 martie 2027. Serviciul ofer\u0103 sprijin personalizat din partea unei echipe multidisciplinare, care ar putea include medica\u021bie.<\/p><p>Pentru a se asigura c\u0103 pacien\u021bii care se afl\u0103 deja pe lista de a\u0219teptare pot fi consulta\u021bi \u0219i gestiona\u021bi \u00eenainte de sf\u00e2r\u0219itul programului pilot, serviciul nu accept\u0103 noi trimiteri. Serviciul va continua s\u0103 gestioneze copiii \u0219i tinerii afla\u021bi deja \u00een grija sa p\u00e2n\u0103 \u00een martie 2027.<\/p><p>Sper\u0103m s\u0103 putem oferi un serviciu revizuit de nivel trei \u00een viitor. Acest lucru nu este confirmat \u00een prezent, iar termenele limit\u0103 \u0219i eligibilitatea urmeaz\u0103 s\u0103 fie stabilite.<\/p>\t\t\t\t\t\t\t\t<\/div>\n\t\t\t\t<\/div>\n\t\t\t\t<div class=\"elementor-element elementor-element-47389b3 elementor-widget elementor-widget-heading\" data-id=\"47389b3\" data-element_type=\"widget\" data-e-type=\"widget\" data-widget_type=\"heading.default\">\n\t\t\t\t<div class=\"elementor-widget-container\">\n\t\t\t\t\t<h2 class=\"elementor-heading-title elementor-size-default\">S\u0103n\u0103tate mental\u0103<\/h2>\t\t\t\t<\/div>\n\t\t\t\t<\/div>\n\t\t\t\t<div class=\"elementor-element elementor-element-ad502b9 elementor-widget elementor-widget-text-editor\" data-id=\"ad502b9\" data-element_type=\"widget\" data-e-type=\"widget\" data-widget_type=\"text-editor.default\">\n\t\t\t\t<div class=\"elementor-widget-container\">\n\t\t\t\t\t\t\t\t\t<p>Dac\u0103 exist\u0103 \u00eengrijor\u0103ri legate de s\u0103n\u0103tatea mintal\u0103, pe l\u00e2ng\u0103 greutate, p\u0103rin\u021bii pot face o sesizare c\u0103tre <a href=\"https:\/\/firststepsed.co.uk\/make-a-referral\/\" target=\"_blank\" rel=\"noopener\"><strong>https:\/\/firststepsed.co.uk\/make-a-referral\/<\/strong><\/a><\/p><p>Exist\u0103, de asemenea, o multitudine de alte servicii de s\u0103n\u0103tate mintal\u0103 pentru copii \u0219i tineri la nivel local: <strong><a href=\"https:\/\/www.leicspart.nhs.uk\/mental-health\/resources\/conditions\/young-people\/\" target=\"_blank\" rel=\"noopener\">Tinerii \u2013 Trustul NHS pentru Parteneriatul Leicestershire<\/a><\/strong><\/p>\t\t\t\t\t\t\t\t<\/div>\n\t\t\t\t<\/div>\n\t\t\t\t<div class=\"elementor-element elementor-element-f1f8832 elementor-widget elementor-widget-heading\" data-id=\"f1f8832\" data-element_type=\"widget\" data-e-type=\"widget\" data-widget_type=\"heading.default\">\n\t\t\t\t<div class=\"elementor-widget-container\">\n\t\t\t\t\t<h2 class=\"elementor-heading-title elementor-size-default\">Link-uri utile<\/h2>\t\t\t\t<\/div>\n\t\t\t\t<\/div>\n\t\t\t\t<div class=\"elementor-element elementor-element-01867dc elementor-widget elementor-widget-text-editor\" data-id=\"01867dc\" data-element_type=\"widget\" data-e-type=\"widget\" data-widget_type=\"text-editor.default\">\n\t\t\t\t<div class=\"elementor-widget-container\">\n\t\t\t\t\t\t\t\t\t<ul><li><a href=\"https:\/\/leicesterleicestershireandrutland.icb.nhs.uk\/ro\/your-health\/long-term-conditions\/weight-management\/\">Prezentare general\u0103 a gestion\u0103rii greut\u0103\u021bii pentru adul\u021bi \u0219i copii<\/a><\/li><li><a href=\"https:\/\/leicesterleicestershireandrutland.icb.nhs.uk\/ro\/your-health\/long-term-conditions\/weight-management\/weight-management-for-adults\/\">Gestionarea greut\u0103\u021bii pentru adul\u021bi<\/a><\/li><li><a href=\"https:\/\/www.nhs.uk\/conditions\/obesity\/\" target=\"_blank\" rel=\"noopener\">Afla\u021bi mai multe despre obezitate pe site-ul na\u021bional NHS<\/a>, inclusiv verificator IMC: site-ul na\u021bional NHS<\/li><\/ul>\t\t\t\t\t\t\t\t<\/div>\n\t\t\t\t<\/div>\n\t\t\t\t\t<\/div>\n\t\t<\/div>\n\t\t\t\t\t<\/div>\n\t\t<\/section>\n\t\t\t\t<\/div>","protected":false},"excerpt":{"rendered":"<p>Weight management for children Here you will find details of the services and support to help with children and families with managing their weight. The NHS and local partners are [&hellip;]<\/p>\n","protected":false},"author":5,"featured_media":0,"parent":23198,"menu_order":2,"comment_status":"closed","ping_status":"closed","template":"","meta":{"_eb_attr":"","footnotes":""},"class_list":["post-26679","page","type-page","status-publish","hentry"],"yoast_head":"<!-- This site is optimized with the Yoast SEO plugin v27.4 - https:\/\/yoast.com\/product\/yoast-seo-wordpress\/ -->\n<title>Weight management for children - LLR ICB<\/title>\n<meta name=\"robots\" content=\"index, follow, max-snippet:-1, max-image-preview:large, max-video-preview:-1\" \/>\n<link rel=\"canonical\" href=\"https:\/\/leicesterleicestershireandrutland.icb.nhs.uk\/ro\/your-health\/long-term-conditions\/weight-management\/weight-management-for-children\/\" \/>\n<meta property=\"og:locale\" content=\"ro_RO\" \/>\n<meta property=\"og:type\" content=\"article\" \/>\n<meta property=\"og:title\" content=\"Weight management for children - LLR ICB\" \/>\n<meta property=\"og:description\" content=\"Weight management for children Here you will find details of the services and support to help with children and families with managing their weight. The NHS and local partners are [&hellip;]\" \/>\n<meta property=\"og:url\" content=\"https:\/\/leicesterleicestershireandrutland.icb.nhs.uk\/ro\/your-health\/long-term-conditions\/weight-management\/weight-management-for-children\/\" \/>\n<meta property=\"og:site_name\" content=\"LLR ICB\" \/>\n<meta property=\"article:publisher\" content=\"https:\/\/www.facebook.com\/NHSLLR\" \/>\n<meta property=\"article:modified_time\" content=\"2025-12-22T16:27:58+00:00\" \/>\n<meta name=\"twitter:card\" content=\"summary_large_image\" \/>\n<meta name=\"twitter:site\" content=\"@NHS_LLR\" \/>\n<meta name=\"twitter:label1\" content=\"Timp estimat pentru citire\" \/>\n\t<meta name=\"twitter:data1\" content=\"3 minute\" \/>\n<script type=\"application\/ld+json\" class=\"yoast-schema-graph\">{\"@context\":\"https:\\\/\\\/schema.org\",\"@graph\":[{\"@type\":\"WebPage\",\"@id\":\"https:\\\/\\\/leicesterleicestershireandrutland.icb.nhs.uk\\\/your-health\\\/long-term-conditions\\\/weight-management\\\/weight-management-for-children\\\/\",\"url\":\"https:\\\/\\\/leicesterleicestershireandrutland.icb.nhs.uk\\\/your-health\\\/long-term-conditions\\\/weight-management\\\/weight-management-for-children\\\/\",\"name\":\"Weight management for children - LLR ICB\",\"isPartOf\":{\"@id\":\"https:\\\/\\\/leicesterleicestershireandrutland.icb.nhs.uk\\\/#website\"},\"datePublished\":\"2025-12-22T14:52:25+00:00\",\"dateModified\":\"2025-12-22T16:27:58+00:00\",\"breadcrumb\":{\"@id\":\"https:\\\/\\\/leicesterleicestershireandrutland.icb.nhs.uk\\\/your-health\\\/long-term-conditions\\\/weight-management\\\/weight-management-for-children\\\/#breadcrumb\"},\"inLanguage\":\"ro-RO\",\"potentialAction\":[{\"@type\":\"ReadAction\",\"target\":[\"https:\\\/\\\/leicesterleicestershireandrutland.icb.nhs.uk\\\/your-health\\\/long-term-conditions\\\/weight-management\\\/weight-management-for-children\\\/\"]}]},{\"@type\":\"BreadcrumbList\",\"@id\":\"https:\\\/\\\/leicesterleicestershireandrutland.icb.nhs.uk\\\/your-health\\\/long-term-conditions\\\/weight-management\\\/weight-management-for-children\\\/#breadcrumb\",\"itemListElement\":[{\"@type\":\"ListItem\",\"position\":1,\"name\":\"Home\",\"item\":\"https:\\\/\\\/leicesterleicestershireandrutland.icb.nhs.uk\\\/\"},{\"@type\":\"ListItem\",\"position\":2,\"name\":\"Your Health\",\"item\":\"https:\\\/\\\/leicesterleicestershireandrutland.icb.nhs.uk\\\/your-health\\\/\"},{\"@type\":\"ListItem\",\"position\":3,\"name\":\"Long term conditions\",\"item\":\"https:\\\/\\\/leicesterleicestershireandrutland.icb.nhs.uk\\\/your-health\\\/long-term-conditions\\\/\"},{\"@type\":\"ListItem\",\"position\":4,\"name\":\"Weight management\",\"item\":\"https:\\\/\\\/leicesterleicestershireandrutland.icb.nhs.uk\\\/your-health\\\/long-term-conditions\\\/weight-management\\\/\"},{\"@type\":\"ListItem\",\"position\":5,\"name\":\"Weight management for children\"}]},{\"@type\":\"WebSite\",\"@id\":\"https:\\\/\\\/leicesterleicestershireandrutland.icb.nhs.uk\\\/#website\",\"url\":\"https:\\\/\\\/leicesterleicestershireandrutland.icb.nhs.uk\\\/\",\"name\":\"LLR ICB\",\"description\":\"LLR Integrated Care Board\",\"publisher\":{\"@id\":\"https:\\\/\\\/leicesterleicestershireandrutland.icb.nhs.uk\\\/#organization\"},\"potentialAction\":[{\"@type\":\"SearchAction\",\"target\":{\"@type\":\"EntryPoint\",\"urlTemplate\":\"https:\\\/\\\/leicesterleicestershireandrutland.icb.nhs.uk\\\/?s={search_term_string}\"},\"query-input\":{\"@type\":\"PropertyValueSpecification\",\"valueRequired\":true,\"valueName\":\"search_term_string\"}}],\"inLanguage\":\"ro-RO\"},{\"@type\":\"Organization\",\"@id\":\"https:\\\/\\\/leicesterleicestershireandrutland.icb.nhs.uk\\\/#organization\",\"name\":\"LLR ICB\",\"url\":\"https:\\\/\\\/leicesterleicestershireandrutland.icb.nhs.uk\\\/\",\"logo\":{\"@type\":\"ImageObject\",\"inLanguage\":\"ro-RO\",\"@id\":\"https:\\\/\\\/leicesterleicestershireandrutland.icb.nhs.uk\\\/#\\\/schema\\\/logo\\\/image\\\/\",\"url\":\"https:\\\/\\\/i0.wp.com\\\/leicesterleicestershireandrutland.icb.nhs.uk\\\/wp-content\\\/uploads\\\/2022\\\/06\\\/New-Project-4.jpg?fit=452%2C93&ssl=1\",\"contentUrl\":\"https:\\\/\\\/i0.wp.com\\\/leicesterleicestershireandrutland.icb.nhs.uk\\\/wp-content\\\/uploads\\\/2022\\\/06\\\/New-Project-4.jpg?fit=452%2C93&ssl=1\",\"width\":452,\"height\":93,\"caption\":\"LLR ICB\"},\"image\":{\"@id\":\"https:\\\/\\\/leicesterleicestershireandrutland.icb.nhs.uk\\\/#\\\/schema\\\/logo\\\/image\\\/\"},\"sameAs\":[\"https:\\\/\\\/www.facebook.com\\\/NHSLLR\",\"https:\\\/\\\/x.com\\\/NHS_LLR\",\"https:\\\/\\\/www.instagram.com\\\/nhsllr\\\/\"]}]}<\/script>\n<!-- \/ Yoast SEO plugin. -->","yoast_head_json":{"title":"Weight management for children - LLR ICB","robots":{"index":"index","follow":"follow","max-snippet":"max-snippet:-1","max-image-preview":"max-image-preview:large","max-video-preview":"max-video-preview:-1"},"canonical":"https:\/\/leicesterleicestershireandrutland.icb.nhs.uk\/ro\/your-health\/long-term-conditions\/weight-management\/weight-management-for-children\/","og_locale":"ro_RO","og_type":"article","og_title":"Weight management for children - LLR ICB","og_description":"Weight management for children Here you will find details of the services and support to help with children and families with managing their weight. The NHS and local partners are [&hellip;]","og_url":"https:\/\/leicesterleicestershireandrutland.icb.nhs.uk\/ro\/your-health\/long-term-conditions\/weight-management\/weight-management-for-children\/","og_site_name":"LLR ICB","article_publisher":"https:\/\/www.facebook.com\/NHSLLR","article_modified_time":"2025-12-22T16:27:58+00:00","twitter_card":"summary_large_image","twitter_site":"@NHS_LLR","twitter_misc":{"Timp estimat pentru citire":"3 minute"},"schema":{"@context":"https:\/\/schema.org","@graph":[{"@type":"WebPage","@id":"https:\/\/leicesterleicestershireandrutland.icb.nhs.uk\/your-health\/long-term-conditions\/weight-management\/weight-management-for-children\/","url":"https:\/\/leicesterleicestershireandrutland.icb.nhs.uk\/your-health\/long-term-conditions\/weight-management\/weight-management-for-children\/","name":"Weight management for children - LLR ICB","isPartOf":{"@id":"https:\/\/leicesterleicestershireandrutland.icb.nhs.uk\/#website"},"datePublished":"2025-12-22T14:52:25+00:00","dateModified":"2025-12-22T16:27:58+00:00","breadcrumb":{"@id":"https:\/\/leicesterleicestershireandrutland.icb.nhs.uk\/your-health\/long-term-conditions\/weight-management\/weight-management-for-children\/#breadcrumb"},"inLanguage":"ro-RO","potentialAction":[{"@type":"ReadAction","target":["https:\/\/leicesterleicestershireandrutland.icb.nhs.uk\/your-health\/long-term-conditions\/weight-management\/weight-management-for-children\/"]}]},{"@type":"BreadcrumbList","@id":"https:\/\/leicesterleicestershireandrutland.icb.nhs.uk\/your-health\/long-term-conditions\/weight-management\/weight-management-for-children\/#breadcrumb","itemListElement":[{"@type":"ListItem","position":1,"name":"Home","item":"https:\/\/leicesterleicestershireandrutland.icb.nhs.uk\/"},{"@type":"ListItem","position":2,"name":"Your Health","item":"https:\/\/leicesterleicestershireandrutland.icb.nhs.uk\/your-health\/"},{"@type":"ListItem","position":3,"name":"Long term conditions","item":"https:\/\/leicesterleicestershireandrutland.icb.nhs.uk\/your-health\/long-term-conditions\/"},{"@type":"ListItem","position":4,"name":"Weight management","item":"https:\/\/leicesterleicestershireandrutland.icb.nhs.uk\/your-health\/long-term-conditions\/weight-management\/"},{"@type":"ListItem","position":5,"name":"Weight management for children"}]},{"@type":"WebSite","@id":"https:\/\/leicesterleicestershireandrutland.icb.nhs.uk\/#website","url":"https:\/\/leicesterleicestershireandrutland.icb.nhs.uk\/","name":"LLR ICB","description":"LLR Integrated Care Board","publisher":{"@id":"https:\/\/leicesterleicestershireandrutland.icb.nhs.uk\/#organization"},"potentialAction":[{"@type":"SearchAction","target":{"@type":"EntryPoint","urlTemplate":"https:\/\/leicesterleicestershireandrutland.icb.nhs.uk\/?s={search_term_string}"},"query-input":{"@type":"PropertyValueSpecification","valueRequired":true,"valueName":"search_term_string"}}],"inLanguage":"ro-RO"},{"@type":"Organization","@id":"https:\/\/leicesterleicestershireandrutland.icb.nhs.uk\/#organization","name":"LLR ICB","url":"https:\/\/leicesterleicestershireandrutland.icb.nhs.uk\/","logo":{"@type":"ImageObject","inLanguage":"ro-RO","@id":"https:\/\/leicesterleicestershireandrutland.icb.nhs.uk\/#\/schema\/logo\/image\/","url":"https:\/\/i0.wp.com\/leicesterleicestershireandrutland.icb.nhs.uk\/wp-content\/uploads\/2022\/06\/New-Project-4.jpg?fit=452%2C93&ssl=1","contentUrl":"https:\/\/i0.wp.com\/leicesterleicestershireandrutland.icb.nhs.uk\/wp-content\/uploads\/2022\/06\/New-Project-4.jpg?fit=452%2C93&ssl=1","width":452,"height":93,"caption":"LLR ICB"},"image":{"@id":"https:\/\/leicesterleicestershireandrutland.icb.nhs.uk\/#\/schema\/logo\/image\/"},"sameAs":["https:\/\/www.facebook.com\/NHSLLR","https:\/\/x.com\/NHS_LLR","https:\/\/www.instagram.com\/nhsllr\/"]}]}},"jetpack_sharing_enabled":true,"_links":{"self":[{"href":"https:\/\/leicesterleicestershireandrutland.icb.nhs.uk\/ro\/wp-json\/wp\/v2\/pages\/26679","targetHints":{"allow":["GET"]}}],"collection":[{"href":"https:\/\/leicesterleicestershireandrutland.icb.nhs.uk\/ro\/wp-json\/wp\/v2\/pages"}],"about":[{"href":"https:\/\/leicesterleicestershireandrutland.icb.nhs.uk\/ro\/wp-json\/wp\/v2\/types\/page"}],"author":[{"embeddable":true,"href":"https:\/\/leicesterleicestershireandrutland.icb.nhs.uk\/ro\/wp-json\/wp\/v2\/users\/5"}],"replies":[{"embeddable":true,"href":"https:\/\/leicesterleicestershireandrutland.icb.nhs.uk\/ro\/wp-json\/wp\/v2\/comments?post=26679"}],"version-history":[{"count":13,"href":"https:\/\/leicesterleicestershireandrutland.icb.nhs.uk\/ro\/wp-json\/wp\/v2\/pages\/26679\/revisions"}],"predecessor-version":[{"id":26708,"href":"https:\/\/leicesterleicestershireandrutland.icb.nhs.uk\/ro\/wp-json\/wp\/v2\/pages\/26679\/revisions\/26708"}],"up":[{"embeddable":true,"href":"https:\/\/leicesterleicestershireandrutland.icb.nhs.uk\/ro\/wp-json\/wp\/v2\/pages\/23198"}],"wp:attachment":[{"href":"https:\/\/leicesterleicestershireandrutland.icb.nhs.uk\/ro\/wp-json\/wp\/v2\/media?parent=26679"}],"curies":[{"name":"wp","href":"https:\/\/api.w.org\/{rel}","templated":true}]}}