{"id":27068,"date":"2026-01-14T16:39:39","date_gmt":"2026-01-14T16:39:39","guid":{"rendered":"https:\/\/leicesterleicestershireandrutland.icb.nhs.uk\/?page_id=27068"},"modified":"2026-01-14T17:14:15","modified_gmt":"2026-01-14T17:14:15","slug":"elementor-27068","status":"publish","type":"page","link":"https:\/\/leicesterleicestershireandrutland.icb.nhs.uk\/ro\/elementor-27068\/","title":{"rendered":"Elementor #27068"},"content":{"rendered":"<div data-elementor-type=\"wp-page\" data-elementor-id=\"27068\" class=\"elementor elementor-27068\" data-elementor-post-type=\"page\">\n\t\t\t\t\t\t<section data-particle_enable=\"false\" data-particle-mobile-disabled=\"false\" class=\"elementor-section elementor-top-section elementor-element elementor-element-4b3f553 elementor-section-boxed elementor-section-height-default elementor-section-height-default\" data-id=\"4b3f553\" data-element_type=\"section\" data-e-type=\"section\">\n\t\t\t\t\t\t<div class=\"elementor-container elementor-column-gap-default\">\n\t\t\t\t\t<div class=\"elementor-column elementor-col-100 elementor-top-column elementor-element elementor-element-8bd71d7\" data-id=\"8bd71d7\" data-element_type=\"column\" data-e-type=\"column\">\n\t\t\t<div class=\"elementor-widget-wrap elementor-element-populated\">\n\t\t\t\t\t\t<div class=\"elementor-element elementor-element-2d6b8f2 elementor-widget elementor-widget-heading\" data-id=\"2d6b8f2\" data-element_type=\"widget\" data-e-type=\"widget\" data-widget_type=\"heading.default\">\n\t\t\t\t<div class=\"elementor-widget-container\">\n\t\t\t\t\t<h1 class=\"elementor-heading-title elementor-size-default\"><br>Actualizare privind serviciile pentru Dreptul la Alegere pentru Autism \u0219i ADHD - ianuarie 2026\n<\/h1>\t\t\t\t<\/div>\n\t\t\t\t<\/div>\n\t\t\t\t\t<\/div>\n\t\t<\/div>\n\t\t\t\t\t<\/div>\n\t\t<\/section>\n\t\t\t\t<section data-particle_enable=\"false\" data-particle-mobile-disabled=\"false\" class=\"elementor-section elementor-top-section elementor-element elementor-element-1fd13ac elementor-section-boxed elementor-section-height-default elementor-section-height-default\" data-id=\"1fd13ac\" data-element_type=\"section\" data-e-type=\"section\">\n\t\t\t\t\t\t<div class=\"elementor-container elementor-column-gap-default\">\n\t\t\t\t\t<div class=\"elementor-column elementor-col-100 elementor-top-column elementor-element elementor-element-585ee71\" data-id=\"585ee71\" data-element_type=\"column\" data-e-type=\"column\">\n\t\t\t<div class=\"elementor-widget-wrap elementor-element-populated\">\n\t\t\t\t\t\t<div class=\"elementor-element elementor-element-634c62f elementor-widget elementor-widget-text-editor\" data-id=\"634c62f\" data-element_type=\"widget\" data-e-type=\"widget\" data-widget_type=\"text-editor.default\">\n\t\t\t\t<div class=\"elementor-widget-container\">\n\t\t\t\t\t\t\t\t\t<p>\u00a0<\/p><p><strong>Conform Cadrului na\u021bional NHS Choice, persoanele au dreptul de a alege furnizorul care le va efectua evaluarea \u0219i tratamentul pentru autism sau ADHD prin intermediul oric\u0103rui furnizor (inclusiv furnizori independen\u021bi) \u00een cazul \u00een care au un contract NHS \u0219i ofer\u0103 servicii echivalente \u00een alt\u0103 parte. <\/strong><\/p><p>\u00cen ultimii ani, s-a \u00eenregistrat o cre\u0219tere semnificativ\u0103 a num\u0103rului de trimiteri pentru TSA\/ADHD c\u0103tre furnizori independen\u021bi, prin intermediul NHS Right to Choose (RTC). Pentru a ajuta la gestionarea cererii \u0219i a asigura furnizarea echitabil\u0103 a serviciilor, NHS England a solicitat consiliilor de \u00eengrijire integrat\u0103 s\u0103 colaboreze cu furnizorii pentru a conveni asupra a ceea ce se nume\u0219te un Plan indicativ de activitate.<\/p><p>Acesta este, \u00een esen\u021b\u0103, un acord privind:\u00a0<\/p><ul><li>C\u00e2te evalu\u0103ri poate efectua un furnizor.<\/li><li>Ce finan\u021bare este disponibil\u0103 pentru a sus\u021bine aceast\u0103 lucrare.<\/li><\/ul><p>\u00a0<\/p><p>Ca r\u0103spuns la cre\u0219terea cererii pe care am observat-o anul trecut (2025), am investit mai mult \u00een aceste servicii. Cu toate acestea, \u00een ciuda acestor investi\u021bii suplimentare, unii furnizori au atins deja sau sunt aproape de a atinge limita a ceea ce pot oferi \u00een cadrul planului lor pentru acest an financiar, care se \u00eencheie la 31 martie 2026. Aceasta \u00eenseamn\u0103 c\u0103 unele persoane nu vor fi consultate pentru o nou\u0103 evaluare dec\u00e2t dup\u0103 1 aprilie 2026. \u00cen majoritatea cazurilor, ace\u0219ti furnizori au deja o list\u0103 de a\u0219teptare pentru serviciul lor, ceea ce \u00eenseamn\u0103 c\u0103 este probabil ca persoanele s\u0103 a\u0219tepte pu\u021bin mai mult timp pentru a fi consultate pentru o prim\u0103 evaluare.\u00a0<\/p><p><span style=\"color: #000000;\"><strong>Am fost \u00eendrumat c\u0103tre un furnizor de servicii medicale din cadrul programului \u201eRight to Choice\u201d \u0219i a\u0219tept s\u0103 fiu consultat. Ce ar trebui s\u0103 fac?<\/strong><\/span><\/p><p>Dac\u0103 a\u021bi fost trimis(\u0103), trimiterea dumneavoastr\u0103 va fi p\u0103strat\u0103 de furnizor \u0219i ve\u021bi fi deja pe lista lor de a\u0219teptare \u2013 deci nu trebuie s\u0103 face\u021bi nimic. De \u00eendat\u0103 ce furnizorul \u00ee\u0219i va permite s\u0103 beneficieze de servicii medicale \u00een cadrul planului s\u0103u, v\u0103 va contacta pentru a programa o \u00eent\u00e2lnire. \u00cen multe cazuri, persoanele vor fi contactate \u00eencep\u00e2nd cu aprilie 2026.<\/p><p><strong>Pot alege s\u0103 schimb furnizorul?<\/strong><\/p><p>Din cauza cererii mari \u00een cadrul serviciilor, schimbarea furnizorului poate s\u0103 nu duc\u0103 la un timp de a\u0219teptare mai scurt. Cu toate acestea, dac\u0103 nu a\u021bi fost \u00eenc\u0103 evaluat, pute\u021bi solicita medicului de familie s\u0103 v\u0103 \u00eendrume c\u0103tre un alt furnizor. Dac\u0103 r\u0103m\u00e2ne\u021bi la furnizorul actual, ve\u021bi fi deja pe lista lor de a\u0219teptare \u0219i ve\u021bi fi consultat imediat ce spa\u021biul disponibil devine disponibil.<\/p><p><strong>Cum \u0219tiu unde m\u0103 aflu pe lista de a\u0219teptare?<\/strong><\/p><p>Nu de\u021binem aceste informa\u021bii, a\u0219a c\u0103 va trebui s\u0103 contacta\u021bi furnizorul ales pentru a afla despre locul dumneavoastr\u0103 pe lista de a\u0219teptare \u0219i c\u00e2nd este probabil s\u0103 fi\u021bi consultat.\u00a0<\/p><p><strong>Voi fi externat de la furnizorul meu actual dac\u0103 am fost deja evaluat \u0219i primesc tratament?<\/strong><\/p><p>Nu. Nu ve\u021bi fi externat(\u0103) c\u00e2t timp primi\u021bi tratament, iar orice evaluare a medica\u021biei va continua s\u0103 fie finan\u021bat\u0103. Dac\u0103 ave\u021bi nel\u0103muriri, v\u0103 rug\u0103m s\u0103 contacta\u021bi organiza\u021bia care v\u0103 ofer\u0103 \u00eengrijire.<\/p><p><strong>Asisten\u021ba este disponibil\u0103 \u00een timp ce a\u0219tepta\u021bi<\/strong><\/p><p>\u0218tim c\u0103 a\u0219teptarea unei evalu\u0103ri \u0219i a unui posibil diagnostic poate avea un impact real, iar siguran\u021ba \u0219i sprijinul dumneavoastr\u0103 r\u0103m\u00e2n prioritatea noastr\u0103 principal\u0103.\u00a0<\/p><p>\u00cen\u021belegem c\u0103 dumneavoastr\u0103 sau copilul dumneavoastr\u0103 a\u021bi putea avea nevoie de ajutor acum \u0219i depunem toate eforturile pentru a ne asigura c\u0103 sprijinul este disponibil, chiar \u00eenainte de o evaluare \u0219i de un posibil diagnostic formal. Pentru informa\u021bii suplimentare despre serviciile de sprijin \u0219i informa\u021bii despre cum s\u0103 a\u0219tepta\u021bi bine, face\u021bi clic pe urm\u0103toarele linkuri:<\/p><p><a href=\"https:\/\/gbr01.safelinks.protection.outlook.com\/?url=https%3A%2F%2Fwww.leicspart.nhs.uk%2Fwhile-you-wait%2Fadhd%2F&amp;data=05%7C02%7Cjohn.singh2%40nhs.net%7C4994e05f83614fae6c3b08de31c1ecf5%7C37c354b285b047f5b22207b48d774ee3%7C0%7C1%7C639002906173599145%7CUnknown%7CTWFpbGZsb3d8eyJFbXB0eU1hcGkiOnRydWUsIlYiOiIwLjAuMDAwMCIsIlAiOiJXaW4zMiIsIkFOIjoiTWFpbCIsIldUIjoyfQ%3D%3D%7C0%7C%7C%7C&amp;sdata=B1yoU1lcB0dZbKZxogxd4jG9kW9wd4ii9jW0dn2zHGQ%3D&amp;reserved=0\">https:\/\/www.leicspart.nhs.uk\/while-you-wait\/adhd\/<\/a><\/p><p><a href=\"https:\/\/gbr01.safelinks.protection.outlook.com\/?url=https%3A%2F%2Fwww.leicspart.nhs.uk%2Fautism-space%2F&amp;data=05%7C02%7Cjohn.singh2%40nhs.net%7C4994e05f83614fae6c3b08de31c1ecf5%7C37c354b285b047f5b22207b48d774ee3%7C0%7C1%7C639002906173622449%7CUnknown%7CTWFpbGZsb3d8eyJFbXB0eU1hcGkiOnRydWUsIlYiOiIwLjAuMDAwMCIsIlAiOiJXaW4zMiIsIkFOIjoiTWFpbCIsIldUIjoyfQ%3D%3D%7C0%7C%7C%7C&amp;sdata=%2BPjqmDkMRgQihd6pd9KGOZn6ekhwibHAUStICyQJ%2BpI%3D&amp;reserved=0\">https:\/\/www.leicspart.nhs.uk\/autism-space\/<\/a><\/p>\t\t\t\t\t\t\t\t<\/div>\n\t\t\t\t<\/div>\n\t\t\t\t\t<\/div>\n\t\t<\/div>\n\t\t\t\t\t<\/div>\n\t\t<\/section>\n\t\t\t\t<section data-particle_enable=\"false\" data-particle-mobile-disabled=\"false\" class=\"elementor-section elementor-top-section elementor-element elementor-element-6371305 elementor-section-boxed elementor-section-height-default elementor-section-height-default\" data-id=\"6371305\" data-element_type=\"section\" data-e-type=\"section\">\n\t\t\t\t\t\t<div class=\"elementor-container elementor-column-gap-default\">\n\t\t\t\t\t<div class=\"elementor-column elementor-col-100 elementor-top-column elementor-element elementor-element-99ae9a0\" data-id=\"99ae9a0\" data-element_type=\"column\" data-e-type=\"column\">\n\t\t\t<div class=\"elementor-widget-wrap\">\n\t\t\t\t\t\t\t<\/div>\n\t\t<\/div>\n\t\t\t\t\t<\/div>\n\t\t<\/section>\n\t\t\t\t<\/div>","protected":false},"excerpt":{"rendered":"<p>Update on Autism &amp; ADHD Right to Choose services &#8211; January 2026 \u00a0 Under the national NHS Choice Framework, people have the right to choose the provider that will carry [&hellip;]<\/p>\n","protected":false},"author":8,"featured_media":0,"parent":0,"menu_order":0,"comment_status":"closed","ping_status":"closed","template":"","meta":{"_eb_attr":"","footnotes":""},"class_list":["post-27068","page","type-page","status-publish","hentry"],"yoast_head":"<!-- This site is optimized with the Yoast SEO plugin v27.4 - https:\/\/yoast.com\/product\/yoast-seo-wordpress\/ -->\n<title>Elementor #27068 - LLR ICB<\/title>\n<meta name=\"robots\" content=\"index, follow, max-snippet:-1, max-image-preview:large, max-video-preview:-1\" \/>\n<link rel=\"canonical\" href=\"https:\/\/leicesterleicestershireandrutland.icb.nhs.uk\/ro\/elementor-27068\/\" \/>\n<meta property=\"og:locale\" content=\"ro_RO\" \/>\n<meta property=\"og:type\" content=\"article\" \/>\n<meta property=\"og:title\" content=\"Elementor #27068 - LLR ICB\" \/>\n<meta property=\"og:description\" content=\"Update on Autism &amp; ADHD Right to Choose services &#8211; January 2026 \u00a0 Under the national NHS Choice Framework, people have the right to choose the provider that will carry [&hellip;]\" \/>\n<meta property=\"og:url\" content=\"https:\/\/leicesterleicestershireandrutland.icb.nhs.uk\/ro\/elementor-27068\/\" \/>\n<meta property=\"og:site_name\" content=\"LLR ICB\" \/>\n<meta property=\"article:publisher\" content=\"https:\/\/www.facebook.com\/NHSLLR\" \/>\n<meta property=\"article:modified_time\" content=\"2026-01-14T17:14:15+00:00\" \/>\n<meta name=\"twitter:card\" content=\"summary_large_image\" \/>\n<meta name=\"twitter:site\" content=\"@NHS_LLR\" \/>\n<meta name=\"twitter:label1\" content=\"Timp estimat pentru citire\" \/>\n\t<meta name=\"twitter:data1\" content=\"3 minute\" \/>\n<script type=\"application\/ld+json\" class=\"yoast-schema-graph\">{\"@context\":\"https:\\\/\\\/schema.org\",\"@graph\":[{\"@type\":\"WebPage\",\"@id\":\"https:\\\/\\\/leicesterleicestershireandrutland.icb.nhs.uk\\\/elementor-27068\\\/\",\"url\":\"https:\\\/\\\/leicesterleicestershireandrutland.icb.nhs.uk\\\/elementor-27068\\\/\",\"name\":\"Elementor #27068 - LLR ICB\",\"isPartOf\":{\"@id\":\"https:\\\/\\\/leicesterleicestershireandrutland.icb.nhs.uk\\\/#website\"},\"datePublished\":\"2026-01-14T16:39:39+00:00\",\"dateModified\":\"2026-01-14T17:14:15+00:00\",\"breadcrumb\":{\"@id\":\"https:\\\/\\\/leicesterleicestershireandrutland.icb.nhs.uk\\\/elementor-27068\\\/#breadcrumb\"},\"inLanguage\":\"ro-RO\",\"potentialAction\":[{\"@type\":\"ReadAction\",\"target\":[\"https:\\\/\\\/leicesterleicestershireandrutland.icb.nhs.uk\\\/elementor-27068\\\/\"]}]},{\"@type\":\"BreadcrumbList\",\"@id\":\"https:\\\/\\\/leicesterleicestershireandrutland.icb.nhs.uk\\\/elementor-27068\\\/#breadcrumb\",\"itemListElement\":[{\"@type\":\"ListItem\",\"position\":1,\"name\":\"Home\",\"item\":\"https:\\\/\\\/leicesterleicestershireandrutland.icb.nhs.uk\\\/\"},{\"@type\":\"ListItem\",\"position\":2,\"name\":\"Elementor #27068\"}]},{\"@type\":\"WebSite\",\"@id\":\"https:\\\/\\\/leicesterleicestershireandrutland.icb.nhs.uk\\\/#website\",\"url\":\"https:\\\/\\\/leicesterleicestershireandrutland.icb.nhs.uk\\\/\",\"name\":\"LLR ICB\",\"description\":\"LLR Integrated Care Board\",\"publisher\":{\"@id\":\"https:\\\/\\\/leicesterleicestershireandrutland.icb.nhs.uk\\\/#organization\"},\"potentialAction\":[{\"@type\":\"SearchAction\",\"target\":{\"@type\":\"EntryPoint\",\"urlTemplate\":\"https:\\\/\\\/leicesterleicestershireandrutland.icb.nhs.uk\\\/?s={search_term_string}\"},\"query-input\":{\"@type\":\"PropertyValueSpecification\",\"valueRequired\":true,\"valueName\":\"search_term_string\"}}],\"inLanguage\":\"ro-RO\"},{\"@type\":\"Organization\",\"@id\":\"https:\\\/\\\/leicesterleicestershireandrutland.icb.nhs.uk\\\/#organization\",\"name\":\"LLR ICB\",\"url\":\"https:\\\/\\\/leicesterleicestershireandrutland.icb.nhs.uk\\\/\",\"logo\":{\"@type\":\"ImageObject\",\"inLanguage\":\"ro-RO\",\"@id\":\"https:\\\/\\\/leicesterleicestershireandrutland.icb.nhs.uk\\\/#\\\/schema\\\/logo\\\/image\\\/\",\"url\":\"https:\\\/\\\/i0.wp.com\\\/leicesterleicestershireandrutland.icb.nhs.uk\\\/wp-content\\\/uploads\\\/2022\\\/06\\\/New-Project-4.jpg?fit=452%2C93&ssl=1\",\"contentUrl\":\"https:\\\/\\\/i0.wp.com\\\/leicesterleicestershireandrutland.icb.nhs.uk\\\/wp-content\\\/uploads\\\/2022\\\/06\\\/New-Project-4.jpg?fit=452%2C93&ssl=1\",\"width\":452,\"height\":93,\"caption\":\"LLR ICB\"},\"image\":{\"@id\":\"https:\\\/\\\/leicesterleicestershireandrutland.icb.nhs.uk\\\/#\\\/schema\\\/logo\\\/image\\\/\"},\"sameAs\":[\"https:\\\/\\\/www.facebook.com\\\/NHSLLR\",\"https:\\\/\\\/x.com\\\/NHS_LLR\",\"https:\\\/\\\/www.instagram.com\\\/nhsllr\\\/\"]}]}<\/script>\n<!-- \/ Yoast SEO plugin. -->","yoast_head_json":{"title":"Elementor #27068 - LLR ICB","robots":{"index":"index","follow":"follow","max-snippet":"max-snippet:-1","max-image-preview":"max-image-preview:large","max-video-preview":"max-video-preview:-1"},"canonical":"https:\/\/leicesterleicestershireandrutland.icb.nhs.uk\/ro\/elementor-27068\/","og_locale":"ro_RO","og_type":"article","og_title":"Elementor #27068 - LLR ICB","og_description":"Update on Autism &amp; ADHD Right to Choose services &#8211; January 2026 \u00a0 Under the national NHS Choice Framework, people have the right to choose the provider that will carry [&hellip;]","og_url":"https:\/\/leicesterleicestershireandrutland.icb.nhs.uk\/ro\/elementor-27068\/","og_site_name":"LLR ICB","article_publisher":"https:\/\/www.facebook.com\/NHSLLR","article_modified_time":"2026-01-14T17:14:15+00:00","twitter_card":"summary_large_image","twitter_site":"@NHS_LLR","twitter_misc":{"Timp estimat pentru citire":"3 minute"},"schema":{"@context":"https:\/\/schema.org","@graph":[{"@type":"WebPage","@id":"https:\/\/leicesterleicestershireandrutland.icb.nhs.uk\/elementor-27068\/","url":"https:\/\/leicesterleicestershireandrutland.icb.nhs.uk\/elementor-27068\/","name":"Elementor #27068 - LLR ICB","isPartOf":{"@id":"https:\/\/leicesterleicestershireandrutland.icb.nhs.uk\/#website"},"datePublished":"2026-01-14T16:39:39+00:00","dateModified":"2026-01-14T17:14:15+00:00","breadcrumb":{"@id":"https:\/\/leicesterleicestershireandrutland.icb.nhs.uk\/elementor-27068\/#breadcrumb"},"inLanguage":"ro-RO","potentialAction":[{"@type":"ReadAction","target":["https:\/\/leicesterleicestershireandrutland.icb.nhs.uk\/elementor-27068\/"]}]},{"@type":"BreadcrumbList","@id":"https:\/\/leicesterleicestershireandrutland.icb.nhs.uk\/elementor-27068\/#breadcrumb","itemListElement":[{"@type":"ListItem","position":1,"name":"Home","item":"https:\/\/leicesterleicestershireandrutland.icb.nhs.uk\/"},{"@type":"ListItem","position":2,"name":"Elementor #27068"}]},{"@type":"WebSite","@id":"https:\/\/leicesterleicestershireandrutland.icb.nhs.uk\/#website","url":"https:\/\/leicesterleicestershireandrutland.icb.nhs.uk\/","name":"LLR ICB","description":"LLR Integrated Care Board","publisher":{"@id":"https:\/\/leicesterleicestershireandrutland.icb.nhs.uk\/#organization"},"potentialAction":[{"@type":"SearchAction","target":{"@type":"EntryPoint","urlTemplate":"https:\/\/leicesterleicestershireandrutland.icb.nhs.uk\/?s={search_term_string}"},"query-input":{"@type":"PropertyValueSpecification","valueRequired":true,"valueName":"search_term_string"}}],"inLanguage":"ro-RO"},{"@type":"Organization","@id":"https:\/\/leicesterleicestershireandrutland.icb.nhs.uk\/#organization","name":"LLR ICB","url":"https:\/\/leicesterleicestershireandrutland.icb.nhs.uk\/","logo":{"@type":"ImageObject","inLanguage":"ro-RO","@id":"https:\/\/leicesterleicestershireandrutland.icb.nhs.uk\/#\/schema\/logo\/image\/","url":"https:\/\/i0.wp.com\/leicesterleicestershireandrutland.icb.nhs.uk\/wp-content\/uploads\/2022\/06\/New-Project-4.jpg?fit=452%2C93&ssl=1","contentUrl":"https:\/\/i0.wp.com\/leicesterleicestershireandrutland.icb.nhs.uk\/wp-content\/uploads\/2022\/06\/New-Project-4.jpg?fit=452%2C93&ssl=1","width":452,"height":93,"caption":"LLR ICB"},"image":{"@id":"https:\/\/leicesterleicestershireandrutland.icb.nhs.uk\/#\/schema\/logo\/image\/"},"sameAs":["https:\/\/www.facebook.com\/NHSLLR","https:\/\/x.com\/NHS_LLR","https:\/\/www.instagram.com\/nhsllr\/"]}]}},"jetpack_sharing_enabled":true,"_links":{"self":[{"href":"https:\/\/leicesterleicestershireandrutland.icb.nhs.uk\/ro\/wp-json\/wp\/v2\/pages\/27068","targetHints":{"allow":["GET"]}}],"collection":[{"href":"https:\/\/leicesterleicestershireandrutland.icb.nhs.uk\/ro\/wp-json\/wp\/v2\/pages"}],"about":[{"href":"https:\/\/leicesterleicestershireandrutland.icb.nhs.uk\/ro\/wp-json\/wp\/v2\/types\/page"}],"author":[{"embeddable":true,"href":"https:\/\/leicesterleicestershireandrutland.icb.nhs.uk\/ro\/wp-json\/wp\/v2\/users\/8"}],"replies":[{"embeddable":true,"href":"https:\/\/leicesterleicestershireandrutland.icb.nhs.uk\/ro\/wp-json\/wp\/v2\/comments?post=27068"}],"version-history":[{"count":31,"href":"https:\/\/leicesterleicestershireandrutland.icb.nhs.uk\/ro\/wp-json\/wp\/v2\/pages\/27068\/revisions"}],"predecessor-version":[{"id":27109,"href":"https:\/\/leicesterleicestershireandrutland.icb.nhs.uk\/ro\/wp-json\/wp\/v2\/pages\/27068\/revisions\/27109"}],"wp:attachment":[{"href":"https:\/\/leicesterleicestershireandrutland.icb.nhs.uk\/ro\/wp-json\/wp\/v2\/media?parent=27068"}],"curies":[{"name":"wp","href":"https:\/\/api.w.org\/{rel}","templated":true}]}}