{"id":754,"date":"2022-06-22T10:27:19","date_gmt":"2022-06-22T10:27:19","guid":{"rendered":"https:\/\/leicesterleicestershireandrutland.icb.nhs.uk\/?page_id=754"},"modified":"2025-11-19T09:43:05","modified_gmt":"2025-11-19T09:43:05","slug":"our-work","status":"publish","type":"page","link":"https:\/\/leicesterleicestershireandrutland.icb.nhs.uk\/ro\/our-work\/","title":{"rendered":"Activitatea noastr\u0103"},"content":{"rendered":"<div data-elementor-type=\"wp-page\" data-elementor-id=\"754\" class=\"elementor elementor-754\" data-elementor-post-type=\"page\">\n\t\t\t\t\t\t<section data-particle_enable=\"false\" data-particle-mobile-disabled=\"false\" class=\"elementor-section elementor-top-section elementor-element elementor-element-69efa9b elementor-section-boxed elementor-section-height-default elementor-section-height-default\" data-id=\"69efa9b\" data-element_type=\"section\" data-e-type=\"section\" data-settings=\"{&quot;background_background&quot;:&quot;classic&quot;}\">\n\t\t\t\t\t\t\t<div class=\"elementor-background-overlay\"><\/div>\n\t\t\t\t\t\t\t<div class=\"elementor-container elementor-column-gap-default\">\n\t\t\t\t\t<div class=\"elementor-column elementor-col-100 elementor-top-column elementor-element elementor-element-bd71761\" data-id=\"bd71761\" data-element_type=\"column\" data-e-type=\"column\">\n\t\t\t<div class=\"elementor-widget-wrap elementor-element-populated\">\n\t\t\t\t\t\t<div class=\"elementor-element elementor-element-c49590a elementor-widget elementor-widget-heading\" data-id=\"c49590a\" data-element_type=\"widget\" data-e-type=\"widget\" data-widget_type=\"heading.default\">\n\t\t\t\t<div class=\"elementor-widget-container\">\n\t\t\t\t\t<h1 class=\"elementor-heading-title elementor-size-default\">Activitatea noastr\u0103<\/h1>\t\t\t\t<\/div>\n\t\t\t\t<\/div>\n\t\t\t\t<div class=\"elementor-element elementor-element-77ee73a elementor-widget-divider--view-line elementor-widget elementor-widget-divider\" data-id=\"77ee73a\" data-element_type=\"widget\" data-e-type=\"widget\" data-widget_type=\"divider.default\">\n\t\t\t\t<div class=\"elementor-widget-container\">\n\t\t\t\t\t\t\t<div class=\"elementor-divider\">\n\t\t\t<span class=\"elementor-divider-separator\">\n\t\t\t\t\t\t<\/span>\n\t\t<\/div>\n\t\t\t\t\t\t<\/div>\n\t\t\t\t<\/div>\n\t\t\t\t<div class=\"elementor-element elementor-element-5c958b4 elementor-widget elementor-widget-text-editor\" data-id=\"5c958b4\" data-element_type=\"widget\" data-e-type=\"widget\" data-widget_type=\"text-editor.default\">\n\t\t\t\t<div class=\"elementor-widget-container\">\n\t\t\t\t\t\t\t\t\t<p style=\"font-weight: 400;\">LLR ICB este organiza\u021bia NHS responsabil\u0103 cu planificarea, organizarea \u0219i asigurarea disponibilit\u0103\u021bii \u0219i calit\u0103\u021bii serviciilor de s\u0103n\u0103tate pentru popula\u021bia local\u0103.  ICB a preluat multe dintre func\u021biile care anterior erau \u00een responsabilitatea grupurilor locale de comisariat clinic (Clinical Commissioning Groups - CCG).<\/p><p style=\"font-weight: 400;\">Principalele func\u021bii ale ICB pot fi rezumate dup\u0103 cum urmeaz\u0103:<\/p><ul><li style=\"font-weight: 400;\">Elaborarea unui plan pentru a r\u0103spunde nevoilor de s\u0103n\u0103tate \u0219i de asisten\u021b\u0103 medical\u0103 ale popula\u021biei noastre;<\/li><li style=\"font-weight: 400;\">Responsabil de alocarea resurselor NHS (bugete) pentru realizarea planului \u00een LLR;<\/li><li style=\"font-weight: 400;\">S\u0103 se asigure c\u0103 organiza\u021biile locale ale NHS colaboreaz\u0103 bine \u00eentre ele, precum \u0219i cu administra\u021bia local\u0103, \u0219i s\u0103 stabileasc\u0103 acorduri de lucru comune cu partenerii;<\/li><li style=\"font-weight: 400;\">Organizarea furniz\u0103rii de servicii de s\u0103n\u0103tate \u00een conformitate cu resursele alocate \u00een LLR;<\/li><li style=\"font-weight: 400;\">S\u0103 cear\u0103 socoteal\u0103 organiza\u021biilor NHS din LLR pentru serviciile pe care le furnizeaz\u0103;<\/li><li style=\"font-weight: 400;\">s\u0103 fie responsabil pentru anumite func\u021bii \u00een numele NHS England, cum ar fi organizarea de servicii stomatologice, oftalmologice \u0219i farmaceutice, precum \u0219i organizarea de servicii foarte specializate;<\/li><li style=\"font-weight: 400;\">S\u0103 conduc\u0103 planurile locale de dezvoltare a resurselor cheie ale NHS, inclusiv:<\/li><li style=\"font-weight: 400;\">For\u021ba noastr\u0103 de munc\u0103;<\/li><li style=\"font-weight: 400;\">Digital \u0219i date<\/li><li style=\"font-weight: 400;\">Strategii privind propriet\u0103\u021bile, achizi\u021biile, lan\u021bul de aprovizionare \u0219i strategiile comerciale pentru a maximiza valoarea pentru bani;<\/li><li style=\"font-weight: 400;\">S\u0103 se asigure c\u0103 exist\u0103 planuri locale solide de preg\u0103tire pentru situa\u021bii de urgen\u021b\u0103, de rezilien\u021b\u0103 \u0219i de r\u0103spuns la incidente majore \u0219i probleme neprev\u0103zute, cum ar fi recenta pandemie Covid 19;<\/li><li style=\"font-weight: 400;\">Asigurarea disponibilit\u0103\u021bii \u0219i a utiliz\u0103rii optime a datelor de s\u0103n\u0103tate referitoare la popula\u021bia LLR;<\/li><\/ul><p style=\"font-weight: 400;\">ICB va juca, de asemenea, un rol cheie \u00een dezvoltarea economiei locale.<\/p><p style=\"font-weight: 400;\">Vom ad\u0103uga detalii despre activitatea noastr\u0103 \u00een urm\u0103toarele s\u0103pt\u0103m\u00e2ni, ca parte a dezvolt\u0103rii site-ului web.<\/p>\t\t\t\t\t\t\t\t<\/div>\n\t\t\t\t<\/div>\n\t\t\t\t\t<\/div>\n\t\t<\/div>\n\t\t\t\t\t<\/div>\n\t\t<\/section>\n\t\t\t\t<\/div>","protected":false},"excerpt":{"rendered":"<p>Our Work The LLR ICB is the NHS organisation responsible for planning, arranging and ensuring the availability and quality of health services to local people.\u00a0 The ICB has taken on [&hellip;]<\/p>\n","protected":false},"author":1,"featured_media":0,"parent":0,"menu_order":31,"comment_status":"closed","ping_status":"closed","template":"","meta":{"_eb_attr":"","footnotes":""},"class_list":["post-754","page","type-page","status-publish","hentry"],"yoast_head":"<!-- This site is optimized with the Yoast SEO plugin v27.4 - https:\/\/yoast.com\/product\/yoast-seo-wordpress\/ -->\n<title>Our Work - LLR ICB<\/title>\n<meta name=\"robots\" content=\"index, follow, max-snippet:-1, max-image-preview:large, max-video-preview:-1\" \/>\n<link rel=\"canonical\" href=\"https:\/\/leicesterleicestershireandrutland.icb.nhs.uk\/ro\/our-work\/\" \/>\n<meta property=\"og:locale\" content=\"ro_RO\" \/>\n<meta property=\"og:type\" content=\"article\" \/>\n<meta property=\"og:title\" content=\"Our Work - LLR ICB\" \/>\n<meta property=\"og:description\" content=\"Our Work The LLR ICB is the NHS organisation responsible for planning, arranging and ensuring the availability and quality of health services to local people.\u00a0 The ICB has taken on [&hellip;]\" \/>\n<meta property=\"og:url\" content=\"https:\/\/leicesterleicestershireandrutland.icb.nhs.uk\/ro\/our-work\/\" \/>\n<meta property=\"og:site_name\" content=\"LLR ICB\" \/>\n<meta property=\"article:publisher\" content=\"https:\/\/www.facebook.com\/NHSLLR\" \/>\n<meta property=\"article:modified_time\" content=\"2025-11-19T09:43:05+00:00\" \/>\n<meta name=\"twitter:card\" content=\"summary_large_image\" \/>\n<meta name=\"twitter:site\" content=\"@NHS_LLR\" \/>\n<script type=\"application\/ld+json\" class=\"yoast-schema-graph\">{\"@context\":\"https:\\\/\\\/schema.org\",\"@graph\":[{\"@type\":\"WebPage\",\"@id\":\"https:\\\/\\\/leicesterleicestershireandrutland.icb.nhs.uk\\\/our-work\\\/\",\"url\":\"https:\\\/\\\/leicesterleicestershireandrutland.icb.nhs.uk\\\/our-work\\\/\",\"name\":\"Our Work - LLR ICB\",\"isPartOf\":{\"@id\":\"https:\\\/\\\/leicesterleicestershireandrutland.icb.nhs.uk\\\/#website\"},\"datePublished\":\"2022-06-22T10:27:19+00:00\",\"dateModified\":\"2025-11-19T09:43:05+00:00\",\"breadcrumb\":{\"@id\":\"https:\\\/\\\/leicesterleicestershireandrutland.icb.nhs.uk\\\/our-work\\\/#breadcrumb\"},\"inLanguage\":\"ro-RO\",\"potentialAction\":[{\"@type\":\"ReadAction\",\"target\":[\"https:\\\/\\\/leicesterleicestershireandrutland.icb.nhs.uk\\\/our-work\\\/\"]}]},{\"@type\":\"BreadcrumbList\",\"@id\":\"https:\\\/\\\/leicesterleicestershireandrutland.icb.nhs.uk\\\/our-work\\\/#breadcrumb\",\"itemListElement\":[{\"@type\":\"ListItem\",\"position\":1,\"name\":\"Home\",\"item\":\"https:\\\/\\\/leicesterleicestershireandrutland.icb.nhs.uk\\\/\"},{\"@type\":\"ListItem\",\"position\":2,\"name\":\"Our Work\"}]},{\"@type\":\"WebSite\",\"@id\":\"https:\\\/\\\/leicesterleicestershireandrutland.icb.nhs.uk\\\/#website\",\"url\":\"https:\\\/\\\/leicesterleicestershireandrutland.icb.nhs.uk\\\/\",\"name\":\"LLR ICB\",\"description\":\"LLR Integrated Care Board\",\"publisher\":{\"@id\":\"https:\\\/\\\/leicesterleicestershireandrutland.icb.nhs.uk\\\/#organization\"},\"potentialAction\":[{\"@type\":\"SearchAction\",\"target\":{\"@type\":\"EntryPoint\",\"urlTemplate\":\"https:\\\/\\\/leicesterleicestershireandrutland.icb.nhs.uk\\\/?s={search_term_string}\"},\"query-input\":{\"@type\":\"PropertyValueSpecification\",\"valueRequired\":true,\"valueName\":\"search_term_string\"}}],\"inLanguage\":\"ro-RO\"},{\"@type\":\"Organization\",\"@id\":\"https:\\\/\\\/leicesterleicestershireandrutland.icb.nhs.uk\\\/#organization\",\"name\":\"LLR ICB\",\"url\":\"https:\\\/\\\/leicesterleicestershireandrutland.icb.nhs.uk\\\/\",\"logo\":{\"@type\":\"ImageObject\",\"inLanguage\":\"ro-RO\",\"@id\":\"https:\\\/\\\/leicesterleicestershireandrutland.icb.nhs.uk\\\/#\\\/schema\\\/logo\\\/image\\\/\",\"url\":\"https:\\\/\\\/i0.wp.com\\\/leicesterleicestershireandrutland.icb.nhs.uk\\\/wp-content\\\/uploads\\\/2022\\\/06\\\/New-Project-4.jpg?fit=452%2C93&ssl=1\",\"contentUrl\":\"https:\\\/\\\/i0.wp.com\\\/leicesterleicestershireandrutland.icb.nhs.uk\\\/wp-content\\\/uploads\\\/2022\\\/06\\\/New-Project-4.jpg?fit=452%2C93&ssl=1\",\"width\":452,\"height\":93,\"caption\":\"LLR ICB\"},\"image\":{\"@id\":\"https:\\\/\\\/leicesterleicestershireandrutland.icb.nhs.uk\\\/#\\\/schema\\\/logo\\\/image\\\/\"},\"sameAs\":[\"https:\\\/\\\/www.facebook.com\\\/NHSLLR\",\"https:\\\/\\\/x.com\\\/NHS_LLR\",\"https:\\\/\\\/www.instagram.com\\\/nhsllr\\\/\"]}]}<\/script>\n<!-- \/ Yoast SEO plugin. -->","yoast_head_json":{"title":"Munca noastr\u0103 - LLR ICB","robots":{"index":"index","follow":"follow","max-snippet":"max-snippet:-1","max-image-preview":"max-image-preview:large","max-video-preview":"max-video-preview:-1"},"canonical":"https:\/\/leicesterleicestershireandrutland.icb.nhs.uk\/ro\/our-work\/","og_locale":"ro_RO","og_type":"article","og_title":"Our Work - LLR ICB","og_description":"Our Work The LLR ICB is the NHS organisation responsible for planning, arranging and ensuring the availability and quality of health services to local people.\u00a0 The ICB has taken on [&hellip;]","og_url":"https:\/\/leicesterleicestershireandrutland.icb.nhs.uk\/ro\/our-work\/","og_site_name":"LLR ICB","article_publisher":"https:\/\/www.facebook.com\/NHSLLR","article_modified_time":"2025-11-19T09:43:05+00:00","twitter_card":"summary_large_image","twitter_site":"@NHS_LLR","schema":{"@context":"https:\/\/schema.org","@graph":[{"@type":"WebPage","@id":"https:\/\/leicesterleicestershireandrutland.icb.nhs.uk\/our-work\/","url":"https:\/\/leicesterleicestershireandrutland.icb.nhs.uk\/our-work\/","name":"Munca noastr\u0103 - LLR ICB","isPartOf":{"@id":"https:\/\/leicesterleicestershireandrutland.icb.nhs.uk\/#website"},"datePublished":"2022-06-22T10:27:19+00:00","dateModified":"2025-11-19T09:43:05+00:00","breadcrumb":{"@id":"https:\/\/leicesterleicestershireandrutland.icb.nhs.uk\/our-work\/#breadcrumb"},"inLanguage":"ro-RO","potentialAction":[{"@type":"ReadAction","target":["https:\/\/leicesterleicestershireandrutland.icb.nhs.uk\/our-work\/"]}]},{"@type":"BreadcrumbList","@id":"https:\/\/leicesterleicestershireandrutland.icb.nhs.uk\/our-work\/#breadcrumb","itemListElement":[{"@type":"ListItem","position":1,"name":"Home","item":"https:\/\/leicesterleicestershireandrutland.icb.nhs.uk\/"},{"@type":"ListItem","position":2,"name":"Our Work"}]},{"@type":"WebSite","@id":"https:\/\/leicesterleicestershireandrutland.icb.nhs.uk\/#website","url":"https:\/\/leicesterleicestershireandrutland.icb.nhs.uk\/","name":"LLR ICB","description":"LLR Integrated Care Board","publisher":{"@id":"https:\/\/leicesterleicestershireandrutland.icb.nhs.uk\/#organization"},"potentialAction":[{"@type":"SearchAction","target":{"@type":"EntryPoint","urlTemplate":"https:\/\/leicesterleicestershireandrutland.icb.nhs.uk\/?s={search_term_string}"},"query-input":{"@type":"PropertyValueSpecification","valueRequired":true,"valueName":"search_term_string"}}],"inLanguage":"ro-RO"},{"@type":"Organization","@id":"https:\/\/leicesterleicestershireandrutland.icb.nhs.uk\/#organization","name":"LLR ICB","url":"https:\/\/leicesterleicestershireandrutland.icb.nhs.uk\/","logo":{"@type":"ImageObject","inLanguage":"ro-RO","@id":"https:\/\/leicesterleicestershireandrutland.icb.nhs.uk\/#\/schema\/logo\/image\/","url":"https:\/\/i0.wp.com\/leicesterleicestershireandrutland.icb.nhs.uk\/wp-content\/uploads\/2022\/06\/New-Project-4.jpg?fit=452%2C93&ssl=1","contentUrl":"https:\/\/i0.wp.com\/leicesterleicestershireandrutland.icb.nhs.uk\/wp-content\/uploads\/2022\/06\/New-Project-4.jpg?fit=452%2C93&ssl=1","width":452,"height":93,"caption":"LLR ICB"},"image":{"@id":"https:\/\/leicesterleicestershireandrutland.icb.nhs.uk\/#\/schema\/logo\/image\/"},"sameAs":["https:\/\/www.facebook.com\/NHSLLR","https:\/\/x.com\/NHS_LLR","https:\/\/www.instagram.com\/nhsllr\/"]}]}},"jetpack_sharing_enabled":true,"_links":{"self":[{"href":"https:\/\/leicesterleicestershireandrutland.icb.nhs.uk\/ro\/wp-json\/wp\/v2\/pages\/754","targetHints":{"allow":["GET"]}}],"collection":[{"href":"https:\/\/leicesterleicestershireandrutland.icb.nhs.uk\/ro\/wp-json\/wp\/v2\/pages"}],"about":[{"href":"https:\/\/leicesterleicestershireandrutland.icb.nhs.uk\/ro\/wp-json\/wp\/v2\/types\/page"}],"author":[{"embeddable":true,"href":"https:\/\/leicesterleicestershireandrutland.icb.nhs.uk\/ro\/wp-json\/wp\/v2\/users\/1"}],"replies":[{"embeddable":true,"href":"https:\/\/leicesterleicestershireandrutland.icb.nhs.uk\/ro\/wp-json\/wp\/v2\/comments?post=754"}],"version-history":[{"count":34,"href":"https:\/\/leicesterleicestershireandrutland.icb.nhs.uk\/ro\/wp-json\/wp\/v2\/pages\/754\/revisions"}],"predecessor-version":[{"id":26162,"href":"https:\/\/leicesterleicestershireandrutland.icb.nhs.uk\/ro\/wp-json\/wp\/v2\/pages\/754\/revisions\/26162"}],"wp:attachment":[{"href":"https:\/\/leicesterleicestershireandrutland.icb.nhs.uk\/ro\/wp-json\/wp\/v2\/media?parent=754"}],"curies":[{"name":"wp","href":"https:\/\/api.w.org\/{rel}","templated":true}]}}