{"id":889,"date":"2022-06-24T15:38:17","date_gmt":"2022-06-24T15:38:17","guid":{"rendered":"https:\/\/leicesterleicestershireandrutland.icb.nhs.uk\/?page_id=889"},"modified":"2025-03-20T12:37:27","modified_gmt":"2025-03-20T12:37:27","slug":"modern-slavery-act-2015-statement","status":"publish","type":"page","link":"https:\/\/leicesterleicestershireandrutland.icb.nhs.uk\/ro\/modern-slavery-act-2015-statement\/","title":{"rendered":"Declara\u021bia privind Legea privind sclavia modern\u0103"},"content":{"rendered":"<div data-elementor-type=\"wp-page\" data-elementor-id=\"889\" class=\"elementor elementor-889\" data-elementor-post-type=\"page\">\n\t\t\t\t\t\t<section data-particle_enable=\"false\" data-particle-mobile-disabled=\"false\" class=\"elementor-section elementor-top-section elementor-element elementor-element-45d825c8 elementor-section-boxed elementor-section-height-default elementor-section-height-default\" data-id=\"45d825c8\" data-element_type=\"section\" data-e-type=\"section\" data-settings=\"{&quot;background_background&quot;:&quot;classic&quot;}\">\n\t\t\t\t\t\t\t<div class=\"elementor-background-overlay\"><\/div>\n\t\t\t\t\t\t\t<div class=\"elementor-container elementor-column-gap-default\">\n\t\t\t\t\t<div class=\"elementor-column elementor-col-100 elementor-top-column elementor-element elementor-element-69f8e6f0\" data-id=\"69f8e6f0\" data-element_type=\"column\" data-e-type=\"column\">\n\t\t\t<div class=\"elementor-widget-wrap elementor-element-populated\">\n\t\t\t\t\t\t<div class=\"elementor-element elementor-element-599305d8 elementor-widget elementor-widget-heading\" data-id=\"599305d8\" data-element_type=\"widget\" data-e-type=\"widget\" data-widget_type=\"heading.default\">\n\t\t\t\t<div class=\"elementor-widget-container\">\n\t\t\t\t\t<h1 class=\"elementor-heading-title elementor-size-default\">Declara\u021bia privind Legea privind sclavia modern\u0103 (2015)                                                     <\/h1>\t\t\t\t<\/div>\n\t\t\t\t<\/div>\n\t\t\t\t<div class=\"elementor-element elementor-element-287c15d9 elementor-widget-divider--view-line elementor-widget elementor-widget-divider\" data-id=\"287c15d9\" data-element_type=\"widget\" data-e-type=\"widget\" data-widget_type=\"divider.default\">\n\t\t\t\t<div class=\"elementor-widget-container\">\n\t\t\t\t\t\t\t<div class=\"elementor-divider\">\n\t\t\t<span class=\"elementor-divider-separator\">\n\t\t\t\t\t\t<\/span>\n\t\t<\/div>\n\t\t\t\t\t\t<\/div>\n\t\t\t\t<\/div>\n\t\t\t\t<div class=\"elementor-element elementor-element-6a50dc7e elementor-widget elementor-widget-text-editor\" data-id=\"6a50dc7e\" data-element_type=\"widget\" data-e-type=\"widget\" data-widget_type=\"text-editor.default\">\n\t\t\t\t<div class=\"elementor-widget-container\">\n\t\t\t\t\t\t\t\t\t<p><strong>Declara\u021bia Modern Slavery Act (2015) 2025-26\u00a0\u00a0\u00a0\u00a0\u00a0\u00a0\u00a0\u00a0\u00a0\u00a0\u00a0\u00a0\u00a0\u00a0\u00a0\u00a0\u00a0\u00a0\u00a0\u00a0\u00a0\u00a0\u00a0\u00a0\u00a0\u00a0\u00a0\u00a0\u00a0\u00a0\u00a0\u00a0\u00a0\u00a0 \u00a0\u00a0\u00a0\u00a0\u00a0\u00a0\u00a0\u00a0\u00a0\u00a0\u00a0\u00a0\u00a0\u00a0\u00a0\u00a0\u00a0\u00a0\u00a0\u00a0\u00a0\u00a0\u00a0\u00a0<\/strong><\/p><p>Consiliul de \u00eengrijire integrat\u0103 din Leicester, Leicestershire \u0219i Rutland (LLR ICB) se angajeaz\u0103 s\u0103 pun\u0103 \u00een aplicare cerin\u021bele Legii privind sclavia modern\u0103 din 2015, iar aceast\u0103 declara\u021bie stabile\u0219te m\u0103surile pe care LLR ICB le ia pentru a se asigura c\u0103 organiza\u021bia noastr\u0103 nu este supus\u0103 sclaviei moderne.<\/p><p>Legea prevede c\u0103 organiza\u021biile cu o cifr\u0103 de afaceri de 36 de milioane de euro sau mai mult trebuie s\u0103 raporteze anual m\u0103surile pe care le-au luat \u00een cursul exerci\u021biului financiar pentru a se asigura c\u0103 nu exist\u0103 sclavie \u0219i trafic de persoane \u00een cadrul propriilor activit\u0103\u021bi sau \u00een lan\u021burile lor de aprovizionare.<\/p><p>Articolul 54 din lege prevede c\u0103 aceste organiza\u021bii trebuie s\u0103 preg\u0103teasc\u0103 \u0219i s\u0103 publice o declara\u021bie \u00een care s\u0103 prezinte m\u0103surile pe care le-au luat \u00een cursul exerci\u021biului financiar respectiv pentru a se asigura c\u0103 sclavia \u0219i traficul de persoane nu au loc:<\/p>\t\t\t\t\t\t\t\t<\/div>\n\t\t\t\t<\/div>\n\t\t\t\t<div class=\"elementor-element elementor-element-bdf1488 elementor-widget elementor-widget-text-editor\" data-id=\"bdf1488\" data-element_type=\"widget\" data-e-type=\"widget\" data-widget_type=\"text-editor.default\">\n\t\t\t\t<div class=\"elementor-widget-container\">\n\t\t\t\t\t\t\t\t\t<p><strong>Ce este sclavia modern\u0103?<\/strong><\/p><p>Infrac\u021biunea de sclavie modern\u0103 include supunerea unei persoane la sclavie sau la servitute, la munc\u0103 for\u021bat\u0103 sau obligatorie, inclusiv munca copiilor, \u0219i la trafic de persoane, \u00eenc\u0103lc\u00e2nd adesea legisla\u021bia privind drepturile omului, legisla\u021bia privind ocuparea for\u021bei de munc\u0103 \u0219i reglement\u0103rile \u00een materie de s\u0103n\u0103tate \u0219i siguran\u021b\u0103, tratamente dure \u0219i inumane, precum \u0219i salarii mici \u0219i ore de lucru prelungite \u00een condi\u021bii de exploatare.<\/p><p>Cineva este \u00een sclavie dac\u0103 este a\u0219a:<\/p><ul><li>For\u021bat s\u0103 munceasc\u0103 fie prin constr\u00e2ngere, fie prin amenin\u021bare psihic\u0103 sau fizic\u0103<\/li><li>de\u021binut sau controlat de un \"angajator\" prin abuz mental sau fizic, sau prin amenin\u021barea cu abuzul<\/li><li>dezumanizat prin faptul c\u0103 este tratat ca o marf\u0103 sau cump\u0103rat \u0219i v\u00e2ndut ca \"proprietate<\/li><li>sunt constr\u00e2n\u0219i fizic sau li se impun restric\u021bii ilegale \u00een ceea ce prive\u0219te libertatea de Politici \u0219i proceduri<\/li><\/ul><p>\u00cen calitate at\u00e2t de lider local \u00een ceea ce prive\u0219te comandarea de servicii de \u00eengrijire a s\u0103n\u0103t\u0103\u021bii pentru popula\u021bia din Leicester, Leicestershire \u0219i Rutland, c\u00e2t \u0219i \u00een calitate de angajator, LLR ICB ofer\u0103 urm\u0103toarea declara\u021bie cu privire la angajamentul \u0219i eforturile sale de prevenire a practicilor de sclavie \u0219i a traficului de persoane \u00een lan\u021bul de aprovizionare \u0219i \u00een practicile de angajare.<\/p><p><strong>\u00a0<\/strong><\/p><p><strong>Prevenirea sclaviei moderne prin practicile noastre de angajare<\/strong><\/p><p>LLR ICB are \u00een vigoare procese solide de evaluare a riscurilor care ofer\u0103 asigur\u0103ri cu privire la abordarea noastr\u0103 \u00een abordarea oric\u0103ror probleme legate de sclavia modern\u0103. Politicile noastre, cum ar fi politica privind h\u0103r\u021buirea \u0219i h\u0103r\u021buirea, politica privind pl\u00e2ngerile \u0219i politica privind libertatea de a vorbi, ofer\u0103 o platform\u0103 suplimentar\u0103 pentru angaja\u021bii no\u0219tri pentru a-\u0219i exprima \u00eengrijor\u0103rile cu privire la practicile de lucru necorespunz\u0103toare sau orice chestiuni legate de sclavia modern\u0103.<\/p><p>LLR ICB va continua s\u0103 se asigure c\u0103 procesele noastre de recrutare sunt robuste, asigur\u00e2ndu-se c\u0103 exist\u0103 practici care ader\u0103 la principiile de recrutare sigure (Politica de selec\u021bie \u0219i introducere a recrut\u0103rii ICB). Aceasta include cerin\u021be stricte \u00een ceea ce prive\u0219te verific\u0103rile de identitate, permisele de munc\u0103 \u0219i cazierele judiciare.<\/p><p>Angajamentul nostru de a contribui la eradicarea sclaviei moderne se reflect\u0103 \u00een politicile \u0219i procedurile noastre de protec\u021bie, inclusiv \u00een politicile de protec\u021bie a adul\u021bilor \u0219i a copiilor, care au fost elaborate \u00een conformitate cu legisla\u021bia \u0219i orient\u0103rile na\u021bionale \u0219i locale \u00een materie de protec\u021bie. Acestea includ \u00eendrum\u0103ri privind recunoa\u0219terea victimelor suspectate de trafic de persoane. Formarea noastr\u0103 \u00een domeniul salvgard\u0103rii include informa\u021bii privind con\u0219tientizarea sclaviei moderne.<\/p><p>\u00a0<\/p><p><strong>Prevenirea sclaviei moderne \u00een achizi\u021biile noastre \u0219i \u00een lan\u021bul nostru de aprovizionare<\/strong><\/p><p>Contractarea furnizorilor este o func\u021bie de baz\u0103 a LLR ICB. Abordarea noastr\u0103 \u00een materie de achizi\u021bii respect\u0103 standardul Crown Commercial Service. Atunci c\u00e2nd achizi\u021bion\u0103m bunuri \u0219i servicii, aplic\u0103m Termenii \u0219i condi\u021biile NHS (pentru achizi\u021bii neclinice) \u0219i Contractul standard NHS (pentru achizi\u021bii clinice). Ambele impun furnizorilor s\u0103 respecte legisla\u021bia relevant\u0103.<\/p><p>Legea privind sclavia modern\u0103 \u0219i notele explicative ale acesteia sunt disponibile la adresa <a href=\"http:\/\/www.legislation.gov.uk\/ukpg5a\/2015\/30\/contents\/enacted\">http:\/\/www.legislation.gov.uk\/ukpg5a\/2015\/30\/contents\/enacted<\/a><\/p><p>Este esen\u021bial ca \u00eentreprinderile s\u0103 \u00ee\u0219i continue activitatea pentru a identifica \u0219i aborda riscurile sclaviei moderne \u00een opera\u021biunile \u0219i lan\u021burile lor de aprovizionare. \u00cendrumarea complet\u0103 poate fi g\u0103sit\u0103 aici <a href=\"https:\/\/www.gov.uk\/government\/publications\/transparency-in-supply-chains-a-practical-guide\">Sclavia \u0219i traficul de persoane \u00een lan\u021burile de aprovizionare: \u00eendrum\u0103ri pentru \u00eentreprinderi \u2013 GOV.UK<\/a><\/p><p>\u00a0<\/p><p><strong>Revizuirea eficacit\u0103\u021bii<\/strong><\/p><p>Pentru a identifica \u0219i a atenua riscurile sclaviei moderne \u0219i ale traficului de persoane \u00een propria noastr\u0103 organiza\u021bie \u0219i \u00een lan\u021bul nostru de aprovizionare, vom continua s\u0103 efectu\u0103m urm\u0103toarele.<\/p><ul><li>Efectu\u0103m verific\u0103ri prealabile angaj\u0103rii personalului pe care \u00eel angaj\u0103m, confirm\u00e2nd identitatea \u0219i dreptul de a lucra \u00een Regatul Unit. De asemenea, ne vom asigura c\u0103 agen\u021biile se afl\u0103 \u00een cadrele aprobate.<\/li><li>S\u0103 respecte termenii \u0219i condi\u021biile din Agenda pentru schimbare a NHS pentru a se asigura c\u0103 personalul prime\u0219te salarii \u0219i condi\u021bii contractuale echitabile.<\/li><li>se consult\u0103 cu sindicatele cu privire la orice modificare propus\u0103 a condi\u021biilor de angajare.<\/li><li>Sprijini\u021bi personalul nostru pentru a dob\u00e2ndi cuno\u0219tin\u021bele \u0219i abilit\u0103\u021bile necesare pentru a recunoa\u0219te \u0219i aborda sclavia modern\u0103 \u0219i traficul de persoane, precum \u0219i pentru a \u00een\u021belege impactul asupra indivizilor. Asigura\u021bi-v\u0103 c\u0103 fiecare persoan\u0103 care lucreaz\u0103 \u00een cadrul NHS prime\u0219te preg\u0103tirea \u0219i con\u0219tientizarea necesare pentru a identifica viitoarele poten\u021biale victime ale sclaviei moderne \u0219i ale traficului de persoane, p\u0103str\u00e2ndu-le protejate.<\/li><li>Ne vom asigura c\u0103 tot personalul NHS are acces la cursuri de formare privind modul de identificare a celor care sunt victime ale sclaviei moderne \u0219i ale traficului de persoane. Aceast\u0103 formare va include cele mai recente informa\u021bii \u0219i va ajuta personalul s\u0103 \u00ee\u0219i dezvolte abilit\u0103\u021bile de a sprijini persoanele care se \u00eent\u00e2lnesc cu serviciile de s\u0103n\u0103tate.<\/li><li>Echipa de salvgardare a ICB ofer\u0103 sprijin \u0219i consiliere de specialitate \u00een leg\u0103tur\u0103 cu sclavia modern\u0103 \u0219i traficul de persoane colegilor \u0219i furnizorilor ICB.<\/li><\/ul><p>\u00a0<\/p><ul><li>S\u0103 colabor\u0103m cu organiza\u021biile noastre partenere \u0219i cu alte organiza\u021bii finan\u021bate de NHS pentru a ne asigura c\u0103 sclavia modern\u0103 \u0219i traficul de persoane sunt luate \u00een serios \u0219i c\u0103 acestea ocup\u0103 un loc important \u00een planurile de lucru pentru salvgardare.<\/li><\/ul><p>\u00a0<\/p><p>Organul de conducere al LLR ICB a luat \u00een considerare \u0219i a aprobat c\u0103 aceast\u0103 declara\u021bie va continua s\u0103 sprijine cerin\u021bele legisla\u021biei.<\/p><p>Aceast\u0103 declara\u021bie este f\u0103cut\u0103 \u00een conformitate cu sec\u021biunea 54(1) din Modern Slavery Act 2015 \u0219i constituie declara\u021bia noastr\u0103 privind sclavia \u0219i traficul de persoane pentru exerci\u021biul financiar care se \u00eencheie la 31 martie 2026.<\/p>\t\t\t\t\t\t\t\t<\/div>\n\t\t\t\t<\/div>\n\t\t\t\t\t<\/div>\n\t\t<\/div>\n\t\t\t\t\t<\/div>\n\t\t<\/section>\n\t\t\t\t<\/div>","protected":false},"excerpt":{"rendered":"<p>Modern Slavery Act (2015) Statement Modern Slavery Act (2015) Statement 2025-26\u00a0\u00a0\u00a0\u00a0\u00a0\u00a0\u00a0\u00a0\u00a0\u00a0\u00a0\u00a0\u00a0\u00a0\u00a0\u00a0\u00a0\u00a0\u00a0\u00a0\u00a0\u00a0\u00a0\u00a0\u00a0\u00a0\u00a0\u00a0\u00a0\u00a0\u00a0\u00a0\u00a0\u00a0 \u00a0\u00a0\u00a0\u00a0\u00a0\u00a0\u00a0\u00a0\u00a0\u00a0\u00a0\u00a0\u00a0\u00a0\u00a0\u00a0\u00a0\u00a0\u00a0\u00a0\u00a0\u00a0\u00a0\u00a0 Leicester, Leicestershire, and Rutland Integrated Care Board (LLR ICB) is committed to implementing the requirements of the Modern [&hellip;]<\/p>\n","protected":false},"author":2,"featured_media":0,"parent":0,"menu_order":34,"comment_status":"closed","ping_status":"closed","template":"","meta":{"_eb_attr":"","footnotes":""},"class_list":["post-889","page","type-page","status-publish","hentry"],"yoast_head":"<!-- This site is optimized with the Yoast SEO plugin v27.5 - https:\/\/yoast.com\/product\/yoast-seo-wordpress\/ -->\n<title>Modern Slavery Act Statement - LLR ICB<\/title>\n<meta name=\"robots\" content=\"index, follow, max-snippet:-1, max-image-preview:large, max-video-preview:-1\" \/>\n<link rel=\"canonical\" href=\"https:\/\/leicesterleicestershireandrutland.icb.nhs.uk\/ro\/modern-slavery-act-2015-statement\/\" \/>\n<meta property=\"og:locale\" content=\"ro_RO\" \/>\n<meta property=\"og:type\" content=\"article\" \/>\n<meta property=\"og:title\" content=\"Modern Slavery Act Statement - LLR ICB\" \/>\n<meta property=\"og:description\" content=\"Modern Slavery Act (2015) Statement Modern Slavery Act (2015) Statement 2025-26\u00a0\u00a0\u00a0\u00a0\u00a0\u00a0\u00a0\u00a0\u00a0\u00a0\u00a0\u00a0\u00a0\u00a0\u00a0\u00a0\u00a0\u00a0\u00a0\u00a0\u00a0\u00a0\u00a0\u00a0\u00a0\u00a0\u00a0\u00a0\u00a0\u00a0\u00a0\u00a0\u00a0\u00a0 \u00a0\u00a0\u00a0\u00a0\u00a0\u00a0\u00a0\u00a0\u00a0\u00a0\u00a0\u00a0\u00a0\u00a0\u00a0\u00a0\u00a0\u00a0\u00a0\u00a0\u00a0\u00a0\u00a0\u00a0 Leicester, Leicestershire, and Rutland Integrated Care Board (LLR ICB) is committed to implementing the requirements of the Modern [&hellip;]\" \/>\n<meta property=\"og:url\" content=\"https:\/\/leicesterleicestershireandrutland.icb.nhs.uk\/ro\/modern-slavery-act-2015-statement\/\" \/>\n<meta property=\"og:site_name\" content=\"LLR ICB\" \/>\n<meta property=\"article:publisher\" content=\"https:\/\/www.facebook.com\/NHSLLR\" \/>\n<meta property=\"article:modified_time\" content=\"2025-03-20T12:37:27+00:00\" \/>\n<meta name=\"twitter:card\" content=\"summary_large_image\" \/>\n<meta name=\"twitter:site\" content=\"@NHS_LLR\" \/>\n<meta name=\"twitter:label1\" content=\"Timp estimat pentru citire\" \/>\n\t<meta name=\"twitter:data1\" content=\"4 minute\" \/>\n<script type=\"application\/ld+json\" class=\"yoast-schema-graph\">{\"@context\":\"https:\\\/\\\/schema.org\",\"@graph\":[{\"@type\":\"WebPage\",\"@id\":\"https:\\\/\\\/leicesterleicestershireandrutland.icb.nhs.uk\\\/modern-slavery-act-2015-statement\\\/\",\"url\":\"https:\\\/\\\/leicesterleicestershireandrutland.icb.nhs.uk\\\/modern-slavery-act-2015-statement\\\/\",\"name\":\"Modern Slavery Act Statement - LLR ICB\",\"isPartOf\":{\"@id\":\"https:\\\/\\\/leicesterleicestershireandrutland.icb.nhs.uk\\\/#website\"},\"datePublished\":\"2022-06-24T15:38:17+00:00\",\"dateModified\":\"2025-03-20T12:37:27+00:00\",\"breadcrumb\":{\"@id\":\"https:\\\/\\\/leicesterleicestershireandrutland.icb.nhs.uk\\\/modern-slavery-act-2015-statement\\\/#breadcrumb\"},\"inLanguage\":\"ro-RO\",\"potentialAction\":[{\"@type\":\"ReadAction\",\"target\":[\"https:\\\/\\\/leicesterleicestershireandrutland.icb.nhs.uk\\\/modern-slavery-act-2015-statement\\\/\"]}]},{\"@type\":\"BreadcrumbList\",\"@id\":\"https:\\\/\\\/leicesterleicestershireandrutland.icb.nhs.uk\\\/modern-slavery-act-2015-statement\\\/#breadcrumb\",\"itemListElement\":[{\"@type\":\"ListItem\",\"position\":1,\"name\":\"Home\",\"item\":\"https:\\\/\\\/leicesterleicestershireandrutland.icb.nhs.uk\\\/\"},{\"@type\":\"ListItem\",\"position\":2,\"name\":\"Modern Slavery Act Statement\"}]},{\"@type\":\"WebSite\",\"@id\":\"https:\\\/\\\/leicesterleicestershireandrutland.icb.nhs.uk\\\/#website\",\"url\":\"https:\\\/\\\/leicesterleicestershireandrutland.icb.nhs.uk\\\/\",\"name\":\"LLR ICB\",\"description\":\"LLR Integrated Care Board\",\"publisher\":{\"@id\":\"https:\\\/\\\/leicesterleicestershireandrutland.icb.nhs.uk\\\/#organization\"},\"potentialAction\":[{\"@type\":\"SearchAction\",\"target\":{\"@type\":\"EntryPoint\",\"urlTemplate\":\"https:\\\/\\\/leicesterleicestershireandrutland.icb.nhs.uk\\\/?s={search_term_string}\"},\"query-input\":{\"@type\":\"PropertyValueSpecification\",\"valueRequired\":true,\"valueName\":\"search_term_string\"}}],\"inLanguage\":\"ro-RO\"},{\"@type\":\"Organization\",\"@id\":\"https:\\\/\\\/leicesterleicestershireandrutland.icb.nhs.uk\\\/#organization\",\"name\":\"LLR ICB\",\"url\":\"https:\\\/\\\/leicesterleicestershireandrutland.icb.nhs.uk\\\/\",\"logo\":{\"@type\":\"ImageObject\",\"inLanguage\":\"ro-RO\",\"@id\":\"https:\\\/\\\/leicesterleicestershireandrutland.icb.nhs.uk\\\/#\\\/schema\\\/logo\\\/image\\\/\",\"url\":\"https:\\\/\\\/i0.wp.com\\\/leicesterleicestershireandrutland.icb.nhs.uk\\\/wp-content\\\/uploads\\\/2022\\\/06\\\/New-Project-4.jpg?fit=452%2C93&ssl=1\",\"contentUrl\":\"https:\\\/\\\/i0.wp.com\\\/leicesterleicestershireandrutland.icb.nhs.uk\\\/wp-content\\\/uploads\\\/2022\\\/06\\\/New-Project-4.jpg?fit=452%2C93&ssl=1\",\"width\":452,\"height\":93,\"caption\":\"LLR ICB\"},\"image\":{\"@id\":\"https:\\\/\\\/leicesterleicestershireandrutland.icb.nhs.uk\\\/#\\\/schema\\\/logo\\\/image\\\/\"},\"sameAs\":[\"https:\\\/\\\/www.facebook.com\\\/NHSLLR\",\"https:\\\/\\\/x.com\\\/NHS_LLR\",\"https:\\\/\\\/www.instagram.com\\\/nhsllr\\\/\"]}]}<\/script>\n<!-- \/ Yoast SEO plugin. -->","yoast_head_json":{"title":"Modern Slavery Act Statement - LLR ICB","robots":{"index":"index","follow":"follow","max-snippet":"max-snippet:-1","max-image-preview":"max-image-preview:large","max-video-preview":"max-video-preview:-1"},"canonical":"https:\/\/leicesterleicestershireandrutland.icb.nhs.uk\/ro\/modern-slavery-act-2015-statement\/","og_locale":"ro_RO","og_type":"article","og_title":"Modern Slavery Act Statement - LLR ICB","og_description":"Modern Slavery Act (2015) Statement Modern Slavery Act (2015) Statement 2025-26\u00a0\u00a0\u00a0\u00a0\u00a0\u00a0\u00a0\u00a0\u00a0\u00a0\u00a0\u00a0\u00a0\u00a0\u00a0\u00a0\u00a0\u00a0\u00a0\u00a0\u00a0\u00a0\u00a0\u00a0\u00a0\u00a0\u00a0\u00a0\u00a0\u00a0\u00a0\u00a0\u00a0\u00a0 \u00a0\u00a0\u00a0\u00a0\u00a0\u00a0\u00a0\u00a0\u00a0\u00a0\u00a0\u00a0\u00a0\u00a0\u00a0\u00a0\u00a0\u00a0\u00a0\u00a0\u00a0\u00a0\u00a0\u00a0 Leicester, Leicestershire, and Rutland Integrated Care Board (LLR ICB) is committed to implementing the requirements of the Modern [&hellip;]","og_url":"https:\/\/leicesterleicestershireandrutland.icb.nhs.uk\/ro\/modern-slavery-act-2015-statement\/","og_site_name":"LLR ICB","article_publisher":"https:\/\/www.facebook.com\/NHSLLR","article_modified_time":"2025-03-20T12:37:27+00:00","twitter_card":"summary_large_image","twitter_site":"@NHS_LLR","twitter_misc":{"Timp estimat pentru citire":"4 minute"},"schema":{"@context":"https:\/\/schema.org","@graph":[{"@type":"WebPage","@id":"https:\/\/leicesterleicestershireandrutland.icb.nhs.uk\/modern-slavery-act-2015-statement\/","url":"https:\/\/leicesterleicestershireandrutland.icb.nhs.uk\/modern-slavery-act-2015-statement\/","name":"Modern Slavery Act Statement - LLR ICB","isPartOf":{"@id":"https:\/\/leicesterleicestershireandrutland.icb.nhs.uk\/#website"},"datePublished":"2022-06-24T15:38:17+00:00","dateModified":"2025-03-20T12:37:27+00:00","breadcrumb":{"@id":"https:\/\/leicesterleicestershireandrutland.icb.nhs.uk\/modern-slavery-act-2015-statement\/#breadcrumb"},"inLanguage":"ro-RO","potentialAction":[{"@type":"ReadAction","target":["https:\/\/leicesterleicestershireandrutland.icb.nhs.uk\/modern-slavery-act-2015-statement\/"]}]},{"@type":"BreadcrumbList","@id":"https:\/\/leicesterleicestershireandrutland.icb.nhs.uk\/modern-slavery-act-2015-statement\/#breadcrumb","itemListElement":[{"@type":"ListItem","position":1,"name":"Home","item":"https:\/\/leicesterleicestershireandrutland.icb.nhs.uk\/"},{"@type":"ListItem","position":2,"name":"Modern Slavery Act Statement"}]},{"@type":"WebSite","@id":"https:\/\/leicesterleicestershireandrutland.icb.nhs.uk\/#website","url":"https:\/\/leicesterleicestershireandrutland.icb.nhs.uk\/","name":"LLR ICB","description":"LLR Integrated Care Board","publisher":{"@id":"https:\/\/leicesterleicestershireandrutland.icb.nhs.uk\/#organization"},"potentialAction":[{"@type":"SearchAction","target":{"@type":"EntryPoint","urlTemplate":"https:\/\/leicesterleicestershireandrutland.icb.nhs.uk\/?s={search_term_string}"},"query-input":{"@type":"PropertyValueSpecification","valueRequired":true,"valueName":"search_term_string"}}],"inLanguage":"ro-RO"},{"@type":"Organization","@id":"https:\/\/leicesterleicestershireandrutland.icb.nhs.uk\/#organization","name":"LLR ICB","url":"https:\/\/leicesterleicestershireandrutland.icb.nhs.uk\/","logo":{"@type":"ImageObject","inLanguage":"ro-RO","@id":"https:\/\/leicesterleicestershireandrutland.icb.nhs.uk\/#\/schema\/logo\/image\/","url":"https:\/\/i0.wp.com\/leicesterleicestershireandrutland.icb.nhs.uk\/wp-content\/uploads\/2022\/06\/New-Project-4.jpg?fit=452%2C93&ssl=1","contentUrl":"https:\/\/i0.wp.com\/leicesterleicestershireandrutland.icb.nhs.uk\/wp-content\/uploads\/2022\/06\/New-Project-4.jpg?fit=452%2C93&ssl=1","width":452,"height":93,"caption":"LLR ICB"},"image":{"@id":"https:\/\/leicesterleicestershireandrutland.icb.nhs.uk\/#\/schema\/logo\/image\/"},"sameAs":["https:\/\/www.facebook.com\/NHSLLR","https:\/\/x.com\/NHS_LLR","https:\/\/www.instagram.com\/nhsllr\/"]}]}},"jetpack_sharing_enabled":true,"_links":{"self":[{"href":"https:\/\/leicesterleicestershireandrutland.icb.nhs.uk\/ro\/wp-json\/wp\/v2\/pages\/889","targetHints":{"allow":["GET"]}}],"collection":[{"href":"https:\/\/leicesterleicestershireandrutland.icb.nhs.uk\/ro\/wp-json\/wp\/v2\/pages"}],"about":[{"href":"https:\/\/leicesterleicestershireandrutland.icb.nhs.uk\/ro\/wp-json\/wp\/v2\/types\/page"}],"author":[{"embeddable":true,"href":"https:\/\/leicesterleicestershireandrutland.icb.nhs.uk\/ro\/wp-json\/wp\/v2\/users\/2"}],"replies":[{"embeddable":true,"href":"https:\/\/leicesterleicestershireandrutland.icb.nhs.uk\/ro\/wp-json\/wp\/v2\/comments?post=889"}],"version-history":[{"count":11,"href":"https:\/\/leicesterleicestershireandrutland.icb.nhs.uk\/ro\/wp-json\/wp\/v2\/pages\/889\/revisions"}],"predecessor-version":[{"id":22132,"href":"https:\/\/leicesterleicestershireandrutland.icb.nhs.uk\/ro\/wp-json\/wp\/v2\/pages\/889\/revisions\/22132"}],"wp:attachment":[{"href":"https:\/\/leicesterleicestershireandrutland.icb.nhs.uk\/ro\/wp-json\/wp\/v2\/media?parent=889"}],"curies":[{"name":"wp","href":"https:\/\/api.w.org\/{rel}","templated":true}]}}